{"id":9460,"date":"2022-12-23T12:53:58","date_gmt":"2022-12-23T11:53:58","guid":{"rendered":"https:\/\/baudhost.be\/wordpress\/?page_id=9460"},"modified":"2022-12-24T10:57:48","modified_gmt":"2022-12-24T09:57:48","slug":"photos-et-rgpd","status":"publish","type":"page","link":"https:\/\/baudhost.be\/wordpress\/contact\/photos-et-rgpd\/","title":{"rendered":"Photos et RGPD"},"content":{"rendered":"\n<p class=\"has-text-align-center has-medium-font-size\">\u00c0 propos du <strong>RGPD <\/strong>et des <strong>photos <\/strong>sur ce site<\/p>\n\n\n\n<div class=\"wp-block-columns is-layout-flex wp-container-core-columns-is-layout-9d6595d7 wp-block-columns-is-layout-flex\">\n<div class=\"wp-block-column is-layout-flow wp-block-column-is-layout-flow\"><div class=\"wp-block-image\">\n<figure class=\"aligncenter size-large\"><img loading=\"lazy\" decoding=\"async\" width=\"680\" height=\"1024\" src=\"https:\/\/baudhost.be\/wordpress\/wp-content\/uploads\/2022\/11\/randonneurs_acier-680x1024.jpg\" alt=\"\" class=\"wp-image-9334\" srcset=\"https:\/\/baudhost.be\/wordpress\/wp-content\/uploads\/2022\/11\/randonneurs_acier-680x1024.jpg 680w, https:\/\/baudhost.be\/wordpress\/wp-content\/uploads\/2022\/11\/randonneurs_acier-199x300.jpg 199w, https:\/\/baudhost.be\/wordpress\/wp-content\/uploads\/2022\/11\/randonneurs_acier-768x1156.jpg 768w, https:\/\/baudhost.be\/wordpress\/wp-content\/uploads\/2022\/11\/randonneurs_acier-1020x1536.jpg 1020w, https:\/\/baudhost.be\/wordpress\/wp-content\/uploads\/2022\/11\/randonneurs_acier-1360x2048.jpg 1360w, https:\/\/baudhost.be\/wordpress\/wp-content\/uploads\/2022\/11\/randonneurs_acier-scaled.jpg 1700w\" sizes=\"auto, (max-width: 680px) 100vw, 680px\" \/><figcaption class=\"wp-element-caption\">Randonneurs d&rsquo;acier <br>(Tout autour du triangle de Nancy Mizrahi)<\/figcaption><\/figure>\n<\/div><\/div>\n\n\n\n<div class=\"wp-block-column is-layout-flow wp-block-column-is-layout-flow\">\n<p class=\"has-text-align-center\">le<strong> RGPD <\/strong>de<strong> quoi<\/strong> s&rsquo;agit-il <strong>?<\/strong><\/p>\n\n\n\n<div class=\"wp-block-columns is-layout-flex wp-container-core-columns-is-layout-9d6595d7 wp-block-columns-is-layout-flex\">\n<div class=\"wp-block-column is-layout-flow wp-block-column-is-layout-flow\">\n<p class=\"has-text-align-right\">Officiellement, <\/p>\n\n\n\n<p>  <\/p>\n\n\n\n<p class=\"has-text-align-right\"> Du point de vue du citoyen<\/p>\n<\/div>\n\n\n\n<div class=\"wp-block-column is-vertically-aligned-center is-layout-flow wp-block-column-is-layout-flow\"><div class=\"wp-block-image is-style-rounded\">\n<figure class=\"aligncenter size-medium\"><a href=\"https:\/\/www.autoriteprotectiondonnees.be\/professionnel\/rgpd-\" target=\"_blank\" rel=\"noreferrer noopener\"><img loading=\"lazy\" decoding=\"async\" width=\"300\" height=\"107\" src=\"https:\/\/baudhost.be\/wordpress\/wp-content\/uploads\/2022\/12\/RGPD_01-300x107.png\" alt=\"\" class=\"wp-image-9467\" srcset=\"https:\/\/baudhost.be\/wordpress\/wp-content\/uploads\/2022\/12\/RGPD_01-300x107.png 300w, https:\/\/baudhost.be\/wordpress\/wp-content\/uploads\/2022\/12\/RGPD_01-1024x367.png 1024w, https:\/\/baudhost.be\/wordpress\/wp-content\/uploads\/2022\/12\/RGPD_01-768x275.png 768w, https:\/\/baudhost.be\/wordpress\/wp-content\/uploads\/2022\/12\/RGPD_01-1536x550.png 1536w, https:\/\/baudhost.be\/wordpress\/wp-content\/uploads\/2022\/12\/RGPD_01.png 1890w\" sizes=\"auto, (max-width: 300px) 100vw, 300px\" \/><\/a><figcaption class=\"wp-element-caption\">  <\/figcaption><\/figure>\n<\/div>\n\n<div class=\"wp-block-image\">\n<figure class=\"aligncenter size-medium is-resized\"><img loading=\"lazy\" decoding=\"async\" src=\"https:\/\/baudhost.be\/wordpress\/wp-content\/uploads\/2022\/12\/RGPD_02-300x300.jpg\" alt=\"\" class=\"wp-image-9496\" width=\"75\" height=\"75\" srcset=\"https:\/\/baudhost.be\/wordpress\/wp-content\/uploads\/2022\/12\/RGPD_02-300x300.jpg 300w, https:\/\/baudhost.be\/wordpress\/wp-content\/uploads\/2022\/12\/RGPD_02-150x150.jpg 150w, https:\/\/baudhost.be\/wordpress\/wp-content\/uploads\/2022\/12\/RGPD_02-100x100.jpg 100w, https:\/\/baudhost.be\/wordpress\/wp-content\/uploads\/2022\/12\/RGPD_02.jpg 450w\" sizes=\"auto, (max-width: 75px) 100vw, 75px\" \/><\/figure>\n<\/div><\/div>\n<\/div>\n\n\n\n<hr class=\"wp-block-separator has-alpha-channel-opacity\"\/>\n\n\n\n<p>En relation avec le <strong>RGPD <\/strong>(R\u00e9glement G\u00e9n\u00e9ral sur la Protection des Donn\u00e9es) ce site applique l&rsquo;approche d\u00e9crite ci-dessous.<\/p>\n\n\n\n<hr class=\"wp-block-separator has-alpha-channel-opacity\"\/>\n<\/div>\n<\/div>\n\n\n\n<div class=\"wp-block-columns is-layout-flex wp-container-core-columns-is-layout-9d6595d7 wp-block-columns-is-layout-flex\">\n<div class=\"wp-block-column is-layout-flow wp-block-column-is-layout-flow\">\n<p>Les <strong>photos <\/strong>prises dans le cadre de nos activit\u00e9s peuvent \u00eatre utilis\u00e9es pour illustrer nos diff\u00e9rentes pages affich\u00e9es sur ce site internet, Je serai vigilant \u00e0 s\u00e9lectionner des photos qui soient toujours respectueuses. L&rsquo; ensemble des photos, les miennes et celles envoy\u00e9es par d&rsquo;autres participants,  sont toujours marqu\u00e9es d&rsquo;un copyright visible dans le coin sup\u00e9rieur gauche.<\/p>\n\n\n\n<p>Si vous apparaissez sur certaines photos et que vous ne le souhaitez pas, vous pouvez nous le faire savoir via notre <a rel=\"noreferrer noopener\" href=\"https:\/\/baudhost.be\/wordpress\/contact\/contact\/\" target=\"_blank\">formulaire de Contact<\/a> ou par mon e-mail de notification habituel pour l&rsquo;annonce d&rsquo;un mini-reportage, en mentionnant comme sujet Photos &amp; RGPD. La photo, mentionn\u00e9e dans votre message, sera supprim\u00e9e, ou modifi\u00e9e, selon vos d\u00e9sirs.<\/p>\n<\/div>\n<\/div>\n\n\n\n<hr class=\"wp-block-separator has-css-opacity\"\/>\n\n\n\n<hr class=\"wp-block-separator has-css-opacity\"\/>\n\n\n\n<hr class=\"wp-block-separator has-css-opacity\"\/>\n\n\n\n<hr class=\"wp-block-separator has-css-opacity\"\/>\n","protected":false},"excerpt":{"rendered":"<p>\u00c0 propos du RGPD et des photos sur ce site le RGPD de quoi s&rsquo;agit-il ? Officiellement, Du point de vue du citoyen En relation avec le RGPD (R\u00e9glement G\u00e9n\u00e9ral sur la Protection des Donn\u00e9es) ce site applique l&rsquo;approche d\u00e9crite ci-dessous. Les photos prises dans le cadre de nos activit\u00e9s peuvent \u00eatre utilis\u00e9es pour illustrer &hellip; <\/p>\n<p class=\"link-more\"><a href=\"https:\/\/baudhost.be\/wordpress\/contact\/photos-et-rgpd\/\" class=\"more-link\">Continuer la lecture<span class=\"screen-reader-text\"> de &laquo;&nbsp;Photos et RGPD&nbsp;&raquo;<\/span><\/a><\/p>\n","protected":false},"author":1,"featured_media":0,"parent":481,"menu_order":0,"comment_status":"closed","ping_status":"closed","template":"","meta":{"footnotes":""},"class_list":["post-9460","page","type-page","status-publish","hentry"],"_links":{"self":[{"href":"https:\/\/baudhost.be\/wordpress\/wp-json\/wp\/v2\/pages\/9460","targetHints":{"allow":["GET"]}}],"collection":[{"href":"https:\/\/baudhost.be\/wordpress\/wp-json\/wp\/v2\/pages"}],"about":[{"href":"https:\/\/baudhost.be\/wordpress\/wp-json\/wp\/v2\/types\/page"}],"author":[{"embeddable":true,"href":"https:\/\/baudhost.be\/wordpress\/wp-json\/wp\/v2\/users\/1"}],"replies":[{"embeddable":true,"href":"https:\/\/baudhost.be\/wordpress\/wp-json\/wp\/v2\/comments?post=9460"}],"version-history":[{"count":51,"href":"https:\/\/baudhost.be\/wordpress\/wp-json\/wp\/v2\/pages\/9460\/revisions"}],"predecessor-version":[{"id":9533,"href":"https:\/\/baudhost.be\/wordpress\/wp-json\/wp\/v2\/pages\/9460\/revisions\/9533"}],"up":[{"embeddable":true,"href":"https:\/\/baudhost.be\/wordpress\/wp-json\/wp\/v2\/pages\/481"}],"wp:attachment":[{"href":"https:\/\/baudhost.be\/wordpress\/wp-json\/wp\/v2\/media?parent=9460"}],"curies":[{"name":"wp","href":"https:\/\/api.w.org\/{rel}","templated":true}]}}