{"id":9208,"date":"2022-11-03T07:55:07","date_gmt":"2022-11-03T06:55:07","guid":{"rendered":"https:\/\/baudhost.be\/wordpress\/?page_id=9208"},"modified":"2022-11-03T07:57:44","modified_gmt":"2022-11-03T06:57:44","slug":"decembre-2022","status":"publish","type":"page","link":"https:\/\/baudhost.be\/wordpress\/2022-2\/decembre-2022\/","title":{"rendered":"d\u00e9cembre 2022"},"content":{"rendered":"\n<div class=\"wp-block-columns are-vertically-aligned-center is-layout-flex wp-container-core-columns-is-layout-9d6595d7 wp-block-columns-is-layout-flex\">\n<div class=\"wp-block-column is-vertically-aligned-center is-layout-flow wp-block-column-is-layout-flow\" style=\"flex-basis:25%\">\n<figure class=\"wp-block-image size-large\"><img loading=\"lazy\" decoding=\"async\" width=\"141\" height=\"112\" src=\"https:\/\/baudhost.be\/wordpress\/wp-content\/uploads\/2020\/01\/detail_rando_intro.jpg\" alt=\"\" class=\"wp-image-53\"\/><\/figure>\n<\/div>\n\n\n\n<div class=\"wp-block-column is-vertically-aligned-center is-layout-flow wp-block-column-is-layout-flow\" style=\"flex-basis:50%\">\n<p> Vous pouvez choisir une randonn\u00e9e effectu\u00e9e durant ce mois de d\u00e9cembre <strong>2022<\/strong>. <\/p>\n<\/div>\n\n\n\n<div class=\"wp-block-column is-vertically-aligned-center is-layout-flow wp-block-column-is-layout-flow\" style=\"flex-basis:25%\">\n<figure class=\"wp-block-image size-large\"><img loading=\"lazy\" decoding=\"async\" width=\"141\" height=\"112\" src=\"https:\/\/baudhost.be\/wordpress\/wp-content\/uploads\/2020\/01\/detail_rando_exit.jpg\" alt=\"\" class=\"wp-image-52\"\/><\/figure>\n<\/div>\n<\/div>\n","protected":false},"excerpt":{"rendered":"<p>Vous pouvez choisir une randonn\u00e9e effectu\u00e9e durant ce mois de d\u00e9cembre 2022.<\/p>\n","protected":false},"author":1,"featured_media":0,"parent":7604,"menu_order":0,"comment_status":"closed","ping_status":"closed","template":"","meta":{"footnotes":""},"class_list":["post-9208","page","type-page","status-publish","hentry"],"_links":{"self":[{"href":"https:\/\/baudhost.be\/wordpress\/wp-json\/wp\/v2\/pages\/9208","targetHints":{"allow":["GET"]}}],"collection":[{"href":"https:\/\/baudhost.be\/wordpress\/wp-json\/wp\/v2\/pages"}],"about":[{"href":"https:\/\/baudhost.be\/wordpress\/wp-json\/wp\/v2\/types\/page"}],"author":[{"embeddable":true,"href":"https:\/\/baudhost.be\/wordpress\/wp-json\/wp\/v2\/users\/1"}],"replies":[{"embeddable":true,"href":"https:\/\/baudhost.be\/wordpress\/wp-json\/wp\/v2\/comments?post=9208"}],"version-history":[{"count":4,"href":"https:\/\/baudhost.be\/wordpress\/wp-json\/wp\/v2\/pages\/9208\/revisions"}],"predecessor-version":[{"id":9213,"href":"https:\/\/baudhost.be\/wordpress\/wp-json\/wp\/v2\/pages\/9208\/revisions\/9213"}],"up":[{"embeddable":true,"href":"https:\/\/baudhost.be\/wordpress\/wp-json\/wp\/v2\/pages\/7604"}],"wp:attachment":[{"href":"https:\/\/baudhost.be\/wordpress\/wp-json\/wp\/v2\/media?parent=9208"}],"curies":[{"name":"wp","href":"https:\/\/api.w.org\/{rel}","templated":true}]}}