{"id":92,"date":"2020-01-13T14:54:32","date_gmt":"2020-01-13T13:54:32","guid":{"rendered":"https:\/\/baudhost.be\/wordpress\/?page_id=92"},"modified":"2020-02-07T09:30:43","modified_gmt":"2020-02-07T08:30:43","slug":"mode-demploi","status":"publish","type":"page","link":"https:\/\/baudhost.be\/wordpress\/mode-demploi\/","title":{"rendered":"Mode d&#8217;emploi"},"content":{"rendered":"\n<div class=\"wp-block-columns are-vertically-aligned-center is-layout-flex wp-container-core-columns-is-layout-9d6595d7 wp-block-columns-is-layout-flex\">\n<div class=\"wp-block-column is-vertically-aligned-center is-layout-flow wp-block-column-is-layout-flow\" style=\"flex-basis:25%\">\n<figure class=\"wp-block-image size-thumbnail\"><img loading=\"lazy\" decoding=\"async\" width=\"150\" height=\"150\" src=\"https:\/\/baudhost.be\/wordpress\/wp-content\/uploads\/2020\/01\/mode_emploi_2-150x150.jpg\" alt=\"\" class=\"wp-image-1638\" srcset=\"https:\/\/baudhost.be\/wordpress\/wp-content\/uploads\/2020\/01\/mode_emploi_2-150x150.jpg 150w, https:\/\/baudhost.be\/wordpress\/wp-content\/uploads\/2020\/01\/mode_emploi_2-100x100.jpg 100w\" sizes=\"auto, (max-width: 150px) 100vw, 150px\" \/><\/figure>\n<\/div>\n\n\n\n<div class=\"wp-block-column is-vertically-aligned-center is-layout-flow wp-block-column-is-layout-flow\" style=\"flex-basis:50%\">\n<p class=\"has-text-align-center\"><strong>Mode d&#8217;emploi<\/strong> des pages de ce site<\/p>\n<\/div>\n\n\n\n<div class=\"wp-block-column is-vertically-aligned-center is-layout-flow wp-block-column-is-layout-flow\" style=\"flex-basis:25%\">\n<figure class=\"wp-block-image size-thumbnail\"><img loading=\"lazy\" decoding=\"async\" width=\"150\" height=\"150\" src=\"https:\/\/baudhost.be\/wordpress\/wp-content\/uploads\/2020\/01\/mode_emploi_3-150x150.jpg\" alt=\"\" class=\"wp-image-1640\" srcset=\"https:\/\/baudhost.be\/wordpress\/wp-content\/uploads\/2020\/01\/mode_emploi_3-150x150.jpg 150w, https:\/\/baudhost.be\/wordpress\/wp-content\/uploads\/2020\/01\/mode_emploi_3-100x100.jpg 100w\" sizes=\"auto, (max-width: 150px) 100vw, 150px\" \/><\/figure>\n<\/div>\n<\/div>\n\n\n\n<p style=\"font-size:18px\" class=\"has-text-align-center\"><strong>Pour tous les \u00e9crans<\/strong><\/p>\n\n\n\n<div class=\"wp-block-image\"><figure class=\"aligncenter size-large\"><img loading=\"lazy\" decoding=\"async\" width=\"633\" height=\"433\" src=\"https:\/\/baudhost.be\/wordpress\/wp-content\/uploads\/2020\/01\/on_all_screen_responsive.jpg\" alt=\"\" class=\"wp-image-1651\" srcset=\"https:\/\/baudhost.be\/wordpress\/wp-content\/uploads\/2020\/01\/on_all_screen_responsive.jpg 633w, https:\/\/baudhost.be\/wordpress\/wp-content\/uploads\/2020\/01\/on_all_screen_responsive-300x205.jpg 300w\" sizes=\"auto, (max-width: 633px) 100vw, 633px\" \/><\/figure><\/div>\n\n\n\n<hr class=\"wp-block-separator\"\/>\n\n\n\n<div class=\"wp-block-columns are-vertically-aligned-center is-layout-flex wp-container-core-columns-is-layout-9d6595d7 wp-block-columns-is-layout-flex\">\n<div class=\"wp-block-column is-vertically-aligned-center is-layout-flow wp-block-column-is-layout-flow\" style=\"flex-basis:25%\">\n<figure class=\"wp-block-image size-large\"><img loading=\"lazy\" decoding=\"async\" width=\"112\" height=\"80\" src=\"https:\/\/baudhost.be\/wordpress\/wp-content\/uploads\/2020\/01\/meteo_be.jpg\" alt=\"\" class=\"wp-image-1108\"\/><\/figure>\n<\/div>\n\n\n\n<div class=\"wp-block-column is-vertically-aligned-center is-layout-flow wp-block-column-is-layout-flow\" style=\"flex-basis:50%\">\n<p style=\"font-size:18px\" class=\"has-text-align-center\">Sous l&rsquo;onglet <strong>Accueil<\/strong>  <\/p>\n\n\n\n<p class=\"has-text-align-center\">Les informations M\u00e9t\u00e9o<\/p>\n\n\n\n<p class=\"has-text-align-center\">Ce mode d&#8217;emploi<\/p>\n<\/div>\n\n\n\n<div class=\"wp-block-column is-vertically-aligned-center is-layout-flow wp-block-column-is-layout-flow\" style=\"flex-basis:25%\">\n<figure class=\"wp-block-image size-thumbnail\"><img loading=\"lazy\" decoding=\"async\" width=\"150\" height=\"150\" src=\"https:\/\/baudhost.be\/wordpress\/wp-content\/uploads\/2020\/01\/mode_emploi_3-150x150.jpg\" alt=\"\" class=\"wp-image-1640\" srcset=\"https:\/\/baudhost.be\/wordpress\/wp-content\/uploads\/2020\/01\/mode_emploi_3-150x150.jpg 150w, https:\/\/baudhost.be\/wordpress\/wp-content\/uploads\/2020\/01\/mode_emploi_3-100x100.jpg 100w\" sizes=\"auto, (max-width: 150px) 100vw, 150px\" \/><\/figure>\n<\/div>\n<\/div>\n\n\n\n<hr class=\"wp-block-separator\"\/>\n\n\n\n<p>Les onglets \u00ab <strong>Annuels <\/strong>\u00bb et \u00ab\u00a0<strong>Avant<\/strong>\u00a0\u00bb vous donnent acc\u00e8s aux diff\u00e9rents  mois de ces ann\u00e9es. Les sous-menus donnent acc\u00e8s aux activit\u00e9s des diff\u00e9rents clubs ainsi qu&rsquo;aux diaporamas correspondants.<\/p>\n\n\n\n<p> Un outil de <strong>recherche<\/strong>, au sein du site, est pr\u00e9sent en bas de chaque page. C\u2019est \u00e9galement l\u00e0 qu\u2019un <strong>commentaire <\/strong>peut \u00eatre transmis, celui-ci sera uniquement publi\u00e9 apr\u00e8s approbation.<\/p>\n\n\n\n<p style=\"font-size:18px\" class=\"has-text-align-center\"><strong>Pour chaque reportage<\/strong><\/p>\n\n\n\n<div class=\"wp-block-columns is-layout-flex wp-container-core-columns-is-layout-9d6595d7 wp-block-columns-is-layout-flex\">\n<div class=\"wp-block-column is-layout-flow wp-block-column-is-layout-flow\" style=\"flex-basis:33.33%\">\n<div class=\"wp-block-image\"><figure class=\"aligncenter size-thumbnail\"><img loading=\"lazy\" decoding=\"async\" width=\"150\" height=\"150\" src=\"https:\/\/baudhost.be\/wordpress\/wp-content\/uploads\/2020\/01\/diaporama-1-150x150.jpg\" alt=\"\" class=\"wp-image-177\" srcset=\"https:\/\/baudhost.be\/wordpress\/wp-content\/uploads\/2020\/01\/diaporama-1-150x150.jpg 150w, https:\/\/baudhost.be\/wordpress\/wp-content\/uploads\/2020\/01\/diaporama-1-100x100.jpg 100w\" sizes=\"auto, (max-width: 150px) 100vw, 150px\" \/><\/figure><\/div>\n\n\n\n<div class=\"wp-block-image\"><figure class=\"aligncenter size-large\"><img loading=\"lazy\" decoding=\"async\" width=\"324\" height=\"228\" src=\"https:\/\/baudhost.be\/wordpress\/wp-content\/uploads\/2020\/01\/snap_diaporama.jpg\" alt=\"\" class=\"wp-image-503\" srcset=\"https:\/\/baudhost.be\/wordpress\/wp-content\/uploads\/2020\/01\/snap_diaporama.jpg 324w, https:\/\/baudhost.be\/wordpress\/wp-content\/uploads\/2020\/01\/snap_diaporama-300x211.jpg 300w\" sizes=\"auto, (max-width: 324px) 100vw, 324px\" \/><\/figure><\/div>\n<\/div>\n\n\n\n<div class=\"wp-block-column is-layout-flow wp-block-column-is-layout-flow\" style=\"flex-basis:66.66%\">\n<p> Le premier \u00e9l\u00e9ment est un <strong>diaporama <\/strong>sur fond vert o\u00f9  d\u00e9filent les photos du jour . Dans le bas les vignettes permettent de  choisir la photo affich\u00e9e et \u00e0 gauche et \u00e0 droite une fl\u00e8che orang\u00e9e  permet de visualiser la photo pr\u00e9c\u00e9dente ou suivante. Dans le haut, sur  fond noir, le signe || permet d\u2019arr\u00eater le d\u00e9filement automatique. Le  signe \u201cloupe\u201d agrandit\/diminue la photo. Le signe \u201ct\u00e9l\u00e9chargement  (fl\u00e8che vers le bas) permet de t\u00e9l\u00e9charger la photo active en haute  r\u00e9solution . Le dernier signe \u201ccarr\u00e9\u201d met le diaporama en plein \u00e9cran.  Une fois en plein \u00e9cran le coin sup\u00e9rieur droit permet de revenir \u00e0 la  page de d\u00e9part alors que le coin sup\u00e9rieur gauche affiche le num\u00e9ro de  la photo dans l\u2019album en cours et le temps de visualisation de la photo  active. <\/p>\n<\/div>\n<\/div>\n\n\n\n<div class=\"wp-block-columns is-layout-flex wp-container-core-columns-is-layout-9d6595d7 wp-block-columns-is-layout-flex\">\n<div class=\"wp-block-column is-layout-flow wp-block-column-is-layout-flow\" style=\"flex-basis:33.33%\">\n<div class=\"wp-block-image\"><figure class=\"aligncenter size-medium is-resized\"><img loading=\"lazy\" decoding=\"async\" src=\"https:\/\/baudhost.be\/wordpress\/wp-content\/uploads\/2020\/01\/description_1-300x171.jpg\" alt=\"\" class=\"wp-image-636\" width=\"150\" height=\"85\" srcset=\"https:\/\/baudhost.be\/wordpress\/wp-content\/uploads\/2020\/01\/description_1-300x171.jpg 300w, https:\/\/baudhost.be\/wordpress\/wp-content\/uploads\/2020\/01\/description_1.jpg 350w\" sizes=\"auto, (max-width: 150px) 100vw, 150px\" \/><\/figure><\/div>\n<\/div>\n\n\n\n<div class=\"wp-block-column is-layout-flow wp-block-column-is-layout-flow\" style=\"flex-basis:66.66%\">\n<p> Le second \u00e9l\u00e9ment est la <strong>description <\/strong>de la randonn\u00e9e avec quelques d\u00e9tails des points forts marquant de la randonn\u00e9e.  En g\u00e9n\u00e9ral elle se termine par un bilan de l&rsquo;activit\u00e9<\/p>\n<\/div>\n<\/div>\n\n\n\n<div class=\"wp-block-columns is-layout-flex wp-container-core-columns-is-layout-9d6595d7 wp-block-columns-is-layout-flex\">\n<div class=\"wp-block-column is-layout-flow wp-block-column-is-layout-flow\" style=\"flex-basis:33.33%\">\n<div class=\"wp-block-image\"><figure class=\"aligncenter size-large\"><img loading=\"lazy\" decoding=\"async\" width=\"95\" height=\"95\" src=\"https:\/\/baudhost.be\/wordpress\/wp-content\/uploads\/2020\/01\/gps_model.jpg\" alt=\"download GPX &amp; KML\" class=\"wp-image-73\"\/><\/figure><\/div>\n\n\n\n<div class=\"wp-block-image\"><figure class=\"aligncenter size-large\"><img loading=\"lazy\" decoding=\"async\" width=\"155\" height=\"178\" src=\"https:\/\/baudhost.be\/wordpress\/wp-content\/uploads\/2020\/01\/snap_gps.jpg\" alt=\"\" class=\"wp-image-509\"\/><\/figure><\/div>\n<\/div>\n\n\n\n<div class=\"wp-block-column is-layout-flow wp-block-column-is-layout-flow\" style=\"flex-basis:66.66%\">\n<p> Le troisi\u00e8me \u00e9l\u00e9ment concerne les<strong> informations GPS<\/strong> \u00e0  propos la randonn\u00e9e. Il est constitu\u00e9 de petit(s) diaporama(s) (matin\u00e9e  et\/ou apr\u00e8s-midi), sur fond bleu, avec les traces GPS et autres  visualisations du trajet parcouru. Ici \u00e9galement le bouton du coin  sup\u00e9rieur droit permet de passer en plein \u00e9cran ainsi que le retour sur  le diaporama de d\u00e9part. <\/p>\n\n\n\n<p>Dans un premier temps le nom soulign\u00e9 sous le diaporama bleu autorise  le t\u00e9l\u00e9chargement d\u2019un fichier, au format zip, qui contient la trace au  format GPX pour les GPS et les diverses applications de cartographie  ainsi que la m\u00eame trace au format KML pour visualisation dans  l\u2019application Google Earth. <\/p>\n<\/div>\n<\/div>\n\n\n\n<div class=\"wp-block-columns are-vertically-aligned-center is-layout-flex wp-container-core-columns-is-layout-9d6595d7 wp-block-columns-is-layout-flex\">\n<div class=\"wp-block-column is-vertically-aligned-center is-layout-flow wp-block-column-is-layout-flow\" style=\"flex-basis:25%\">\n<div class=\"wp-block-image\"><figure class=\"alignright size-thumbnail is-resized\"><img loading=\"lazy\" decoding=\"async\" src=\"https:\/\/baudhost.be\/wordpress\/wp-content\/uploads\/2020\/02\/logo_gpx_download-150x150.jpg\" alt=\"\" class=\"wp-image-1968\" width=\"124\" height=\"85\"\/><\/figure><\/div>\n<\/div>\n\n\n\n<div class=\"wp-block-column is-vertically-aligned-center is-layout-flow wp-block-column-is-layout-flow\" style=\"flex-basis:50%\">\n<p class=\"has-text-align-center\">Ou bien la trace, soit au format <strong>GPX <\/strong>pour gps et  les diverses applications de cartographie ou, au format <strong>KML<\/strong>, pour  pour visualisation dans  l\u2019application Google Earth, est t\u00e9l\u00e9chargeable directement sous l&rsquo;image de t\u00e9l\u00e9chargement correspondante.<\/p>\n<\/div>\n\n\n\n<div class=\"wp-block-column is-vertically-aligned-center is-layout-flow wp-block-column-is-layout-flow\" style=\"flex-basis:25%\">\n<figure class=\"wp-block-image size-thumbnail is-resized\"><img loading=\"lazy\" decoding=\"async\" src=\"https:\/\/baudhost.be\/wordpress\/wp-content\/uploads\/2020\/02\/logo_google_earth_download-150x150.jpg\" alt=\"\" class=\"wp-image-1967\" width=\"95\" height=\"65\"\/><\/figure>\n<\/div>\n<\/div>\n\n\n\n<div class=\"wp-block-columns is-layout-flex wp-container-core-columns-is-layout-9d6595d7 wp-block-columns-is-layout-flex\">\n<div class=\"wp-block-column is-layout-flow wp-block-column-is-layout-flow\" style=\"flex-basis:33.33%\">\n<div class=\"wp-block-image\"><figure class=\"aligncenter size-thumbnail\"><img loading=\"lazy\" decoding=\"async\" width=\"150\" height=\"150\" src=\"https:\/\/baudhost.be\/wordpress\/wp-content\/uploads\/2020\/01\/documents-150x150.jpg\" alt=\"\" class=\"wp-image-67\" srcset=\"https:\/\/baudhost.be\/wordpress\/wp-content\/uploads\/2020\/01\/documents-150x150.jpg 150w, https:\/\/baudhost.be\/wordpress\/wp-content\/uploads\/2020\/01\/documents.jpg 300w, https:\/\/baudhost.be\/wordpress\/wp-content\/uploads\/2020\/01\/documents-100x100.jpg 100w\" sizes=\"auto, (max-width: 150px) 100vw, 150px\" \/><\/figure><\/div>\n<\/div>\n\n\n\n<div class=\"wp-block-column is-layout-flow wp-block-column-is-layout-flow\" style=\"flex-basis:66.66%\">\n<p class=\"has-normal-font-size\"> Le quatri\u00e8me \u00e9l\u00e9ment est une possible <strong>information compl\u00e9mentaire<\/strong> \u00e0  propos de la randonn\u00e9e ou les choses vues en cours de sortie . Il est  constitu\u00e9, dans sa partie droite, de fichier(s) sous-lign\u00e9(s), g\u00e9n\u00e9ralement au format PDF, (<em>clic droit &amp; ouvrir dans nouvel onglet)<\/em>. \u00c0 gauche, se retrouvent, sous les  boutons, les liens internet utiles dans ce cadre d\u2019activit\u00e9. <\/p>\n<\/div>\n<\/div>\n\n\n\n<hr class=\"wp-block-separator\"\/>\n\n\n\n<p style=\"font-size:18px\" class=\"has-text-align-center\">Sous l&rsquo;onglet <strong>Info&rsquo;s rando<\/strong> diverses informations <\/p>\n\n\n\n<div class=\"wp-block-columns are-vertically-aligned-center is-layout-flex wp-container-core-columns-is-layout-9d6595d7 wp-block-columns-is-layout-flex\">\n<div class=\"wp-block-column is-vertically-aligned-center is-layout-flow wp-block-column-is-layout-flow\" style=\"flex-basis:16.67%\">\n<figure class=\"wp-block-image size-large\"><img loading=\"lazy\" decoding=\"async\" width=\"492\" height=\"382\" src=\"https:\/\/baudhost.be\/wordpress\/wp-content\/uploads\/2020\/02\/clubs_rando2.jpg\" alt=\"\" class=\"wp-image-1746\" srcset=\"https:\/\/baudhost.be\/wordpress\/wp-content\/uploads\/2020\/02\/clubs_rando2.jpg 492w, https:\/\/baudhost.be\/wordpress\/wp-content\/uploads\/2020\/02\/clubs_rando2-300x233.jpg 300w\" sizes=\"auto, (max-width: 492px) 100vw, 492px\" \/><figcaption>Clubs<\/figcaption><\/figure>\n<\/div>\n\n\n\n<div class=\"wp-block-column is-vertically-aligned-center is-layout-flow wp-block-column-is-layout-flow\" style=\"flex-basis:41.67%\">\n<div class=\"wp-block-image\"><figure class=\"aligncenter size-large\"><img loading=\"lazy\" decoding=\"async\" width=\"117\" height=\"131\" src=\"https:\/\/baudhost.be\/wordpress\/wp-content\/uploads\/2020\/01\/marcheur_batons-1.jpg\" alt=\"\" class=\"wp-image-811\"\/><figcaption>B\u00e2tons<br><\/figcaption><\/figure><\/div>\n<\/div>\n\n\n\n<div class=\"wp-block-column is-vertically-aligned-center is-layout-flow wp-block-column-is-layout-flow\" style=\"flex-basis:16.67%\">\n<div class=\"wp-block-image\"><figure class=\"aligncenter size-thumbnail\"><img loading=\"lazy\" decoding=\"async\" width=\"150\" height=\"150\" src=\"https:\/\/baudhost.be\/wordpress\/wp-content\/uploads\/2020\/01\/gpx2-150x150.png\" alt=\"\" class=\"wp-image-373\" srcset=\"https:\/\/baudhost.be\/wordpress\/wp-content\/uploads\/2020\/01\/gpx2-150x150.png 150w, https:\/\/baudhost.be\/wordpress\/wp-content\/uploads\/2020\/01\/gpx2-100x100.png 100w, https:\/\/baudhost.be\/wordpress\/wp-content\/uploads\/2020\/01\/gpx2.png 256w\" sizes=\"auto, (max-width: 150px) 100vw, 150px\" \/><figcaption>GPS &amp; GPX<\/figcaption><\/figure><\/div>\n<\/div>\n\n\n\n<div class=\"wp-block-column is-vertically-aligned-center is-layout-flow wp-block-column-is-layout-flow\" style=\"flex-basis:25%\">\n<figure class=\"wp-block-image size-large\"><img loading=\"lazy\" decoding=\"async\" width=\"295\" height=\"255\" src=\"https:\/\/baudhost.be\/wordpress\/wp-content\/uploads\/2020\/01\/logo_revues.jpg\" alt=\"\" class=\"wp-image-1079\"\/><figcaption>Revues<\/figcaption><\/figure>\n<\/div>\n<\/div>\n\n\n\n<p><\/p>\n","protected":false},"excerpt":{"rendered":"<p>Mode d&#8217;emploi des pages de ce site Pour tous les \u00e9crans Sous l&rsquo;onglet Accueil Les informations M\u00e9t\u00e9o Ce mode d&#8217;emploi Les onglets \u00ab Annuels \u00bb et \u00ab\u00a0Avant\u00a0\u00bb vous donnent acc\u00e8s aux diff\u00e9rents mois de ces ann\u00e9es. Les sous-menus donnent acc\u00e8s aux activit\u00e9s des diff\u00e9rents clubs ainsi qu&rsquo;aux diaporamas correspondants. Un outil de recherche, au sein &hellip; <\/p>\n<p class=\"link-more\"><a href=\"https:\/\/baudhost.be\/wordpress\/mode-demploi\/\" class=\"more-link\">Continuer la lecture<span class=\"screen-reader-text\"> de &laquo;&nbsp;Mode d&#8217;emploi&nbsp;&raquo;<\/span><\/a><\/p>\n","protected":false},"author":1,"featured_media":0,"parent":0,"menu_order":0,"comment_status":"closed","ping_status":"closed","template":"","meta":{"footnotes":""},"class_list":["post-92","page","type-page","status-publish","hentry"],"_links":{"self":[{"href":"https:\/\/baudhost.be\/wordpress\/wp-json\/wp\/v2\/pages\/92","targetHints":{"allow":["GET"]}}],"collection":[{"href":"https:\/\/baudhost.be\/wordpress\/wp-json\/wp\/v2\/pages"}],"about":[{"href":"https:\/\/baudhost.be\/wordpress\/wp-json\/wp\/v2\/types\/page"}],"author":[{"embeddable":true,"href":"https:\/\/baudhost.be\/wordpress\/wp-json\/wp\/v2\/users\/1"}],"replies":[{"embeddable":true,"href":"https:\/\/baudhost.be\/wordpress\/wp-json\/wp\/v2\/comments?post=92"}],"version-history":[{"count":100,"href":"https:\/\/baudhost.be\/wordpress\/wp-json\/wp\/v2\/pages\/92\/revisions"}],"predecessor-version":[{"id":2070,"href":"https:\/\/baudhost.be\/wordpress\/wp-json\/wp\/v2\/pages\/92\/revisions\/2070"}],"wp:attachment":[{"href":"https:\/\/baudhost.be\/wordpress\/wp-json\/wp\/v2\/media?parent=92"}],"curies":[{"name":"wp","href":"https:\/\/api.w.org\/{rel}","templated":true}]}}