{"id":835,"date":"2020-01-18T14:37:30","date_gmt":"2020-01-18T13:37:30","guid":{"rendered":"https:\/\/baudhost.be\/wordpress\/?page_id=835"},"modified":"2026-04-02T13:37:16","modified_gmt":"2026-04-02T11:37:16","slug":"gps-generalites","status":"publish","type":"page","link":"https:\/\/baudhost.be\/wordpress\/infos-rando\/gps-generalites\/","title":{"rendered":"GPS &#8211; g\u00e9n\u00e9ralit\u00e9s"},"content":{"rendered":"\n<div class=\"wp-block-columns is-layout-flex wp-container-core-columns-is-layout-9d6595d7 wp-block-columns-is-layout-flex\">\n<div class=\"wp-block-column is-layout-flow wp-block-column-is-layout-flow\" style=\"flex-basis:25%\">\n<figure class=\"wp-block-image size-medium\"><img loading=\"lazy\" decoding=\"async\" width=\"300\" height=\"300\" src=\"https:\/\/baudhost.be\/wordpress\/wp-content\/uploads\/2020\/01\/gpsmap66s-300x300.png\" alt=\"\" class=\"wp-image-210\" srcset=\"https:\/\/baudhost.be\/wordpress\/wp-content\/uploads\/2020\/01\/gpsmap66s-300x300.png 300w, https:\/\/baudhost.be\/wordpress\/wp-content\/uploads\/2020\/01\/gpsmap66s-150x150.png 150w, https:\/\/baudhost.be\/wordpress\/wp-content\/uploads\/2020\/01\/gpsmap66s-100x100.png 100w, https:\/\/baudhost.be\/wordpress\/wp-content\/uploads\/2020\/01\/gpsmap66s.png 600w\" sizes=\"auto, (max-width: 300px) 100vw, 300px\" \/><\/figure>\n<\/div>\n\n\n\n<div class=\"wp-block-column is-layout-flow wp-block-column-is-layout-flow\" style=\"flex-basis:50%\"><div class=\"wp-block-image\">\n<figure class=\"aligncenter size-large\"><img loading=\"lazy\" decoding=\"async\" width=\"396\" height=\"145\" src=\"https:\/\/baudhost.be\/wordpress\/wp-content\/uploads\/2020\/01\/sat_evolution.jpg\" alt=\"\" class=\"wp-image-874\" srcset=\"https:\/\/baudhost.be\/wordpress\/wp-content\/uploads\/2020\/01\/sat_evolution.jpg 396w, https:\/\/baudhost.be\/wordpress\/wp-content\/uploads\/2020\/01\/sat_evolution-300x110.jpg 300w\" sizes=\"auto, (max-width: 396px) 100vw, 396px\" \/><\/figure>\n<\/div>\n\n\n<h5 class=\"wp-block-heading has-text-align-center\">Informations \u00e0 propos de l&rsquo;usage d&rsquo;un <strong>GPS <\/strong>en randonn\u00e9e <\/h5>\n<\/div>\n\n\n\n<div class=\"wp-block-column is-layout-flow wp-block-column-is-layout-flow\" style=\"flex-basis:25%\"><div class=\"wp-block-image\">\n<figure class=\"aligncenter size-large\"><img loading=\"lazy\" decoding=\"async\" width=\"110\" height=\"75\" src=\"https:\/\/baudhost.be\/wordpress\/wp-content\/uploads\/2020\/01\/util.jpg\" alt=\"\" class=\"wp-image-833\"\/><\/figure>\n<\/div>\n\n\n<p class=\"has-text-align-center\">au<\/p>\n\n\n<div class=\"wp-block-image\">\n<figure class=\"aligncenter size-large\"><img loading=\"lazy\" decoding=\"async\" width=\"95\" height=\"95\" src=\"https:\/\/baudhost.be\/wordpress\/wp-content\/uploads\/2020\/01\/gps_model.jpg\" alt=\"download GPX &amp; KML\" class=\"wp-image-73\"\/><\/figure>\n<\/div><\/div>\n<\/div>\n\n\n\n<p class=\"has-text-align-center\"> Cette page vous permettra de savoir l&rsquo;essentiel pour se retrouver dans  le vaste monde du gps. L&rsquo;id\u00e9e n&rsquo;est pas de faire un cours gps, mais de  mettre en place  quelques notions et de partager mes connaissances dans  ce domaine.  N&rsquo;h\u00e9sitez pas \u00e0 partager vos propres exp\u00e9riences.  <\/p>\n\n\n\n<h5 class=\"wp-block-heading has-text-align-center\"> O\u00f9 est le randonneur&nbsp;? <\/h5>\n\n\n\n<p class=\"has-text-align-center\">  Avant tout quelques g\u00e9n\u00e9ralit\u00e9s et un peu de th\u00e9orie \u00e0 propos de l&rsquo;utilisation d&rsquo;un gps surtout lors d&rsquo;une randonn\u00e9e. <\/p>\n\n\n\n<div class=\"wp-block-columns is-layout-flex wp-container-core-columns-is-layout-9d6595d7 wp-block-columns-is-layout-flex\">\n<div class=\"wp-block-column is-layout-flow wp-block-column-is-layout-flow\" style=\"flex-basis:25%\"><div class=\"wp-block-image\">\n<figure class=\"aligncenter size-large\"><img loading=\"lazy\" decoding=\"async\" width=\"96\" height=\"95\" src=\"https:\/\/baudhost.be\/wordpress\/wp-content\/uploads\/2020\/01\/gps_rando_ou.jpg\" alt=\"\" class=\"wp-image-832\"\/><\/figure>\n<\/div>\n\n\n<p class=\"has-text-align-center\"> Une boussole est \u00e9videmment indispensable pour l&rsquo;utilisation de ces cartes. <\/p>\n\n\n<div class=\"wp-block-image\">\n<figure class=\"aligncenter size-large\"><img loading=\"lazy\" decoding=\"async\" width=\"1024\" height=\"608\" src=\"https:\/\/baudhost.be\/wordpress\/wp-content\/uploads\/2020\/01\/boussole-1024x608.jpg\" alt=\"\" class=\"wp-image-827\" srcset=\"https:\/\/baudhost.be\/wordpress\/wp-content\/uploads\/2020\/01\/boussole-1024x608.jpg 1024w, https:\/\/baudhost.be\/wordpress\/wp-content\/uploads\/2020\/01\/boussole-300x178.jpg 300w, https:\/\/baudhost.be\/wordpress\/wp-content\/uploads\/2020\/01\/boussole-768x456.jpg 768w, https:\/\/baudhost.be\/wordpress\/wp-content\/uploads\/2020\/01\/boussole-1536x911.jpg 1536w, https:\/\/baudhost.be\/wordpress\/wp-content\/uploads\/2020\/01\/boussole-2048x1215.jpg 2048w\" sizes=\"auto, (max-width: 767px) 89vw, (max-width: 1000px) 54vw, (max-width: 1071px) 543px, 580px\" \/><\/figure>\n<\/div><\/div>\n\n\n\n<div class=\"wp-block-column is-layout-flow wp-block-column-is-layout-flow\" style=\"flex-basis:50%\">\n<p class=\"has-text-align-center\"> Sur  une route, un chemin campagnard, un sentier, tous \u00e9l\u00e9ments g\u00e9n\u00e9ralement  mentionn\u00e9s sur une carte dite d&rsquo;\u00e9tat-major, souvent appel\u00e9e carte IGN  (Institut G\u00e9ographique National). <\/p>\n\n\n\n<p class=\"has-text-align-center\">Ces cartes     pr\u00e9sentent l&rsquo;ensemble des \u00e9l\u00e9ments permettant de d\u00e9terminer sa  position, comme les voies et cours d&rsquo;eau, les courbes de niveau, les  points remarquables, et autres.<br>          Pour la randonn\u00e9e, l&rsquo;\u00e9chelle 1:20000 est la plus souvent utilis\u00e9e. <\/p>\n<\/div>\n\n\n\n<div class=\"wp-block-column is-layout-flow wp-block-column-is-layout-flow\" style=\"flex-basis:25%\">\n<figure class=\"wp-block-image size-medium\"><img loading=\"lazy\" decoding=\"async\" width=\"158\" height=\"300\" src=\"https:\/\/baudhost.be\/wordpress\/wp-content\/uploads\/2020\/01\/carte_ign-158x300.jpg\" alt=\"\" class=\"wp-image-829\" srcset=\"https:\/\/baudhost.be\/wordpress\/wp-content\/uploads\/2020\/01\/carte_ign-158x300.jpg 158w, https:\/\/baudhost.be\/wordpress\/wp-content\/uploads\/2020\/01\/carte_ign-538x1024.jpg 538w, https:\/\/baudhost.be\/wordpress\/wp-content\/uploads\/2020\/01\/carte_ign-768x1463.jpg 768w, https:\/\/baudhost.be\/wordpress\/wp-content\/uploads\/2020\/01\/carte_ign-806x1536.jpg 806w, https:\/\/baudhost.be\/wordpress\/wp-content\/uploads\/2020\/01\/carte_ign.jpg 976w\" sizes=\"auto, (max-width: 158px) 100vw, 158px\" \/><\/figure>\n<\/div>\n<\/div>\n\n\n\n<hr class=\"wp-block-separator has-css-opacity\"\/>\n\n\n\n<h5 class=\"wp-block-heading has-text-align-center\"> Un GPS peut aider  <\/h5>\n\n\n\n<div class=\"wp-block-columns is-layout-flex wp-container-core-columns-is-layout-9d6595d7 wp-block-columns-is-layout-flex\">\n<div class=\"wp-block-column is-layout-flow wp-block-column-is-layout-flow\" style=\"flex-basis:33.33%\"><div class=\"wp-block-image\">\n<figure class=\"aligncenter size-large\"><img loading=\"lazy\" decoding=\"async\" width=\"600\" height=\"600\" src=\"https:\/\/baudhost.be\/wordpress\/wp-content\/uploads\/2020\/01\/gpsmap66s.png\" alt=\"\" class=\"wp-image-210\" srcset=\"https:\/\/baudhost.be\/wordpress\/wp-content\/uploads\/2020\/01\/gpsmap66s.png 600w, https:\/\/baudhost.be\/wordpress\/wp-content\/uploads\/2020\/01\/gpsmap66s-300x300.png 300w, https:\/\/baudhost.be\/wordpress\/wp-content\/uploads\/2020\/01\/gpsmap66s-150x150.png 150w, https:\/\/baudhost.be\/wordpress\/wp-content\/uploads\/2020\/01\/gpsmap66s-100x100.png 100w\" sizes=\"auto, (max-width: 600px) 100vw, 600px\" \/><\/figure>\n<\/div><\/div>\n\n\n\n<div class=\"wp-block-column is-layout-flow wp-block-column-is-layout-flow\" style=\"flex-basis:66.66%\">\n<p class=\"has-text-align-center\"> Diff\u00e9rents mod\u00e8les de&nbsp;<strong>GPS&nbsp;<\/strong>sont sur le march\u00e9 pour les  randonneurs. Entre sensibilit\u00e9, type d&rsquo;\u00e9cran,  avec ou sans  cartographie, type de batteries, autonomie, mod\u00e8le  classique ou montre,  les \u00e9l\u00e9ments \u00e0 prendre en compte sont nombreux et bien \u00e9videmment  d\u00e9pendent de l&rsquo;usage pr\u00e9vu et des connaissances de l&rsquo;utilisateur.  Quelques grandes marques sont pr\u00e9sentent sur le march\u00e9 comme Garmin,   Twonav, Magellan mais le march\u00e9 est tr\u00e8s ouvert aux nouveaut\u00e9s. Pour ma  part les j&rsquo;ai utilis\u00e9 un Garmin VistaHCx pendant plus de 15 ans.   <\/p>\n<\/div>\n<\/div>\n\n\n\n<div class=\"wp-block-columns is-layout-flex wp-container-core-columns-is-layout-9d6595d7 wp-block-columns-is-layout-flex\">\n<div class=\"wp-block-column is-layout-flow wp-block-column-is-layout-flow\" style=\"flex-basis:66.66%\">\n<p class=\"has-text-align-center\">          Un Smartphone peut \u00eatre utile \u00e9galement. De nos jours de nombreuses applications gps sont disponibles sur un march\u00e9 en d\u00e9veloppement constant. Diff\u00e9rents fabricants de&nbsp;Smartphones&nbsp;mettent des puces gps dans leurs produits. Diff\u00e9rentes applications sont  \u00e9galement sur le march\u00e9, tant sur smartphone android que sur apple.  Depuis juillet 2015 j&rsquo;essaie quelques applications sur un     smartphone Huawei et sur une tablette 7&Prime; Asus. L&rsquo;autonomie de ces  appareils reste leur point faible, for\u00e7ant \u00e0 pr\u00e9voir une batterie  suppl\u00e9mentaire au de l\u00e0 de quelques heures d&rsquo;utilisation et ce     d&rsquo;autant plus que la luminosit\u00e9 doit rester \u00e0 son maximum dans les  journ\u00e9es ensoleill\u00e9es.<\/p>\n<\/div>\n\n\n\n<div class=\"wp-block-column is-layout-flow wp-block-column-is-layout-flow\" style=\"flex-basis:33.33%\">\n<figure class=\"wp-block-image size-large\"><img loading=\"lazy\" decoding=\"async\" width=\"70\" height=\"149\" src=\"https:\/\/baudhost.be\/wordpress\/wp-content\/uploads\/2020\/01\/online_applications-e1579357587767.jpg\" alt=\"\" class=\"wp-image-834\"\/><\/figure>\n<\/div>\n<\/div>\n\n\n\n<p class=\"has-text-align-center\">Pour l&rsquo;instant j&rsquo;ai test\u00e9, avec succ\u00e8s, les applications<\/p>\n\n\n\n<p> &#8211; Locus Map Free, ainsi que&nbsp;<strong>Locus Map Pro&nbsp;<\/strong>payant, cartes OSM  \u00e9galement mais vectorielles (lisible \u00e0 toutes les  \u00e9chelles) \u00e0 acqu\u00e9rir par t\u00e9l\u00e9chargement et par r\u00e9gion via des LoCoins  (monnaies de Locus).  <\/p>\n\n\n\n<p>&#8211; Osmand Cartes et Navigation Free, ainsi que&nbsp;<strong>OsmAnd+<\/strong>&nbsp;payant, cartes Open Map t\u00e9l\u00e9chargeable gratuitement, enregistrement et  visualisation des traces au format standardis\u00e9 nomm\u00e9 gpx. <\/p>\n\n\n\n<p class=\"has-text-align-center\">Dans ces applications il n&rsquo;y a <strong>plus de  n\u00e9cessit\u00e9 de connexions <\/strong>donn\u00e9es 3G, 4G, 5G ou wifi durant la randonn\u00e9e.&nbsp; <\/p>\n\n\n\n<p> &#8211;&nbsp;<strong>SityTrail  BE<\/strong>,  payant par an, pour disposer des cartes IGN, enregistrement et  visualisation des traces au format standardis\u00e9 nomm\u00e9 gpx. Donne \u00e9galement acc\u00e8s \u00e0 un outil sur PC nomm\u00e9 SityTrail Editor qui  autorise la visualisation sur fond de carte IGN,  la cr\u00e9ation et la  modification des traces gpx. <\/p>\n\n\n\n<hr class=\"wp-block-separator has-css-opacity\"\/>\n\n\n\n<h5 class=\"wp-block-heading has-text-align-center\">  Avec l&rsquo;aide d&rsquo;un r\u00e9seau de satellites <\/h5>\n\n\n\n<div class=\"wp-block-columns is-layout-flex wp-container-core-columns-is-layout-9d6595d7 wp-block-columns-is-layout-flex\">\n<div class=\"wp-block-column is-layout-flow wp-block-column-is-layout-flow\" style=\"flex-basis:33.33%\"><div class=\"wp-block-image\">\n<figure class=\"aligncenter size-large\"><a href=\"https:\/\/www.usegalileo.eu\/\/FR\/inner.html#data=smartphone\"><img loading=\"lazy\" decoding=\"async\" width=\"317\" height=\"237\" src=\"https:\/\/baudhost.be\/wordpress\/wp-content\/uploads\/2020\/01\/galileo.jpg\" alt=\"\" class=\"wp-image-830\" srcset=\"https:\/\/baudhost.be\/wordpress\/wp-content\/uploads\/2020\/01\/galileo.jpg 317w, https:\/\/baudhost.be\/wordpress\/wp-content\/uploads\/2020\/01\/galileo-300x224.jpg 300w\" sizes=\"auto, (max-width: 317px) 100vw, 317px\" \/><\/a><figcaption class=\"wp-element-caption\">Smartphones compatibles ?<\/figcaption><\/figure>\n<\/div><\/div>\n\n\n\n<div class=\"wp-block-column is-layout-flow wp-block-column-is-layout-flow\" style=\"flex-basis:66.66%\">\n<p class=\"has-text-align-center\"> La derni\u00e8re \u00e9volution est l&rsquo;utilisation du syst\u00e8me europ\u00e9en <strong>Galil\u00e9o<\/strong>, maintenant que des smartphones compatibles sont sur le march\u00e9. <\/p>\n<\/div>\n<\/div>\n\n\n\n<p> J&rsquo;ai test\u00e9 sur un Huawei P10 et l&rsquo;application Locus Map Pro qui  fonctionne parfaitement et \u00e9galement, depuis d\u00e9cembre 2018, sur un  Garmin Gpsmap 66S, qui a remplac\u00e9 mon ancien Garmin     Vista. <\/p>\n\n\n\n<p class=\"has-text-align-center\"> Diff\u00e9rents  r\u00e9seaux de satellites existent aujourd&rsquo;hui mais il y a toujours eu  diff\u00e9rents usages des satellittes class\u00e9s en GEO (Geostationary Earth  Orbit &#8211; 35786km), MEO (Medium Earth orbit &#8211;     10000km) et LEO (Low Earth orbit &#8211; 1000km). Les satellites GEO sont  les plus communs gr\u00e2ce \u00e0 leur position relative fixe dans l\u2019espace, et  ce malgr\u00e9 leur co\u00fbt important, un d\u00e9lai important et une  diffusion importante non adapt\u00e9e \u00e0 certaines applications.  L\u2019utilisation de plusieurs faisceaux (on parle de multi-faisceaux)  r\u00e9duisant la taille des zones de couverture et d\u2019intelligence \u00e0 bord sont des pistes permettant de compenser certains probl\u00e8mes des  satellites GEOs. <\/p>\n\n\n\n<p>Pour  les positionnements par gps d&rsquo;autres r\u00e9seaux sont utilis\u00e9s. Le Global  Positioning System (<strong>GPS<\/strong>), militaire <strong>am\u00e9ricain<\/strong>, depuis 1995, une  trentaine de satellites \u00e0 +\/- 20000km.<\/p>\n\n\n\n<p>Le syst\u00e8me russe baptis\u00e9 <strong>GLONASS <\/strong>entr\u00e9 en fonction en 1996 mais redevenu op\u00e9rationnel en 2010. <\/p>\n\n\n\n<p> L\u2019Union europ\u00e9enne avec le syst\u00e8me GALILEO est op\u00e9rationnel depuis  le 15 d\u00e9cembre 2016 et au final ses 30 satellites seront pleinement  op\u00e9rationnel  \u00e0 l&rsquo;\u00e9t\u00e9 2020.<\/p>\n\n\n\n<p>La Chine avec le syst\u00e8me <strong>Beidou-2<\/strong> (COMPASS) d\u00e9veloppe son propre  syst\u00e8me qui devrait \u00e9galement \u00eatre compl\u00e8tement op\u00e9rationnel en 2020.&nbsp;<br> Le Japon (<strong>QZSS<\/strong>) et l\u2019Inde avec l&rsquo;<strong>IRNSS <\/strong>d\u00e9veloppent de leur c\u00f4t\u00e9 un  syst\u00e8me assurant une couverture uniquement r\u00e9gionale dont la Chine qui dispose \u00e9galement de Beidou-1.<\/p>\n\n\n\n<hr class=\"wp-block-separator has-css-opacity\"\/>\n\n\n\n<h5 class=\"wp-block-heading has-text-align-center\">   Mais surtout, avec une triangulation pr\u00e9cise  <\/h5>\n\n\n\n<p class=\"has-text-align-center\">Avant tout un peu de th\u00e9orie, en anglais. <\/p>\n\n\n\n<div class=\"wp-block-columns are-vertically-aligned-center is-layout-flex wp-container-core-columns-is-layout-9d6595d7 wp-block-columns-is-layout-flex\">\n<div class=\"wp-block-column is-vertically-aligned-center is-layout-flow wp-block-column-is-layout-flow\" style=\"flex-basis:25%\">\n<figure class=\"wp-block-image size-large\"><img loading=\"lazy\" decoding=\"async\" width=\"158\" height=\"54\" src=\"https:\/\/baudhost.be\/wordpress\/wp-content\/uploads\/2020\/01\/logo_Edge.jpg\" alt=\"\" class=\"wp-image-1712\"\/><\/figure>\n\n\n\n<figure class=\"wp-block-image size-thumbnail is-resized\"><img loading=\"lazy\" decoding=\"async\" width=\"150\" height=\"150\" src=\"https:\/\/baudhost.be\/wordpress\/wp-content\/uploads\/2020\/01\/traduction_edge-150x150.jpg\" alt=\"\" class=\"wp-image-1701\" style=\"width:90px;height:90px\" srcset=\"https:\/\/baudhost.be\/wordpress\/wp-content\/uploads\/2020\/01\/traduction_edge-150x150.jpg 150w, https:\/\/baudhost.be\/wordpress\/wp-content\/uploads\/2020\/01\/traduction_edge-100x100.jpg 100w\" sizes=\"auto, (max-width: 150px) 100vw, 150px\" \/><\/figure>\n<\/div>\n\n\n\n<div class=\"wp-block-column is-vertically-aligned-center is-layout-flow wp-block-column-is-layout-flow\" style=\"flex-basis:50%\">\n<p class=\"has-text-align-center\"> Mais le traducteur automatique du nouveau Microsoft Edge  et du Google Chrome peuvent aider, sans probl\u00e8me <\/p>\n<\/div>\n\n\n\n<div class=\"wp-block-column is-vertically-aligned-center is-layout-flow wp-block-column-is-layout-flow\" style=\"flex-basis:25%\">\n<figure class=\"wp-block-image size-large\"><img loading=\"lazy\" decoding=\"async\" width=\"205\" height=\"56\" src=\"https:\/\/baudhost.be\/wordpress\/wp-content\/uploads\/2020\/01\/logo_Chrome.jpg\" alt=\"\" class=\"wp-image-1711\"\/><\/figure>\n\n\n\n<figure class=\"wp-block-image size-thumbnail is-resized\"><img loading=\"lazy\" decoding=\"async\" width=\"150\" height=\"150\" src=\"https:\/\/baudhost.be\/wordpress\/wp-content\/uploads\/2020\/01\/traduction_chrome-150x150.jpg\" alt=\"\" class=\"wp-image-1700\" style=\"width:90px;height:90px\" srcset=\"https:\/\/baudhost.be\/wordpress\/wp-content\/uploads\/2020\/01\/traduction_chrome-150x150.jpg 150w, https:\/\/baudhost.be\/wordpress\/wp-content\/uploads\/2020\/01\/traduction_chrome-100x100.jpg 100w\" sizes=\"auto, (max-width: 150px) 100vw, 150px\" \/><\/figure>\n<\/div>\n<\/div>\n\n\n\n<div class=\"wp-block-columns is-layout-flex wp-container-core-columns-is-layout-9d6595d7 wp-block-columns-is-layout-flex\">\n<div class=\"wp-block-column is-layout-flow wp-block-column-is-layout-flow\"><div class=\"wp-block-image\">\n<figure class=\"aligncenter size-large\"><a href=\"https:\/\/www8.garmin.com\/aboutGPS\/\"><img loading=\"lazy\" decoding=\"async\" width=\"80\" height=\"95\" src=\"https:\/\/baudhost.be\/wordpress\/wp-content\/uploads\/2020\/01\/gps_triangulation.jpg\" alt=\"\" class=\"wp-image-895\"\/><\/a><figcaption class=\"wp-element-caption\">from Garmin<\/figcaption><\/figure>\n<\/div><\/div>\n\n\n\n<div class=\"wp-block-column is-layout-flow wp-block-column-is-layout-flow\"><div class=\"wp-block-image\">\n<figure class=\"aligncenter size-large\"><a href=\"https:\/\/gis.stackexchange.com\/questions\/17344\/differences-between-triangulation-and-trilateration\"><img loading=\"lazy\" decoding=\"async\" width=\"468\" height=\"346\" src=\"https:\/\/baudhost.be\/wordpress\/wp-content\/uploads\/2020\/01\/gps_position.jpg\" alt=\"\" class=\"wp-image-897\" srcset=\"https:\/\/baudhost.be\/wordpress\/wp-content\/uploads\/2020\/01\/gps_position.jpg 468w, https:\/\/baudhost.be\/wordpress\/wp-content\/uploads\/2020\/01\/gps_position-300x222.jpg 300w\" sizes=\"auto, (max-width: 468px) 100vw, 468px\" \/><\/a><figcaption class=\"wp-element-caption\">Triangulation ?<\/figcaption><\/figure>\n<\/div><\/div>\n\n\n\n<div class=\"wp-block-column is-layout-flow wp-block-column-is-layout-flow\"><div class=\"wp-block-image\">\n<figure class=\"aligncenter size-large\"><a href=\"https:\/\/electronics.howstuffworks.com\/gadgets\/travel\/gps.htm\"><img loading=\"lazy\" decoding=\"async\" width=\"80\" height=\"95\" src=\"https:\/\/baudhost.be\/wordpress\/wp-content\/uploads\/2020\/01\/gps_sat_net.jpg\" alt=\"\" class=\"wp-image-896\"\/><\/a><figcaption class=\"wp-element-caption\"> How GPS Receivers Work <\/figcaption><\/figure>\n<\/div><\/div>\n<\/div>\n\n\n\n<div class=\"wp-block-columns is-layout-flex wp-container-core-columns-is-layout-9d6595d7 wp-block-columns-is-layout-flex\">\n<div class=\"wp-block-column is-layout-flow wp-block-column-is-layout-flow\"><div class=\"wp-block-image\">\n<figure class=\"aligncenter size-large\"><a href=\"https:\/\/www.maptoaster.com\/maptoaster-topo-nz\/articles\/how-gps-works\/how-gps-works.html\"><img loading=\"lazy\" decoding=\"async\" width=\"110\" height=\"124\" src=\"https:\/\/baudhost.be\/wordpress\/wp-content\/uploads\/2020\/01\/gps_sat_4.jpg\" alt=\"\" class=\"wp-image-900\"\/><\/a><figcaption class=\"wp-element-caption\">How GPS Works<\/figcaption><\/figure>\n<\/div><\/div>\n\n\n\n<div class=\"wp-block-column is-layout-flow wp-block-column-is-layout-flow\"><div class=\"wp-block-image\">\n<figure class=\"aligncenter size-large\"><a href=\"https:\/\/www.explainthatstuff.com\/howgpsworks.html\"><img loading=\"lazy\" decoding=\"async\" width=\"155\" height=\"85\" src=\"https:\/\/baudhost.be\/wordpress\/wp-content\/uploads\/2020\/01\/gps_works.jpg\" alt=\"\" class=\"wp-image-894\"\/><\/a><figcaption class=\"wp-element-caption\">How GPS wWorks (2)<\/figcaption><\/figure>\n<\/div><\/div>\n\n\n\n<div class=\"wp-block-column is-layout-flow wp-block-column-is-layout-flow\"><div class=\"wp-block-image\">\n<figure class=\"aligncenter size-large\"><a href=\"https:\/\/spaceplace.nasa.gov\/gps\/en\/\"><img loading=\"lazy\" decoding=\"async\" width=\"100\" height=\"100\" src=\"https:\/\/baudhost.be\/wordpress\/wp-content\/uploads\/2020\/01\/gps_sat_3.jpg\" alt=\"\" class=\"wp-image-899\"\/><\/a><figcaption class=\"wp-element-caption\">Nasa info<\/figcaption><\/figure>\n<\/div><\/div>\n<\/div>\n\n\n\n<p class=\"has-text-align-center\">GPS ou Smartphone ?<\/p>\n\n\n\n<div class=\"wp-block-columns is-layout-flex wp-container-core-columns-is-layout-9d6595d7 wp-block-columns-is-layout-flex\">\n<div class=\"wp-block-column is-layout-flow wp-block-column-is-layout-flow\" style=\"flex-basis:33.33%\">\n<figure class=\"wp-block-image size-full\"><img loading=\"lazy\" decoding=\"async\" width=\"36\" height=\"27\" src=\"https:\/\/baudhost.be\/wordpress\/wp-content\/uploads\/2020\/12\/pictopdf.jpg\" alt=\"\" class=\"wp-image-5108\"\/><\/figure>\n<\/div>\n\n\n\n<div class=\"wp-block-column is-layout-flow wp-block-column-is-layout-flow\" style=\"flex-basis:66.66%\">\n<div class=\"wp-block-file\"><a id=\"wp-block-file--media-3f50e641-d20a-4c2d-bed3-0fa0f6691860\" href=\"https:\/\/baudhost.be\/wordpress\/wp-content\/uploads\/2026\/04\/Comparaison_Gm_Lm-1.pdf\" target=\"_blank\" rel=\"noreferrer noopener\">Comparaison_Gm_Lm.pdf<\/a><\/div>\n<\/div>\n<\/div>\n\n\n\n<div class=\"wp-block-columns is-layout-flex wp-container-core-columns-is-layout-9d6595d7 wp-block-columns-is-layout-flex\">\n<div class=\"wp-block-column is-layout-flow wp-block-column-is-layout-flow\"><\/div>\n\n\n\n<div class=\"wp-block-column is-vertically-aligned-center is-layout-flow wp-block-column-is-layout-flow\" style=\"flex-basis:66.66%\"><\/div>\n<\/div>\n\n\n\n<hr class=\"wp-block-separator has-css-opacity\"\/>\n\n\n\n<p><\/p>\n","protected":false},"excerpt":{"rendered":"<p>Informations \u00e0 propos de l&rsquo;usage d&rsquo;un GPS en randonn\u00e9e au Cette page vous permettra de savoir l&rsquo;essentiel pour se retrouver dans le vaste monde du gps. L&rsquo;id\u00e9e n&rsquo;est pas de faire un cours gps, mais de mettre en place quelques notions et de partager mes connaissances dans ce domaine. N&rsquo;h\u00e9sitez pas \u00e0 partager vos propres &hellip; <\/p>\n<p class=\"link-more\"><a href=\"https:\/\/baudhost.be\/wordpress\/infos-rando\/gps-generalites\/\" class=\"more-link\">Continuer la lecture<span class=\"screen-reader-text\"> de &laquo;&nbsp;GPS &#8211; g\u00e9n\u00e9ralit\u00e9s&nbsp;&raquo;<\/span><\/a><\/p>\n","protected":false},"author":1,"featured_media":0,"parent":797,"menu_order":0,"comment_status":"closed","ping_status":"closed","template":"","meta":{"footnotes":""},"class_list":["post-835","page","type-page","status-publish","hentry"],"_links":{"self":[{"href":"https:\/\/baudhost.be\/wordpress\/wp-json\/wp\/v2\/pages\/835","targetHints":{"allow":["GET"]}}],"collection":[{"href":"https:\/\/baudhost.be\/wordpress\/wp-json\/wp\/v2\/pages"}],"about":[{"href":"https:\/\/baudhost.be\/wordpress\/wp-json\/wp\/v2\/types\/page"}],"author":[{"embeddable":true,"href":"https:\/\/baudhost.be\/wordpress\/wp-json\/wp\/v2\/users\/1"}],"replies":[{"embeddable":true,"href":"https:\/\/baudhost.be\/wordpress\/wp-json\/wp\/v2\/comments?post=835"}],"version-history":[{"count":81,"href":"https:\/\/baudhost.be\/wordpress\/wp-json\/wp\/v2\/pages\/835\/revisions"}],"predecessor-version":[{"id":12976,"href":"https:\/\/baudhost.be\/wordpress\/wp-json\/wp\/v2\/pages\/835\/revisions\/12976"}],"up":[{"embeddable":true,"href":"https:\/\/baudhost.be\/wordpress\/wp-json\/wp\/v2\/pages\/797"}],"wp:attachment":[{"href":"https:\/\/baudhost.be\/wordpress\/wp-json\/wp\/v2\/media?parent=835"}],"curies":[{"name":"wp","href":"https:\/\/api.w.org\/{rel}","templated":true}]}}