{"id":801,"date":"2020-01-18T13:01:45","date_gmt":"2020-01-18T12:01:45","guid":{"rendered":"https:\/\/baudhost.be\/wordpress\/?page_id=801"},"modified":"2025-07-12T12:45:55","modified_gmt":"2025-07-12T10:45:55","slug":"rando-pratique","status":"publish","type":"page","link":"https:\/\/baudhost.be\/wordpress\/infos-rando\/rando-pratique\/","title":{"rendered":"Pratique de la Randonn\u00e9e"},"content":{"rendered":"\n<p class=\"has-medium-font-size\"><strong>Devoirs des randonneurs<\/strong><\/p>\n\n\n<div class=\"wp-block-image\">\n<figure class=\"aligncenter size-medium\"><img loading=\"lazy\" decoding=\"async\" width=\"300\" height=\"201\" src=\"https:\/\/baudhost.be\/wordpress\/wp-content\/uploads\/2022\/02\/charte_promeneurs-300x201.jpg\" alt=\"\" class=\"wp-image-7812\" srcset=\"https:\/\/baudhost.be\/wordpress\/wp-content\/uploads\/2022\/02\/charte_promeneurs-300x201.jpg 300w, https:\/\/baudhost.be\/wordpress\/wp-content\/uploads\/2022\/02\/charte_promeneurs-1024x685.jpg 1024w, https:\/\/baudhost.be\/wordpress\/wp-content\/uploads\/2022\/02\/charte_promeneurs-768x514.jpg 768w, https:\/\/baudhost.be\/wordpress\/wp-content\/uploads\/2022\/02\/charte_promeneurs-1536x1027.jpg 1536w, https:\/\/baudhost.be\/wordpress\/wp-content\/uploads\/2022\/02\/charte_promeneurs-2048x1369.jpg 2048w\" sizes=\"auto, (max-width: 300px) 100vw, 300px\" \/><\/figure>\n<\/div>\n\n\n<div class=\"wp-block-columns is-layout-flex wp-container-core-columns-is-layout-9d6595d7 wp-block-columns-is-layout-flex\">\n<div class=\"wp-block-column is-layout-flow wp-block-column-is-layout-flow\">\n<div class=\"wp-block-columns is-layout-flex wp-container-core-columns-is-layout-9d6595d7 wp-block-columns-is-layout-flex\">\n<div class=\"wp-block-column is-layout-flow wp-block-column-is-layout-flow\">\n<div class=\"wp-block-columns is-layout-flex wp-container-core-columns-is-layout-9d6595d7 wp-block-columns-is-layout-flex\">\n<div class=\"wp-block-column is-layout-flow wp-block-column-is-layout-flow\" style=\"flex-basis:33.33%\"><div class=\"wp-block-image\">\n<figure class=\"aligncenter size-full\"><img loading=\"lazy\" decoding=\"async\" width=\"36\" height=\"27\" src=\"https:\/\/baudhost.be\/wordpress\/wp-content\/uploads\/2020\/12\/pictopdf.jpg\" alt=\"\" class=\"wp-image-5108\"\/><\/figure>\n<\/div><\/div>\n\n\n\n<div class=\"wp-block-column is-layout-flow wp-block-column-is-layout-flow\" style=\"flex-basis:66.66%\">\n<div class=\"wp-block-file\"><a id=\"wp-block-file--media-8b05e394-c102-4a6b-87a9-8213b4857af5\" href=\"https:\/\/baudhost.be\/wordpress\/wp-content\/uploads\/2023\/03\/Legislation_circulation_foret_Wallonne_Sentier_Chemin_Route.pdf\" target=\"_blank\" rel=\"noreferrer noopener\">L\u00e9gislation_circulation_for\u00eat_Wallonne_Sentier_Chemin_Route<\/a><\/div>\n<\/div>\n<\/div>\n\n\n\n<div class=\"wp-block-columns is-layout-flex wp-container-core-columns-is-layout-9d6595d7 wp-block-columns-is-layout-flex\">\n<div class=\"wp-block-column is-layout-flow wp-block-column-is-layout-flow\" style=\"flex-basis:33.33%\"><div class=\"wp-block-image\">\n<figure class=\"aligncenter size-full\"><img loading=\"lazy\" decoding=\"async\" width=\"36\" height=\"27\" src=\"https:\/\/baudhost.be\/wordpress\/wp-content\/uploads\/2020\/12\/pictopdf.jpg\" alt=\"\" class=\"wp-image-5108\"\/><\/figure>\n<\/div><\/div>\n\n\n\n<div class=\"wp-block-column is-layout-flow wp-block-column-is-layout-flow\" style=\"flex-basis:66.66%\">\n<div class=\"wp-block-file\"><a id=\"wp-block-file--media-8b05e394-c102-4a6b-87a9-8213b4857af5\" href=\"https:\/\/baudhost.be\/wordpress\/wp-content\/uploads\/2022\/02\/charte_promeneur.pdf\" target=\"_blank\" rel=\"noreferrer noopener\">charte_promeneur<\/a><\/div>\n<\/div>\n<\/div>\n\n\n\n<div class=\"wp-block-columns is-layout-flex wp-container-core-columns-is-layout-9d6595d7 wp-block-columns-is-layout-flex\">\n<div class=\"wp-block-column is-layout-flow wp-block-column-is-layout-flow\" style=\"flex-basis:33.33%\"><div class=\"wp-block-image\">\n<figure class=\"aligncenter size-full\"><img loading=\"lazy\" decoding=\"async\" width=\"36\" height=\"27\" src=\"https:\/\/baudhost.be\/wordpress\/wp-content\/uploads\/2020\/12\/pictopdf.jpg\" alt=\"\" class=\"wp-image-5108\"\/><\/figure>\n<\/div><\/div>\n\n\n\n<div class=\"wp-block-column is-layout-flow wp-block-column-is-layout-flow\" style=\"flex-basis:66.66%\">\n<div class=\"wp-block-file\"><a id=\"wp-block-file--media-47939fdd-f8fc-4779-886f-681f04f548d3\" href=\"https:\/\/baudhost.be\/wordpress\/wp-content\/uploads\/2025\/07\/Charte_du_randonneur_2025_POSTER_9pages.pdf\" target=\"_blank\" rel=\"noreferrer noopener\">Charte_du_randonneur_2025_POSTER_9pages<\/a><\/div>\n<\/div>\n<\/div>\n\n\n\n<div class=\"wp-block-columns is-layout-flex wp-container-core-columns-is-layout-9d6595d7 wp-block-columns-is-layout-flex\">\n<div class=\"wp-block-column is-layout-flow wp-block-column-is-layout-flow\" style=\"flex-basis:33.33%\"><div class=\"wp-block-image\">\n<figure class=\"aligncenter size-full\"><img loading=\"lazy\" decoding=\"async\" width=\"36\" height=\"27\" src=\"https:\/\/baudhost.be\/wordpress\/wp-content\/uploads\/2020\/12\/pictopdf.jpg\" alt=\"\" class=\"wp-image-5108\"\/><\/figure>\n<\/div><\/div>\n\n\n\n<div class=\"wp-block-column is-layout-flow wp-block-column-is-layout-flow\" style=\"flex-basis:66.66%\">\n<div class=\"wp-block-file\"><a id=\"wp-block-file--media-48c3d2c6-36c2-4bb0-b2d2-f1c8891fe620\" href=\"https:\/\/baudhost.be\/wordpress\/wp-content\/uploads\/2025\/07\/helas_parfois_vrai.pdf\" target=\"_blank\" rel=\"noreferrer noopener\">soyons respectueux<\/a><\/div>\n<\/div>\n<\/div>\n<\/div>\n<\/div>\n<\/div>\n\n\n\n<div class=\"wp-block-column is-layout-flow wp-block-column-is-layout-flow\">\n<div class=\"wp-block-columns is-layout-flex wp-container-core-columns-is-layout-9d6595d7 wp-block-columns-is-layout-flex\">\n<div class=\"wp-block-column is-layout-flow wp-block-column-is-layout-flow\">\n<figure class=\"wp-block-image size-thumbnail is-style-rounded\"><a href=\"https:\/\/www.uniondesagricultriceswallonnes.be\/lachartedupromeneur\" target=\"_blank\" rel=\"noopener\"><img loading=\"lazy\" decoding=\"async\" width=\"150\" height=\"150\" src=\"https:\/\/baudhost.be\/wordpress\/wp-content\/uploads\/2022\/02\/charte_promeneurs-150x150.jpg\" alt=\"\" class=\"wp-image-7812\" srcset=\"https:\/\/baudhost.be\/wordpress\/wp-content\/uploads\/2022\/02\/charte_promeneurs-150x150.jpg 150w, https:\/\/baudhost.be\/wordpress\/wp-content\/uploads\/2022\/02\/charte_promeneurs-100x100.jpg 100w\" sizes=\"auto, (max-width: 150px) 100vw, 150px\" \/><\/a><figcaption class=\"wp-element-caption\">le site de l&rsquo;UAW<\/figcaption><\/figure>\n<\/div>\n<\/div>\n<\/div>\n<\/div>\n\n\n\n<hr class=\"wp-block-separator has-alpha-channel-opacity\"\/>\n\n\n\n<div class=\"wp-block-columns are-vertically-aligned-center is-layout-flex wp-container-core-columns-is-layout-9d6595d7 wp-block-columns-is-layout-flex\">\n<div class=\"wp-block-column is-vertically-aligned-center is-layout-flow wp-block-column-is-layout-flow\">\n<figure class=\"wp-block-image size-full\"><img loading=\"lazy\" decoding=\"async\" width=\"383\" height=\"272\" src=\"https:\/\/baudhost.be\/wordpress\/wp-content\/uploads\/2022\/12\/servitude.jpg\" alt=\"\" class=\"wp-image-9398\" srcset=\"https:\/\/baudhost.be\/wordpress\/wp-content\/uploads\/2022\/12\/servitude.jpg 383w, https:\/\/baudhost.be\/wordpress\/wp-content\/uploads\/2022\/12\/servitude-300x213.jpg 300w\" sizes=\"auto, (max-width: 383px) 100vw, 383px\" \/><\/figure>\n<\/div>\n\n\n\n<div class=\"wp-block-column is-vertically-aligned-center is-layout-flow wp-block-column-is-layout-flow\">\n<div class=\"wp-block-file\"><a id=\"wp-block-file--media-ca940e3b-c451-4317-862b-7c9e5da49cfd\" href=\"https:\/\/baudhost.be\/wordpress\/wp-content\/uploads\/2022\/12\/servitude_de_passage_sep_2022.pdf\" target=\"_blank\" rel=\"noreferrer noopener\">servitude_de_passage_sep_2022<\/a><\/div>\n<\/div>\n<\/div>\n\n\n\n<hr class=\"wp-block-separator has-alpha-channel-opacity\"\/>\n\n\n\n<div class=\"wp-block-columns are-vertically-aligned-top is-layout-flex wp-container-core-columns-is-layout-9d6595d7 wp-block-columns-is-layout-flex\">\n<div class=\"wp-block-column is-vertically-aligned-top is-layout-flow wp-block-column-is-layout-flow\" style=\"flex-basis:33.33%\">\n<figure class=\"wp-block-image size-full\"><img loading=\"lazy\" decoding=\"async\" width=\"695\" height=\"175\" src=\"https:\/\/baudhost.be\/wordpress\/wp-content\/uploads\/2023\/12\/Partageons_foret.jpg\" alt=\"\" class=\"wp-image-11225\" srcset=\"https:\/\/baudhost.be\/wordpress\/wp-content\/uploads\/2023\/12\/Partageons_foret.jpg 695w, https:\/\/baudhost.be\/wordpress\/wp-content\/uploads\/2023\/12\/Partageons_foret-300x76.jpg 300w\" sizes=\"auto, (max-width: 695px) 100vw, 695px\" \/><\/figure>\n<\/div>\n\n\n\n<div class=\"wp-block-column is-vertically-aligned-top is-layout-flow wp-block-column-is-layout-flow\" style=\"flex-basis:66.66%\">\n<div class=\"wp-block-file\"><a id=\"wp-block-file--media-09ba1d5b-a1e6-4d2d-8582-298ce0961671\" href=\"https:\/\/baudhost.be\/wordpress\/wp-content\/uploads\/2023\/12\/brochure_partageons_la_foret.pdf\" target=\"_blank\" rel=\"noreferrer noopener\">brochure_partageons_la_foret<\/a><\/div>\n<\/div>\n<\/div>\n\n\n\n<div class=\"wp-block-columns is-layout-flex wp-container-core-columns-is-layout-9d6595d7 wp-block-columns-is-layout-flex\">\n<div class=\"wp-block-column is-layout-flow wp-block-column-is-layout-flow\" style=\"flex-basis:25%\">\n<figure class=\"wp-block-image size-full is-resized\"><img loading=\"lazy\" decoding=\"async\" width=\"257\" height=\"242\" src=\"https:\/\/baudhost.be\/wordpress\/wp-content\/uploads\/2023\/06\/Chasse_prudence_de_mise.png\" alt=\"\" class=\"wp-image-10556\" style=\"width:129px;height:121px\"\/><\/figure>\n<\/div>\n\n\n\n<div class=\"wp-block-column is-layout-flow wp-block-column-is-layout-flow\" style=\"flex-basis:50%\">\n<p class=\"has-text-align-center\">La <strong>Chasse <\/strong>et la randonn\u00e9e, <\/p>\n\n\n\n<p class=\"has-text-align-center\">un article orient\u00e9 France <\/p>\n\n\n\n<p class=\"has-text-align-center\">mais toujours d&rsquo;actualit\u00e9.<\/p>\n<\/div>\n\n\n\n<div class=\"wp-block-column is-layout-flow wp-block-column-is-layout-flow\" style=\"flex-basis:25%\">\n<div class=\"wp-block-file\"><a id=\"wp-block-file--media-000fc911-db47-4d3c-a5b0-7ef384871471\" href=\"https:\/\/baudhost.be\/wordpress\/wp-content\/uploads\/2023\/06\/Chasse_prudence_de_mise.pdf\" target=\"_blank\" rel=\"noreferrer noopener\">Chasse_prudence_de_mise<\/a><\/div>\n<\/div>\n<\/div>\n\n\n\n<div class=\"wp-block-columns is-layout-flex wp-container-core-columns-is-layout-9d6595d7 wp-block-columns-is-layout-flex\">\n<div class=\"wp-block-column is-layout-flow wp-block-column-is-layout-flow\" style=\"flex-basis:25%\">\n<figure class=\"wp-block-image size-full\"><img loading=\"lazy\" decoding=\"async\" width=\"264\" height=\"103\" src=\"https:\/\/baudhost.be\/wordpress\/wp-content\/uploads\/2023\/06\/Danger_Frelons_Asiatiques.png\" alt=\"\" class=\"wp-image-10561\"\/><\/figure>\n<\/div>\n\n\n\n<div class=\"wp-block-column is-layout-flow wp-block-column-is-layout-flow\" style=\"flex-basis:50%\">\n<p class=\"has-text-align-center\">La rencontre avec le <strong>Frelon Asiatique<\/strong>.<\/p>\n<\/div>\n\n\n\n<div class=\"wp-block-column is-layout-flow wp-block-column-is-layout-flow\" style=\"flex-basis:25%\">\n<div class=\"wp-block-file\"><a id=\"wp-block-file--media-000fc911-db47-4d3c-a5b0-7ef384871471\" href=\"https:\/\/baudhost.be\/wordpress\/wp-content\/uploads\/2023\/06\/Danger_Frelons_Asiatiques.pdf\" target=\"_blank\" rel=\"noreferrer noopener\">Danger_Frelons_Asiatiques<\/a><\/div>\n<\/div>\n<\/div>\n\n\n\n<hr class=\"wp-block-separator has-alpha-channel-opacity\"\/>\n\n\n\n<p class=\"has-medium-font-size\"><strong>\u00c9quipements de randonn\u00e9e<\/strong><\/p>\n\n\n\n<div class=\"wp-block-columns is-layout-flex wp-container-core-columns-is-layout-9d6595d7 wp-block-columns-is-layout-flex\">\n<div class=\"wp-block-column is-vertically-aligned-center is-layout-flow wp-block-column-is-layout-flow\" style=\"flex-basis:25%\">\n<figure class=\"wp-block-image size-full\"><img loading=\"lazy\" decoding=\"async\" width=\"272\" height=\"253\" src=\"https:\/\/baudhost.be\/wordpress\/wp-content\/uploads\/2020\/01\/rando1_Jean.jpg\" alt=\"\" class=\"wp-image-593\"\/><\/figure>\n<\/div>\n\n\n\n<div class=\"wp-block-column is-layout-flow wp-block-column-is-layout-flow\" style=\"flex-basis:50%\"><div class=\"wp-block-image is-style-default\">\n<figure class=\"aligncenter size-medium is-resized\"><img loading=\"lazy\" decoding=\"async\" width=\"300\" height=\"225\" src=\"https:\/\/baudhost.be\/wordpress\/wp-content\/uploads\/2020\/01\/batons_panorama-300x225.jpg\" alt=\"b\u00e2tons panorama\" class=\"wp-image-812\" style=\"object-fit:cover;width:167px;height:125px\" srcset=\"https:\/\/baudhost.be\/wordpress\/wp-content\/uploads\/2020\/01\/batons_panorama-300x225.jpg 300w, https:\/\/baudhost.be\/wordpress\/wp-content\/uploads\/2020\/01\/batons_panorama-1024x768.jpg 1024w, https:\/\/baudhost.be\/wordpress\/wp-content\/uploads\/2020\/01\/batons_panorama-768x576.jpg 768w, https:\/\/baudhost.be\/wordpress\/wp-content\/uploads\/2020\/01\/batons_panorama-1536x1152.jpg 1536w, https:\/\/baudhost.be\/wordpress\/wp-content\/uploads\/2020\/01\/batons_panorama-2048x1536.jpg 2048w\" sizes=\"auto, (max-width: 300px) 100vw, 300px\" \/><\/figure>\n<\/div>\n\n\n<div class=\"wp-block-file aligncenter\"><a id=\"wp-block-file--media-477113ce-e95d-4114-9169-e160d215f10a\" href=\"https:\/\/baudhost.be\/wordpress\/wp-content\/uploads\/2023\/09\/rando_batons.pdf\" target=\"_blank\" rel=\"noreferrer noopener\">rando_b\u00e2tons<\/a><\/div>\n\n\n<div class=\"wp-block-image\">\n<figure class=\"aligncenter size-large is-resized\"><img loading=\"lazy\" decoding=\"async\" width=\"1024\" height=\"644\" src=\"https:\/\/baudhost.be\/wordpress\/wp-content\/uploads\/2023\/09\/rando_chaussures-1024x644.jpg\" alt=\"\" class=\"wp-image-10973\" style=\"width:167px;height:125px\" srcset=\"https:\/\/baudhost.be\/wordpress\/wp-content\/uploads\/2023\/09\/rando_chaussures-1024x644.jpg 1024w, https:\/\/baudhost.be\/wordpress\/wp-content\/uploads\/2023\/09\/rando_chaussures-300x189.jpg 300w, https:\/\/baudhost.be\/wordpress\/wp-content\/uploads\/2023\/09\/rando_chaussures-768x483.jpg 768w, https:\/\/baudhost.be\/wordpress\/wp-content\/uploads\/2023\/09\/rando_chaussures-1536x967.jpg 1536w, https:\/\/baudhost.be\/wordpress\/wp-content\/uploads\/2023\/09\/rando_chaussures.jpg 1751w\" sizes=\"auto, (max-width: 767px) 89vw, (max-width: 1000px) 54vw, (max-width: 1071px) 543px, 580px\" \/><\/figure>\n<\/div>\n\n\n<div class=\"wp-block-file aligncenter\"><a id=\"wp-block-file--media-96ca3dc1-4c2c-476e-b4aa-37e5f576ffca\" href=\"https:\/\/baudhost.be\/wordpress\/wp-content\/uploads\/2023\/09\/rando_chaussures.pdf\" target=\"_blank\" rel=\"noreferrer noopener\">rando_chaussures<\/a><\/div>\n<\/div>\n\n\n\n<div class=\"wp-block-column is-vertically-aligned-center is-layout-flow wp-block-column-is-layout-flow\" style=\"flex-basis:25%\"><div class=\"wp-block-image\">\n<figure class=\"aligncenter size-full is-resized\"><img loading=\"lazy\" decoding=\"async\" width=\"117\" height=\"131\" src=\"https:\/\/baudhost.be\/wordpress\/wp-content\/uploads\/2020\/01\/marcheur_batons.jpg\" alt=\"\" class=\"wp-image-808\" style=\"width:117px;height:131px\"\/><\/figure>\n<\/div><\/div>\n<\/div>\n","protected":false},"excerpt":{"rendered":"<p>Devoirs des randonneurs La Chasse et la randonn\u00e9e, un article orient\u00e9 France mais toujours d&rsquo;actualit\u00e9. La rencontre avec le Frelon Asiatique. \u00c9quipements de randonn\u00e9e<\/p>\n","protected":false},"author":1,"featured_media":0,"parent":797,"menu_order":0,"comment_status":"closed","ping_status":"closed","template":"","meta":{"footnotes":""},"class_list":["post-801","page","type-page","status-publish","hentry"],"_links":{"self":[{"href":"https:\/\/baudhost.be\/wordpress\/wp-json\/wp\/v2\/pages\/801","targetHints":{"allow":["GET"]}}],"collection":[{"href":"https:\/\/baudhost.be\/wordpress\/wp-json\/wp\/v2\/pages"}],"about":[{"href":"https:\/\/baudhost.be\/wordpress\/wp-json\/wp\/v2\/types\/page"}],"author":[{"embeddable":true,"href":"https:\/\/baudhost.be\/wordpress\/wp-json\/wp\/v2\/users\/1"}],"replies":[{"embeddable":true,"href":"https:\/\/baudhost.be\/wordpress\/wp-json\/wp\/v2\/comments?post=801"}],"version-history":[{"count":65,"href":"https:\/\/baudhost.be\/wordpress\/wp-json\/wp\/v2\/pages\/801\/revisions"}],"predecessor-version":[{"id":12624,"href":"https:\/\/baudhost.be\/wordpress\/wp-json\/wp\/v2\/pages\/801\/revisions\/12624"}],"up":[{"embeddable":true,"href":"https:\/\/baudhost.be\/wordpress\/wp-json\/wp\/v2\/pages\/797"}],"wp:attachment":[{"href":"https:\/\/baudhost.be\/wordpress\/wp-json\/wp\/v2\/media?parent=801"}],"curies":[{"name":"wp","href":"https:\/\/api.w.org\/{rel}","templated":true}]}}