{"id":7779,"date":"2022-02-02T08:47:47","date_gmt":"2022-02-02T07:47:47","guid":{"rendered":"https:\/\/baudhost.be\/wordpress\/?page_id=7779"},"modified":"2022-02-02T08:57:38","modified_gmt":"2022-02-02T07:57:38","slug":"ewal_22_maleves","status":"publish","type":"page","link":"https:\/\/baudhost.be\/wordpress\/2022-2\/janvier-2022\/ewal_22_maleves\/","title":{"rendered":"EWal_22_Mal\u00e8ves"},"content":{"rendered":"\n<div class=\"wp-block-image\"><figure class=\"aligncenter size-large\"><img loading=\"lazy\" decoding=\"async\" width=\"481\" height=\"124\" src=\"https:\/\/baudhost.be\/wordpress\/wp-content\/uploads\/2020\/01\/eneo_ucp_walhain2.jpg\" alt=\"\" class=\"wp-image-295\" srcset=\"https:\/\/baudhost.be\/wordpress\/wp-content\/uploads\/2020\/01\/eneo_ucp_walhain2.jpg 481w, https:\/\/baudhost.be\/wordpress\/wp-content\/uploads\/2020\/01\/eneo_ucp_walhain2-300x77.jpg 300w\" sizes=\"auto, (max-width: 481px) 100vw, 481px\" \/><\/figure><\/div>\n\n\n\n<div class=\"wp-block-columns is-layout-flex wp-container-core-columns-is-layout-9d6595d7 wp-block-columns-is-layout-flex\">\n<div class=\"wp-block-column is-layout-flow wp-block-column-is-layout-flow\" style=\"flex-basis:15%\">\n<div class=\"wp-block-image\"><figure class=\"aligncenter size-large\"><img loading=\"lazy\" decoding=\"async\" width=\"137\" height=\"86\" src=\"https:\/\/baudhost.be\/wordpress\/wp-content\/uploads\/2020\/01\/diaporama.jpg\" alt=\"\" class=\"wp-image-8\"\/><\/figure><\/div>\n<\/div>\n\n\n\n<div class=\"wp-block-column is-layout-flow wp-block-column-is-layout-flow\" style=\"flex-basis:85%\">\n<p class=\"has-text-align-center\"><strong>Diaporama <\/strong>des photos prises durant la randonn\u00e9e<\/p>\n\n\n\n<p class=\"has-text-align-center\">\u00e0  <strong>Mal\u00e8ves-Sainte-Marie <\/strong>&#8211; lundi 31 janvier 2022<\/p>\n<\/div>\n<\/div>\n\n\n\n<p class=\"has-text-align-right\">Photos de Mich\u00e8le   <\/p>\n\n\n\n<div class=\"wp-block-flagallery-gallery flagallery-shortcode\"><div class=\"flagallery flaslider_skin\" id=\"FlaGallery_sc1_779\" ><script type=\"text\/javascript\">(function(){this['FlaGallery_sc1_779']={'settings':{\"sliderHeightRetio\":\"0.7\",\"sliderPreloaderColor\":\"#ffffff\",\"sliderBgColor\":\"rgba(39, 137, 12, 0.9)\",\"sliderHeaderFooterBgColor\":\"rgba(123, 222, 76, 0.4)\",\"sliderNavigationColor\":\"rgba(0,0,0,1)\",\"sliderNavigationIconColor\":\"rgba(255,255,255,1)\",\"sliderItemDescriptionBlock\":\"1\",\"sliderItemTitleFontSize\":\"18\",\"sliderItemTitleTextColor\":\"#ffffff\",\"sliderItemDescriptionFontSize\":\"14\",\"sliderItemDescriptionTextColor\":\"#969696\",\"sliderThumbBarEnable\":\"1\",\"sliderThumbBarHoverColor\":\"#ffffff\",\"sliderThumbSubMenuBackgroundColor\":\"rgba(0,0,0,1)\",\"sliderThumbSubMenuBackgroundColorOver\":\"rgba(255,255,255,1)\",\"sliderThumbSubMenuIconColor\":\"rgba(255,255,255,1)\",\"sliderThumbSubMenuIconHoverColor\":\"rgba(0,0,0,1)\",\"sliderPlayButton\":\"1\",\"sliderZoomButton\":\"1\",\"sliderFullScreen\":\"1\",\"sliderInfoEnable\":\"0\",\"sliderItemDownload\":\"1\",\"sliderSocialShareEnabled\":\"0\",\"sliderLikesEnabled\":\"0\",\"sliderSlideshowEneble\":\"0\",\"slideshowDelay\":\"8\",\"slideshowProgressBarColor\":\"rgba(255,255,255,1)\",\"slideshowProgressBarBGColor\":\"rgba(49,49,49,1)\",\"modaBgColor\":\"rgba(0,0,0,0.9)\",\"modalInfoBoxBgColor\":\"rgba(255,255,255,1)\",\"modalInfoBoxTitleTextColor\":\"#000000\",\"shareTitlePlaceHolder\":\"Share\",\"modalInfoBoxTextColor\":\"#333333\",\"infoBarExifEnable\":\"1\",\"infoBarCountersEnable\":\"1\",\"infoBarDateInfoEnable\":\"1\",\"customCSS\":\"\",\"key\":\"9fc7390f4f41450289e16b954c57b145\",\"name\":\"GRANDPackPlus\",\"galleryID\":\"sc1_779\",\"post_url\":\"https:\\\/\\\/baudhost.be\\\/wordpress\\\/wp-json\\\/wp\\\/v2\\\/pages\\\/7779\",\"module_url\":\"https:\\\/\\\/baudhost.be\\\/wordpress\\\/wp-content\\\/plugins\\\/flagallery-skins\\\/flaslider\\\/\"}, 'data':[{\"gallery\":{\"gid\":\"779\",\"name\":\"ewal_22_maleves\",\"path\":\"https:\\\/\\\/baudhost.be\\\/wordpress\\\/wp-content\\\/flagallery\\\/ewal_22_maleves\",\"title\":\"EWal_22_Mal\\u00e8ves\",\"galdesc\":\"\"},\"data\":[{\"pid\":\"10417\",\"filename\":\"maleves_01.jpg\",\"description\":\"\",\"alttext\":\"\",\"link\":null,\"imagedate\":\"2022-01-31 15:17:08\",\"hitcounter\":\"84\",\"total_value\":\"0\",\"total_votes\":\"0\",\"meta_data\":{\"aperture\":\"F 1.8\",\"credit\":false,\"camera\":\"MAR-LX1B\",\"caption\":false,\"created_timestamp\":\"31 janvier 2022 15 h 17 min\",\"copyright\":false,\"focal_length\":\"4.75 mm\",\"iso\":50,\"shutter_speed\":\"1\\\/130 sec\",\"flash\":false,\"title\":false,\"keywords\":false,\"width\":1080,\"height\":1444,\"saved\":true,\"thumbnail\":{\"width\":299,\"height\":400},\"webview\":{\"0\":1080,\"1\":1444,\"2\":2,\"3\":\"width=\\\"1080\\\" height=\\\"1444\\\"\",\"bits\":8,\"channels\":3,\"mime\":\"image\\\/jpeg\"}}},{\"pid\":\"10418\",\"filename\":\"maleves_02.jpg\",\"description\":\"\",\"alttext\":\"\",\"link\":null,\"imagedate\":\"2022-01-31 15:17:28\",\"hitcounter\":\"34\",\"total_value\":\"0\",\"total_votes\":\"0\",\"meta_data\":{\"aperture\":\"F 1.8\",\"credit\":false,\"camera\":\"MAR-LX1B\",\"caption\":false,\"created_timestamp\":\"31 janvier 2022 15 h 17 min\",\"copyright\":false,\"focal_length\":\"4.75 mm\",\"iso\":100,\"shutter_speed\":\"1\\\/100 sec\",\"flash\":false,\"title\":false,\"keywords\":false,\"width\":1080,\"height\":1444,\"saved\":true,\"thumbnail\":{\"width\":299,\"height\":400},\"webview\":{\"0\":1080,\"1\":1444,\"2\":2,\"3\":\"width=\\\"1080\\\" height=\\\"1444\\\"\",\"bits\":8,\"channels\":3,\"mime\":\"image\\\/jpeg\"}}},{\"pid\":\"10419\",\"filename\":\"maleves_03.jpg\",\"description\":\"\",\"alttext\":\"\",\"link\":null,\"imagedate\":\"2022-01-31 15:17:53\",\"hitcounter\":\"32\",\"total_value\":\"0\",\"total_votes\":\"0\",\"meta_data\":{\"aperture\":\"F 1.8\",\"credit\":false,\"camera\":\"MAR-LX1B\",\"caption\":false,\"created_timestamp\":\"31 janvier 2022 15 h 17 min\",\"copyright\":false,\"focal_length\":\"4.75 mm\",\"iso\":64,\"shutter_speed\":\"1\\\/50 sec\",\"flash\":false,\"title\":false,\"keywords\":false,\"width\":1080,\"height\":1444,\"saved\":true,\"thumbnail\":{\"width\":299,\"height\":400},\"webview\":{\"0\":1080,\"1\":1444,\"2\":2,\"3\":\"width=\\\"1080\\\" height=\\\"1444\\\"\",\"bits\":8,\"channels\":3,\"mime\":\"image\\\/jpeg\"}}},{\"pid\":\"10420\",\"filename\":\"maleves_04.jpg\",\"description\":\"\",\"alttext\":\"\",\"link\":null,\"imagedate\":\"2022-01-31 15:18:29\",\"hitcounter\":\"32\",\"total_value\":\"0\",\"total_votes\":\"0\",\"meta_data\":{\"aperture\":\"F 1.8\",\"credit\":false,\"camera\":\"MAR-LX1B\",\"caption\":false,\"created_timestamp\":\"31 janvier 2022 15 h 18 min\",\"copyright\":false,\"focal_length\":\"4.75 mm\",\"iso\":64,\"shutter_speed\":\"1\\\/100 sec\",\"flash\":false,\"title\":false,\"keywords\":false,\"width\":1080,\"height\":1444,\"saved\":true,\"thumbnail\":{\"width\":299,\"height\":400},\"webview\":{\"0\":1080,\"1\":1444,\"2\":2,\"3\":\"width=\\\"1080\\\" height=\\\"1444\\\"\",\"bits\":8,\"channels\":3,\"mime\":\"image\\\/jpeg\"}}},{\"pid\":\"10421\",\"filename\":\"maleves_05.jpg\",\"description\":\"\",\"alttext\":\"\",\"link\":null,\"imagedate\":\"2022-01-31 15:22:02\",\"hitcounter\":\"31\",\"total_value\":\"0\",\"total_votes\":\"0\",\"meta_data\":{\"aperture\":\"F 1.8\",\"credit\":false,\"camera\":\"MAR-LX1B\",\"caption\":false,\"created_timestamp\":\"31 janvier 2022 15 h 22 min\",\"copyright\":false,\"focal_length\":\"4.75 mm\",\"iso\":200,\"shutter_speed\":\"1\\\/50 sec\",\"flash\":false,\"title\":false,\"keywords\":false,\"width\":1080,\"height\":1444,\"saved\":true,\"thumbnail\":{\"width\":299,\"height\":400},\"webview\":{\"0\":1080,\"1\":1444,\"2\":2,\"3\":\"width=\\\"1080\\\" height=\\\"1444\\\"\",\"bits\":8,\"channels\":3,\"mime\":\"image\\\/jpeg\"}}},{\"pid\":\"10422\",\"filename\":\"maleves_06.jpg\",\"description\":\"\",\"alttext\":\"\",\"link\":null,\"imagedate\":\"2022-01-31 15:26:43\",\"hitcounter\":\"31\",\"total_value\":\"0\",\"total_votes\":\"0\",\"meta_data\":{\"aperture\":\"F 1.8\",\"credit\":false,\"camera\":\"MAR-LX1B\",\"caption\":false,\"created_timestamp\":\"31 janvier 2022 15 h 26 min\",\"copyright\":false,\"focal_length\":\"4.75 mm\",\"iso\":50,\"shutter_speed\":\"1\\\/100 sec\",\"flash\":false,\"title\":false,\"keywords\":false,\"width\":1080,\"height\":1444,\"saved\":true,\"thumbnail\":{\"width\":299,\"height\":400},\"webview\":{\"0\":1080,\"1\":1444,\"2\":2,\"3\":\"width=\\\"1080\\\" height=\\\"1444\\\"\",\"bits\":8,\"channels\":3,\"mime\":\"image\\\/jpeg\"}}},{\"pid\":\"10423\",\"filename\":\"maleves_07.jpg\",\"description\":\"\",\"alttext\":\"\",\"link\":null,\"imagedate\":\"2022-01-31 15:36:50\",\"hitcounter\":\"30\",\"total_value\":\"0\",\"total_votes\":\"0\",\"meta_data\":{\"aperture\":\"F 1.8\",\"credit\":false,\"camera\":\"MAR-LX1B\",\"caption\":false,\"created_timestamp\":\"31 janvier 2022 15 h 36 min\",\"copyright\":false,\"focal_length\":\"4.75 mm\",\"iso\":50,\"shutter_speed\":\"1\\\/100 sec\",\"flash\":false,\"title\":false,\"keywords\":false,\"width\":1080,\"height\":1444,\"saved\":true,\"thumbnail\":{\"width\":299,\"height\":400},\"webview\":{\"0\":1080,\"1\":1444,\"2\":2,\"3\":\"width=\\\"1080\\\" height=\\\"1444\\\"\",\"bits\":8,\"channels\":3,\"mime\":\"image\\\/jpeg\"}}},{\"pid\":\"10424\",\"filename\":\"maleves_08.jpg\",\"description\":\"\",\"alttext\":\"\",\"link\":null,\"imagedate\":\"2022-01-31 15:37:07\",\"hitcounter\":\"29\",\"total_value\":\"0\",\"total_votes\":\"0\",\"meta_data\":{\"aperture\":\"F 1.8\",\"credit\":false,\"camera\":\"MAR-LX1B\",\"caption\":false,\"created_timestamp\":\"31 janvier 2022 15 h 37 min\",\"copyright\":false,\"focal_length\":\"4.75 mm\",\"iso\":64,\"shutter_speed\":\"1\\\/100 sec\",\"flash\":false,\"title\":false,\"keywords\":false,\"width\":1080,\"height\":1444,\"saved\":true,\"thumbnail\":{\"width\":299,\"height\":400},\"webview\":{\"0\":1080,\"1\":1444,\"2\":2,\"3\":\"width=\\\"1080\\\" height=\\\"1444\\\"\",\"bits\":8,\"channels\":3,\"mime\":\"image\\\/jpeg\"}}},{\"pid\":\"10425\",\"filename\":\"maleves_09.jpg\",\"description\":\"\",\"alttext\":\"\",\"link\":null,\"imagedate\":\"2022-01-31 15:52:35\",\"hitcounter\":\"29\",\"total_value\":\"0\",\"total_votes\":\"0\",\"meta_data\":{\"aperture\":\"F 1.8\",\"credit\":false,\"camera\":\"MAR-LX1B\",\"caption\":false,\"created_timestamp\":\"31 janvier 2022 15 h 52 min\",\"copyright\":false,\"focal_length\":\"4.75 mm\",\"iso\":50,\"shutter_speed\":\"1\\\/180 sec\",\"flash\":false,\"title\":false,\"keywords\":false,\"width\":1080,\"height\":1444,\"saved\":true,\"thumbnail\":{\"width\":299,\"height\":400},\"webview\":{\"0\":1080,\"1\":1444,\"2\":2,\"3\":\"width=\\\"1080\\\" height=\\\"1444\\\"\",\"bits\":8,\"channels\":3,\"mime\":\"image\\\/jpeg\"}}},{\"pid\":\"10426\",\"filename\":\"maleves_10.jpg\",\"description\":\"\",\"alttext\":\"\",\"link\":null,\"imagedate\":\"2022-01-31 15:53:17\",\"hitcounter\":\"29\",\"total_value\":\"0\",\"total_votes\":\"0\",\"meta_data\":{\"aperture\":\"F 1.8\",\"credit\":false,\"camera\":\"MAR-LX1B\",\"caption\":false,\"created_timestamp\":\"31 janvier 2022 15 h 53 min\",\"copyright\":false,\"focal_length\":\"4.75 mm\",\"iso\":100,\"shutter_speed\":\"1\\\/100 sec\",\"flash\":false,\"title\":false,\"keywords\":false,\"width\":1080,\"height\":1444,\"saved\":true,\"thumbnail\":{\"width\":299,\"height\":400},\"webview\":{\"0\":1080,\"1\":1444,\"2\":2,\"3\":\"width=\\\"1080\\\" height=\\\"1444\\\"\",\"bits\":8,\"channels\":3,\"mime\":\"image\\\/jpeg\"}}},{\"pid\":\"10427\",\"filename\":\"maleves_11.jpg\",\"description\":\"\",\"alttext\":\"\",\"link\":null,\"imagedate\":\"2022-01-31 15:53:39\",\"hitcounter\":\"29\",\"total_value\":\"0\",\"total_votes\":\"0\",\"meta_data\":{\"aperture\":\"F 1.8\",\"credit\":false,\"camera\":\"MAR-LX1B\",\"caption\":false,\"created_timestamp\":\"31 janvier 2022 15 h 53 min\",\"copyright\":false,\"focal_length\":\"4.75 mm\",\"iso\":50,\"shutter_speed\":\"1\\\/120 sec\",\"flash\":false,\"title\":false,\"keywords\":false,\"width\":1080,\"height\":1444,\"saved\":true,\"thumbnail\":{\"width\":299,\"height\":400},\"webview\":{\"0\":1080,\"1\":1444,\"2\":2,\"3\":\"width=\\\"1080\\\" height=\\\"1444\\\"\",\"bits\":8,\"channels\":3,\"mime\":\"image\\\/jpeg\"}}}]}], };})();<\/script><\/div><noscript id=\"noscript_FlaGallery_sc1_779\"><img class=\"skip-lazy no-lazyload noLazy\" data-lazy-src=\"\" src =\"https:\/\/baudhost.be\/wordpress\/wp-content\/flagallery\/ewal_22_maleves\/maleves_01.jpg\" alt=\"\" \/><img class=\"skip-lazy no-lazyload noLazy\" data-lazy-src=\"\" src =\"https:\/\/baudhost.be\/wordpress\/wp-content\/flagallery\/ewal_22_maleves\/maleves_02.jpg\" alt=\"\" \/><img class=\"skip-lazy no-lazyload noLazy\" data-lazy-src=\"\" src =\"https:\/\/baudhost.be\/wordpress\/wp-content\/flagallery\/ewal_22_maleves\/maleves_03.jpg\" alt=\"\" \/><img class=\"skip-lazy no-lazyload noLazy\" data-lazy-src=\"\" src =\"https:\/\/baudhost.be\/wordpress\/wp-content\/flagallery\/ewal_22_maleves\/maleves_04.jpg\" alt=\"\" \/><img class=\"skip-lazy no-lazyload noLazy\" data-lazy-src=\"\" src =\"https:\/\/baudhost.be\/wordpress\/wp-content\/flagallery\/ewal_22_maleves\/maleves_05.jpg\" alt=\"\" \/><img class=\"skip-lazy no-lazyload noLazy\" data-lazy-src=\"\" src =\"https:\/\/baudhost.be\/wordpress\/wp-content\/flagallery\/ewal_22_maleves\/maleves_06.jpg\" alt=\"\" \/><img class=\"skip-lazy no-lazyload noLazy\" data-lazy-src=\"\" src =\"https:\/\/baudhost.be\/wordpress\/wp-content\/flagallery\/ewal_22_maleves\/maleves_07.jpg\" alt=\"\" \/><img class=\"skip-lazy no-lazyload noLazy\" data-lazy-src=\"\" src =\"https:\/\/baudhost.be\/wordpress\/wp-content\/flagallery\/ewal_22_maleves\/maleves_08.jpg\" alt=\"\" \/><img class=\"skip-lazy no-lazyload noLazy\" data-lazy-src=\"\" src =\"https:\/\/baudhost.be\/wordpress\/wp-content\/flagallery\/ewal_22_maleves\/maleves_09.jpg\" alt=\"\" \/><img class=\"skip-lazy no-lazyload noLazy\" data-lazy-src=\"\" src =\"https:\/\/baudhost.be\/wordpress\/wp-content\/flagallery\/ewal_22_maleves\/maleves_10.jpg\" alt=\"\" \/><img class=\"skip-lazy no-lazyload noLazy\" data-lazy-src=\"\" src =\"https:\/\/baudhost.be\/wordpress\/wp-content\/flagallery\/ewal_22_maleves\/maleves_11.jpg\" alt=\"\" \/><\/noscript><\/div>\n\n\n\n<hr class=\"wp-block-separator\"\/>\n\n\n\n<h2 class=\"wp-block-heading\" id=\"description-de-la-randonnee\"><strong>Description de la randonn\u00e9e<\/strong><\/h2>\n\n\n\n<p>Je n&rsquo;\u00e9tais pas pr\u00e9sent mais Jean-Marie S. a fait un r\u00e9sum\u00e9 de l&rsquo;apr\u00e8s-midi.<\/p>\n\n\n\n<p><em>Nous \u00e9tions 19 \u00e0 nous \u00e9lancer pour une promenade de 6,9 km \u00e0 Mal\u00e8ves-sainte-Marie. D\u00e9part depuis la place communale et nous voil\u00e0 partis sous la houlette de Jean-Marie S. vers l\u2019\u00e9glise et un peu de balade dans l\u2019ancien village apr\u00e8s quoi nous allons direction Nord-Ouest et \u00e0 angle droit vers le d\u00e9but de la rue Notre Dame (il faut savoir que c\u2019est une rue!) qui nous m\u00e8ne vers le Sud-Est en s\u2019\u00e9largissant \u00e0 l\u2019entr\u00e9e d\u2019une zone plus neuve du village. Nous traversons alors la route qui m\u00e8ne \u00e0 Opprebals et continuons tout droit.<\/em><\/p>\n\n\n\n<p><em>Il faut alors piquer vers la droite et le Prieur\u00e9 que nous allons traverser jusqu\u2019\u00e0 reprendre le chemin creux qui longe le bois et par un virage \u00e0 droite nous am\u00e8ne \u00e0 la grand route qui nous ram\u00e8ne au point de d\u00e9part, tous les chemins de traverse \u00e9tant h\u00e9las devenus \u00abpropri\u00e9t\u00e9 priv\u00e9e\u00bb.<\/em><\/p>\n\n\n\n<p><em>Nous nous sommes promen\u00e9s surtout dans les champs en \u00e9tant accompagn\u00e9s par la bruine, le vent, l\u2019eau et la boue mais sommes revenus \u00e0 bon port pas si m\u00e9contents de cette promenade pour le moins vivifiante!<\/em><\/p>\n\n\n\n<hr class=\"wp-block-separator\"\/>\n\n\n\n<h3 class=\"wp-block-heading\" id=\"informations-gps-a-propos-de-la-randonnee-non-disponible\"><strong>Informations GPS \u00e0 propos de la randonn\u00e9e<\/strong> &#8211; non disponible<\/h3>\n\n\n\n<hr class=\"wp-block-separator\"\/>\n\n\n\n<h3 class=\"wp-block-heading\" id=\"informations-complementaires\"><strong>Informations compl\u00e9mentaires<\/strong><\/h3>\n\n\n\n<div class=\"wp-block-columns is-layout-flex wp-container-core-columns-is-layout-9d6595d7 wp-block-columns-is-layout-flex\">\n<div class=\"wp-block-column is-layout-flow wp-block-column-is-layout-flow\">\n<div class=\"wp-block-columns is-layout-flex wp-container-core-columns-is-layout-9d6595d7 wp-block-columns-is-layout-flex\">\n<div class=\"wp-block-column is-layout-flow wp-block-column-is-layout-flow\" style=\"flex-basis:33.33%\">\n<figure class=\"wp-block-image size-large\"><img loading=\"lazy\" decoding=\"async\" width=\"300\" height=\"300\" src=\"https:\/\/baudhost.be\/wordpress\/wp-content\/uploads\/2020\/01\/documents.jpg\" alt=\"\" class=\"wp-image-67\" srcset=\"https:\/\/baudhost.be\/wordpress\/wp-content\/uploads\/2020\/01\/documents.jpg 300w, https:\/\/baudhost.be\/wordpress\/wp-content\/uploads\/2020\/01\/documents-150x150.jpg 150w, https:\/\/baudhost.be\/wordpress\/wp-content\/uploads\/2020\/01\/documents-100x100.jpg 100w\" sizes=\"auto, (max-width: 300px) 100vw, 300px\" \/><figcaption><strong>Informations<\/strong> \u00e0 t\u00e9l\u00e9charger<\/figcaption><\/figure>\n<\/div>\n\n\n\n<div class=\"wp-block-column is-layout-flow wp-block-column-is-layout-flow\" style=\"flex-basis:66.66%\">\n<div class=\"wp-block-file\"><a id=\"wp-block-file--media-6cafee29-37ae-4681-826f-1f9763d6e69d\" href=\"https:\/\/baudhost.be\/wordpress\/wp-content\/uploads\/2022\/02\/pub_EWal_22_Maleves.pdf\" target=\"_blank\" rel=\"noreferrer noopener\">pub_EWal_22_Mal\u00e8ves<\/a><\/div>\n<\/div>\n<\/div>\n<\/div>\n\n\n\n<div class=\"wp-block-column is-layout-flow wp-block-column-is-layout-flow\">\n<div class=\"wp-block-columns is-layout-flex wp-container-core-columns-is-layout-9d6595d7 wp-block-columns-is-layout-flex\">\n<div class=\"wp-block-column is-layout-flow wp-block-column-is-layout-flow\" style=\"flex-basis:33.33%\">\n<figure class=\"wp-block-image size-large\"><img loading=\"lazy\" decoding=\"async\" width=\"400\" height=\"400\" src=\"https:\/\/baudhost.be\/wordpress\/wp-content\/uploads\/2020\/01\/www.jpg\" alt=\"\" class=\"wp-image-78\" srcset=\"https:\/\/baudhost.be\/wordpress\/wp-content\/uploads\/2020\/01\/www.jpg 400w, https:\/\/baudhost.be\/wordpress\/wp-content\/uploads\/2020\/01\/www-300x300.jpg 300w, https:\/\/baudhost.be\/wordpress\/wp-content\/uploads\/2020\/01\/www-150x150.jpg 150w, https:\/\/baudhost.be\/wordpress\/wp-content\/uploads\/2020\/01\/www-100x100.jpg 100w\" sizes=\"auto, (max-width: 400px) 100vw, 400px\" \/><figcaption>Les <strong>boutons <\/strong>donnent acc\u00e8s aux sites concern\u00e9s<\/figcaption><\/figure>\n<\/div>\n\n\n\n<div class=\"wp-block-column is-layout-flow wp-block-column-is-layout-flow\" style=\"flex-basis:66.66%\">\n<div class=\"wp-block-buttons is-layout-flex wp-block-buttons-is-layout-flex\">\n<div class=\"wp-block-button is-style-outline is-style-outline--1\"><a class=\"wp-block-button__link\" href=\"https:\/\/fr.wikipedia.org\/wiki\/Mal%C3%A8ves-Sainte-Marie-Wastines\" target=\"_blank\" rel=\"noreferrer noopener\">Mal\u00e8ves-Sainte-Marie<\/a><\/div>\n<\/div>\n<\/div>\n<\/div>\n\n\n\n<p><\/p>\n<\/div>\n<\/div>\n\n\n\n<p><\/p>\n","protected":false},"excerpt":{"rendered":"<p>Diaporama des photos prises durant la randonn\u00e9e \u00e0 Mal\u00e8ves-Sainte-Marie &#8211; lundi 31 janvier 2022 Photos de Mich\u00e8le Description de la randonn\u00e9e Je n&rsquo;\u00e9tais pas pr\u00e9sent mais Jean-Marie S. a fait un r\u00e9sum\u00e9 de l&rsquo;apr\u00e8s-midi. Nous \u00e9tions 19 \u00e0 nous \u00e9lancer pour une promenade de 6,9 km \u00e0 Mal\u00e8ves-sainte-Marie. D\u00e9part depuis la place communale et nous &hellip; <\/p>\n<p class=\"link-more\"><a href=\"https:\/\/baudhost.be\/wordpress\/2022-2\/janvier-2022\/ewal_22_maleves\/\" class=\"more-link\">Continuer la lecture<span class=\"screen-reader-text\"> de &laquo;&nbsp;EWal_22_Mal\u00e8ves&nbsp;&raquo;<\/span><\/a><\/p>\n","protected":false},"author":1,"featured_media":0,"parent":7609,"menu_order":0,"comment_status":"closed","ping_status":"closed","template":"","meta":{"footnotes":""},"class_list":["post-7779","page","type-page","status-publish","hentry"],"_links":{"self":[{"href":"https:\/\/baudhost.be\/wordpress\/wp-json\/wp\/v2\/pages\/7779","targetHints":{"allow":["GET"]}}],"collection":[{"href":"https:\/\/baudhost.be\/wordpress\/wp-json\/wp\/v2\/pages"}],"about":[{"href":"https:\/\/baudhost.be\/wordpress\/wp-json\/wp\/v2\/types\/page"}],"author":[{"embeddable":true,"href":"https:\/\/baudhost.be\/wordpress\/wp-json\/wp\/v2\/users\/1"}],"replies":[{"embeddable":true,"href":"https:\/\/baudhost.be\/wordpress\/wp-json\/wp\/v2\/comments?post=7779"}],"version-history":[{"count":8,"href":"https:\/\/baudhost.be\/wordpress\/wp-json\/wp\/v2\/pages\/7779\/revisions"}],"predecessor-version":[{"id":7791,"href":"https:\/\/baudhost.be\/wordpress\/wp-json\/wp\/v2\/pages\/7779\/revisions\/7791"}],"up":[{"embeddable":true,"href":"https:\/\/baudhost.be\/wordpress\/wp-json\/wp\/v2\/pages\/7609"}],"wp:attachment":[{"href":"https:\/\/baudhost.be\/wordpress\/wp-json\/wp\/v2\/media?parent=7779"}],"curies":[{"name":"wp","href":"https:\/\/api.w.org\/{rel}","templated":true}]}}