{"id":6860,"date":"2021-10-13T11:09:59","date_gmt":"2021-10-13T09:09:59","guid":{"rendered":"https:\/\/baudhost.be\/wordpress\/?page_id=6860"},"modified":"2021-10-13T12:04:51","modified_gmt":"2021-10-13T10:04:51","slug":"ewal_21_sauveniere","status":"publish","type":"page","link":"https:\/\/baudhost.be\/wordpress\/2021-2\/octobre-2021\/ewal_21_sauveniere\/","title":{"rendered":"EWal_21_Sauveni\u00e8re"},"content":{"rendered":"\n<div class=\"wp-block-image\"><figure class=\"aligncenter size-large\"><img loading=\"lazy\" decoding=\"async\" width=\"481\" height=\"124\" src=\"https:\/\/baudhost.be\/wordpress\/wp-content\/uploads\/2020\/01\/eneo_ucp_walhain2.jpg\" alt=\"\" class=\"wp-image-295\" srcset=\"https:\/\/baudhost.be\/wordpress\/wp-content\/uploads\/2020\/01\/eneo_ucp_walhain2.jpg 481w, https:\/\/baudhost.be\/wordpress\/wp-content\/uploads\/2020\/01\/eneo_ucp_walhain2-300x77.jpg 300w\" sizes=\"auto, (max-width: 481px) 100vw, 481px\" \/><\/figure><\/div>\n\n\n\n<div class=\"wp-block-columns is-layout-flex wp-container-core-columns-is-layout-9d6595d7 wp-block-columns-is-layout-flex\">\n<div class=\"wp-block-column is-layout-flow wp-block-column-is-layout-flow\" style=\"flex-basis:15%\">\n<div class=\"wp-block-image\"><figure class=\"aligncenter size-large\"><img loading=\"lazy\" decoding=\"async\" width=\"137\" height=\"86\" src=\"https:\/\/baudhost.be\/wordpress\/wp-content\/uploads\/2020\/01\/diaporama.jpg\" alt=\"\" class=\"wp-image-8\"\/><\/figure><\/div>\n<\/div>\n\n\n\n<div class=\"wp-block-column is-layout-flow wp-block-column-is-layout-flow\" style=\"flex-basis:85%\">\n<p class=\"has-text-align-center\"><strong>Diaporama <\/strong>des photos prises durant la randonn\u00e9e<\/p>\n\n\n\n<p class=\"has-text-align-center\">\u00e0  <strong>Sauveni\u00e8re <\/strong>&#8211; lundi 11 octobre 2021<\/p>\n<\/div>\n<\/div>\n\n\n\n<div class=\"wp-block-flagallery-gallery flagallery-shortcode\"><div class=\"flagallery flaslider_skin\" id=\"FlaGallery_sc1_707\" ><script type=\"text\/javascript\">(function(){this['FlaGallery_sc1_707']={'settings':{\"sliderHeightRetio\":\"0.7\",\"sliderPreloaderColor\":\"#ffffff\",\"sliderBgColor\":\"rgba(39, 137, 12, 0.9)\",\"sliderHeaderFooterBgColor\":\"rgba(123, 222, 76, 0.4)\",\"sliderNavigationColor\":\"rgba(0,0,0,1)\",\"sliderNavigationIconColor\":\"rgba(255,255,255,1)\",\"sliderItemDescriptionBlock\":\"1\",\"sliderItemTitleFontSize\":\"18\",\"sliderItemTitleTextColor\":\"#ffffff\",\"sliderItemDescriptionFontSize\":\"14\",\"sliderItemDescriptionTextColor\":\"#969696\",\"sliderThumbBarEnable\":\"1\",\"sliderThumbBarHoverColor\":\"#ffffff\",\"sliderThumbSubMenuBackgroundColor\":\"rgba(0,0,0,1)\",\"sliderThumbSubMenuBackgroundColorOver\":\"rgba(255,255,255,1)\",\"sliderThumbSubMenuIconColor\":\"rgba(255,255,255,1)\",\"sliderThumbSubMenuIconHoverColor\":\"rgba(0,0,0,1)\",\"sliderPlayButton\":\"1\",\"sliderZoomButton\":\"1\",\"sliderFullScreen\":\"1\",\"sliderInfoEnable\":\"0\",\"sliderItemDownload\":\"1\",\"sliderSocialShareEnabled\":\"0\",\"sliderLikesEnabled\":\"0\",\"sliderSlideshowEneble\":\"0\",\"slideshowDelay\":\"8\",\"slideshowProgressBarColor\":\"rgba(255,255,255,1)\",\"slideshowProgressBarBGColor\":\"rgba(49,49,49,1)\",\"modaBgColor\":\"rgba(0,0,0,0.9)\",\"modalInfoBoxBgColor\":\"rgba(255,255,255,1)\",\"modalInfoBoxTitleTextColor\":\"#000000\",\"shareTitlePlaceHolder\":\"Share\",\"modalInfoBoxTextColor\":\"#333333\",\"infoBarExifEnable\":\"1\",\"infoBarCountersEnable\":\"1\",\"infoBarDateInfoEnable\":\"1\",\"customCSS\":\"\",\"key\":\"9fc7390f4f41450289e16b954c57b145\",\"name\":\"GRANDPackPlus\",\"galleryID\":\"sc1_707\",\"post_url\":\"https:\\\/\\\/baudhost.be\\\/wordpress\\\/wp-json\\\/wp\\\/v2\\\/pages\\\/6860\",\"module_url\":\"https:\\\/\\\/baudhost.be\\\/wordpress\\\/wp-content\\\/plugins\\\/flagallery-skins\\\/flaslider\\\/\"}, 'data':[{\"gallery\":{\"gid\":\"707\",\"name\":\"ewal_21_sauveniere\",\"path\":\"https:\\\/\\\/baudhost.be\\\/wordpress\\\/wp-content\\\/flagallery\\\/ewal_21_sauveniere\",\"title\":\"EWal_21_Sauveni\\u00e8re\",\"galdesc\":\"\"},\"data\":[{\"pid\":\"9441\",\"filename\":\"sauveniere_01.jpg\",\"description\":\"\",\"alttext\":\"\",\"link\":null,\"imagedate\":\"2021-10-11 15:36:26\",\"hitcounter\":\"20\",\"total_value\":\"0\",\"total_votes\":\"0\",\"meta_data\":{\"aperture\":\"F 2.2\",\"credit\":false,\"camera\":\"VTR-L09\",\"caption\":false,\"created_timestamp\":\"11 octobre 2021 15 h 36 min\",\"copyright\":false,\"focal_length\":\"3.95 mm\",\"iso\":50,\"shutter_speed\":\"1\\\/190 sec\",\"flash\":\"Not fired\",\"title\":false,\"keywords\":false,\"width\":1913,\"height\":1080,\"saved\":true,\"thumbnail\":{\"width\":400,\"height\":225},\"webview\":{\"0\":1913,\"1\":1080,\"2\":2,\"3\":\"width=\\\"1913\\\" height=\\\"1080\\\"\",\"bits\":8,\"channels\":3,\"mime\":\"image\\\/jpeg\"}}},{\"pid\":\"9442\",\"filename\":\"sauveniere_02.jpg\",\"description\":\"\",\"alttext\":\"\",\"link\":null,\"imagedate\":\"2021-10-11 14:28:21\",\"hitcounter\":\"2\",\"total_value\":\"0\",\"total_votes\":\"0\",\"meta_data\":{\"aperture\":\"F 2.2\",\"credit\":false,\"camera\":\"VTR-L09\",\"caption\":false,\"created_timestamp\":\"11 octobre 2021 14 h 28 min\",\"copyright\":false,\"focal_length\":\"3.95 mm\",\"iso\":50,\"shutter_speed\":\"1\\\/1220 sec\",\"flash\":\"Not fired\",\"title\":false,\"keywords\":false,\"width\":1080,\"height\":1913,\"saved\":true,\"thumbnail\":{\"width\":225,\"height\":400},\"webview\":{\"0\":1080,\"1\":1913,\"2\":2,\"3\":\"width=\\\"1080\\\" height=\\\"1913\\\"\",\"bits\":8,\"channels\":3,\"mime\":\"image\\\/jpeg\"}}}]}], };})();<\/script><\/div><noscript id=\"noscript_FlaGallery_sc1_707\"><img class=\"skip-lazy no-lazyload noLazy\" data-lazy-src=\"\" src =\"https:\/\/baudhost.be\/wordpress\/wp-content\/flagallery\/ewal_21_sauveniere\/sauveniere_01.jpg\" alt=\"\" \/><img class=\"skip-lazy no-lazyload noLazy\" data-lazy-src=\"\" src =\"https:\/\/baudhost.be\/wordpress\/wp-content\/flagallery\/ewal_21_sauveniere\/sauveniere_02.jpg\" alt=\"\" \/><\/noscript><\/div>\n\n\n\n<hr class=\"wp-block-separator\"\/>\n\n\n\n<h2 class=\"wp-block-heading\"><strong>Description de la randonn\u00e9e<\/strong><\/h2>\n\n\n\n<p>Regroupement au carrefour de la chauss\u00e9e romaine et de la rue de Baudecet, au pied de la plaque comm\u00e9morative de la bataille de Gembloux en mai 1940. Sous la houlette d\u2019Yves, d\u00e9part plein nord, par une rue pav\u00e9e, avant de virer, plus au nord-est, sur un beau chemin campagnard en direction de Sart-lez-Walhain. Une fois la jonction avec un autre chemin campagnard r\u00e9alis\u00e9e, virage au sud en direction de la chauss\u00e9e de Tirlemont. Prudence pour traverser cette chauss\u00e9e tr\u00e8s fr\u00e9quent\u00e9e, pour rejoindre le Ravel, ligne 147 de Landen \u00e0 Auvelais, que nous empruntons \u00e0 droite en direction de l\u2019ancienne gare de Sauveni\u00e8re. Nous contournons le d\u00e9p\u00f4t d\u2019autocar K\u00e9olis en direction de la chauss\u00e9e de Tirlemont que nous traversons. Il n\u2019y a plus qu\u00a0\u2018\u00e0 suivre la rue de Baudecet, qui ram\u00e8ne les marcheurs au point de d\u00e9part.<\/p>\n\n\n\n<p><strong>Bilan<\/strong>, un parcours de 5km600, bien agr\u00e9able avec une m\u00e9t\u00e9o parfaite pour la marche, pour les 23 participants, tous contents de leur parcours de cet apr\u00e8s-midi.<\/p>\n\n\n\n<h3 class=\"wp-block-heading\"><strong>Informations GPS \u00e0 propos de la randonn\u00e9e<\/strong> <\/h3>\n\n\n\n<div class=\"wp-block-flagallery-gallery flagallery-shortcode\"><div class=\"flagallery flaslider_skin\" id=\"FlaGallery_sc2_708\" ><script type=\"text\/javascript\">(function(){this['FlaGallery_sc2_708']={'settings':{\"sliderHeightRetio\":\"0.7\",\"sliderPreloaderColor\":\"#ffffff\",\"sliderBgColor\":\"rgba(19, 73, 161, 0.9)\",\"sliderHeaderFooterBgColor\":\"rgba(56, 148, 216, 0.4)\",\"sliderNavigationColor\":\"rgba(0,0,0,1)\",\"sliderNavigationIconColor\":\"rgba(255,255,255,1)\",\"sliderItemDescriptionBlock\":\"1\",\"sliderItemTitleFontSize\":\"18\",\"sliderItemTitleTextColor\":\"#ffffff\",\"sliderItemDescriptionFontSize\":\"14\",\"sliderItemDescriptionTextColor\":\"#969696\",\"sliderThumbBarEnable\":\"1\",\"sliderThumbBarHoverColor\":\"#ffffff\",\"sliderThumbSubMenuBackgroundColor\":\"rgba(0,0,0,1)\",\"sliderThumbSubMenuBackgroundColorOver\":\"rgba(255,255,255,1)\",\"sliderThumbSubMenuIconColor\":\"rgba(255,255,255,1)\",\"sliderThumbSubMenuIconHoverColor\":\"rgba(0,0,0,1)\",\"sliderPlayButton\":\"1\",\"sliderZoomButton\":\"0\",\"sliderFullScreen\":\"1\",\"sliderInfoEnable\":\"0\",\"sliderItemDownload\":\"0\",\"sliderSocialShareEnabled\":\"0\",\"sliderLikesEnabled\":\"0\",\"sliderSlideshowEneble\":\"0\",\"slideshowDelay\":\"8\",\"slideshowProgressBarColor\":\"rgba(255,255,255,1)\",\"slideshowProgressBarBGColor\":\"rgba(49,49,49,1)\",\"modaBgColor\":\"rgba(0,0,0,0.9)\",\"modalInfoBoxBgColor\":\"rgba(255,255,255,1)\",\"modalInfoBoxTitleTextColor\":\"#000000\",\"shareTitlePlaceHolder\":\"Share\",\"modalInfoBoxTextColor\":\"#333333\",\"infoBarExifEnable\":\"1\",\"infoBarCountersEnable\":\"1\",\"infoBarDateInfoEnable\":\"1\",\"customCSS\":\"\",\"key\":\"9fc7390f4f41450289e16b954c57b145\",\"name\":\"GRANDPackPlus\",\"galleryID\":\"sc2_708\",\"post_url\":\"https:\\\/\\\/baudhost.be\\\/wordpress\\\/wp-json\\\/wp\\\/v2\\\/pages\\\/6860\",\"module_url\":\"https:\\\/\\\/baudhost.be\\\/wordpress\\\/wp-content\\\/plugins\\\/flagallery-skins\\\/flaslider\\\/\"}, 'data':[{\"gallery\":{\"gid\":\"708\",\"name\":\"ewal_21_sauveniere_gps\",\"path\":\"https:\\\/\\\/baudhost.be\\\/wordpress\\\/wp-content\\\/flagallery\\\/ewal_21_sauveniere_gps\",\"title\":\"EWal_21_Sauveni\\u00e8re_gps\",\"galdesc\":\"\"},\"data\":[{\"pid\":\"9443\",\"filename\":\"ewal_21_sauveniere_gm_img.jpg\",\"description\":\"\",\"alttext\":\"\",\"link\":null,\"imagedate\":\"2021-10-13 09:15:01\",\"hitcounter\":\"19\",\"total_value\":\"0\",\"total_votes\":\"0\",\"meta_data\":{\"aperture\":false,\"credit\":false,\"camera\":false,\"caption\":false,\"created_timestamp\":false,\"copyright\":false,\"focal_length\":false,\"iso\":false,\"shutter_speed\":false,\"flash\":false,\"title\":false,\"keywords\":false,\"width\":533,\"height\":630,\"saved\":true,\"thumbnail\":{\"width\":338,\"height\":400},\"webview\":{\"0\":533,\"1\":630,\"2\":2,\"3\":\"width=\\\"533\\\" height=\\\"630\\\"\",\"bits\":8,\"channels\":3,\"mime\":\"image\\\/jpeg\"}}},{\"pid\":\"9444\",\"filename\":\"map_visu.jpg\",\"description\":\"\",\"alttext\":\"\",\"link\":null,\"imagedate\":\"2021-10-13 09:15:02\",\"hitcounter\":\"1\",\"total_value\":\"0\",\"total_votes\":\"0\",\"meta_data\":{\"aperture\":false,\"credit\":false,\"camera\":false,\"caption\":false,\"created_timestamp\":false,\"copyright\":false,\"focal_length\":false,\"iso\":false,\"shutter_speed\":false,\"flash\":false,\"title\":false,\"keywords\":false,\"width\":1007,\"height\":666,\"saved\":true,\"thumbnail\":{\"width\":400,\"height\":264},\"webview\":{\"0\":1007,\"1\":666,\"2\":2,\"3\":\"width=\\\"1007\\\" height=\\\"666\\\"\",\"bits\":8,\"channels\":3,\"mime\":\"image\\\/jpeg\"}}},{\"pid\":\"9445\",\"filename\":\"map_st.jpg\",\"description\":\"\",\"alttext\":\"\",\"link\":null,\"imagedate\":\"2021-10-13 09:15:02\",\"hitcounter\":\"1\",\"total_value\":\"0\",\"total_votes\":\"0\",\"meta_data\":{\"aperture\":false,\"credit\":false,\"camera\":false,\"caption\":false,\"created_timestamp\":false,\"copyright\":false,\"focal_length\":false,\"iso\":false,\"shutter_speed\":false,\"flash\":false,\"title\":false,\"keywords\":false,\"width\":1270,\"height\":770,\"saved\":true,\"thumbnail\":{\"width\":400,\"height\":242},\"webview\":{\"0\":1270,\"1\":770,\"2\":2,\"3\":\"width=\\\"1270\\\" height=\\\"770\\\"\",\"bits\":8,\"channels\":3,\"mime\":\"image\\\/jpeg\"}}},{\"pid\":\"9446\",\"filename\":\"map_wikiloc.jpg\",\"description\":\"\",\"alttext\":\"\",\"link\":null,\"imagedate\":\"2021-10-13 09:15:03\",\"hitcounter\":\"0\",\"total_value\":\"0\",\"total_votes\":\"0\",\"meta_data\":{\"aperture\":false,\"credit\":false,\"camera\":false,\"caption\":false,\"created_timestamp\":false,\"copyright\":false,\"focal_length\":false,\"iso\":false,\"shutter_speed\":false,\"flash\":false,\"title\":false,\"keywords\":false,\"width\":666,\"height\":571,\"saved\":true,\"thumbnail\":{\"width\":400,\"height\":343},\"webview\":{\"0\":666,\"1\":571,\"2\":2,\"3\":\"width=\\\"666\\\" height=\\\"571\\\"\",\"bits\":8,\"channels\":3,\"mime\":\"image\\\/jpeg\"}}},{\"pid\":\"9447\",\"filename\":\"map_or.jpg\",\"description\":\"\",\"alttext\":\"\",\"link\":null,\"imagedate\":\"2021-10-13 09:15:04\",\"hitcounter\":\"0\",\"total_value\":\"0\",\"total_votes\":\"0\",\"meta_data\":{\"aperture\":false,\"credit\":false,\"camera\":false,\"caption\":false,\"created_timestamp\":false,\"copyright\":false,\"focal_length\":false,\"iso\":false,\"shutter_speed\":false,\"flash\":false,\"title\":false,\"keywords\":false,\"width\":839,\"height\":564,\"saved\":true,\"thumbnail\":{\"width\":400,\"height\":268},\"webview\":{\"0\":839,\"1\":564,\"2\":2,\"3\":\"width=\\\"839\\\" height=\\\"564\\\"\",\"bits\":8,\"channels\":3,\"mime\":\"image\\\/jpeg\"}}},{\"pid\":\"9448\",\"filename\":\"screenshot_20211011.jpg\",\"description\":\"\",\"alttext\":\"\",\"link\":null,\"imagedate\":\"2021-10-13 09:58:26\",\"hitcounter\":\"1\",\"total_value\":\"0\",\"total_votes\":\"0\",\"meta_data\":{\"aperture\":false,\"credit\":false,\"camera\":\"VTR-L09\",\"caption\":false,\"created_timestamp\":\"13 octobre 2021 9 h 58 min\",\"copyright\":false,\"focal_length\":false,\"iso\":false,\"shutter_speed\":false,\"flash\":false,\"title\":false,\"keywords\":false,\"width\":1080,\"height\":1637,\"saved\":true,\"thumbnail\":{\"width\":263,\"height\":400},\"webview\":{\"0\":1080,\"1\":1637,\"2\":2,\"3\":\"width=\\\"1080\\\" height=\\\"1637\\\"\",\"bits\":8,\"channels\":3,\"mime\":\"image\\\/jpeg\"}}}]}], };})();<\/script><\/div><noscript id=\"noscript_FlaGallery_sc2_708\"><img class=\"skip-lazy no-lazyload noLazy\" data-lazy-src=\"\" src =\"https:\/\/baudhost.be\/wordpress\/wp-content\/flagallery\/ewal_21_sauveniere_gps\/ewal_21_sauveniere_gm_img.jpg\" alt=\"\" \/><img class=\"skip-lazy no-lazyload noLazy\" data-lazy-src=\"\" src =\"https:\/\/baudhost.be\/wordpress\/wp-content\/flagallery\/ewal_21_sauveniere_gps\/map_visu.jpg\" alt=\"\" \/><img class=\"skip-lazy no-lazyload noLazy\" data-lazy-src=\"\" src =\"https:\/\/baudhost.be\/wordpress\/wp-content\/flagallery\/ewal_21_sauveniere_gps\/map_st.jpg\" alt=\"\" \/><img class=\"skip-lazy no-lazyload noLazy\" data-lazy-src=\"\" src =\"https:\/\/baudhost.be\/wordpress\/wp-content\/flagallery\/ewal_21_sauveniere_gps\/map_wikiloc.jpg\" alt=\"\" \/><img class=\"skip-lazy no-lazyload noLazy\" data-lazy-src=\"\" src =\"https:\/\/baudhost.be\/wordpress\/wp-content\/flagallery\/ewal_21_sauveniere_gps\/map_or.jpg\" alt=\"\" \/><img class=\"skip-lazy no-lazyload noLazy\" data-lazy-src=\"\" src =\"https:\/\/baudhost.be\/wordpress\/wp-content\/flagallery\/ewal_21_sauveniere_gps\/screenshot_20211011.jpg\" alt=\"\" \/><\/noscript><\/div>\n\n\n\n<hr class=\"wp-block-separator\"\/>\n\n\n\n<div class=\"wp-block-columns is-layout-flex wp-container-core-columns-is-layout-9d6595d7 wp-block-columns-is-layout-flex\">\n<div class=\"wp-block-column is-layout-flow wp-block-column-is-layout-flow\" style=\"flex-basis:25%\">\n<div class=\"wp-block-file\"><a href=\"https:\/\/baudhost.be\/wordpress\/wp-content\/uploads\/2021\/10\/EWal_21_Sauveniere_Gm.gpx\" target=\"_blank\" rel=\"noreferrer noopener\">EWal_21_Sauveni\u00e8re_Gm<\/a><\/div>\n<\/div>\n\n\n\n<div class=\"wp-block-column is-layout-flow wp-block-column-is-layout-flow\" style=\"flex-basis:50%\">\n<div class=\"wp-block-columns is-layout-flex wp-container-core-columns-is-layout-9d6595d7 wp-block-columns-is-layout-flex\">\n<div class=\"wp-block-column is-layout-flow wp-block-column-is-layout-flow\" style=\"flex-basis:25%\">\n<figure class=\"wp-block-image size-full\"><img loading=\"lazy\" decoding=\"async\" width=\"271\" height=\"189\" src=\"https:\/\/baudhost.be\/wordpress\/wp-content\/uploads\/2020\/12\/logo_gpx_bis.jpg\" alt=\"\" class=\"wp-image-4124\"\/><\/figure>\n<\/div>\n\n\n\n<div class=\"wp-block-column is-layout-flow wp-block-column-is-layout-flow\" style=\"flex-basis:50%\">\n<p> T<strong>\u00e9l\u00e9chargement <\/strong>au format GPX pour GPS ou au format KML pour Google Earth <\/p>\n<\/div>\n\n\n\n<div class=\"wp-block-column is-layout-flow wp-block-column-is-layout-flow\" style=\"flex-basis:25%\">\n<figure class=\"wp-block-image size-full\"><img loading=\"lazy\" decoding=\"async\" width=\"271\" height=\"189\" src=\"https:\/\/baudhost.be\/wordpress\/wp-content\/uploads\/2020\/12\/logo_google_earth_bis.jpg\" alt=\"\" class=\"wp-image-4125\"\/><\/figure>\n<\/div>\n<\/div>\n<\/div>\n\n\n\n<div class=\"wp-block-column is-layout-flow wp-block-column-is-layout-flow\" style=\"flex-basis:25%\">\n<div class=\"wp-block-file\"><a href=\"https:\/\/baudhost.be\/wordpress\/wp-content\/uploads\/2021\/10\/EWal_21_Sauveniere_Gm.kml\">EWal_21_Sauveni\u00e8re_Gm<\/a><\/div>\n<\/div>\n<\/div>\n\n\n\n<hr class=\"wp-block-separator\"\/>\n\n\n\n<h3 class=\"wp-block-heading\"><strong>Informations compl\u00e9mentaires<\/strong><\/h3>\n\n\n\n<div class=\"wp-block-columns is-layout-flex wp-container-core-columns-is-layout-9d6595d7 wp-block-columns-is-layout-flex\">\n<div class=\"wp-block-column is-layout-flow wp-block-column-is-layout-flow\">\n<div class=\"wp-block-columns is-layout-flex wp-container-core-columns-is-layout-9d6595d7 wp-block-columns-is-layout-flex\">\n<div class=\"wp-block-column is-layout-flow wp-block-column-is-layout-flow\" style=\"flex-basis:33.33%\">\n<figure class=\"wp-block-image size-large\"><img loading=\"lazy\" decoding=\"async\" width=\"300\" height=\"300\" src=\"https:\/\/baudhost.be\/wordpress\/wp-content\/uploads\/2020\/01\/documents.jpg\" alt=\"\" class=\"wp-image-67\" srcset=\"https:\/\/baudhost.be\/wordpress\/wp-content\/uploads\/2020\/01\/documents.jpg 300w, https:\/\/baudhost.be\/wordpress\/wp-content\/uploads\/2020\/01\/documents-150x150.jpg 150w, https:\/\/baudhost.be\/wordpress\/wp-content\/uploads\/2020\/01\/documents-100x100.jpg 100w\" sizes=\"auto, (max-width: 300px) 100vw, 300px\" \/><figcaption><strong>Informations<\/strong> \u00e0 t\u00e9l\u00e9charger<\/figcaption><\/figure>\n<\/div>\n\n\n\n<div class=\"wp-block-column is-layout-flow wp-block-column-is-layout-flow\" style=\"flex-basis:66.66%\">\n<div class=\"wp-block-file\"><a href=\"https:\/\/baudhost.be\/wordpress\/wp-content\/uploads\/2021\/10\/annonce_sauveniere.pdf\" target=\"_blank\" rel=\"noreferrer noopener\">annonce_sauveni\u00e8re<\/a><\/div>\n<\/div>\n<\/div>\n<\/div>\n\n\n\n<div class=\"wp-block-column is-layout-flow wp-block-column-is-layout-flow\">\n<div class=\"wp-block-columns is-layout-flex wp-container-core-columns-is-layout-9d6595d7 wp-block-columns-is-layout-flex\">\n<div class=\"wp-block-column is-layout-flow wp-block-column-is-layout-flow\" style=\"flex-basis:33.33%\">\n<figure class=\"wp-block-image size-large\"><img loading=\"lazy\" decoding=\"async\" width=\"400\" height=\"400\" src=\"https:\/\/baudhost.be\/wordpress\/wp-content\/uploads\/2020\/01\/www.jpg\" alt=\"\" class=\"wp-image-78\" srcset=\"https:\/\/baudhost.be\/wordpress\/wp-content\/uploads\/2020\/01\/www.jpg 400w, https:\/\/baudhost.be\/wordpress\/wp-content\/uploads\/2020\/01\/www-300x300.jpg 300w, https:\/\/baudhost.be\/wordpress\/wp-content\/uploads\/2020\/01\/www-150x150.jpg 150w, https:\/\/baudhost.be\/wordpress\/wp-content\/uploads\/2020\/01\/www-100x100.jpg 100w\" sizes=\"auto, (max-width: 400px) 100vw, 400px\" \/><figcaption>Les <strong>boutons <\/strong>donnent acc\u00e8s aux sites concern\u00e9s<\/figcaption><\/figure>\n<\/div>\n\n\n\n<div class=\"wp-block-column is-layout-flow wp-block-column-is-layout-flow\" style=\"flex-basis:66.66%\">\n<div class=\"wp-block-buttons is-layout-flex wp-block-buttons-is-layout-flex\">\n<div class=\"wp-block-button is-style-outline is-style-outline--1\"><a class=\"wp-block-button__link\" href=\"https:\/\/fr.wikipedia.org\/wiki\/Ligne_147_(Infrabel)\" target=\"_blank\" rel=\"noreferrer noopener\">Ravel ligne 147<\/a><\/div>\n<\/div>\n\n\n\n<p><!--EndFragment--><\/p>\n<\/div>\n<\/div>\n\n\n\n<p><\/p>\n<\/div>\n<\/div>\n\n\n\n<p><\/p>\n","protected":false},"excerpt":{"rendered":"<p>Diaporama des photos prises durant la randonn\u00e9e \u00e0 Sauveni\u00e8re &#8211; lundi 11 octobre 2021 Description de la randonn\u00e9e Regroupement au carrefour de la chauss\u00e9e romaine et de la rue de Baudecet, au pied de la plaque comm\u00e9morative de la bataille de Gembloux en mai 1940. Sous la houlette d\u2019Yves, d\u00e9part plein nord, par une rue &hellip; <\/p>\n<p class=\"link-more\"><a href=\"https:\/\/baudhost.be\/wordpress\/2021-2\/octobre-2021\/ewal_21_sauveniere\/\" class=\"more-link\">Continuer la lecture<span class=\"screen-reader-text\"> de &laquo;&nbsp;EWal_21_Sauveni\u00e8re&nbsp;&raquo;<\/span><\/a><\/p>\n","protected":false},"author":1,"featured_media":0,"parent":6811,"menu_order":0,"comment_status":"closed","ping_status":"closed","template":"","meta":{"footnotes":""},"class_list":["post-6860","page","type-page","status-publish","hentry"],"_links":{"self":[{"href":"https:\/\/baudhost.be\/wordpress\/wp-json\/wp\/v2\/pages\/6860","targetHints":{"allow":["GET"]}}],"collection":[{"href":"https:\/\/baudhost.be\/wordpress\/wp-json\/wp\/v2\/pages"}],"about":[{"href":"https:\/\/baudhost.be\/wordpress\/wp-json\/wp\/v2\/types\/page"}],"author":[{"embeddable":true,"href":"https:\/\/baudhost.be\/wordpress\/wp-json\/wp\/v2\/users\/1"}],"replies":[{"embeddable":true,"href":"https:\/\/baudhost.be\/wordpress\/wp-json\/wp\/v2\/comments?post=6860"}],"version-history":[{"count":6,"href":"https:\/\/baudhost.be\/wordpress\/wp-json\/wp\/v2\/pages\/6860\/revisions"}],"predecessor-version":[{"id":6870,"href":"https:\/\/baudhost.be\/wordpress\/wp-json\/wp\/v2\/pages\/6860\/revisions\/6870"}],"up":[{"embeddable":true,"href":"https:\/\/baudhost.be\/wordpress\/wp-json\/wp\/v2\/pages\/6811"}],"wp:attachment":[{"href":"https:\/\/baudhost.be\/wordpress\/wp-json\/wp\/v2\/media?parent=6860"}],"curies":[{"name":"wp","href":"https:\/\/api.w.org\/{rel}","templated":true}]}}