{"id":6625,"date":"2021-08-02T07:46:35","date_gmt":"2021-08-02T05:46:35","guid":{"rendered":"https:\/\/baudhost.be\/wordpress\/?page_id=6625"},"modified":"2021-08-02T07:48:26","modified_gmt":"2021-08-02T05:48:26","slug":"aout-2021","status":"publish","type":"page","link":"https:\/\/baudhost.be\/wordpress\/2021-2\/aout-2021\/","title":{"rendered":"ao\u00fbt 2021"},"content":{"rendered":"\n<div class=\"wp-block-columns are-vertically-aligned-center is-layout-flex wp-container-core-columns-is-layout-9d6595d7 wp-block-columns-is-layout-flex\">\n<div class=\"wp-block-column is-vertically-aligned-center is-layout-flow wp-block-column-is-layout-flow\" style=\"flex-basis:25%\">\n<figure class=\"wp-block-image size-large\"><img loading=\"lazy\" decoding=\"async\" width=\"141\" height=\"112\" src=\"https:\/\/baudhost.be\/wordpress\/wp-content\/uploads\/2020\/01\/detail_rando_intro.jpg\" alt=\"\" class=\"wp-image-53\"\/><\/figure>\n<\/div>\n\n\n\n<div class=\"wp-block-column is-vertically-aligned-center is-layout-flow wp-block-column-is-layout-flow\" style=\"flex-basis:50%\">\n<p> Vous pouvez choisir une randonn\u00e9e effectu\u00e9e durant ce mois de <strong>ao\u00fbt 2021<\/strong>. <\/p>\n<\/div>\n\n\n\n<div class=\"wp-block-column is-vertically-aligned-center is-layout-flow wp-block-column-is-layout-flow\" style=\"flex-basis:25%\">\n<figure class=\"wp-block-image size-large\"><img loading=\"lazy\" decoding=\"async\" width=\"141\" height=\"112\" src=\"https:\/\/baudhost.be\/wordpress\/wp-content\/uploads\/2020\/01\/detail_rando_exit.jpg\" alt=\"\" class=\"wp-image-52\"\/><\/figure>\n<\/div>\n<\/div>\n\n\n\n<p><\/p>\n","protected":false},"excerpt":{"rendered":"<p>Vous pouvez choisir une randonn\u00e9e effectu\u00e9e durant ce mois de ao\u00fbt 2021.<\/p>\n","protected":false},"author":1,"featured_media":0,"parent":5892,"menu_order":0,"comment_status":"closed","ping_status":"closed","template":"","meta":{"footnotes":""},"class_list":["post-6625","page","type-page","status-publish","hentry"],"_links":{"self":[{"href":"https:\/\/baudhost.be\/wordpress\/wp-json\/wp\/v2\/pages\/6625","targetHints":{"allow":["GET"]}}],"collection":[{"href":"https:\/\/baudhost.be\/wordpress\/wp-json\/wp\/v2\/pages"}],"about":[{"href":"https:\/\/baudhost.be\/wordpress\/wp-json\/wp\/v2\/types\/page"}],"author":[{"embeddable":true,"href":"https:\/\/baudhost.be\/wordpress\/wp-json\/wp\/v2\/users\/1"}],"replies":[{"embeddable":true,"href":"https:\/\/baudhost.be\/wordpress\/wp-json\/wp\/v2\/comments?post=6625"}],"version-history":[{"count":3,"href":"https:\/\/baudhost.be\/wordpress\/wp-json\/wp\/v2\/pages\/6625\/revisions"}],"predecessor-version":[{"id":6628,"href":"https:\/\/baudhost.be\/wordpress\/wp-json\/wp\/v2\/pages\/6625\/revisions\/6628"}],"up":[{"embeddable":true,"href":"https:\/\/baudhost.be\/wordpress\/wp-json\/wp\/v2\/pages\/5892"}],"wp:attachment":[{"href":"https:\/\/baudhost.be\/wordpress\/wp-json\/wp\/v2\/media?parent=6625"}],"curies":[{"name":"wp","href":"https:\/\/api.w.org\/{rel}","templated":true}]}}