{"id":6183,"date":"2021-03-30T07:32:24","date_gmt":"2021-03-30T05:32:24","guid":{"rendered":"https:\/\/baudhost.be\/wordpress\/?page_id=6183"},"modified":"2021-03-30T08:46:35","modified_gmt":"2021-03-30T06:46:35","slug":"jj_21_neufbois-2","status":"publish","type":"page","link":"https:\/\/baudhost.be\/wordpress\/2021-2\/avril-2021\/jj_21_neufbois-2\/","title":{"rendered":"J&#038;J_21_Neufbois 2"},"content":{"rendered":"\n<p>Jacqueline &amp; Jean<\/p>\n\n\n\n<div class=\"wp-block-image\"><figure class=\"aligncenter size-large is-resized\"><img loading=\"lazy\" decoding=\"async\" src=\"https:\/\/baudhost.be\/wordpress\/wp-content\/uploads\/2020\/03\/mug_Jean-1024x891.jpg\" alt=\"\" class=\"wp-image-2231\" width=\"256\" height=\"223\" srcset=\"https:\/\/baudhost.be\/wordpress\/wp-content\/uploads\/2020\/03\/mug_Jean-1024x891.jpg 1024w, https:\/\/baudhost.be\/wordpress\/wp-content\/uploads\/2020\/03\/mug_Jean-300x261.jpg 300w, https:\/\/baudhost.be\/wordpress\/wp-content\/uploads\/2020\/03\/mug_Jean-768x668.jpg 768w, https:\/\/baudhost.be\/wordpress\/wp-content\/uploads\/2020\/03\/mug_Jean-1536x1337.jpg 1536w, https:\/\/baudhost.be\/wordpress\/wp-content\/uploads\/2020\/03\/mug_Jean.jpg 1680w\" sizes=\"auto, (max-width: 256px) 100vw, 256px\" \/><\/figure><\/div>\n\n\n\n<p><\/p>\n\n\n\n<div class=\"wp-block-columns is-layout-flex wp-container-core-columns-is-layout-9d6595d7 wp-block-columns-is-layout-flex\">\n<div class=\"wp-block-column is-layout-flow wp-block-column-is-layout-flow\" style=\"flex-basis:15%\">\n<div class=\"wp-block-image\"><figure class=\"aligncenter size-large\"><img loading=\"lazy\" decoding=\"async\" width=\"137\" height=\"86\" src=\"https:\/\/baudhost.be\/wordpress\/wp-content\/uploads\/2020\/01\/diaporama.jpg\" alt=\"\" class=\"wp-image-8\"\/><\/figure><\/div>\n<\/div>\n\n\n\n<div class=\"wp-block-column is-layout-flow wp-block-column-is-layout-flow\" style=\"flex-basis:85%\">\n<p class=\"has-text-align-center\"><strong>Diaporama <\/strong>des photos prises durant quelques randonn\u00e9es autour du Domaine du Neufbois<strong> <\/strong>du 29 mars au xx avril 2021<\/p>\n<\/div>\n<\/div>\n\n\n\n<p class=\"has-text-align-right\">le 29 mars 2021<\/p>\n\n\n\n<div class=\"wp-block-flagallery-gallery flagallery-shortcode\"><div class=\"flagallery flaslider_skin\" id=\"FlaGallery_sc1_612\" ><script type=\"text\/javascript\">(function(){this['FlaGallery_sc1_612']={'settings':{\"sliderHeightRetio\":\"0.7\",\"sliderPreloaderColor\":\"#ffffff\",\"sliderBgColor\":\"rgba(39, 137, 12, 0.9)\",\"sliderHeaderFooterBgColor\":\"rgba(123, 222, 76, 0.4)\",\"sliderNavigationColor\":\"rgba(0,0,0,1)\",\"sliderNavigationIconColor\":\"rgba(255,255,255,1)\",\"sliderItemDescriptionBlock\":\"1\",\"sliderItemTitleFontSize\":\"18\",\"sliderItemTitleTextColor\":\"#ffffff\",\"sliderItemDescriptionFontSize\":\"14\",\"sliderItemDescriptionTextColor\":\"#969696\",\"sliderThumbBarEnable\":\"1\",\"sliderThumbBarHoverColor\":\"#ffffff\",\"sliderThumbSubMenuBackgroundColor\":\"rgba(0,0,0,1)\",\"sliderThumbSubMenuBackgroundColorOver\":\"rgba(255,255,255,1)\",\"sliderThumbSubMenuIconColor\":\"rgba(255,255,255,1)\",\"sliderThumbSubMenuIconHoverColor\":\"rgba(0,0,0,1)\",\"sliderPlayButton\":\"1\",\"sliderZoomButton\":\"1\",\"sliderFullScreen\":\"1\",\"sliderInfoEnable\":\"0\",\"sliderItemDownload\":\"1\",\"sliderSocialShareEnabled\":\"0\",\"sliderLikesEnabled\":\"0\",\"sliderSlideshowEneble\":\"0\",\"slideshowDelay\":\"8\",\"slideshowProgressBarColor\":\"rgba(255,255,255,1)\",\"slideshowProgressBarBGColor\":\"rgba(49,49,49,1)\",\"modaBgColor\":\"rgba(0,0,0,0.9)\",\"modalInfoBoxBgColor\":\"rgba(255,255,255,1)\",\"modalInfoBoxTitleTextColor\":\"#000000\",\"shareTitlePlaceHolder\":\"Share\",\"modalInfoBoxTextColor\":\"#333333\",\"infoBarExifEnable\":\"1\",\"infoBarCountersEnable\":\"1\",\"infoBarDateInfoEnable\":\"1\",\"customCSS\":\"\",\"key\":\"9fc7390f4f41450289e16b954c57b145\",\"name\":\"GRANDPackPlus\",\"galleryID\":\"sc1_612\",\"post_url\":\"https:\\\/\\\/baudhost.be\\\/wordpress\\\/wp-json\\\/wp\\\/v2\\\/pages\\\/6183\",\"module_url\":\"https:\\\/\\\/baudhost.be\\\/wordpress\\\/wp-content\\\/plugins\\\/flagallery-skins\\\/flaslider\\\/\"}, 'data':[{\"gallery\":{\"gid\":\"612\",\"name\":\"jj_21_neufbois2\",\"path\":\"https:\\\/\\\/baudhost.be\\\/wordpress\\\/wp-content\\\/flagallery\\\/jj_21_neufbois2\",\"title\":\"J&J_21_Neufbois2\",\"galdesc\":\"\"},\"data\":[{\"pid\":\"8100\",\"filename\":\"around_neufbois_29mar21_01.jpg\",\"description\":\"\",\"alttext\":\"\",\"link\":null,\"imagedate\":\"2021-03-29 13:52:40\",\"hitcounter\":\"30\",\"total_value\":\"0\",\"total_votes\":\"0\",\"meta_data\":{\"aperture\":\"F 2.2\",\"credit\":false,\"camera\":\"VTR-L09\",\"caption\":false,\"created_timestamp\":\"29 mars 2021 13 h 52 min\",\"copyright\":false,\"focal_length\":\"3.95 mm\",\"iso\":50,\"shutter_speed\":\"1\\\/290 sec\",\"flash\":\"Not fired\",\"title\":false,\"keywords\":false,\"width\":1913,\"height\":1080,\"saved\":true,\"thumbnail\":{\"width\":400,\"height\":225},\"webview\":{\"0\":1913,\"1\":1080,\"2\":2,\"3\":\"width=\\\"1913\\\" height=\\\"1080\\\"\",\"bits\":8,\"channels\":3,\"mime\":\"image\\\/jpeg\"}}},{\"pid\":\"8101\",\"filename\":\"around_neufbois_29mar21_02.jpg\",\"description\":\"\",\"alttext\":\"\",\"link\":null,\"imagedate\":\"2021-03-29 14:37:22\",\"hitcounter\":\"5\",\"total_value\":\"0\",\"total_votes\":\"0\",\"meta_data\":{\"aperture\":\"F 2.2\",\"credit\":false,\"camera\":\"VTR-L09\",\"caption\":false,\"created_timestamp\":\"29 mars 2021 14 h 37 min\",\"copyright\":false,\"focal_length\":\"3.95 mm\",\"iso\":50,\"shutter_speed\":\"1\\\/380 sec\",\"flash\":false,\"title\":false,\"keywords\":false,\"width\":1913,\"height\":1080,\"saved\":true,\"thumbnail\":{\"width\":400,\"height\":225},\"webview\":{\"0\":1913,\"1\":1080,\"2\":2,\"3\":\"width=\\\"1913\\\" height=\\\"1080\\\"\",\"bits\":8,\"channels\":3,\"mime\":\"image\\\/jpeg\"}}}]}], };})();<\/script><\/div><noscript id=\"noscript_FlaGallery_sc1_612\"><img class=\"skip-lazy no-lazyload noLazy\" data-lazy-src=\"\" src =\"https:\/\/baudhost.be\/wordpress\/wp-content\/flagallery\/jj_21_neufbois2\/around_neufbois_29mar21_01.jpg\" alt=\"\" \/><img class=\"skip-lazy no-lazyload noLazy\" data-lazy-src=\"\" src =\"https:\/\/baudhost.be\/wordpress\/wp-content\/flagallery\/jj_21_neufbois2\/around_neufbois_29mar21_02.jpg\" alt=\"\" \/><\/noscript><\/div>\n\n\n\n<p class=\"has-text-align-right\"><\/p>\n\n\n\n<p> <\/p>\n\n\n\n<hr class=\"wp-block-separator has-text-color has-background has-vivid-green-cyan-background-color has-vivid-green-cyan-color\"\/>\n\n\n\n<div class=\"wp-block-columns is-layout-flex wp-container-core-columns-is-layout-9d6595d7 wp-block-columns-is-layout-flex\">\n<div class=\"wp-block-column is-layout-flow wp-block-column-is-layout-flow\" style=\"flex-basis:33.33%\">\n<div class=\"wp-block-image\"><figure class=\"alignright size-large\"><img loading=\"lazy\" decoding=\"async\" width=\"43\" height=\"30\" src=\"https:\/\/baudhost.be\/wordpress\/wp-content\/uploads\/2021\/01\/shoe_details.jpg\" alt=\"\" class=\"wp-image-5811\"\/><\/figure><\/div>\n<\/div>\n\n\n\n<div class=\"wp-block-column is-layout-flow wp-block-column-is-layout-flow\" style=\"flex-basis:66.66%\">\n<h3 class=\"has-text-align-left wp-block-heading\"> <strong>Description de la randonn\u00e9e<\/strong><\/h3>\n<\/div>\n<\/div>\n\n\n\n<p>Suite \u00e0 mon op\u00e9ration, je dois retrouver la marche avec mod\u00e9ration pour quelques semaines. Vous trouverez donc sur cette page diff\u00e9rentes marches aux alentours de chez nous.<\/p>\n\n\n\n<p><strong>Le 29 mars<\/strong>, les jonquilles sauvages blanches sont de sortie dans le beau vallon du sentier de Ferri\u00e8res (photo 1) et les forsythias sont bien l&rsquo;or du printemps dans diff\u00e9rents quartiers (photo 2).<\/p>\n\n\n\n<hr class=\"wp-block-separator has-text-color has-background has-vivid-green-cyan-background-color has-vivid-green-cyan-color is-style-default\"\/>\n\n\n\n<div class=\"wp-block-columns are-vertically-aligned-center is-layout-flex wp-container-core-columns-is-layout-9d6595d7 wp-block-columns-is-layout-flex\">\n<div class=\"wp-block-column is-vertically-aligned-center is-layout-flow wp-block-column-is-layout-flow\" style=\"flex-basis:33.33%\">\n<div class=\"wp-block-image\"><figure class=\"alignright size-large is-resized\"><img loading=\"lazy\" decoding=\"async\" src=\"https:\/\/baudhost.be\/wordpress\/wp-content\/uploads\/2020\/01\/galileo.jpg\" alt=\"\" class=\"wp-image-830\" width=\"79\" height=\"59\" srcset=\"https:\/\/baudhost.be\/wordpress\/wp-content\/uploads\/2020\/01\/galileo.jpg 317w, https:\/\/baudhost.be\/wordpress\/wp-content\/uploads\/2020\/01\/galileo-300x224.jpg 300w\" sizes=\"auto, (max-width: 79px) 100vw, 79px\" \/><\/figure><\/div>\n<\/div>\n\n\n\n<div class=\"wp-block-column is-vertically-aligned-center is-layout-flow wp-block-column-is-layout-flow\" style=\"flex-basis:66.66%\">\n<h3 class=\"has-text-align-left wp-block-heading\"><strong> Informations GPS \u00e0 propos de la randonn\u00e9e<\/strong> <\/h3>\n\n\n\n<p><\/p>\n<\/div>\n<\/div>\n\n\n\n<div class=\"wp-block-columns is-layout-flex wp-container-core-columns-is-layout-9d6595d7 wp-block-columns-is-layout-flex\">\n<div class=\"wp-block-column is-layout-flow wp-block-column-is-layout-flow\">\n<p class=\"has-text-align-center\"><strong>29 mars<\/strong> &#8211; rando 8km800<\/p>\n<\/div>\n\n\n\n<div class=\"wp-block-column is-layout-flow wp-block-column-is-layout-flow\"><\/div>\n<\/div>\n\n\n\n<div class=\"wp-block-columns is-layout-flex wp-container-core-columns-is-layout-9d6595d7 wp-block-columns-is-layout-flex\">\n<div class=\"wp-block-column is-layout-flow wp-block-column-is-layout-flow\">\n<div class=\"wp-block-flagallery-gallery flagallery-shortcode\"><div class=\"flagallery flaslider_skin\" id=\"FlaGallery_sc2_613\" ><script type=\"text\/javascript\">(function(){this['FlaGallery_sc2_613']={'settings':{\"sliderHeightRetio\":\"0.7\",\"sliderPreloaderColor\":\"#ffffff\",\"sliderBgColor\":\"rgba(19, 73, 161, 0.9)\",\"sliderHeaderFooterBgColor\":\"rgba(56, 148, 216, 0.4)\",\"sliderNavigationColor\":\"rgba(0,0,0,1)\",\"sliderNavigationIconColor\":\"rgba(255,255,255,1)\",\"sliderItemDescriptionBlock\":\"1\",\"sliderItemTitleFontSize\":\"18\",\"sliderItemTitleTextColor\":\"#ffffff\",\"sliderItemDescriptionFontSize\":\"14\",\"sliderItemDescriptionTextColor\":\"#969696\",\"sliderThumbBarEnable\":\"1\",\"sliderThumbBarHoverColor\":\"#ffffff\",\"sliderThumbSubMenuBackgroundColor\":\"rgba(0,0,0,1)\",\"sliderThumbSubMenuBackgroundColorOver\":\"rgba(255,255,255,1)\",\"sliderThumbSubMenuIconColor\":\"rgba(255,255,255,1)\",\"sliderThumbSubMenuIconHoverColor\":\"rgba(0,0,0,1)\",\"sliderPlayButton\":\"1\",\"sliderZoomButton\":\"0\",\"sliderFullScreen\":\"1\",\"sliderInfoEnable\":\"0\",\"sliderItemDownload\":\"0\",\"sliderSocialShareEnabled\":\"0\",\"sliderLikesEnabled\":\"0\",\"sliderSlideshowEneble\":\"0\",\"slideshowDelay\":\"8\",\"slideshowProgressBarColor\":\"rgba(255,255,255,1)\",\"slideshowProgressBarBGColor\":\"rgba(49,49,49,1)\",\"modaBgColor\":\"rgba(0,0,0,0.9)\",\"modalInfoBoxBgColor\":\"rgba(255,255,255,1)\",\"modalInfoBoxTitleTextColor\":\"#000000\",\"shareTitlePlaceHolder\":\"Share\",\"modalInfoBoxTextColor\":\"#333333\",\"infoBarExifEnable\":\"1\",\"infoBarCountersEnable\":\"1\",\"infoBarDateInfoEnable\":\"1\",\"customCSS\":\"\",\"key\":\"9fc7390f4f41450289e16b954c57b145\",\"name\":\"GRANDPackPlus\",\"galleryID\":\"sc2_613\",\"post_url\":\"https:\\\/\\\/baudhost.be\\\/wordpress\\\/wp-json\\\/wp\\\/v2\\\/pages\\\/6183\",\"module_url\":\"https:\\\/\\\/baudhost.be\\\/wordpress\\\/wp-content\\\/plugins\\\/flagallery-skins\\\/flaslider\\\/\"}, 'data':[{\"gallery\":{\"gid\":\"613\",\"name\":\"jj_21_neufbois2_gps\",\"path\":\"https:\\\/\\\/baudhost.be\\\/wordpress\\\/wp-content\\\/flagallery\\\/jj_21_neufbois2_gps\",\"title\":\"J&J_21_Neufbois2_gps\",\"galdesc\":\"\"},\"data\":[{\"pid\":\"8102\",\"filename\":\"map_8km800.jpg\",\"description\":\"\",\"alttext\":\"\",\"link\":null,\"imagedate\":\"2021-03-30 05:37:54\",\"hitcounter\":\"30\",\"total_value\":\"0\",\"total_votes\":\"0\",\"meta_data\":{\"aperture\":false,\"credit\":false,\"camera\":false,\"caption\":false,\"created_timestamp\":false,\"copyright\":false,\"focal_length\":false,\"iso\":false,\"shutter_speed\":false,\"flash\":false,\"title\":false,\"keywords\":false,\"width\":533,\"height\":630,\"saved\":true,\"thumbnail\":{\"width\":338,\"height\":400},\"webview\":{\"0\":533,\"1\":630,\"2\":2,\"3\":\"width=\\\"533\\\" height=\\\"630\\\"\",\"bits\":8,\"channels\":3,\"mime\":\"image\\\/jpeg\"}}},{\"pid\":\"8103\",\"filename\":\"map_visu_8km800.jpg\",\"description\":\"\",\"alttext\":\"\",\"link\":null,\"imagedate\":\"2021-03-30 05:37:55\",\"hitcounter\":\"1\",\"total_value\":\"0\",\"total_votes\":\"0\",\"meta_data\":{\"aperture\":false,\"credit\":false,\"camera\":false,\"caption\":false,\"created_timestamp\":false,\"copyright\":false,\"focal_length\":false,\"iso\":false,\"shutter_speed\":false,\"flash\":false,\"title\":false,\"keywords\":false,\"width\":1243,\"height\":808,\"saved\":true,\"thumbnail\":{\"width\":400,\"height\":260},\"webview\":{\"0\":1243,\"1\":808,\"2\":2,\"3\":\"width=\\\"1243\\\" height=\\\"808\\\"\",\"bits\":8,\"channels\":3,\"mime\":\"image\\\/jpeg\"}}},{\"pid\":\"8104\",\"filename\":\"map_st_8km800.jpg\",\"description\":\"\",\"alttext\":\"\",\"link\":null,\"imagedate\":\"2021-03-30 05:37:55\",\"hitcounter\":\"1\",\"total_value\":\"0\",\"total_votes\":\"0\",\"meta_data\":{\"aperture\":false,\"credit\":false,\"camera\":false,\"caption\":false,\"created_timestamp\":false,\"copyright\":false,\"focal_length\":false,\"iso\":false,\"shutter_speed\":false,\"flash\":false,\"title\":false,\"keywords\":false,\"width\":1060,\"height\":696,\"saved\":true,\"thumbnail\":{\"width\":400,\"height\":262},\"webview\":{\"0\":1060,\"1\":696,\"2\":2,\"3\":\"width=\\\"1060\\\" height=\\\"696\\\"\",\"bits\":8,\"channels\":3,\"mime\":\"image\\\/jpeg\"}}},{\"pid\":\"8105\",\"filename\":\"map_wikiloc_8km800.jpg\",\"description\":\"\",\"alttext\":\"\",\"link\":null,\"imagedate\":\"2021-03-30 05:37:56\",\"hitcounter\":\"1\",\"total_value\":\"0\",\"total_votes\":\"0\",\"meta_data\":{\"aperture\":false,\"credit\":false,\"camera\":false,\"caption\":false,\"created_timestamp\":false,\"copyright\":false,\"focal_length\":false,\"iso\":false,\"shutter_speed\":false,\"flash\":false,\"title\":false,\"keywords\":false,\"width\":615,\"height\":450,\"saved\":true,\"thumbnail\":{\"width\":400,\"height\":293},\"webview\":{\"0\":615,\"1\":450,\"2\":2,\"3\":\"width=\\\"615\\\" height=\\\"450\\\"\",\"bits\":8,\"channels\":3,\"mime\":\"image\\\/jpeg\"}}},{\"pid\":\"8106\",\"filename\":\"map_or_8km800.jpg\",\"description\":\"\",\"alttext\":\"\",\"link\":null,\"imagedate\":\"2021-03-30 05:37:56\",\"hitcounter\":\"1\",\"total_value\":\"0\",\"total_votes\":\"0\",\"meta_data\":{\"aperture\":false,\"credit\":false,\"camera\":false,\"caption\":false,\"created_timestamp\":false,\"copyright\":false,\"focal_length\":false,\"iso\":false,\"shutter_speed\":false,\"flash\":false,\"title\":false,\"keywords\":false,\"width\":890,\"height\":603,\"saved\":true,\"thumbnail\":{\"width\":400,\"height\":271},\"webview\":{\"0\":890,\"1\":603,\"2\":2,\"3\":\"width=\\\"890\\\" height=\\\"603\\\"\",\"bits\":8,\"channels\":3,\"mime\":\"image\\\/jpeg\"}}},{\"pid\":\"8107\",\"filename\":\"screenshot_8km800.jpg\",\"description\":\"\",\"alttext\":\"\",\"link\":null,\"imagedate\":\"2021-03-29 17:35:12\",\"hitcounter\":\"1\",\"total_value\":\"0\",\"total_votes\":\"0\",\"meta_data\":{\"aperture\":false,\"credit\":false,\"camera\":\"VTR-L09\",\"caption\":false,\"created_timestamp\":\"29 mars 2021 17 h 35 min\",\"copyright\":false,\"focal_length\":false,\"iso\":false,\"shutter_speed\":false,\"flash\":false,\"title\":false,\"keywords\":false,\"width\":1080,\"height\":1685,\"saved\":true,\"thumbnail\":{\"width\":256,\"height\":400},\"webview\":{\"0\":1080,\"1\":1685,\"2\":2,\"3\":\"width=\\\"1080\\\" height=\\\"1685\\\"\",\"bits\":8,\"channels\":3,\"mime\":\"image\\\/jpeg\"}}}]}], };})();<\/script><\/div><noscript id=\"noscript_FlaGallery_sc2_613\"><img class=\"skip-lazy no-lazyload noLazy\" data-lazy-src=\"\" src =\"https:\/\/baudhost.be\/wordpress\/wp-content\/flagallery\/jj_21_neufbois2_gps\/map_8km800.jpg\" alt=\"\" \/><img class=\"skip-lazy no-lazyload noLazy\" data-lazy-src=\"\" src =\"https:\/\/baudhost.be\/wordpress\/wp-content\/flagallery\/jj_21_neufbois2_gps\/map_visu_8km800.jpg\" alt=\"\" \/><img class=\"skip-lazy no-lazyload noLazy\" data-lazy-src=\"\" src =\"https:\/\/baudhost.be\/wordpress\/wp-content\/flagallery\/jj_21_neufbois2_gps\/map_st_8km800.jpg\" alt=\"\" \/><img class=\"skip-lazy no-lazyload noLazy\" data-lazy-src=\"\" src =\"https:\/\/baudhost.be\/wordpress\/wp-content\/flagallery\/jj_21_neufbois2_gps\/map_wikiloc_8km800.jpg\" alt=\"\" \/><img class=\"skip-lazy no-lazyload noLazy\" data-lazy-src=\"\" src =\"https:\/\/baudhost.be\/wordpress\/wp-content\/flagallery\/jj_21_neufbois2_gps\/map_or_8km800.jpg\" alt=\"\" \/><img class=\"skip-lazy no-lazyload noLazy\" data-lazy-src=\"\" src =\"https:\/\/baudhost.be\/wordpress\/wp-content\/flagallery\/jj_21_neufbois2_gps\/screenshot_8km800.jpg\" alt=\"\" \/><\/noscript><\/div>\n<\/div>\n\n\n\n<div class=\"wp-block-column is-layout-flow wp-block-column-is-layout-flow\"><\/div>\n<\/div>\n\n\n\n<p class=\"has-text-align-center\"><strong>T\u00e9l\u00e9chargement <\/strong>possible au format GPX pour votre <strong>GPS <\/strong>et <strong>KML <\/strong>pour Google Earth<\/p>\n\n\n\n<div class=\"wp-block-columns are-vertically-aligned-center is-layout-flex wp-container-core-columns-is-layout-9d6595d7 wp-block-columns-is-layout-flex\">\n<div class=\"wp-block-column is-vertically-aligned-center is-layout-flow wp-block-column-is-layout-flow\">\n<div class=\"wp-block-file\"><a href=\"https:\/\/baudhost.be\/wordpress\/wp-content\/uploads\/2021\/03\/after_operation_8km800.gpx\">after_operation_8km800<\/a><\/div>\n\n\n\n<div class=\"wp-block-file\"><a href=\"https:\/\/baudhost.be\/wordpress\/wp-content\/uploads\/2021\/03\/after_operation_8km800.kml\">after_operation_8km800<\/a><\/div>\n<\/div>\n\n\n\n<div class=\"wp-block-column is-layout-flow wp-block-column-is-layout-flow\">\n<div class=\"wp-block-image\"><figure class=\"aligncenter size-large is-resized\"><img loading=\"lazy\" decoding=\"async\" src=\"https:\/\/baudhost.be\/wordpress\/wp-content\/uploads\/2020\/12\/logo_gpx_bis.jpg\" alt=\"\" class=\"wp-image-4124\" width=\"68\" height=\"47\"\/><\/figure><\/div>\n\n\n\n<div class=\"wp-block-image\"><figure class=\"aligncenter size-large is-resized\"><img loading=\"lazy\" decoding=\"async\" src=\"https:\/\/baudhost.be\/wordpress\/wp-content\/uploads\/2020\/12\/logo_google_earth_bis.jpg\" alt=\"\" class=\"wp-image-4125\" width=\"68\" height=\"47\"\/><\/figure><\/div>\n<\/div>\n\n\n\n<div class=\"wp-block-column is-vertically-aligned-center is-layout-flow wp-block-column-is-layout-flow\">\n<p><\/p>\n<\/div>\n<\/div>\n\n\n\n<hr class=\"wp-block-separator has-text-color has-background has-vivid-green-cyan-background-color has-vivid-green-cyan-color is-style-default\"\/>\n\n\n\n<h3 class=\"has-text-align-center wp-block-heading\"><strong>Informations compl\u00e9mentaires<\/strong><\/h3>\n\n\n\n<div class=\"wp-block-columns is-layout-flex wp-container-core-columns-is-layout-9d6595d7 wp-block-columns-is-layout-flex\">\n<div class=\"wp-block-column is-layout-flow wp-block-column-is-layout-flow\">\n<div class=\"wp-block-columns is-layout-flex wp-container-core-columns-is-layout-9d6595d7 wp-block-columns-is-layout-flex\">\n<div class=\"wp-block-column is-layout-flow wp-block-column-is-layout-flow\" style=\"flex-basis:33.33%\">\n<figure class=\"wp-block-image size-large\"><img loading=\"lazy\" decoding=\"async\" width=\"300\" height=\"300\" src=\"https:\/\/baudhost.be\/wordpress\/wp-content\/uploads\/2020\/01\/documents.jpg\" alt=\"\" class=\"wp-image-67\" srcset=\"https:\/\/baudhost.be\/wordpress\/wp-content\/uploads\/2020\/01\/documents.jpg 300w, https:\/\/baudhost.be\/wordpress\/wp-content\/uploads\/2020\/01\/documents-150x150.jpg 150w, https:\/\/baudhost.be\/wordpress\/wp-content\/uploads\/2020\/01\/documents-100x100.jpg 100w\" sizes=\"auto, (max-width: 300px) 100vw, 300px\" \/><figcaption><strong>Informations<\/strong> \u00e0 t\u00e9l\u00e9charger<\/figcaption><\/figure>\n<\/div>\n\n\n\n<div class=\"wp-block-column is-layout-flow wp-block-column-is-layout-flow\" style=\"flex-basis:66.66%\"><\/div>\n<\/div>\n<\/div>\n\n\n\n<div class=\"wp-block-column is-layout-flow wp-block-column-is-layout-flow\">\n<div class=\"wp-block-columns is-layout-flex wp-container-core-columns-is-layout-9d6595d7 wp-block-columns-is-layout-flex\">\n<div class=\"wp-block-column is-layout-flow wp-block-column-is-layout-flow\" style=\"flex-basis:33.33%\">\n<figure class=\"wp-block-image size-large\"><img loading=\"lazy\" decoding=\"async\" width=\"400\" height=\"400\" src=\"https:\/\/baudhost.be\/wordpress\/wp-content\/uploads\/2020\/01\/www.jpg\" alt=\"\" class=\"wp-image-78\" srcset=\"https:\/\/baudhost.be\/wordpress\/wp-content\/uploads\/2020\/01\/www.jpg 400w, https:\/\/baudhost.be\/wordpress\/wp-content\/uploads\/2020\/01\/www-300x300.jpg 300w, https:\/\/baudhost.be\/wordpress\/wp-content\/uploads\/2020\/01\/www-150x150.jpg 150w, https:\/\/baudhost.be\/wordpress\/wp-content\/uploads\/2020\/01\/www-100x100.jpg 100w\" sizes=\"auto, (max-width: 400px) 100vw, 400px\" \/><figcaption>Les <strong>boutons <\/strong>donnent acc\u00e8s aux sites concern\u00e9s<\/figcaption><\/figure>\n<\/div>\n\n\n\n<div class=\"wp-block-column is-layout-flow wp-block-column-is-layout-flow\" style=\"flex-basis:66.66%\"><\/div>\n<\/div>\n<\/div>\n<\/div>\n","protected":false},"excerpt":{"rendered":"<p>Jacqueline &amp; Jean Diaporama des photos prises durant quelques randonn\u00e9es autour du Domaine du Neufbois du 29 mars au xx avril 2021 le 29 mars 2021 Description de la randonn\u00e9e Suite \u00e0 mon op\u00e9ration, je dois retrouver la marche avec mod\u00e9ration pour quelques semaines. Vous trouverez donc sur cette page diff\u00e9rentes marches aux alentours de &hellip; <\/p>\n<p class=\"link-more\"><a href=\"https:\/\/baudhost.be\/wordpress\/2021-2\/avril-2021\/jj_21_neufbois-2\/\" class=\"more-link\">Continuer la lecture<span class=\"screen-reader-text\"> de &laquo;&nbsp;J&#038;J_21_Neufbois 2&nbsp;&raquo;<\/span><\/a><\/p>\n","protected":false},"author":1,"featured_media":0,"parent":6180,"menu_order":0,"comment_status":"closed","ping_status":"closed","template":"","meta":{"footnotes":""},"class_list":["post-6183","page","type-page","status-publish","hentry"],"_links":{"self":[{"href":"https:\/\/baudhost.be\/wordpress\/wp-json\/wp\/v2\/pages\/6183","targetHints":{"allow":["GET"]}}],"collection":[{"href":"https:\/\/baudhost.be\/wordpress\/wp-json\/wp\/v2\/pages"}],"about":[{"href":"https:\/\/baudhost.be\/wordpress\/wp-json\/wp\/v2\/types\/page"}],"author":[{"embeddable":true,"href":"https:\/\/baudhost.be\/wordpress\/wp-json\/wp\/v2\/users\/1"}],"replies":[{"embeddable":true,"href":"https:\/\/baudhost.be\/wordpress\/wp-json\/wp\/v2\/comments?post=6183"}],"version-history":[{"count":7,"href":"https:\/\/baudhost.be\/wordpress\/wp-json\/wp\/v2\/pages\/6183\/revisions"}],"predecessor-version":[{"id":6197,"href":"https:\/\/baudhost.be\/wordpress\/wp-json\/wp\/v2\/pages\/6183\/revisions\/6197"}],"up":[{"embeddable":true,"href":"https:\/\/baudhost.be\/wordpress\/wp-json\/wp\/v2\/pages\/6180"}],"wp:attachment":[{"href":"https:\/\/baudhost.be\/wordpress\/wp-json\/wp\/v2\/media?parent=6183"}],"curies":[{"name":"wp","href":"https:\/\/api.w.org\/{rel}","templated":true}]}}