{"id":5915,"date":"2021-01-19T14:07:41","date_gmt":"2021-01-19T13:07:41","guid":{"rendered":"https:\/\/baudhost.be\/wordpress\/?page_id=5915"},"modified":"2021-01-27T07:52:52","modified_gmt":"2021-01-27T06:52:52","slug":"website-evolution","status":"publish","type":"page","link":"https:\/\/baudhost.be\/wordpress\/accueil\/website-evolution\/","title":{"rendered":"Website evolution"},"content":{"rendered":"\n<div class=\"wp-block-columns are-vertically-aligned-center is-layout-flex wp-container-core-columns-is-layout-9d6595d7 wp-block-columns-is-layout-flex\">\n<div class=\"wp-block-column is-vertically-aligned-center is-layout-flow wp-block-column-is-layout-flow\" style=\"flex-basis:25%\">\n<figure class=\"wp-block-image size-large\"><img loading=\"lazy\" decoding=\"async\" width=\"1024\" height=\"891\" src=\"https:\/\/baudhost.be\/wordpress\/wp-content\/uploads\/2020\/03\/mug_Jean-1024x891.jpg\" alt=\"\" class=\"wp-image-2231\" srcset=\"https:\/\/baudhost.be\/wordpress\/wp-content\/uploads\/2020\/03\/mug_Jean-1024x891.jpg 1024w, https:\/\/baudhost.be\/wordpress\/wp-content\/uploads\/2020\/03\/mug_Jean-300x261.jpg 300w, https:\/\/baudhost.be\/wordpress\/wp-content\/uploads\/2020\/03\/mug_Jean-768x668.jpg 768w, https:\/\/baudhost.be\/wordpress\/wp-content\/uploads\/2020\/03\/mug_Jean-1536x1337.jpg 1536w, https:\/\/baudhost.be\/wordpress\/wp-content\/uploads\/2020\/03\/mug_Jean.jpg 1680w\" sizes=\"auto, (max-width: 767px) 89vw, (max-width: 1000px) 54vw, (max-width: 1071px) 543px, 580px\" \/><\/figure>\n<\/div>\n\n\n\n<div class=\"wp-block-column is-vertically-aligned-center is-layout-flow wp-block-column-is-layout-flow\" style=\"flex-basis:50%\">\n<p class=\"has-text-align-center\"><strong>Evolution of my website across years<\/strong><\/p>\n\n\n\n<div class=\"wp-block-image is-style-default\"><figure class=\"aligncenter size-large is-resized\"><img loading=\"lazy\" decoding=\"async\" src=\"https:\/\/baudhost.be\/wordpress\/wp-content\/uploads\/2021\/01\/multi_screen_wp_jb.jpg\" alt=\"\" class=\"wp-image-5799\" width=\"161\" height=\"78\" srcset=\"https:\/\/baudhost.be\/wordpress\/wp-content\/uploads\/2021\/01\/multi_screen_wp_jb.jpg 643w, https:\/\/baudhost.be\/wordpress\/wp-content\/uploads\/2021\/01\/multi_screen_wp_jb-300x145.jpg 300w\" sizes=\"auto, (max-width: 161px) 100vw, 161px\" \/><\/figure><\/div>\n<\/div>\n\n\n\n<div class=\"wp-block-column is-vertically-aligned-center is-layout-flow wp-block-column-is-layout-flow\" style=\"flex-basis:25%\">\n<figure class=\"wp-block-image size-thumbnail\"><img loading=\"lazy\" decoding=\"async\" width=\"150\" height=\"150\" src=\"https:\/\/baudhost.be\/wordpress\/wp-content\/uploads\/2020\/01\/mode_emploi_3-150x150.jpg\" alt=\"\" class=\"wp-image-1640\" srcset=\"https:\/\/baudhost.be\/wordpress\/wp-content\/uploads\/2020\/01\/mode_emploi_3-150x150.jpg 150w, https:\/\/baudhost.be\/wordpress\/wp-content\/uploads\/2020\/01\/mode_emploi_3-100x100.jpg 100w\" sizes=\"auto, (max-width: 150px) 100vw, 150px\" \/><\/figure>\n<\/div>\n<\/div>\n\n\n\n<p class=\"has-text-align-center\" style=\"font-size:18px\">Although this site is in fact designed from the beginning to be viewable on all screens (dynamic responsive website), you will find below the different websites that have been created and experimented over the last few years before the result obtained so far.<\/p>\n\n\n\n<div class=\"wp-block-columns are-vertically-aligned-center is-layout-flex wp-container-core-columns-is-layout-9d6595d7 wp-block-columns-is-layout-flex\">\n<div class=\"wp-block-column is-vertically-aligned-center is-layout-flow wp-block-column-is-layout-flow\" style=\"flex-basis:25%\">\n<figure class=\"wp-block-image size-large\"><img loading=\"lazy\" decoding=\"async\" width=\"432\" height=\"291\" src=\"https:\/\/baudhost.be\/wordpress\/wp-content\/uploads\/2021\/01\/repos_rando-e1610176495542.jpg\" alt=\"\" class=\"wp-image-5882\"\/><\/figure>\n<\/div>\n\n\n\n<div class=\"wp-block-column is-vertically-aligned-center is-layout-flow wp-block-column-is-layout-flow\" style=\"flex-basis:50%\">\n<figure class=\"wp-block-image size-large\"><img loading=\"lazy\" decoding=\"async\" width=\"633\" height=\"433\" src=\"https:\/\/baudhost.be\/wordpress\/wp-content\/uploads\/2020\/01\/on_all_screen_responsive.jpg\" alt=\"\" class=\"wp-image-1651\" srcset=\"https:\/\/baudhost.be\/wordpress\/wp-content\/uploads\/2020\/01\/on_all_screen_responsive.jpg 633w, https:\/\/baudhost.be\/wordpress\/wp-content\/uploads\/2020\/01\/on_all_screen_responsive-300x205.jpg 300w\" sizes=\"auto, (max-width: 633px) 100vw, 633px\" \/><\/figure>\n<\/div>\n\n\n\n<div class=\"wp-block-column is-vertically-aligned-center is-layout-flow wp-block-column-is-layout-flow\" style=\"flex-basis:25%\">\n<figure class=\"wp-block-image size-large\"><img loading=\"lazy\" decoding=\"async\" width=\"643\" height=\"311\" src=\"https:\/\/baudhost.be\/wordpress\/wp-content\/uploads\/2021\/01\/multi_screen_wp_jb.jpg\" alt=\"\" class=\"wp-image-5799\" srcset=\"https:\/\/baudhost.be\/wordpress\/wp-content\/uploads\/2021\/01\/multi_screen_wp_jb.jpg 643w, https:\/\/baudhost.be\/wordpress\/wp-content\/uploads\/2021\/01\/multi_screen_wp_jb-300x145.jpg 300w\" sizes=\"auto, (max-width: 643px) 100vw, 643px\" \/><\/figure>\n<\/div>\n<\/div>\n\n\n\n<hr class=\"wp-block-separator\"\/>\n\n\n\n<div class=\"wp-block-columns is-layout-flex wp-container-core-columns-is-layout-9d6595d7 wp-block-columns-is-layout-flex\">\n<div class=\"wp-block-column is-layout-flow wp-block-column-is-layout-flow\" style=\"flex-basis:33.33%\">\n<figure class=\"wp-block-image size-large\"><img loading=\"lazy\" decoding=\"async\" width=\"363\" height=\"261\" src=\"https:\/\/baudhost.be\/wordpress\/wp-content\/uploads\/2021\/01\/logo_wp_2021.jpg\" alt=\"\" class=\"wp-image-5923\" srcset=\"https:\/\/baudhost.be\/wordpress\/wp-content\/uploads\/2021\/01\/logo_wp_2021.jpg 363w, https:\/\/baudhost.be\/wordpress\/wp-content\/uploads\/2021\/01\/logo_wp_2021-300x216.jpg 300w\" sizes=\"auto, (max-width: 363px) 100vw, 363px\" \/><\/figure>\n<\/div>\n\n\n\n<div class=\"wp-block-column is-layout-flow wp-block-column-is-layout-flow\" style=\"flex-basis:66.66%\">\n<p>La version actuelle de mon site internet, de partage de photos de nos activit\u00e9s li\u00e9es \u00e0 la randonn\u00e9e p\u00e9destre ou cycliste, que vous visualisez de nos jours est con\u00e7ue \u00e0 l\u2019aide de l\u2019application bien connue \u00ab&nbsp;<strong>WordPress&nbsp;<\/strong>\u00bb. Cette version WordPress plus ouverte aux extensions et plus souple, bien qu\u2019elle soit d\u2019une approche moins \u00ab user friendly \u00bb utilise mon nom de domaine \u00ab baudhost.be \u00bb .<\/p>\n<\/div>\n<\/div>\n\n\n\n<p>J\u2019ai profit\u00e9 d\u2019une p\u00e9riode de restriction dans mes activit\u00e9s de marche, suite \u00e0 une op\u00e9ration au genou, et surtout suite aux nombreux jours de confinement durant l&rsquo;ann\u00e9e 2020 suite \u00e0 la pand\u00e9mie covid-19, pour effectuer plusieurs essais afin de p\u00e9renniser l\u2019\u00e9volution future de mon site en tenant compte de l\u2019usage sur PC, tablette et smartphone et en m\u00eame temps afin de me faciliter les mises \u00e0 jour pour les pages \u00e0 venir.<\/p>\n\n\n\n<p>Mais ce site est avant tout le r\u00e9sultat de nombreux essais et tests r\u00e9alis\u00e9s depuis quelques ann\u00e9es et vous trouverez ci-dessous quelques informations \u00e0 propos des diff\u00e9rentes \u00e9tapes parcourues.<\/p>\n\n\n\n<hr class=\"wp-block-separator has-text-color has-background has-black-background-color has-black-color is-style-wide\"\/>\n\n\n\n<p>Les copies d\u2019\u00e9cran, ci-dessous, attestent de mes premiers pas dans la jungle des sites internet.<\/p>\n\n\n\n<div class=\"wp-block-columns are-vertically-aligned-center is-layout-flex wp-container-core-columns-is-layout-9d6595d7 wp-block-columns-is-layout-flex\">\n<div class=\"wp-block-column is-vertically-aligned-center is-layout-flow wp-block-column-is-layout-flow\">\n<figure class=\"wp-block-image size-large\"><img loading=\"lazy\" decoding=\"async\" width=\"534\" height=\"369\" src=\"https:\/\/baudhost.be\/wordpress\/wp-content\/uploads\/2021\/01\/logo_ex_picodon.jpg\" alt=\"\" class=\"wp-image-5929\" srcset=\"https:\/\/baudhost.be\/wordpress\/wp-content\/uploads\/2021\/01\/logo_ex_picodon.jpg 534w, https:\/\/baudhost.be\/wordpress\/wp-content\/uploads\/2021\/01\/logo_ex_picodon-300x207.jpg 300w\" sizes=\"auto, (max-width: 534px) 100vw, 534px\" \/><\/figure>\n<\/div>\n\n\n\n<div class=\"wp-block-column is-vertically-aligned-center is-layout-flow wp-block-column-is-layout-flow\">\n<p>Mes premiers pas de r\u00e9alisation d\u2019un site internet ont \u00e9t\u00e9 r\u00e9alis\u00e9s lors de notre s\u00e9jour en Dr\u00f4me sur un site li\u00e9 \u00e0 notre Mas du Picodon. Cette exp\u00e9rience du d\u00e9part, poursuivie pendant une dizaine d\u2019ann\u00e9es, en langage html, css et \u00e9norm\u00e9ment d\u2019essais n\u2019est plus en ligne de nos jours. <\/p>\n<\/div>\n<\/div>\n\n\n\n<div class=\"wp-block-columns are-vertically-aligned-center is-layout-flex wp-container-core-columns-is-layout-9d6595d7 wp-block-columns-is-layout-flex\">\n<div class=\"wp-block-column is-vertically-aligned-center is-layout-flow wp-block-column-is-layout-flow\">\n<figure class=\"wp-block-image size-large\"><img loading=\"lazy\" decoding=\"async\" width=\"498\" height=\"285\" src=\"https:\/\/baudhost.be\/wordpress\/wp-content\/uploads\/2021\/01\/logo_picodon.jpg\" alt=\"\" class=\"wp-image-5928\" srcset=\"https:\/\/baudhost.be\/wordpress\/wp-content\/uploads\/2021\/01\/logo_picodon.jpg 498w, https:\/\/baudhost.be\/wordpress\/wp-content\/uploads\/2021\/01\/logo_picodon-300x172.jpg 300w\" sizes=\"auto, (max-width: 498px) 100vw, 498px\" \/><\/figure>\n<\/div>\n\n\n\n<div class=\"wp-block-column is-vertically-aligned-center is-layout-flow wp-block-column-is-layout-flow\">\n<figure class=\"wp-block-image size-large\"><img loading=\"lazy\" decoding=\"async\" width=\"1009\" height=\"505\" src=\"https:\/\/baudhost.be\/wordpress\/wp-content\/uploads\/2021\/01\/logo_ex_picodon_2.jpg\" alt=\"\" class=\"wp-image-5926\" srcset=\"https:\/\/baudhost.be\/wordpress\/wp-content\/uploads\/2021\/01\/logo_ex_picodon_2.jpg 1009w, https:\/\/baudhost.be\/wordpress\/wp-content\/uploads\/2021\/01\/logo_ex_picodon_2-300x150.jpg 300w, https:\/\/baudhost.be\/wordpress\/wp-content\/uploads\/2021\/01\/logo_ex_picodon_2-768x384.jpg 768w\" sizes=\"auto, (max-width: 767px) 89vw, (max-width: 1000px) 54vw, (max-width: 1071px) 543px, 580px\" \/><\/figure>\n<\/div>\n<\/div>\n\n\n\n<p>Ce projet a \u00e9t\u00e9 abandonn\u00e9, en avril 2011, lors de notre retour en Belgique.<\/p>\n\n\n\n<p>Mais ce projet a eu un effet tr\u00e8s positif en contribuant \u00e9norm\u00e9ment \u00e0 ma connaissance dans la r\u00e9alisation d&rsquo;un site internet, avec ces possibilit\u00e9s multiples et vari\u00e9es, mais aussi ces contraintes et ces limites. Une exp\u00e9rience d\u00e8s plus utile au final.<\/p>\n\n\n\n<hr class=\"wp-block-separator has-text-color has-background has-black-background-color has-black-color\"\/>\n\n\n\n<div class=\"wp-block-columns are-vertically-aligned-center is-layout-flex wp-container-core-columns-is-layout-9d6595d7 wp-block-columns-is-layout-flex\">\n<div class=\"wp-block-column is-vertically-aligned-center is-layout-flow wp-block-column-is-layout-flow\" style=\"flex-basis:66.66%\">\n<p>La d\u00e9cennie en Dr\u00f4me nous a entre autres, fait d\u00e9couvrir, apr\u00e8s quelques ann\u00e9es de construction de notre Mas du Picodon, les plaisirs de la marche en groupe, les aventures des randonn\u00e9es itin\u00e9rantes et des s\u00e9jours de marche. <\/p>\n\n\n\n<p>De retour en Belgique nous participons aux activit\u00e9s de diff\u00e9rents clubs de randonn\u00e9e p\u00e9destre. Mon site de partage de photos, encore g\u00e9r\u00e9 en langage&nbsp; html, refl\u00e9tant ces ann\u00e9es bonheurs de la retraite, est encore accessible en ligne via l&rsquo;onglet \u00ab\u00a0<a rel=\"noreferrer noopener\" href=\"https:\/\/baudhost.be\/wordpress\/avant\/\" target=\"_blank\">Avant<\/a>\u00ab\u00a0, ou en activant l&rsquo;image ci-contre.<\/p>\n<\/div>\n\n\n\n<div class=\"wp-block-column is-vertically-aligned-center is-layout-flow wp-block-column-is-layout-flow\" style=\"flex-basis:33.33%\">\n<figure class=\"wp-block-image size-medium\"><a href=\"https:\/\/baudhost.be\/wordpress\/avant\/\" target=\"_blank\" rel=\"noopener\"><img loading=\"lazy\" decoding=\"async\" width=\"300\" height=\"207\" src=\"https:\/\/baudhost.be\/wordpress\/wp-content\/uploads\/2021\/01\/website_FR-300x207.jpg\" alt=\"\" class=\"wp-image-5807\" srcset=\"https:\/\/baudhost.be\/wordpress\/wp-content\/uploads\/2021\/01\/website_FR-300x207.jpg 300w, https:\/\/baudhost.be\/wordpress\/wp-content\/uploads\/2021\/01\/website_FR-768x530.jpg 768w, https:\/\/baudhost.be\/wordpress\/wp-content\/uploads\/2021\/01\/website_FR.jpg 1023w\" sizes=\"auto, (max-width: 300px) 100vw, 300px\" \/><\/a><\/figure>\n<\/div>\n<\/div>\n\n\n\n<hr class=\"wp-block-separator has-text-color has-background has-black-background-color has-black-color\"\/>\n\n\n\n<div class=\"wp-block-columns are-vertically-aligned-center is-layout-flex wp-container-core-columns-is-layout-9d6595d7 wp-block-columns-is-layout-flex\">\n<div class=\"wp-block-column is-vertically-aligned-center is-layout-flow wp-block-column-is-layout-flow\" style=\"flex-basis:33.33%\">\n<figure class=\"wp-block-image size-large\"><img loading=\"lazy\" decoding=\"async\" width=\"605\" height=\"435\" src=\"https:\/\/baudhost.be\/wordpress\/wp-content\/uploads\/2021\/01\/logo_ex_cpo.jpg\" alt=\"\" class=\"wp-image-5927\" srcset=\"https:\/\/baudhost.be\/wordpress\/wp-content\/uploads\/2021\/01\/logo_ex_cpo.jpg 605w, https:\/\/baudhost.be\/wordpress\/wp-content\/uploads\/2021\/01\/logo_ex_cpo-300x216.jpg 300w\" sizes=\"auto, (max-width: 605px) 100vw, 605px\" \/><\/figure>\n<\/div>\n\n\n\n<div class=\"wp-block-column is-vertically-aligned-center is-layout-flow wp-block-column-is-layout-flow\" style=\"flex-basis:66.66%\">\n<p>Une autre opportunit\u00e9 comme visible sur la copie d\u2019\u00e9cran ci-contre, qui atteste d\u2019un premier essai ouvert \u00e0 un plus grand public pour le Cercle des Promeneurs d\u2019Ottignies, (cercle de marche disparu de nos jours).  Toujours en html et avec des soucis d\u2019h\u00e9bergement et des contraintes de but final, pour qui et pourquoi, cette exp\u00e9rience a mit fin \u00e0 mon enthousiasme du d\u00e9part, deux ans apr\u00e8s notre retour en Belgique.<\/p>\n<\/div>\n<\/div>\n\n\n\n<hr class=\"wp-block-separator has-text-color has-background has-black-background-color has-black-color\"\/>\n\n\n\n<div class=\"wp-block-columns are-vertically-aligned-center is-layout-flex wp-container-core-columns-is-layout-9d6595d7 wp-block-columns-is-layout-flex\">\n<div class=\"wp-block-column is-vertically-aligned-center is-layout-flow wp-block-column-is-layout-flow\" style=\"flex-basis:66.66%\">\n<p>La copie d\u2019\u00e9cran ci-contre atteste d\u2019un second essai qui voulait ouvrir la voie \u00e0 une visualisation possible sur tous les types d\u2019\u00e9crans, du PC au smartphone. Cet essai, apr\u00e8s un cours \u00e0 l&rsquo;UCL, bas\u00e9 sur l\u2019application isra\u00e9lienne, propri\u00e9taire et cadenass\u00e9e, nomm\u00e9e <strong>WIX<\/strong> semblait prometteur. Mais l\u2019impossibilit\u00e9 de sauver mon travail localement me semblait un trop grand handicap au regard du travail n\u00e9cessaire. Elle utilisait le nom de domaine \u00ab baudtech.org \u00bb disparu de nos jours .<\/p>\n<\/div>\n\n\n\n<div class=\"wp-block-column is-vertically-aligned-center is-layout-flow wp-block-column-is-layout-flow\" style=\"flex-basis:33.33%\">\n<figure class=\"wp-block-image size-large\"><img loading=\"lazy\" decoding=\"async\" width=\"1009\" height=\"725\" src=\"https:\/\/baudhost.be\/wordpress\/wp-content\/uploads\/2021\/01\/logo_ex_wix.jpg\" alt=\"\" class=\"wp-image-5924\" srcset=\"https:\/\/baudhost.be\/wordpress\/wp-content\/uploads\/2021\/01\/logo_ex_wix.jpg 1009w, https:\/\/baudhost.be\/wordpress\/wp-content\/uploads\/2021\/01\/logo_ex_wix-300x216.jpg 300w, https:\/\/baudhost.be\/wordpress\/wp-content\/uploads\/2021\/01\/logo_ex_wix-768x552.jpg 768w\" sizes=\"auto, (max-width: 767px) 89vw, (max-width: 1000px) 54vw, (max-width: 1071px) 543px, 580px\" \/><\/figure>\n<\/div>\n<\/div>\n\n\n\n<hr class=\"wp-block-separator\"\/>\n\n\n\n<div class=\"wp-block-columns are-vertically-aligned-center is-layout-flex wp-container-core-columns-is-layout-9d6595d7 wp-block-columns-is-layout-flex\">\n<div class=\"wp-block-column is-vertically-aligned-center is-layout-flow wp-block-column-is-layout-flow\" style=\"flex-basis:33.33%\">\n<figure class=\"wp-block-image size-large\"><img loading=\"lazy\" decoding=\"async\" width=\"1009\" height=\"725\" src=\"https:\/\/baudhost.be\/wordpress\/wp-content\/uploads\/2021\/01\/logo_ex_jimdo.jpg\" alt=\"\" class=\"wp-image-5925\" srcset=\"https:\/\/baudhost.be\/wordpress\/wp-content\/uploads\/2021\/01\/logo_ex_jimdo.jpg 1009w, https:\/\/baudhost.be\/wordpress\/wp-content\/uploads\/2021\/01\/logo_ex_jimdo-300x216.jpg 300w, https:\/\/baudhost.be\/wordpress\/wp-content\/uploads\/2021\/01\/logo_ex_jimdo-768x552.jpg 768w\" sizes=\"auto, (max-width: 767px) 89vw, (max-width: 1000px) 54vw, (max-width: 1071px) 543px, 580px\" \/><\/figure>\n<\/div>\n\n\n\n<div class=\"wp-block-column is-vertically-aligned-center is-layout-flow wp-block-column-is-layout-flow\" style=\"flex-basis:66.66%\">\n<p>La copie d&rsquo;\u00e9cran ci-contre  est le r\u00e9sultat durant la p\u00e9riode de 2018 \u00e0 2019, d&rsquo;un troisi\u00e8me essai, plus serein, avec la r\u00e9alisation d&rsquo;un site de partage d\u00e9velopp\u00e9 avec l\u2019application allemande propri\u00e9taire et cadenass\u00e9e, nomm\u00e9e <strong>Jimdo<\/strong>. Application qui m&rsquo;a fait d\u00e9couvrir la notion de dynamic web design. Malheureusement arrivant rapidement \u00e0 saturation et n\u2019\u00e9tant pas sp\u00e9cialement extensible, elle utilisait le nom de domaine \u00ab baudelec.be \u00bb . Ce site dispara\u00eetra en avril 2021, tous les diaporamas existants ont en effet \u00e9t\u00e9 port\u00e9s depuis fin 2020, d\u00e9but 2021, sur mon site actuel.<\/p>\n<\/div>\n<\/div>\n\n\n\n<hr class=\"wp-block-separator has-text-color has-background has-black-background-color has-black-color\"\/>\n\n\n\n<p class=\"has-text-align-center\">Une bonne s\u00e9rie d&rsquo;exp\u00e9riences positives donc.<\/p>\n\n\n\n<hr class=\"wp-block-separator has-text-color has-background has-black-background-color has-black-color is-style-wide\"\/>\n","protected":false},"excerpt":{"rendered":"<p>Evolution of my website across years Although this site is in fact designed from the beginning to be viewable on all screens (dynamic responsive website), you will find below the different websites that have been created and experimented over the last few years before the result obtained so far. La version actuelle de mon site &hellip; <\/p>\n<p class=\"link-more\"><a href=\"https:\/\/baudhost.be\/wordpress\/accueil\/website-evolution\/\" class=\"more-link\">Continuer la lecture<span class=\"screen-reader-text\"> de &laquo;&nbsp;Website evolution&nbsp;&raquo;<\/span><\/a><\/p>\n","protected":false},"author":1,"featured_media":0,"parent":19,"menu_order":0,"comment_status":"closed","ping_status":"closed","template":"","meta":{"footnotes":""},"class_list":["post-5915","page","type-page","status-publish","hentry"],"_links":{"self":[{"href":"https:\/\/baudhost.be\/wordpress\/wp-json\/wp\/v2\/pages\/5915","targetHints":{"allow":["GET"]}}],"collection":[{"href":"https:\/\/baudhost.be\/wordpress\/wp-json\/wp\/v2\/pages"}],"about":[{"href":"https:\/\/baudhost.be\/wordpress\/wp-json\/wp\/v2\/types\/page"}],"author":[{"embeddable":true,"href":"https:\/\/baudhost.be\/wordpress\/wp-json\/wp\/v2\/users\/1"}],"replies":[{"embeddable":true,"href":"https:\/\/baudhost.be\/wordpress\/wp-json\/wp\/v2\/comments?post=5915"}],"version-history":[{"count":33,"href":"https:\/\/baudhost.be\/wordpress\/wp-json\/wp\/v2\/pages\/5915\/revisions"}],"predecessor-version":[{"id":5977,"href":"https:\/\/baudhost.be\/wordpress\/wp-json\/wp\/v2\/pages\/5915\/revisions\/5977"}],"up":[{"embeddable":true,"href":"https:\/\/baudhost.be\/wordpress\/wp-json\/wp\/v2\/pages\/19"}],"wp:attachment":[{"href":"https:\/\/baudhost.be\/wordpress\/wp-json\/wp\/v2\/media?parent=5915"}],"curies":[{"name":"wp","href":"https:\/\/api.w.org\/{rel}","templated":true}]}}