{"id":5892,"date":"2021-01-19T12:23:57","date_gmt":"2021-01-19T11:23:57","guid":{"rendered":"https:\/\/baudhost.be\/wordpress\/?page_id=5892"},"modified":"2021-12-28T13:48:01","modified_gmt":"2021-12-28T12:48:01","slug":"2021-2","status":"publish","type":"page","link":"https:\/\/baudhost.be\/wordpress\/2021-2\/","title":{"rendered":"2021"},"content":{"rendered":"\n<div class=\"wp-block-columns is-layout-flex wp-container-core-columns-is-layout-9d6595d7 wp-block-columns-is-layout-flex\">\n<div class=\"wp-block-column is-layout-flow wp-block-column-is-layout-flow\" style=\"flex-basis:25%\">\n<figure class=\"wp-block-image size-large\"><img loading=\"lazy\" decoding=\"async\" width=\"141\" height=\"112\" src=\"https:\/\/baudhost.be\/wordpress\/wp-content\/uploads\/2020\/01\/detail_rando_intro.jpg\" alt=\"\" class=\"wp-image-53\"\/><\/figure>\n<\/div>\n\n\n\n<div class=\"wp-block-column is-layout-flow wp-block-column-is-layout-flow\" style=\"flex-basis:50%\">\n<p class=\"has-text-align-center\">Vous pouvez choisir le <strong>mois <\/strong>de l&rsquo;ann\u00e9e 2021 durant laquelle une randonn\u00e9e a \u00e9t\u00e9 effectu\u00e9e.<\/p>\n\n\n\n<p class=\"has-text-align-center\">Un d\u00e9but d&rsquo;ann\u00e9e toujours en pand\u00e9mie.<\/p>\n\n\n\n<div class=\"wp-block-image is-style-rounded\"><figure class=\"aligncenter size-large is-resized\"><img loading=\"lazy\" decoding=\"async\" src=\"https:\/\/baudhost.be\/wordpress\/wp-content\/uploads\/2021\/01\/start_2021.png\" alt=\"\" class=\"wp-image-5887\" width=\"108\" height=\"65\" srcset=\"https:\/\/baudhost.be\/wordpress\/wp-content\/uploads\/2021\/01\/start_2021.png 753w, https:\/\/baudhost.be\/wordpress\/wp-content\/uploads\/2021\/01\/start_2021-300x181.png 300w\" sizes=\"auto, (max-width: 108px) 100vw, 108px\" \/><\/figure><\/div>\n<\/div>\n\n\n\n<div class=\"wp-block-column is-layout-flow wp-block-column-is-layout-flow\" style=\"flex-basis:25%\">\n<figure class=\"wp-block-image size-large\"><img loading=\"lazy\" decoding=\"async\" width=\"141\" height=\"112\" src=\"https:\/\/baudhost.be\/wordpress\/wp-content\/uploads\/2020\/01\/detail_rando_exit.jpg\" alt=\"\" class=\"wp-image-52\"\/><\/figure>\n<\/div>\n<\/div>\n\n\n\n<p class=\"has-text-align-center\">Puis les activit\u00e9s reprennent de la hauteur.<\/p>\n\n\n\n<div class=\"wp-block-image\"><figure class=\"aligncenter size-large is-resized\"><img loading=\"lazy\" decoding=\"async\" src=\"https:\/\/baudhost.be\/wordpress\/wp-content\/uploads\/2021\/01\/start_rando_2021.jpg\" alt=\"\" class=\"wp-image-5888\" width=\"400\" height=\"266\"\/><\/figure><\/div>\n\n\n\n<p><\/p>\n","protected":false},"excerpt":{"rendered":"<p>Vous pouvez choisir le mois de l&rsquo;ann\u00e9e 2021 durant laquelle une randonn\u00e9e a \u00e9t\u00e9 effectu\u00e9e. Un d\u00e9but d&rsquo;ann\u00e9e toujours en pand\u00e9mie. Puis les activit\u00e9s reprennent de la hauteur.<\/p>\n","protected":false},"author":1,"featured_media":0,"parent":0,"menu_order":0,"comment_status":"closed","ping_status":"closed","template":"","meta":{"footnotes":""},"class_list":["post-5892","page","type-page","status-publish","hentry"],"_links":{"self":[{"href":"https:\/\/baudhost.be\/wordpress\/wp-json\/wp\/v2\/pages\/5892","targetHints":{"allow":["GET"]}}],"collection":[{"href":"https:\/\/baudhost.be\/wordpress\/wp-json\/wp\/v2\/pages"}],"about":[{"href":"https:\/\/baudhost.be\/wordpress\/wp-json\/wp\/v2\/types\/page"}],"author":[{"embeddable":true,"href":"https:\/\/baudhost.be\/wordpress\/wp-json\/wp\/v2\/users\/1"}],"replies":[{"embeddable":true,"href":"https:\/\/baudhost.be\/wordpress\/wp-json\/wp\/v2\/comments?post=5892"}],"version-history":[{"count":7,"href":"https:\/\/baudhost.be\/wordpress\/wp-json\/wp\/v2\/pages\/5892\/revisions"}],"predecessor-version":[{"id":7607,"href":"https:\/\/baudhost.be\/wordpress\/wp-json\/wp\/v2\/pages\/5892\/revisions\/7607"}],"wp:attachment":[{"href":"https:\/\/baudhost.be\/wordpress\/wp-json\/wp\/v2\/media?parent=5892"}],"curies":[{"name":"wp","href":"https:\/\/api.w.org\/{rel}","templated":true}]}}