{"id":5793,"date":"2021-01-07T16:23:53","date_gmt":"2021-01-07T15:23:53","guid":{"rendered":"https:\/\/baudhost.be\/wordpress\/?page_id=5793"},"modified":"2021-02-01T13:24:26","modified_gmt":"2021-02-01T12:24:26","slug":"janvier-2021","status":"publish","type":"page","link":"https:\/\/baudhost.be\/wordpress\/2021-2\/janvier-2021\/","title":{"rendered":"janvier 2021"},"content":{"rendered":"\n<div class=\"wp-block-columns are-vertically-aligned-center is-layout-flex wp-container-core-columns-is-layout-9d6595d7 wp-block-columns-is-layout-flex\">\n<div class=\"wp-block-column is-vertically-aligned-center is-layout-flow wp-block-column-is-layout-flow\" style=\"flex-basis:25%\">\n<figure class=\"wp-block-image size-large\"><img loading=\"lazy\" decoding=\"async\" width=\"141\" height=\"112\" src=\"https:\/\/baudhost.be\/wordpress\/wp-content\/uploads\/2020\/01\/detail_rando_intro.jpg\" alt=\"\" class=\"wp-image-53\"\/><\/figure>\n<\/div>\n\n\n\n<div class=\"wp-block-column is-vertically-aligned-center is-layout-flow wp-block-column-is-layout-flow\" style=\"flex-basis:50%\">\n<p> Vous pouvez choisir une randonn\u00e9e effectu\u00e9e durant ce mois de <strong>janvier 2021<\/strong>. Avec le confinement qui perdure peu d&rsquo;activit\u00e9s ce mois.<\/p>\n<\/div>\n\n\n\n<div class=\"wp-block-column is-vertically-aligned-center is-layout-flow wp-block-column-is-layout-flow\" style=\"flex-basis:25%\">\n<figure class=\"wp-block-image size-large\"><img loading=\"lazy\" decoding=\"async\" width=\"141\" height=\"112\" src=\"https:\/\/baudhost.be\/wordpress\/wp-content\/uploads\/2020\/01\/detail_rando_exit.jpg\" alt=\"\" class=\"wp-image-52\"\/><\/figure>\n<\/div>\n<\/div>\n\n\n\n<div class=\"wp-block-image\"><figure class=\"aligncenter size-medium\"><img decoding=\"async\" src=\"https:\/\/baudhost.be\/wordpress\/wp-content\/uploads\/2020\/01\/repos_rando-300x203.jpg\" alt=\"\" class=\"wp-image-44\"\/><\/figure><\/div>\n","protected":false},"excerpt":{"rendered":"<p>Vous pouvez choisir une randonn\u00e9e effectu\u00e9e durant ce mois de janvier 2021. Avec le confinement qui perdure peu d&rsquo;activit\u00e9s ce mois.<\/p>\n","protected":false},"author":1,"featured_media":0,"parent":5892,"menu_order":0,"comment_status":"closed","ping_status":"closed","template":"","meta":{"footnotes":""},"class_list":["post-5793","page","type-page","status-publish","hentry"],"_links":{"self":[{"href":"https:\/\/baudhost.be\/wordpress\/wp-json\/wp\/v2\/pages\/5793","targetHints":{"allow":["GET"]}}],"collection":[{"href":"https:\/\/baudhost.be\/wordpress\/wp-json\/wp\/v2\/pages"}],"about":[{"href":"https:\/\/baudhost.be\/wordpress\/wp-json\/wp\/v2\/types\/page"}],"author":[{"embeddable":true,"href":"https:\/\/baudhost.be\/wordpress\/wp-json\/wp\/v2\/users\/1"}],"replies":[{"embeddable":true,"href":"https:\/\/baudhost.be\/wordpress\/wp-json\/wp\/v2\/comments?post=5793"}],"version-history":[{"count":4,"href":"https:\/\/baudhost.be\/wordpress\/wp-json\/wp\/v2\/pages\/5793\/revisions"}],"predecessor-version":[{"id":5979,"href":"https:\/\/baudhost.be\/wordpress\/wp-json\/wp\/v2\/pages\/5793\/revisions\/5979"}],"up":[{"embeddable":true,"href":"https:\/\/baudhost.be\/wordpress\/wp-json\/wp\/v2\/pages\/5892"}],"wp:attachment":[{"href":"https:\/\/baudhost.be\/wordpress\/wp-json\/wp\/v2\/media?parent=5793"}],"curies":[{"name":"wp","href":"https:\/\/api.w.org\/{rel}","templated":true}]}}