{"id":5460,"date":"2021-01-03T10:10:21","date_gmt":"2021-01-03T09:10:21","guid":{"rendered":"https:\/\/baudhost.be\/wordpress\/?page_id=5460"},"modified":"2021-01-03T10:43:36","modified_gmt":"2021-01-03T09:43:36","slug":"ewal_18_sart-dames-avelines","status":"publish","type":"page","link":"https:\/\/baudhost.be\/wordpress\/2018-2\/octobre-2018\/ewal_18_sart-dames-avelines\/","title":{"rendered":"EWal_18_Sart-Dames-Avelines"},"content":{"rendered":"\n<div class=\"wp-block-image\"><figure class=\"aligncenter size-large\"><img loading=\"lazy\" decoding=\"async\" width=\"481\" height=\"124\" src=\"https:\/\/baudhost.be\/wordpress\/wp-content\/uploads\/2020\/01\/eneo_ucp_walhain2.jpg\" alt=\"\" class=\"wp-image-295\" srcset=\"https:\/\/baudhost.be\/wordpress\/wp-content\/uploads\/2020\/01\/eneo_ucp_walhain2.jpg 481w, https:\/\/baudhost.be\/wordpress\/wp-content\/uploads\/2020\/01\/eneo_ucp_walhain2-300x77.jpg 300w\" sizes=\"auto, (max-width: 481px) 100vw, 481px\" \/><\/figure><\/div>\n\n\n\n<div class=\"wp-block-columns is-layout-flex wp-container-core-columns-is-layout-9d6595d7 wp-block-columns-is-layout-flex\">\n<div class=\"wp-block-column is-layout-flow wp-block-column-is-layout-flow\" style=\"flex-basis:15%\">\n<div class=\"wp-block-image\"><figure class=\"aligncenter size-large\"><img loading=\"lazy\" decoding=\"async\" width=\"137\" height=\"86\" src=\"https:\/\/baudhost.be\/wordpress\/wp-content\/uploads\/2020\/01\/diaporama.jpg\" alt=\"\" class=\"wp-image-8\"\/><\/figure><\/div>\n<\/div>\n\n\n\n<div class=\"wp-block-column is-layout-flow wp-block-column-is-layout-flow\" style=\"flex-basis:85%\">\n<p class=\"has-text-align-center\"><strong>Diaporama <\/strong>des photos prises durant la randonn\u00e9e \u00e0<\/p>\n\n\n\n<p class=\"has-text-align-center\"><strong>Sart-Dames-Avelines &#8211; <\/strong>1 octobre 2018<\/p>\n<\/div>\n<\/div>\n\n\n\n<div class=\"wp-block-flagallery-gallery flagallery-shortcode\"><div class=\"flagallery flaslider_skin\" id=\"FlaGallery_sc1_534\" ><script type=\"text\/javascript\">(function(){this['FlaGallery_sc1_534']={'settings':{\"sliderHeightRetio\":\"0.7\",\"sliderPreloaderColor\":\"#ffffff\",\"sliderBgColor\":\"rgba(165, 187, 157, 0.9)\",\"sliderHeaderFooterBgColor\":\"rgba(0, 0, 0, 0.4)\",\"sliderNavigationColor\":\"rgba(0,0,0,1)\",\"sliderNavigationIconColor\":\"rgba(255,255,255,1)\",\"sliderItemDescriptionBlock\":\"1\",\"sliderItemTitleFontSize\":\"18\",\"sliderItemTitleTextColor\":\"#ffffff\",\"sliderItemDescriptionFontSize\":\"14\",\"sliderItemDescriptionTextColor\":\"#969696\",\"sliderThumbBarEnable\":\"1\",\"sliderThumbBarHoverColor\":\"#ffffff\",\"sliderThumbSubMenuBackgroundColor\":\"rgba(0,0,0,1)\",\"sliderThumbSubMenuBackgroundColorOver\":\"rgba(255,255,255,1)\",\"sliderThumbSubMenuIconColor\":\"rgba(255,255,255,1)\",\"sliderThumbSubMenuIconHoverColor\":\"rgba(0,0,0,1)\",\"sliderPlayButton\":\"1\",\"sliderZoomButton\":\"1\",\"sliderFullScreen\":\"1\",\"sliderInfoEnable\":\"1\",\"sliderItemDownload\":\"1\",\"sliderSocialShareEnabled\":\"0\",\"sliderLikesEnabled\":\"0\",\"sliderSlideshowEneble\":\"0\",\"slideshowDelay\":\"8\",\"slideshowProgressBarColor\":\"rgba(255,255,255,1)\",\"slideshowProgressBarBGColor\":\"rgba(49,49,49,1)\",\"modaBgColor\":\"rgba(0,0,0,0.9)\",\"modalInfoBoxBgColor\":\"rgba(255,255,255,1)\",\"modalInfoBoxTitleTextColor\":\"#000000\",\"shareTitlePlaceHolder\":\"Share\",\"modalInfoBoxTextColor\":\"#333333\",\"infoBarExifEnable\":\"1\",\"infoBarCountersEnable\":\"1\",\"infoBarDateInfoEnable\":\"1\",\"customCSS\":\"\",\"key\":\"9fc7390f4f41450289e16b954c57b145\",\"name\":\"GRANDPackPlus\",\"galleryID\":\"sc1_534\",\"post_url\":\"https:\\\/\\\/baudhost.be\\\/wordpress\\\/wp-json\\\/wp\\\/v2\\\/pages\\\/5460\",\"module_url\":\"https:\\\/\\\/baudhost.be\\\/wordpress\\\/wp-content\\\/plugins\\\/flagallery-skins\\\/flaslider\\\/\"}, 'data':[{\"gallery\":{\"gid\":\"534\",\"name\":\"ewal_18_sda\",\"path\":\"https:\\\/\\\/baudhost.be\\\/wordpress\\\/wp-content\\\/flagallery\\\/ewal_18_sda\",\"title\":\"EWal_18_SDA\",\"galdesc\":\"\"},\"data\":[{\"pid\":\"7244\",\"filename\":\"sda_01.jpg\",\"description\":\"\",\"alttext\":\"\",\"link\":null,\"imagedate\":\"2018-10-01 15:29:02\",\"hitcounter\":\"37\",\"total_value\":\"0\",\"total_votes\":\"0\",\"meta_data\":{\"aperture\":\"F 3.3\",\"credit\":false,\"camera\":\"DMC-TZ60\",\"caption\":false,\"created_timestamp\":\"1 octobre 2018 15 h 29 min\",\"copyright\":false,\"focal_length\":\"4.3 mm\",\"iso\":100,\"shutter_speed\":\"1\\\/100 sec\",\"flash\":\"Not fired\",\"title\":false,\"keywords\":false,\"width\":1440,\"height\":1080,\"saved\":true,\"thumbnail\":{\"width\":400,\"height\":300},\"webview\":{\"0\":1440,\"1\":1080,\"2\":2,\"3\":\"width=\\\"1440\\\" height=\\\"1080\\\"\",\"bits\":8,\"channels\":3,\"mime\":\"image\\\/jpeg\"}}},{\"pid\":\"7245\",\"filename\":\"sda_02.jpg\",\"description\":\"\",\"alttext\":\"\",\"link\":null,\"imagedate\":\"2018-10-01 15:30:48\",\"hitcounter\":\"1\",\"total_value\":\"0\",\"total_votes\":\"0\",\"meta_data\":{\"aperture\":\"F 3.9\",\"credit\":false,\"camera\":\"DMC-TZ60\",\"caption\":false,\"created_timestamp\":\"1 octobre 2018 15 h 30 min\",\"copyright\":false,\"focal_length\":\"7.8 mm\",\"iso\":400,\"shutter_speed\":\"1\\\/60 sec\",\"flash\":\"Not fired\",\"title\":false,\"keywords\":false,\"width\":1440,\"height\":1080,\"saved\":true,\"thumbnail\":{\"width\":400,\"height\":300},\"webview\":{\"0\":1440,\"1\":1080,\"2\":2,\"3\":\"width=\\\"1440\\\" height=\\\"1080\\\"\",\"bits\":8,\"channels\":3,\"mime\":\"image\\\/jpeg\"}}},{\"pid\":\"7246\",\"filename\":\"sda_03.jpg\",\"description\":\"\",\"alttext\":\"\",\"link\":null,\"imagedate\":\"2018-10-01 15:34:43\",\"hitcounter\":\"1\",\"total_value\":\"0\",\"total_votes\":\"0\",\"meta_data\":{\"aperture\":\"F 4.1\",\"credit\":false,\"camera\":\"DMC-TZ60\",\"caption\":false,\"created_timestamp\":\"1 octobre 2018 15 h 34 min\",\"copyright\":false,\"focal_length\":\"9.6 mm\",\"iso\":100,\"shutter_speed\":\"1\\\/130 sec\",\"flash\":\"Not fired\",\"title\":false,\"keywords\":false,\"width\":1440,\"height\":1080,\"saved\":true,\"thumbnail\":{\"width\":400,\"height\":300},\"webview\":{\"0\":1440,\"1\":1080,\"2\":2,\"3\":\"width=\\\"1440\\\" height=\\\"1080\\\"\",\"bits\":8,\"channels\":3,\"mime\":\"image\\\/jpeg\"}}},{\"pid\":\"7247\",\"filename\":\"sda_04.jpg\",\"description\":\"\",\"alttext\":\"\",\"link\":null,\"imagedate\":\"2018-10-01 15:39:38\",\"hitcounter\":\"1\",\"total_value\":\"0\",\"total_votes\":\"0\",\"meta_data\":{\"aperture\":\"F 4.7\",\"credit\":false,\"camera\":\"DMC-TZ60\",\"caption\":false,\"created_timestamp\":\"1 octobre 2018 15 h 39 min\",\"copyright\":false,\"focal_length\":\"14.1 mm\",\"iso\":100,\"shutter_speed\":\"1\\\/320 sec\",\"flash\":\"Not fired\",\"title\":false,\"keywords\":false,\"width\":1440,\"height\":1080,\"saved\":true,\"thumbnail\":{\"width\":400,\"height\":300},\"webview\":{\"0\":1440,\"1\":1080,\"2\":2,\"3\":\"width=\\\"1440\\\" height=\\\"1080\\\"\",\"bits\":8,\"channels\":3,\"mime\":\"image\\\/jpeg\"}}},{\"pid\":\"7248\",\"filename\":\"sda_05.jpg\",\"description\":\"\",\"alttext\":\"\",\"link\":null,\"imagedate\":\"2018-10-01 15:41:50\",\"hitcounter\":\"1\",\"total_value\":\"0\",\"total_votes\":\"0\",\"meta_data\":{\"aperture\":\"F 3.7\",\"credit\":false,\"camera\":\"DMC-TZ60\",\"caption\":false,\"created_timestamp\":\"1 octobre 2018 15 h 41 min\",\"copyright\":false,\"focal_length\":\"6.3 mm\",\"iso\":100,\"shutter_speed\":\"1\\\/640 sec\",\"flash\":\"Not fired\",\"title\":false,\"keywords\":false,\"width\":1440,\"height\":1080,\"saved\":true,\"thumbnail\":{\"width\":400,\"height\":300},\"webview\":{\"0\":1440,\"1\":1080,\"2\":2,\"3\":\"width=\\\"1440\\\" height=\\\"1080\\\"\",\"bits\":8,\"channels\":3,\"mime\":\"image\\\/jpeg\"}}}]}], };})();<\/script><\/div><noscript id=\"noscript_FlaGallery_sc1_534\"><img class=\"skip-lazy no-lazyload noLazy\" data-lazy-src=\"\" src =\"https:\/\/baudhost.be\/wordpress\/wp-content\/flagallery\/ewal_18_sda\/sda_01.jpg\" alt=\"\" \/><img class=\"skip-lazy no-lazyload noLazy\" data-lazy-src=\"\" src =\"https:\/\/baudhost.be\/wordpress\/wp-content\/flagallery\/ewal_18_sda\/sda_02.jpg\" alt=\"\" \/><img class=\"skip-lazy no-lazyload noLazy\" data-lazy-src=\"\" src =\"https:\/\/baudhost.be\/wordpress\/wp-content\/flagallery\/ewal_18_sda\/sda_03.jpg\" alt=\"\" \/><img class=\"skip-lazy no-lazyload noLazy\" data-lazy-src=\"\" src =\"https:\/\/baudhost.be\/wordpress\/wp-content\/flagallery\/ewal_18_sda\/sda_04.jpg\" alt=\"\" \/><img class=\"skip-lazy no-lazyload noLazy\" data-lazy-src=\"\" src =\"https:\/\/baudhost.be\/wordpress\/wp-content\/flagallery\/ewal_18_sda\/sda_05.jpg\" alt=\"\" \/><\/noscript><\/div>\n\n\n\n<hr class=\"wp-block-separator\"\/>\n\n\n\n<h2 class=\"wp-block-heading\"><strong>Description de la randonn\u00e9e<\/strong><\/h2>\n\n\n\n<p>D\u00e9part au parking du complexe sportif de Sart-Dames-Avelines. La m\u00e9t\u00e9o est pluvieuse et ensoleill\u00e9e (12\u00b0C) pour notre marche en boucle au nord-est du complexe sportif.<\/p>\n\n\n\n<p>Nous voil\u00e0 donc partis, sous la houlette de Jean, vers le nord, sous une averse nourrie qui voit sortir cape et parapluie \u00e0 hauteur de la ferme de B\u00e9rines. En campagne, nous prenons la direction de l\u2019abbaye avant de virer \u00e0 droite le long du bois Pigeolet. Le soleil revient et toujours en campagne, virage au nord, par une longue ligne droite en direction du bois de B\u00e9rines. Il ne reste plus qu\u2019\u00e0 longer sa lisi\u00e8re, au sud-ouest, avant d\u2019y p\u00e9n\u00e9trer pour descendre doucement et remonter dans le bois des trois M\u00e9s pour ainsi rejoindre la ferme de B\u00e9rines et plus avant le complexe sportif du d\u00e9part.<\/p>\n\n\n\n<p><strong>Bilan<\/strong>, 6km500 parcourus en ce, finalement, bel apr\u00e8s-midi, pour les 12 marcheurs pr\u00e9sents.<\/p>\n\n\n\n<hr class=\"wp-block-separator\"\/>\n\n\n\n<h3 class=\"wp-block-heading\"><strong>Informations GPS de la randonn\u00e9e<\/strong><\/h3>\n\n\n\n<div class=\"wp-block-columns is-layout-flex wp-container-core-columns-is-layout-9d6595d7 wp-block-columns-is-layout-flex\">\n<div class=\"wp-block-column is-layout-flow wp-block-column-is-layout-flow\">\n<div class=\"wp-block-flagallery-gallery flagallery-shortcode\"><div class=\"flagallery flaslider_skin\" id=\"FlaGallery_sc2_535\" ><script type=\"text\/javascript\">(function(){this['FlaGallery_sc2_535']={'settings':{\"sliderHeightRetio\":\"0.7\",\"sliderPreloaderColor\":\"#ffffff\",\"sliderBgColor\":\"rgba(19, 73, 161, 0.9)\",\"sliderHeaderFooterBgColor\":\"rgba(56, 148, 216, 0.4)\",\"sliderNavigationColor\":\"rgba(0,0,0,1)\",\"sliderNavigationIconColor\":\"rgba(255,255,255,1)\",\"sliderItemDescriptionBlock\":\"1\",\"sliderItemTitleFontSize\":\"18\",\"sliderItemTitleTextColor\":\"#ffffff\",\"sliderItemDescriptionFontSize\":\"14\",\"sliderItemDescriptionTextColor\":\"#969696\",\"sliderThumbBarEnable\":\"1\",\"sliderThumbBarHoverColor\":\"#ffffff\",\"sliderThumbSubMenuBackgroundColor\":\"rgba(0,0,0,1)\",\"sliderThumbSubMenuBackgroundColorOver\":\"rgba(255,255,255,1)\",\"sliderThumbSubMenuIconColor\":\"rgba(255,255,255,1)\",\"sliderThumbSubMenuIconHoverColor\":\"rgba(0,0,0,1)\",\"sliderPlayButton\":\"1\",\"sliderZoomButton\":\"0\",\"sliderFullScreen\":\"1\",\"sliderInfoEnable\":\"0\",\"sliderItemDownload\":\"0\",\"sliderSocialShareEnabled\":\"0\",\"sliderLikesEnabled\":\"0\",\"sliderSlideshowEneble\":\"0\",\"slideshowDelay\":\"8\",\"slideshowProgressBarColor\":\"rgba(255,255,255,1)\",\"slideshowProgressBarBGColor\":\"rgba(49,49,49,1)\",\"modaBgColor\":\"rgba(0,0,0,0.9)\",\"modalInfoBoxBgColor\":\"rgba(255,255,255,1)\",\"modalInfoBoxTitleTextColor\":\"#000000\",\"shareTitlePlaceHolder\":\"Share\",\"modalInfoBoxTextColor\":\"#333333\",\"infoBarExifEnable\":\"1\",\"infoBarCountersEnable\":\"1\",\"infoBarDateInfoEnable\":\"1\",\"customCSS\":\"\",\"key\":\"9fc7390f4f41450289e16b954c57b145\",\"name\":\"GRANDPackPlus\",\"galleryID\":\"sc2_535\",\"post_url\":\"https:\\\/\\\/baudhost.be\\\/wordpress\\\/wp-json\\\/wp\\\/v2\\\/pages\\\/5460\",\"module_url\":\"https:\\\/\\\/baudhost.be\\\/wordpress\\\/wp-content\\\/plugins\\\/flagallery-skins\\\/flaslider\\\/\"}, 'data':[{\"gallery\":{\"gid\":\"535\",\"name\":\"ewal_18_sda_gps\",\"path\":\"https:\\\/\\\/baudhost.be\\\/wordpress\\\/wp-content\\\/flagallery\\\/ewal_18_sda_gps\",\"title\":\"EWal_18_SDA_gps\",\"galdesc\":\"\"},\"data\":[{\"pid\":\"7249\",\"filename\":\"map.jpg\",\"description\":\"\",\"alttext\":\"\",\"link\":null,\"imagedate\":\"2021-01-03 09:14:37\",\"hitcounter\":\"36\",\"total_value\":\"0\",\"total_votes\":\"0\",\"meta_data\":{\"aperture\":false,\"credit\":false,\"camera\":false,\"caption\":false,\"created_timestamp\":false,\"copyright\":false,\"focal_length\":false,\"iso\":false,\"shutter_speed\":false,\"flash\":false,\"title\":false,\"keywords\":false,\"width\":533,\"height\":501,\"saved\":true,\"thumbnail\":{\"width\":400,\"height\":376},\"webview\":{\"0\":533,\"1\":501,\"2\":2,\"3\":\"width=\\\"533\\\" height=\\\"501\\\"\",\"bits\":8,\"channels\":3,\"mime\":\"image\\\/jpeg\"}}},{\"pid\":\"7250\",\"filename\":\"map_visu.jpg\",\"description\":\"\",\"alttext\":\"\",\"link\":null,\"imagedate\":\"2021-01-03 09:14:38\",\"hitcounter\":\"0\",\"total_value\":\"0\",\"total_votes\":\"0\",\"meta_data\":{\"aperture\":false,\"credit\":false,\"camera\":false,\"caption\":false,\"created_timestamp\":false,\"copyright\":false,\"focal_length\":false,\"iso\":false,\"shutter_speed\":false,\"flash\":false,\"title\":false,\"keywords\":false,\"width\":688,\"height\":619,\"saved\":true,\"thumbnail\":{\"width\":400,\"height\":360},\"webview\":{\"0\":688,\"1\":619,\"2\":2,\"3\":\"width=\\\"688\\\" height=\\\"619\\\"\",\"bits\":8,\"channels\":3,\"mime\":\"image\\\/jpeg\"}}},{\"pid\":\"7251\",\"filename\":\"profil.jpg\",\"description\":\"\",\"alttext\":\"\",\"link\":null,\"imagedate\":\"2021-01-03 09:14:39\",\"hitcounter\":\"0\",\"total_value\":\"0\",\"total_votes\":\"0\",\"meta_data\":{\"aperture\":false,\"credit\":false,\"camera\":false,\"caption\":false,\"created_timestamp\":false,\"copyright\":false,\"focal_length\":false,\"iso\":false,\"shutter_speed\":false,\"flash\":false,\"title\":false,\"keywords\":false,\"width\":839,\"height\":610,\"saved\":true,\"thumbnail\":{\"width\":400,\"height\":290},\"webview\":{\"0\":839,\"1\":610,\"2\":2,\"3\":\"width=\\\"839\\\" height=\\\"610\\\"\",\"bits\":8,\"channels\":3,\"mime\":\"image\\\/jpeg\"}}},{\"pid\":\"7252\",\"filename\":\"map_st.jpg\",\"description\":\"\",\"alttext\":\"\",\"link\":null,\"imagedate\":\"2021-01-03 09:14:39\",\"hitcounter\":\"0\",\"total_value\":\"0\",\"total_votes\":\"0\",\"meta_data\":{\"aperture\":false,\"credit\":false,\"camera\":false,\"caption\":false,\"created_timestamp\":false,\"copyright\":false,\"focal_length\":false,\"iso\":false,\"shutter_speed\":false,\"flash\":false,\"title\":false,\"keywords\":false,\"width\":1106,\"height\":860,\"saved\":true,\"thumbnail\":{\"width\":400,\"height\":311},\"webview\":{\"0\":1106,\"1\":860,\"2\":2,\"3\":\"width=\\\"1106\\\" height=\\\"860\\\"\",\"bits\":8,\"channels\":3,\"mime\":\"image\\\/jpeg\"}}},{\"pid\":\"7253\",\"filename\":\"screenshot_20181002-071046.png\",\"description\":\"\",\"alttext\":\"\",\"link\":null,\"imagedate\":\"2021-01-03 09:14:40\",\"hitcounter\":\"0\",\"total_value\":\"0\",\"total_votes\":\"0\",\"meta_data\":{\"aperture\":false,\"credit\":false,\"camera\":false,\"caption\":false,\"created_timestamp\":false,\"copyright\":false,\"focal_length\":false,\"iso\":false,\"shutter_speed\":false,\"flash\":false,\"title\":false,\"keywords\":false,\"width\":720,\"height\":1280,\"saved\":true,\"thumbnail\":{\"width\":225,\"height\":400},\"webview\":{\"0\":720,\"1\":1280,\"2\":3,\"3\":\"width=\\\"720\\\" height=\\\"1280\\\"\",\"bits\":8,\"mime\":\"image\\\/png\"}}}]}], };})();<\/script><\/div><noscript id=\"noscript_FlaGallery_sc2_535\"><img class=\"skip-lazy no-lazyload noLazy\" data-lazy-src=\"\" src =\"https:\/\/baudhost.be\/wordpress\/wp-content\/flagallery\/ewal_18_sda_gps\/map.jpg\" alt=\"\" \/><img class=\"skip-lazy no-lazyload noLazy\" data-lazy-src=\"\" src =\"https:\/\/baudhost.be\/wordpress\/wp-content\/flagallery\/ewal_18_sda_gps\/map_visu.jpg\" alt=\"\" \/><img class=\"skip-lazy no-lazyload noLazy\" data-lazy-src=\"\" src =\"https:\/\/baudhost.be\/wordpress\/wp-content\/flagallery\/ewal_18_sda_gps\/profil.jpg\" alt=\"\" \/><img class=\"skip-lazy no-lazyload noLazy\" data-lazy-src=\"\" src =\"https:\/\/baudhost.be\/wordpress\/wp-content\/flagallery\/ewal_18_sda_gps\/map_st.jpg\" alt=\"\" \/><img class=\"skip-lazy no-lazyload noLazy\" data-lazy-src=\"\" src =\"https:\/\/baudhost.be\/wordpress\/wp-content\/flagallery\/ewal_18_sda_gps\/screenshot_20181002-071046.png\" alt=\"\" \/><\/noscript><\/div>\n\n\n\n<div class=\"wp-block-columns is-layout-flex wp-container-core-columns-is-layout-9d6595d7 wp-block-columns-is-layout-flex\">\n<div class=\"wp-block-column is-layout-flow wp-block-column-is-layout-flow\">\n<div class=\"wp-block-file\"><a href=\"https:\/\/baudhost.be\/wordpress\/wp-content\/uploads\/2021\/01\/EWal_SDA_G.gpx\" target=\"_blank\" rel=\"noreferrer noopener\">EWal_SDA_G<\/a><\/div>\n<\/div>\n\n\n\n<div class=\"wp-block-column is-layout-flow wp-block-column-is-layout-flow\">\n<div class=\"wp-block-file alignright\"><a href=\"https:\/\/baudhost.be\/wordpress\/wp-content\/uploads\/2021\/01\/EWal_SDA_G.kml\" target=\"_blank\" rel=\"noreferrer noopener\">EWal_SDA_G<\/a><\/div>\n<\/div>\n<\/div>\n\n\n\n<div class=\"wp-block-columns is-layout-flex wp-container-core-columns-is-layout-9d6595d7 wp-block-columns-is-layout-flex\">\n<div class=\"wp-block-column is-layout-flow wp-block-column-is-layout-flow\" style=\"flex-basis:25%\">\n<figure class=\"wp-block-image size-large\"><img loading=\"lazy\" decoding=\"async\" width=\"271\" height=\"189\" src=\"https:\/\/baudhost.be\/wordpress\/wp-content\/uploads\/2020\/12\/logo_gpx_bis.jpg\" alt=\"\" class=\"wp-image-4124\"\/><\/figure>\n<\/div>\n\n\n\n<div class=\"wp-block-column is-layout-flow wp-block-column-is-layout-flow\" style=\"flex-basis:50%\">\n<p><strong>T\u00e9l\u00e9chargement <\/strong>sous le diaporama (format GPX pour GPS et KML pour Google Earth)<\/p>\n<\/div>\n\n\n\n<div class=\"wp-block-column is-layout-flow wp-block-column-is-layout-flow\" style=\"flex-basis:25%\">\n<figure class=\"wp-block-image size-large\"><img loading=\"lazy\" decoding=\"async\" width=\"271\" height=\"189\" src=\"https:\/\/baudhost.be\/wordpress\/wp-content\/uploads\/2020\/02\/logo_google_earth_download.jpg\" alt=\"\" class=\"wp-image-1967\"\/><\/figure>\n<\/div>\n<\/div>\n<\/div>\n\n\n\n<div class=\"wp-block-column is-layout-flow wp-block-column-is-layout-flow\"><\/div>\n<\/div>\n\n\n\n<hr class=\"wp-block-separator\"\/>\n\n\n\n<h3 class=\"wp-block-heading\"><strong>Informations compl\u00e9mentaires \u00e0 la randonn\u00e9e<\/strong><\/h3>\n\n\n\n<div class=\"wp-block-columns is-layout-flex wp-container-core-columns-is-layout-9d6595d7 wp-block-columns-is-layout-flex\">\n<div class=\"wp-block-column is-layout-flow wp-block-column-is-layout-flow\">\n<div class=\"wp-block-columns is-layout-flex wp-container-core-columns-is-layout-9d6595d7 wp-block-columns-is-layout-flex\">\n<div class=\"wp-block-column is-layout-flow wp-block-column-is-layout-flow\" style=\"flex-basis:33.33%\">\n<figure class=\"wp-block-image size-large\"><img loading=\"lazy\" decoding=\"async\" width=\"300\" height=\"300\" src=\"https:\/\/baudhost.be\/wordpress\/wp-content\/uploads\/2020\/01\/documents.jpg\" alt=\"\" class=\"wp-image-67\" srcset=\"https:\/\/baudhost.be\/wordpress\/wp-content\/uploads\/2020\/01\/documents.jpg 300w, https:\/\/baudhost.be\/wordpress\/wp-content\/uploads\/2020\/01\/documents-150x150.jpg 150w, https:\/\/baudhost.be\/wordpress\/wp-content\/uploads\/2020\/01\/documents-100x100.jpg 100w\" sizes=\"auto, (max-width: 300px) 100vw, 300px\" \/><figcaption><strong>Informations<\/strong> \u00e0 t\u00e9l\u00e9charger<\/figcaption><\/figure>\n<\/div>\n\n\n\n<div class=\"wp-block-column is-layout-flow wp-block-column-is-layout-flow\" style=\"flex-basis:66.66%\"><\/div>\n<\/div>\n<\/div>\n\n\n\n<div class=\"wp-block-column is-layout-flow wp-block-column-is-layout-flow\">\n<div class=\"wp-block-columns is-layout-flex wp-container-core-columns-is-layout-9d6595d7 wp-block-columns-is-layout-flex\">\n<div class=\"wp-block-column is-layout-flow wp-block-column-is-layout-flow\" style=\"flex-basis:33.33%\">\n<figure class=\"wp-block-image size-large\"><img loading=\"lazy\" decoding=\"async\" width=\"400\" height=\"400\" src=\"https:\/\/baudhost.be\/wordpress\/wp-content\/uploads\/2020\/01\/www.jpg\" alt=\"\" class=\"wp-image-78\" srcset=\"https:\/\/baudhost.be\/wordpress\/wp-content\/uploads\/2020\/01\/www.jpg 400w, https:\/\/baudhost.be\/wordpress\/wp-content\/uploads\/2020\/01\/www-300x300.jpg 300w, https:\/\/baudhost.be\/wordpress\/wp-content\/uploads\/2020\/01\/www-150x150.jpg 150w, https:\/\/baudhost.be\/wordpress\/wp-content\/uploads\/2020\/01\/www-100x100.jpg 100w\" sizes=\"auto, (max-width: 400px) 100vw, 400px\" \/><figcaption>Les <strong>boutons <\/strong>donnent acc\u00e8s aux sites concern\u00e9s<\/figcaption><\/figure>\n<\/div>\n\n\n\n<div class=\"wp-block-column is-layout-flow wp-block-column-is-layout-flow\" style=\"flex-basis:66.66%\">\n<div class=\"wp-block-buttons is-layout-flex wp-block-buttons-is-layout-flex\">\n<div class=\"wp-block-button is-style-outline is-style-outline--1\"><a class=\"wp-block-button__link\" href=\"https:\/\/www.villers-la-ville.be\/vie-locale\/sports\/complexe-sportif\" target=\"_blank\" rel=\"noreferrer noopener\">Complexe Sportif &#8211; SDA<\/a><\/div>\n\n\n\n<div class=\"wp-block-button is-style-outline is-style-outline--2\"><a class=\"wp-block-button__link\" href=\"http:\/\/www.fermedeberines.be\/\" target=\"_blank\" rel=\"noreferrer noopener\">Ferme de B\u00e9rines &#8211; SDA<\/a><\/div>\n<\/div>\n<\/div>\n<\/div>\n<\/div>\n<\/div>\n\n\n\n<p><\/p>\n","protected":false},"excerpt":{"rendered":"<p>Diaporama des photos prises durant la randonn\u00e9e \u00e0 Sart-Dames-Avelines &#8211; 1 octobre 2018 Description de la randonn\u00e9e D\u00e9part au parking du complexe sportif de Sart-Dames-Avelines. La m\u00e9t\u00e9o est pluvieuse et ensoleill\u00e9e (12\u00b0C) pour notre marche en boucle au nord-est du complexe sportif. Nous voil\u00e0 donc partis, sous la houlette de Jean, vers le nord, sous &hellip; <\/p>\n<p class=\"link-more\"><a href=\"https:\/\/baudhost.be\/wordpress\/2018-2\/octobre-2018\/ewal_18_sart-dames-avelines\/\" class=\"more-link\">Continuer la lecture<span class=\"screen-reader-text\"> de &laquo;&nbsp;EWal_18_Sart-Dames-Avelines&nbsp;&raquo;<\/span><\/a><\/p>\n","protected":false},"author":1,"featured_media":0,"parent":4633,"menu_order":0,"comment_status":"closed","ping_status":"closed","template":"","meta":{"footnotes":""},"class_list":["post-5460","page","type-page","status-publish","hentry"],"_links":{"self":[{"href":"https:\/\/baudhost.be\/wordpress\/wp-json\/wp\/v2\/pages\/5460","targetHints":{"allow":["GET"]}}],"collection":[{"href":"https:\/\/baudhost.be\/wordpress\/wp-json\/wp\/v2\/pages"}],"about":[{"href":"https:\/\/baudhost.be\/wordpress\/wp-json\/wp\/v2\/types\/page"}],"author":[{"embeddable":true,"href":"https:\/\/baudhost.be\/wordpress\/wp-json\/wp\/v2\/users\/1"}],"replies":[{"embeddable":true,"href":"https:\/\/baudhost.be\/wordpress\/wp-json\/wp\/v2\/comments?post=5460"}],"version-history":[{"count":12,"href":"https:\/\/baudhost.be\/wordpress\/wp-json\/wp\/v2\/pages\/5460\/revisions"}],"predecessor-version":[{"id":5479,"href":"https:\/\/baudhost.be\/wordpress\/wp-json\/wp\/v2\/pages\/5460\/revisions\/5479"}],"up":[{"embeddable":true,"href":"https:\/\/baudhost.be\/wordpress\/wp-json\/wp\/v2\/pages\/4633"}],"wp:attachment":[{"href":"https:\/\/baudhost.be\/wordpress\/wp-json\/wp\/v2\/media?parent=5460"}],"curies":[{"name":"wp","href":"https:\/\/api.w.org\/{rel}","templated":true}]}}