{"id":4789,"date":"2020-12-22T11:19:17","date_gmt":"2020-12-22T10:19:17","guid":{"rendered":"https:\/\/baudhost.be\/wordpress\/?page_id=4789"},"modified":"2020-12-22T12:13:54","modified_gmt":"2020-12-22T11:13:54","slug":"ewav_18_limal","status":"publish","type":"page","link":"https:\/\/baudhost.be\/wordpress\/2018-2\/mai-2018\/ewav_18_limal\/","title":{"rendered":"EWav_18_Limal"},"content":{"rendered":"\n<div class=\"wp-block-image\"><figure class=\"aligncenter size-large\"><img loading=\"lazy\" decoding=\"async\" width=\"421\" height=\"160\" src=\"https:\/\/baudhost.be\/wordpress\/wp-content\/uploads\/2020\/01\/eneo_wgd_sport.jpg\" alt=\"\" class=\"wp-image-296\" srcset=\"https:\/\/baudhost.be\/wordpress\/wp-content\/uploads\/2020\/01\/eneo_wgd_sport.jpg 421w, https:\/\/baudhost.be\/wordpress\/wp-content\/uploads\/2020\/01\/eneo_wgd_sport-300x114.jpg 300w\" sizes=\"auto, (max-width: 421px) 100vw, 421px\" \/><\/figure><\/div>\n\n\n\n<div class=\"wp-block-columns is-layout-flex wp-container-core-columns-is-layout-9d6595d7 wp-block-columns-is-layout-flex\">\n<div class=\"wp-block-column is-layout-flow wp-block-column-is-layout-flow\" style=\"flex-basis:15%\">\n<div class=\"wp-block-image\"><figure class=\"aligncenter size-large\"><img loading=\"lazy\" decoding=\"async\" width=\"137\" height=\"86\" src=\"https:\/\/baudhost.be\/wordpress\/wp-content\/uploads\/2020\/01\/diaporama.jpg\" alt=\"\" class=\"wp-image-8\"\/><\/figure><\/div>\n<\/div>\n\n\n\n<div class=\"wp-block-column is-layout-flow wp-block-column-is-layout-flow\" style=\"flex-basis:85%\">\n<p class=\"has-text-align-center\"><strong>Diaporama <\/strong>des photos prises durant la randonn\u00e9e \u00e0<\/p>\n\n\n\n<p class=\"has-text-align-center\"><strong> Limal &#8211; <\/strong> 9 mai 2018 <\/p>\n<\/div>\n<\/div>\n\n\n\n<div class=\"wp-block-flagallery-gallery flagallery-shortcode\"><div class=\"flagallery flaslider_skin\" id=\"FlaGallery_sc1_412\" ><script type=\"text\/javascript\">(function(){this['FlaGallery_sc1_412']={'settings':{\"sliderHeightRetio\":\"0.7\",\"sliderPreloaderColor\":\"#ffffff\",\"sliderBgColor\":\"rgba(165, 187, 157, 0.9)\",\"sliderHeaderFooterBgColor\":\"rgba(0, 0, 0, 0.4)\",\"sliderNavigationColor\":\"rgba(0,0,0,1)\",\"sliderNavigationIconColor\":\"rgba(255,255,255,1)\",\"sliderItemDescriptionBlock\":\"1\",\"sliderItemTitleFontSize\":\"18\",\"sliderItemTitleTextColor\":\"#ffffff\",\"sliderItemDescriptionFontSize\":\"14\",\"sliderItemDescriptionTextColor\":\"#969696\",\"sliderThumbBarEnable\":\"1\",\"sliderThumbBarHoverColor\":\"#ffffff\",\"sliderThumbSubMenuBackgroundColor\":\"rgba(0,0,0,1)\",\"sliderThumbSubMenuBackgroundColorOver\":\"rgba(255,255,255,1)\",\"sliderThumbSubMenuIconColor\":\"rgba(255,255,255,1)\",\"sliderThumbSubMenuIconHoverColor\":\"rgba(0,0,0,1)\",\"sliderPlayButton\":\"1\",\"sliderZoomButton\":\"1\",\"sliderFullScreen\":\"1\",\"sliderInfoEnable\":\"1\",\"sliderItemDownload\":\"1\",\"sliderSocialShareEnabled\":\"0\",\"sliderLikesEnabled\":\"0\",\"sliderSlideshowEneble\":\"0\",\"slideshowDelay\":\"8\",\"slideshowProgressBarColor\":\"rgba(255,255,255,1)\",\"slideshowProgressBarBGColor\":\"rgba(49,49,49,1)\",\"modaBgColor\":\"rgba(0,0,0,0.9)\",\"modalInfoBoxBgColor\":\"rgba(255,255,255,1)\",\"modalInfoBoxTitleTextColor\":\"#000000\",\"shareTitlePlaceHolder\":\"Share\",\"modalInfoBoxTextColor\":\"#333333\",\"infoBarExifEnable\":\"1\",\"infoBarCountersEnable\":\"1\",\"infoBarDateInfoEnable\":\"1\",\"customCSS\":\"\",\"key\":\"9fc7390f4f41450289e16b954c57b145\",\"name\":\"GRANDPackPlus\",\"galleryID\":\"sc1_412\",\"post_url\":\"https:\\\/\\\/baudhost.be\\\/wordpress\\\/wp-json\\\/wp\\\/v2\\\/pages\\\/4789\",\"module_url\":\"https:\\\/\\\/baudhost.be\\\/wordpress\\\/wp-content\\\/plugins\\\/flagallery-skins\\\/flaslider\\\/\"}, 'data':[{\"gallery\":{\"gid\":\"412\",\"name\":\"ewav_18_limal\",\"path\":\"https:\\\/\\\/baudhost.be\\\/wordpress\\\/wp-content\\\/flagallery\\\/ewav_18_limal\",\"title\":\"EWav_18_Limal\",\"galdesc\":\"\"},\"data\":[{\"pid\":\"4713\",\"filename\":\"limal_01.jpg\",\"description\":\"\",\"alttext\":\"cof\",\"link\":null,\"imagedate\":\"2018-05-09 14:10:48\",\"hitcounter\":\"19\",\"total_value\":\"0\",\"total_votes\":\"0\",\"meta_data\":{\"aperture\":\"F 2.2\",\"credit\":false,\"camera\":\"VTR-L09\",\"caption\":false,\"created_timestamp\":\"9 mai 2018 14 h 10 min\",\"copyright\":false,\"focal_length\":\"3.95 mm\",\"iso\":80,\"shutter_speed\":\"1\\\/900 sec\",\"flash\":\"Not fired\",\"title\":\"cof\",\"keywords\":false,\"width\":1916,\"height\":1080,\"saved\":true,\"thumbnail\":{\"width\":400,\"height\":225},\"webview\":{\"0\":1916,\"1\":1080,\"2\":2,\"3\":\"width=\\\"1916\\\" height=\\\"1080\\\"\",\"bits\":8,\"channels\":3,\"mime\":\"image\\\/jpeg\"}}},{\"pid\":\"4714\",\"filename\":\"limal_02.jpg\",\"description\":\"\",\"alttext\":\"cof\",\"link\":null,\"imagedate\":\"2018-05-09 14:45:06\",\"hitcounter\":\"0\",\"total_value\":\"0\",\"total_votes\":\"0\",\"meta_data\":{\"aperture\":\"F 2.2\",\"credit\":false,\"camera\":\"VTR-L09\",\"caption\":false,\"created_timestamp\":\"9 mai 2018 14 h 45 min\",\"copyright\":false,\"focal_length\":\"3.95 mm\",\"iso\":50,\"shutter_speed\":\"1\\\/1120 sec\",\"flash\":\"Not fired\",\"title\":\"cof\",\"keywords\":false,\"width\":1916,\"height\":1080,\"saved\":true,\"thumbnail\":{\"width\":400,\"height\":225},\"webview\":{\"0\":1916,\"1\":1080,\"2\":2,\"3\":\"width=\\\"1916\\\" height=\\\"1080\\\"\",\"bits\":8,\"channels\":3,\"mime\":\"image\\\/jpeg\"}}},{\"pid\":\"4715\",\"filename\":\"limal_03.jpg\",\"description\":\"\",\"alttext\":\"cof\",\"link\":null,\"imagedate\":\"2018-05-09 15:10:16\",\"hitcounter\":\"0\",\"total_value\":\"0\",\"total_votes\":\"0\",\"meta_data\":{\"aperture\":\"F 2.2\",\"credit\":false,\"camera\":\"VTR-L09\",\"caption\":false,\"created_timestamp\":\"9 mai 2018 15 h 10 min\",\"copyright\":false,\"focal_length\":\"3.95 mm\",\"iso\":50,\"shutter_speed\":\"1\\\/380 sec\",\"flash\":\"Not fired\",\"title\":\"cof\",\"keywords\":false,\"width\":1916,\"height\":1080,\"saved\":true,\"thumbnail\":{\"width\":400,\"height\":225},\"webview\":{\"0\":1916,\"1\":1080,\"2\":2,\"3\":\"width=\\\"1916\\\" height=\\\"1080\\\"\",\"bits\":8,\"channels\":3,\"mime\":\"image\\\/jpeg\"}}},{\"pid\":\"4716\",\"filename\":\"limal_04.jpg\",\"description\":\"\",\"alttext\":\"bst\",\"link\":null,\"imagedate\":\"2018-05-09 15:34:43\",\"hitcounter\":\"0\",\"total_value\":\"0\",\"total_votes\":\"0\",\"meta_data\":{\"aperture\":\"F 2.2\",\"credit\":false,\"camera\":\"VTR-L09\",\"caption\":false,\"created_timestamp\":\"9 mai 2018 15 h 34 min\",\"copyright\":false,\"focal_length\":\"3.95 mm\",\"iso\":50,\"shutter_speed\":\"1\\\/1550 sec\",\"flash\":\"Not fired\",\"title\":\"bst\",\"keywords\":false,\"width\":1916,\"height\":1080,\"saved\":true,\"thumbnail\":{\"width\":400,\"height\":225},\"webview\":{\"0\":1916,\"1\":1080,\"2\":2,\"3\":\"width=\\\"1916\\\" height=\\\"1080\\\"\",\"bits\":8,\"channels\":3,\"mime\":\"image\\\/jpeg\"}}},{\"pid\":\"4717\",\"filename\":\"limal_05.jpg\",\"description\":\"\",\"alttext\":\"cof\",\"link\":null,\"imagedate\":\"2018-05-09 15:48:41\",\"hitcounter\":\"0\",\"total_value\":\"0\",\"total_votes\":\"0\",\"meta_data\":{\"aperture\":\"F 2.2\",\"credit\":false,\"camera\":\"VTR-L09\",\"caption\":false,\"created_timestamp\":\"9 mai 2018 15 h 48 min\",\"copyright\":false,\"focal_length\":\"3.95 mm\",\"iso\":50,\"shutter_speed\":\"1\\\/460 sec\",\"flash\":\"Not fired\",\"title\":\"cof\",\"keywords\":false,\"width\":1080,\"height\":1916,\"saved\":true,\"thumbnail\":{\"width\":225,\"height\":400},\"webview\":{\"0\":1080,\"1\":1916,\"2\":2,\"3\":\"width=\\\"1080\\\" height=\\\"1916\\\"\",\"bits\":8,\"channels\":3,\"mime\":\"image\\\/jpeg\"}}}]}], };})();<\/script><\/div><noscript id=\"noscript_FlaGallery_sc1_412\"><img class=\"skip-lazy no-lazyload noLazy\" data-lazy-src=\"\" src =\"https:\/\/baudhost.be\/wordpress\/wp-content\/flagallery\/ewav_18_limal\/limal_01.jpg\" alt=\"cof\" \/><img class=\"skip-lazy no-lazyload noLazy\" data-lazy-src=\"\" src =\"https:\/\/baudhost.be\/wordpress\/wp-content\/flagallery\/ewav_18_limal\/limal_02.jpg\" alt=\"cof\" \/><img class=\"skip-lazy no-lazyload noLazy\" data-lazy-src=\"\" src =\"https:\/\/baudhost.be\/wordpress\/wp-content\/flagallery\/ewav_18_limal\/limal_03.jpg\" alt=\"cof\" \/><img class=\"skip-lazy no-lazyload noLazy\" data-lazy-src=\"\" src =\"https:\/\/baudhost.be\/wordpress\/wp-content\/flagallery\/ewav_18_limal\/limal_04.jpg\" alt=\"bst\" \/><img class=\"skip-lazy no-lazyload noLazy\" data-lazy-src=\"\" src =\"https:\/\/baudhost.be\/wordpress\/wp-content\/flagallery\/ewav_18_limal\/limal_05.jpg\" alt=\"cof\" \/><\/noscript><\/div>\n\n\n\n<hr class=\"wp-block-separator\"\/>\n\n\n\n<h2 class=\"wp-block-heading\"><strong>Description de la randonn\u00e9e<\/strong><\/h2>\n\n\n\n<p>Au d\u00e9part du parking de la gare \u00e0 Limal, nous voil\u00e0 partis sous la houlette de Nicole, pour une boucle \u00e0 l\u2019est de Limal. Le printemps est bien l\u00e0, la temp\u00e9rature au d\u00e9part est de 27\u00b0C.<\/p>\n\n\n\n<p>Prenant \u00e0 l\u2019est, par des petits chemins ombrag\u00e9s, deux mont\u00e9es pour rejoindre la rue Morimont. Petit virage au nord pour rejoindre en longue descente le chemin du Pirroy. Ensuite virage au sud pour monter vers le golf de Louvain-la-Neuve. Une fois celui-ci atteint, virage \u00e0 l\u2019ouest, en direction du ch\u00e2teau de Limelette puis descente plus avant vers Limelette. Passage par le chemin longeant le chemin de fer pour passer \u00e0 l\u2019\u00e9glise de Limelette.<\/p>\n\n\n\n<p>Le verre de l\u2019amiti\u00e9 sera partag\u00e9, pour ceux qui le souhaitent, \u00e0 la taverne Limaloise.<\/p>\n\n\n\n<p><strong>Bilan<\/strong>, un petit 10km parcouru en ce bel apr\u00e8s-midi pour les 15 marcheurs participants.<\/p>\n\n\n\n<hr class=\"wp-block-separator\"\/>\n\n\n\n<h3 class=\"wp-block-heading\"><strong>Informations GPS de la randonn\u00e9e<\/strong><\/h3>\n\n\n\n<div class=\"wp-block-flagallery-gallery flagallery-shortcode\"><div class=\"flagallery flaslider_skin\" id=\"FlaGallery_sc2_413\" ><script type=\"text\/javascript\">(function(){this['FlaGallery_sc2_413']={'settings':{\"sliderHeightRetio\":\"0.7\",\"sliderPreloaderColor\":\"#ffffff\",\"sliderBgColor\":\"rgba(165, 187, 157, 0.9)\",\"sliderHeaderFooterBgColor\":\"rgba(0, 0, 0, 0.4)\",\"sliderNavigationColor\":\"rgba(0,0,0,1)\",\"sliderNavigationIconColor\":\"rgba(255,255,255,1)\",\"sliderItemDescriptionBlock\":\"1\",\"sliderItemTitleFontSize\":\"18\",\"sliderItemTitleTextColor\":\"#ffffff\",\"sliderItemDescriptionFontSize\":\"14\",\"sliderItemDescriptionTextColor\":\"#969696\",\"sliderThumbBarEnable\":\"1\",\"sliderThumbBarHoverColor\":\"#ffffff\",\"sliderThumbSubMenuBackgroundColor\":\"rgba(0,0,0,1)\",\"sliderThumbSubMenuBackgroundColorOver\":\"rgba(255,255,255,1)\",\"sliderThumbSubMenuIconColor\":\"rgba(255,255,255,1)\",\"sliderThumbSubMenuIconHoverColor\":\"rgba(0,0,0,1)\",\"sliderPlayButton\":\"1\",\"sliderZoomButton\":\"1\",\"sliderFullScreen\":\"1\",\"sliderInfoEnable\":\"1\",\"sliderItemDownload\":\"1\",\"sliderSocialShareEnabled\":\"0\",\"sliderLikesEnabled\":\"0\",\"sliderSlideshowEneble\":\"0\",\"slideshowDelay\":\"8\",\"slideshowProgressBarColor\":\"rgba(255,255,255,1)\",\"slideshowProgressBarBGColor\":\"rgba(49,49,49,1)\",\"modaBgColor\":\"rgba(0,0,0,0.9)\",\"modalInfoBoxBgColor\":\"rgba(255,255,255,1)\",\"modalInfoBoxTitleTextColor\":\"#000000\",\"shareTitlePlaceHolder\":\"Share\",\"modalInfoBoxTextColor\":\"#333333\",\"infoBarExifEnable\":\"1\",\"infoBarCountersEnable\":\"1\",\"infoBarDateInfoEnable\":\"1\",\"customCSS\":\"\",\"key\":\"9fc7390f4f41450289e16b954c57b145\",\"name\":\"GRANDPackPlus\",\"galleryID\":\"sc2_413\",\"post_url\":\"https:\\\/\\\/baudhost.be\\\/wordpress\\\/wp-json\\\/wp\\\/v2\\\/pages\\\/4789\",\"module_url\":\"https:\\\/\\\/baudhost.be\\\/wordpress\\\/wp-content\\\/plugins\\\/flagallery-skins\\\/flaslider\\\/\"}, 'data':[{\"gallery\":{\"gid\":\"413\",\"name\":\"ewav_18_limal_gps\",\"path\":\"https:\\\/\\\/baudhost.be\\\/wordpress\\\/wp-content\\\/flagallery\\\/ewav_18_limal_gps\",\"title\":\"EWav_18_Limal_gps\",\"galdesc\":\"\"},\"data\":[{\"pid\":\"4718\",\"filename\":\"map.jpg\",\"description\":\"\",\"alttext\":\"\",\"link\":null,\"imagedate\":\"2020-12-22 11:09:28\",\"hitcounter\":\"19\",\"total_value\":\"0\",\"total_votes\":\"0\",\"meta_data\":{\"aperture\":false,\"credit\":false,\"camera\":false,\"caption\":false,\"created_timestamp\":false,\"copyright\":false,\"focal_length\":false,\"iso\":false,\"shutter_speed\":false,\"flash\":false,\"title\":false,\"keywords\":false,\"width\":533,\"height\":501,\"saved\":true,\"thumbnail\":{\"width\":400,\"height\":376},\"webview\":{\"0\":533,\"1\":501,\"2\":2,\"3\":\"width=\\\"533\\\" height=\\\"501\\\"\",\"bits\":8,\"channels\":3,\"mime\":\"image\\\/jpeg\"}}},{\"pid\":\"4719\",\"filename\":\"profil.jpg\",\"description\":\"\",\"alttext\":\"\",\"link\":null,\"imagedate\":\"2020-12-22 11:09:28\",\"hitcounter\":\"0\",\"total_value\":\"0\",\"total_votes\":\"0\",\"meta_data\":{\"aperture\":false,\"credit\":false,\"camera\":false,\"caption\":false,\"created_timestamp\":false,\"copyright\":false,\"focal_length\":false,\"iso\":false,\"shutter_speed\":false,\"flash\":false,\"title\":false,\"keywords\":false,\"width\":790,\"height\":347,\"saved\":true,\"thumbnail\":{\"width\":400,\"height\":175},\"webview\":{\"0\":790,\"1\":347,\"2\":2,\"3\":\"width=\\\"790\\\" height=\\\"347\\\"\",\"bits\":8,\"channels\":3,\"mime\":\"image\\\/jpeg\"}}},{\"pid\":\"4720\",\"filename\":\"map_st.jpg\",\"description\":\"\",\"alttext\":\"\",\"link\":null,\"imagedate\":\"2020-12-22 11:09:29\",\"hitcounter\":\"0\",\"total_value\":\"0\",\"total_votes\":\"0\",\"meta_data\":{\"aperture\":false,\"credit\":false,\"camera\":false,\"caption\":false,\"created_timestamp\":false,\"copyright\":false,\"focal_length\":false,\"iso\":false,\"shutter_speed\":false,\"flash\":false,\"title\":false,\"keywords\":false,\"width\":1264,\"height\":805,\"saved\":true,\"thumbnail\":{\"width\":400,\"height\":254},\"webview\":{\"0\":1264,\"1\":805,\"2\":2,\"3\":\"width=\\\"1264\\\" height=\\\"805\\\"\",\"bits\":8,\"channels\":3,\"mime\":\"image\\\/jpeg\"}}},{\"pid\":\"4721\",\"filename\":\"screenshot_20180509-190949.jpg\",\"description\":\"\",\"alttext\":\"\",\"link\":null,\"imagedate\":\"2020-12-22 11:09:30\",\"hitcounter\":\"0\",\"total_value\":\"0\",\"total_votes\":\"0\",\"meta_data\":{\"aperture\":false,\"credit\":false,\"camera\":false,\"caption\":false,\"created_timestamp\":false,\"copyright\":false,\"focal_length\":false,\"iso\":false,\"shutter_speed\":false,\"flash\":false,\"title\":false,\"keywords\":false,\"width\":1080,\"height\":1920,\"saved\":true,\"thumbnail\":{\"width\":225,\"height\":400},\"webview\":{\"0\":1080,\"1\":1920,\"2\":2,\"3\":\"width=\\\"1080\\\" height=\\\"1920\\\"\",\"bits\":8,\"channels\":3,\"mime\":\"image\\\/jpeg\"}}}]}], };})();<\/script><\/div><noscript id=\"noscript_FlaGallery_sc2_413\"><img class=\"skip-lazy no-lazyload noLazy\" data-lazy-src=\"\" src =\"https:\/\/baudhost.be\/wordpress\/wp-content\/flagallery\/ewav_18_limal_gps\/map.jpg\" alt=\"\" \/><img class=\"skip-lazy no-lazyload noLazy\" data-lazy-src=\"\" src =\"https:\/\/baudhost.be\/wordpress\/wp-content\/flagallery\/ewav_18_limal_gps\/profil.jpg\" alt=\"\" \/><img class=\"skip-lazy no-lazyload noLazy\" data-lazy-src=\"\" src =\"https:\/\/baudhost.be\/wordpress\/wp-content\/flagallery\/ewav_18_limal_gps\/map_st.jpg\" alt=\"\" \/><img class=\"skip-lazy no-lazyload noLazy\" data-lazy-src=\"\" src =\"https:\/\/baudhost.be\/wordpress\/wp-content\/flagallery\/ewav_18_limal_gps\/screenshot_20180509-190949.jpg\" alt=\"\" \/><\/noscript><\/div>\n\n\n\n<div class=\"wp-block-columns is-layout-flex wp-container-core-columns-is-layout-9d6595d7 wp-block-columns-is-layout-flex\">\n<div class=\"wp-block-column is-layout-flow wp-block-column-is-layout-flow\">\n<div class=\"wp-block-file\"><a href=\"https:\/\/baudhost.be\/wordpress\/wp-content\/uploads\/2020\/12\/EWav_18_Limal_P10L.gpx\" target=\"_blank\" rel=\"noreferrer noopener\">EWav_18_Limal_P10L<\/a><\/div>\n<\/div>\n\n\n\n<div class=\"wp-block-column is-layout-flow wp-block-column-is-layout-flow\">\n<div class=\"wp-block-file alignright\"><a href=\"https:\/\/baudhost.be\/wordpress\/wp-content\/uploads\/2020\/12\/EWav_18_Limal_P10L.kml\" target=\"_blank\" rel=\"noreferrer noopener\">EWav_18_Limal_P10L<\/a><\/div>\n<\/div>\n<\/div>\n\n\n\n<div class=\"wp-block-columns are-vertically-aligned-center is-layout-flex wp-container-core-columns-is-layout-9d6595d7 wp-block-columns-is-layout-flex\">\n<div class=\"wp-block-column is-vertically-aligned-center is-layout-flow wp-block-column-is-layout-flow\">\n<div class=\"wp-block-image\"><figure class=\"aligncenter size-large is-resized\"><img loading=\"lazy\" decoding=\"async\" src=\"https:\/\/baudhost.be\/wordpress\/wp-content\/uploads\/2020\/01\/gpx2.png\" alt=\"\" class=\"wp-image-373\" width=\"64\" height=\"64\" srcset=\"https:\/\/baudhost.be\/wordpress\/wp-content\/uploads\/2020\/01\/gpx2.png 256w, https:\/\/baudhost.be\/wordpress\/wp-content\/uploads\/2020\/01\/gpx2-150x150.png 150w, https:\/\/baudhost.be\/wordpress\/wp-content\/uploads\/2020\/01\/gpx2-100x100.png 100w\" sizes=\"auto, (max-width: 64px) 100vw, 64px\" \/><\/figure><\/div>\n<\/div>\n\n\n\n<div class=\"wp-block-column is-vertically-aligned-center is-layout-flow wp-block-column-is-layout-flow\">\n<p style=\"font-size:14px\"><strong>T\u00e9l\u00e9chargement <\/strong>sous le diaporama (format GPX pour GPS et KML pour Google Earth)<\/p>\n<\/div>\n\n\n\n<div class=\"wp-block-column is-vertically-aligned-center is-layout-flow wp-block-column-is-layout-flow\">\n<div class=\"wp-block-image\"><figure class=\"aligncenter size-large is-resized\"><img loading=\"lazy\" decoding=\"async\" src=\"https:\/\/baudhost.be\/wordpress\/wp-content\/uploads\/2020\/01\/go_earth.jpg\" alt=\"\" class=\"wp-image-247\" width=\"149\" height=\"46\"\/><\/figure><\/div>\n<\/div>\n<\/div>\n\n\n\n<hr class=\"wp-block-separator\"\/>\n\n\n\n<h3 class=\"wp-block-heading\"><strong>Informations compl\u00e9mentaires \u00e0 la randonn\u00e9e<\/strong><\/h3>\n\n\n\n<div class=\"wp-block-columns is-layout-flex wp-container-core-columns-is-layout-9d6595d7 wp-block-columns-is-layout-flex\">\n<div class=\"wp-block-column is-layout-flow wp-block-column-is-layout-flow\">\n<div class=\"wp-block-columns is-layout-flex wp-container-core-columns-is-layout-9d6595d7 wp-block-columns-is-layout-flex\">\n<div class=\"wp-block-column is-layout-flow wp-block-column-is-layout-flow\" style=\"flex-basis:33.33%\">\n<figure class=\"wp-block-image size-large\"><img loading=\"lazy\" decoding=\"async\" width=\"300\" height=\"300\" src=\"https:\/\/baudhost.be\/wordpress\/wp-content\/uploads\/2020\/01\/documents.jpg\" alt=\"\" class=\"wp-image-67\" srcset=\"https:\/\/baudhost.be\/wordpress\/wp-content\/uploads\/2020\/01\/documents.jpg 300w, https:\/\/baudhost.be\/wordpress\/wp-content\/uploads\/2020\/01\/documents-150x150.jpg 150w, https:\/\/baudhost.be\/wordpress\/wp-content\/uploads\/2020\/01\/documents-100x100.jpg 100w\" sizes=\"auto, (max-width: 300px) 100vw, 300px\" \/><figcaption><strong>Informations<\/strong> \u00e0 t\u00e9l\u00e9charger<\/figcaption><\/figure>\n<\/div>\n\n\n\n<div class=\"wp-block-column is-layout-flow wp-block-column-is-layout-flow\" style=\"flex-basis:66.66%\"><\/div>\n<\/div>\n<\/div>\n\n\n\n<div class=\"wp-block-column is-layout-flow wp-block-column-is-layout-flow\">\n<div class=\"wp-block-columns is-layout-flex wp-container-core-columns-is-layout-9d6595d7 wp-block-columns-is-layout-flex\">\n<div class=\"wp-block-column is-layout-flow wp-block-column-is-layout-flow\" style=\"flex-basis:33.33%\">\n<figure class=\"wp-block-image size-large\"><img loading=\"lazy\" decoding=\"async\" width=\"400\" height=\"400\" src=\"https:\/\/baudhost.be\/wordpress\/wp-content\/uploads\/2020\/01\/www.jpg\" alt=\"\" class=\"wp-image-78\" srcset=\"https:\/\/baudhost.be\/wordpress\/wp-content\/uploads\/2020\/01\/www.jpg 400w, https:\/\/baudhost.be\/wordpress\/wp-content\/uploads\/2020\/01\/www-300x300.jpg 300w, https:\/\/baudhost.be\/wordpress\/wp-content\/uploads\/2020\/01\/www-150x150.jpg 150w, https:\/\/baudhost.be\/wordpress\/wp-content\/uploads\/2020\/01\/www-100x100.jpg 100w\" sizes=\"auto, (max-width: 400px) 100vw, 400px\" \/><figcaption>Les <strong>boutons <\/strong>donnent acc\u00e8s aux sites concern\u00e9s<\/figcaption><\/figure>\n<\/div>\n\n\n\n<div class=\"wp-block-column is-layout-flow wp-block-column-is-layout-flow\" style=\"flex-basis:66.66%\">\n<div class=\"wp-block-buttons is-layout-flex wp-block-buttons-is-layout-flex\">\n<div class=\"wp-block-button is-style-outline is-style-outline--1\"><a class=\"wp-block-button__link\" href=\"https:\/\/fr.wikipedia.org\/wiki\/Limal\" target=\"_blank\" rel=\"noreferrer noopener\">Limal<\/a><\/div>\n\n\n\n<div class=\"wp-block-button is-style-outline is-style-outline--2\"><a class=\"wp-block-button__link\" href=\"https:\/\/www.golflln.com\/\" target=\"_blank\" rel=\"noreferrer noopener\">le golf de Louvain-la-Neuve<\/a><\/div>\n<\/div>\n<\/div>\n<\/div>\n<\/div>\n<\/div>\n\n\n\n<p><\/p>\n","protected":false},"excerpt":{"rendered":"<p>Diaporama des photos prises durant la randonn\u00e9e \u00e0 Limal &#8211; 9 mai 2018 Description de la randonn\u00e9e Au d\u00e9part du parking de la gare \u00e0 Limal, nous voil\u00e0 partis sous la houlette de Nicole, pour une boucle \u00e0 l\u2019est de Limal. Le printemps est bien l\u00e0, la temp\u00e9rature au d\u00e9part est de 27\u00b0C. Prenant \u00e0 &hellip; <\/p>\n<p class=\"link-more\"><a href=\"https:\/\/baudhost.be\/wordpress\/2018-2\/mai-2018\/ewav_18_limal\/\" class=\"more-link\">Continuer la lecture<span class=\"screen-reader-text\"> de &laquo;&nbsp;EWav_18_Limal&nbsp;&raquo;<\/span><\/a><\/p>\n","protected":false},"author":1,"featured_media":0,"parent":4611,"menu_order":0,"comment_status":"closed","ping_status":"closed","template":"","meta":{"footnotes":""},"class_list":["post-4789","page","type-page","status-publish","hentry"],"_links":{"self":[{"href":"https:\/\/baudhost.be\/wordpress\/wp-json\/wp\/v2\/pages\/4789","targetHints":{"allow":["GET"]}}],"collection":[{"href":"https:\/\/baudhost.be\/wordpress\/wp-json\/wp\/v2\/pages"}],"about":[{"href":"https:\/\/baudhost.be\/wordpress\/wp-json\/wp\/v2\/types\/page"}],"author":[{"embeddable":true,"href":"https:\/\/baudhost.be\/wordpress\/wp-json\/wp\/v2\/users\/1"}],"replies":[{"embeddable":true,"href":"https:\/\/baudhost.be\/wordpress\/wp-json\/wp\/v2\/comments?post=4789"}],"version-history":[{"count":5,"href":"https:\/\/baudhost.be\/wordpress\/wp-json\/wp\/v2\/pages\/4789\/revisions"}],"predecessor-version":[{"id":4796,"href":"https:\/\/baudhost.be\/wordpress\/wp-json\/wp\/v2\/pages\/4789\/revisions\/4796"}],"up":[{"embeddable":true,"href":"https:\/\/baudhost.be\/wordpress\/wp-json\/wp\/v2\/pages\/4611"}],"wp:attachment":[{"href":"https:\/\/baudhost.be\/wordpress\/wp-json\/wp\/v2\/media?parent=4789"}],"curies":[{"name":"wp","href":"https:\/\/api.w.org\/{rel}","templated":true}]}}