{"id":4642,"date":"2020-12-21T12:11:25","date_gmt":"2020-12-21T11:11:25","guid":{"rendered":"https:\/\/baudhost.be\/wordpress\/?page_id=4642"},"modified":"2020-12-21T12:11:55","modified_gmt":"2020-12-21T11:11:55","slug":"decembre-2018","status":"publish","type":"page","link":"https:\/\/baudhost.be\/wordpress\/2018-2\/decembre-2018\/","title":{"rendered":"d\u00e9cembre 2018"},"content":{"rendered":"\n<div class=\"wp-block-columns is-layout-flex wp-container-core-columns-is-layout-9d6595d7 wp-block-columns-is-layout-flex\">\n<div class=\"wp-block-column is-layout-flow wp-block-column-is-layout-flow\" style=\"flex-basis:25%\">\n<figure class=\"wp-block-image size-large\"><img loading=\"lazy\" decoding=\"async\" width=\"141\" height=\"112\" src=\"https:\/\/baudhost.be\/wordpress\/wp-content\/uploads\/2020\/01\/detail_rando_intro.jpg\" alt=\"\" class=\"wp-image-53\"\/><\/figure>\n<\/div>\n\n\n\n<div class=\"wp-block-column is-layout-flow wp-block-column-is-layout-flow\" style=\"flex-basis:50%\">\n<p> Vous pouvez choisir une randonn\u00e9e effectu\u00e9e durant ce mois de <strong>d\u00e9cembre 2018<\/strong><\/p>\n<\/div>\n\n\n\n<div class=\"wp-block-column is-layout-flow wp-block-column-is-layout-flow\" style=\"flex-basis:25%\">\n<figure class=\"wp-block-image size-large\"><img loading=\"lazy\" decoding=\"async\" width=\"141\" height=\"112\" src=\"https:\/\/baudhost.be\/wordpress\/wp-content\/uploads\/2020\/01\/detail_rando_exit.jpg\" alt=\"\" class=\"wp-image-52\"\/><\/figure>\n<\/div>\n<\/div>\n\n\n\n<div class=\"wp-block-image\"><figure class=\"aligncenter size-medium\"><img decoding=\"async\" src=\"https:\/\/baudhost.be\/wordpress\/wp-content\/uploads\/2020\/01\/repos_rando-300x203.jpg\" alt=\"\" class=\"wp-image-44\"\/><\/figure><\/div>\n","protected":false},"excerpt":{"rendered":"<p>Vous pouvez choisir une randonn\u00e9e effectu\u00e9e durant ce mois de d\u00e9cembre 2018<\/p>\n","protected":false},"author":1,"featured_media":0,"parent":4603,"menu_order":0,"comment_status":"closed","ping_status":"closed","template":"","meta":{"footnotes":""},"class_list":["post-4642","page","type-page","status-publish","hentry"],"_links":{"self":[{"href":"https:\/\/baudhost.be\/wordpress\/wp-json\/wp\/v2\/pages\/4642","targetHints":{"allow":["GET"]}}],"collection":[{"href":"https:\/\/baudhost.be\/wordpress\/wp-json\/wp\/v2\/pages"}],"about":[{"href":"https:\/\/baudhost.be\/wordpress\/wp-json\/wp\/v2\/types\/page"}],"author":[{"embeddable":true,"href":"https:\/\/baudhost.be\/wordpress\/wp-json\/wp\/v2\/users\/1"}],"replies":[{"embeddable":true,"href":"https:\/\/baudhost.be\/wordpress\/wp-json\/wp\/v2\/comments?post=4642"}],"version-history":[{"count":2,"href":"https:\/\/baudhost.be\/wordpress\/wp-json\/wp\/v2\/pages\/4642\/revisions"}],"predecessor-version":[{"id":4644,"href":"https:\/\/baudhost.be\/wordpress\/wp-json\/wp\/v2\/pages\/4642\/revisions\/4644"}],"up":[{"embeddable":true,"href":"https:\/\/baudhost.be\/wordpress\/wp-json\/wp\/v2\/pages\/4603"}],"wp:attachment":[{"href":"https:\/\/baudhost.be\/wordpress\/wp-json\/wp\/v2\/media?parent=4642"}],"curies":[{"name":"wp","href":"https:\/\/api.w.org\/{rel}","templated":true}]}}