{"id":461,"date":"2020-01-16T11:17:07","date_gmt":"2020-01-16T10:17:07","guid":{"rendered":"https:\/\/baudhost.be\/wordpress\/?page_id=461"},"modified":"2022-07-18T14:09:37","modified_gmt":"2022-07-18T12:09:37","slug":"pour-syndicat-dinitiative-de-wavre","status":"publish","type":"page","link":"https:\/\/baudhost.be\/wordpress\/messages\/pour-syndicat-dinitiative-de-wavre\/","title":{"rendered":"pour Syndicat d&rsquo;initiative de Wavre"},"content":{"rendered":"\n<div class=\"wp-block-columns is-layout-flex wp-container-core-columns-is-layout-9d6595d7 wp-block-columns-is-layout-flex\">\n<div class=\"wp-block-column is-layout-flow wp-block-column-is-layout-flow\" style=\"flex-basis:25%\"><div class=\"wp-block-image\">\n<figure class=\"aligncenter size-large\"><img loading=\"lazy\" decoding=\"async\" width=\"50\" height=\"75\" src=\"https:\/\/baudhost.be\/wordpress\/wp-content\/uploads\/2020\/01\/logo_jean.jpg\" alt=\"\" class=\"wp-image-145\"\/><\/figure>\n<\/div><\/div>\n\n\n\n<div class=\"wp-block-column is-vertically-aligned-center is-layout-flow wp-block-column-is-layout-flow\" style=\"flex-basis:50%\">\n<p class=\"has-text-align-center\"><strong>Message du jour<\/strong><\/p>\n\n\n\n<p class=\"has-text-align-center\">en collaboration avec les<\/p>\n\n\n\n<p class=\"has-text-align-center\">Randonneurs du Brabant Wavre<\/p>\n<\/div>\n\n\n\n<div class=\"wp-block-column is-layout-flow wp-block-column-is-layout-flow\" style=\"flex-basis:25%\"><div class=\"wp-block-image\">\n<figure class=\"aligncenter size-large\"><img loading=\"lazy\" decoding=\"async\" width=\"50\" height=\"75\" src=\"https:\/\/baudhost.be\/wordpress\/wp-content\/uploads\/2020\/01\/logo_jean_2.jpg\" alt=\"\" class=\"wp-image-146\"\/><\/figure>\n<\/div><\/div>\n<\/div>\n\n\n\n<p class=\"has-text-align-center\"><strong>Message du jour<\/strong><\/p>\n\n\n<div class=\"wp-block-image\">\n<figure class=\"aligncenter size-large\"><img loading=\"lazy\" decoding=\"async\" width=\"258\" height=\"172\" src=\"https:\/\/baudhost.be\/wordpress\/wp-content\/uploads\/2020\/01\/message_Synd_Wavre.jpg\" alt=\"\" class=\"wp-image-449\"\/><\/figure>\n<\/div>\n\n\n<p class=\"has-text-align-center\">Mise \u00e0 jour du <strong>xx xx 2020 <\/strong>\u00e0 <strong>13h10<\/strong><\/p>\n\n\n\n<p class=\"has-text-align-center\">\n    Au vu de la m\u00e9t\u00e9o du jour, peu appropri\u00e9e \u00e0 la marche,\n<\/p>\n\n\n\n<p class=\"has-text-align-center\">\n    votre guide Alain gsm: 0478\/88 58 44<br>\n<\/p>\n\n\n\n<p class=\"has-text-align-center\">\n    vous communique que la\n<\/p>\n\n\n\n<p class=\"has-text-align-center\">\n    Marche du Syndicat d&rsquo;Initiative de Wavre<br>\n<\/p>\n\n\n\n<p class=\"has-text-align-center\">\n    en collaboration avec les RBW\n<\/p>\n\n\n\n<p class=\"has-text-align-center\">     de ce mercredi xx xxx 2020 est <\/p>\n\n\n<div class=\"wp-block-image\">\n<figure class=\"aligncenter size-large\"><img loading=\"lazy\" decoding=\"async\" width=\"316\" height=\"173\" src=\"https:\/\/baudhost.be\/wordpress\/wp-content\/uploads\/2020\/01\/annul\u00c3\u00a9e_2.jpg\" alt=\"\" class=\"wp-image-437\" srcset=\"https:\/\/baudhost.be\/wordpress\/wp-content\/uploads\/2020\/01\/annul\u00c3\u00a9e_2.jpg 316w, https:\/\/baudhost.be\/wordpress\/wp-content\/uploads\/2020\/01\/annul\u00c3\u00a9e_2-300x164.jpg 300w\" sizes=\"auto, (max-width: 316px) 100vw, 316px\" \/><\/figure>\n<\/div>\n\n\n<hr class=\"wp-block-separator has-css-opacity\"\/>\n\n\n\n<p class=\"has-text-align-center\"> D\u00e9sol\u00e9 pour les d\u00e9sagr\u00e9ments \u00e9ventuels et au plaisir de vous revoir tr\u00e8s prochainement <\/p>\n\n\n\n<p><\/p>\n","protected":false},"excerpt":{"rendered":"<p>Message du jour en collaboration avec les Randonneurs du Brabant Wavre Message du jour Mise \u00e0 jour du xx xx 2020 \u00e0 13h10 Au vu de la m\u00e9t\u00e9o du jour, peu appropri\u00e9e \u00e0 la marche, votre guide Alain gsm: 0478\/88 58 44 vous communique que la Marche du Syndicat d&rsquo;Initiative de Wavre en collaboration avec &hellip; <\/p>\n<p class=\"link-more\"><a href=\"https:\/\/baudhost.be\/wordpress\/messages\/pour-syndicat-dinitiative-de-wavre\/\" class=\"more-link\">Continuer la lecture<span class=\"screen-reader-text\"> de &laquo;&nbsp;pour Syndicat d&rsquo;initiative de Wavre&nbsp;&raquo;<\/span><\/a><\/p>\n","protected":false},"author":1,"featured_media":0,"parent":416,"menu_order":0,"comment_status":"closed","ping_status":"closed","template":"","meta":{"footnotes":""},"class_list":["post-461","page","type-page","status-publish","hentry"],"_links":{"self":[{"href":"https:\/\/baudhost.be\/wordpress\/wp-json\/wp\/v2\/pages\/461","targetHints":{"allow":["GET"]}}],"collection":[{"href":"https:\/\/baudhost.be\/wordpress\/wp-json\/wp\/v2\/pages"}],"about":[{"href":"https:\/\/baudhost.be\/wordpress\/wp-json\/wp\/v2\/types\/page"}],"author":[{"embeddable":true,"href":"https:\/\/baudhost.be\/wordpress\/wp-json\/wp\/v2\/users\/1"}],"replies":[{"embeddable":true,"href":"https:\/\/baudhost.be\/wordpress\/wp-json\/wp\/v2\/comments?post=461"}],"version-history":[{"count":9,"href":"https:\/\/baudhost.be\/wordpress\/wp-json\/wp\/v2\/pages\/461\/revisions"}],"predecessor-version":[{"id":8607,"href":"https:\/\/baudhost.be\/wordpress\/wp-json\/wp\/v2\/pages\/461\/revisions\/8607"}],"up":[{"embeddable":true,"href":"https:\/\/baudhost.be\/wordpress\/wp-json\/wp\/v2\/pages\/416"}],"wp:attachment":[{"href":"https:\/\/baudhost.be\/wordpress\/wp-json\/wp\/v2\/media?parent=461"}],"curies":[{"name":"wp","href":"https:\/\/api.w.org\/{rel}","templated":true}]}}