{"id":422,"date":"2020-01-16T10:31:34","date_gmt":"2020-01-16T09:31:34","guid":{"rendered":"https:\/\/baudhost.be\/wordpress\/?page_id=422"},"modified":"2022-07-18T14:10:33","modified_gmt":"2022-07-18T12:10:33","slug":"messages-ewav-ms","status":"publish","type":"page","link":"https:\/\/baudhost.be\/wordpress\/messages\/messages-ewav-ms\/","title":{"rendered":"pour MS &#8211; \u00c9n\u00e9o Wavre Grez-Doiceau"},"content":{"rendered":"\n<div class=\"wp-block-columns is-layout-flex wp-container-core-columns-is-layout-9d6595d7 wp-block-columns-is-layout-flex\">\n<div class=\"wp-block-column is-layout-flow wp-block-column-is-layout-flow\" style=\"flex-basis:25%\"><div class=\"wp-block-image\">\n<figure class=\"aligncenter size-large\"><img loading=\"lazy\" decoding=\"async\" width=\"50\" height=\"75\" src=\"https:\/\/baudhost.be\/wordpress\/wp-content\/uploads\/2020\/01\/logo_jean.jpg\" alt=\"\" class=\"wp-image-145\"\/><\/figure>\n<\/div><\/div>\n\n\n\n<div class=\"wp-block-column is-vertically-aligned-center is-layout-flow wp-block-column-is-layout-flow\" style=\"flex-basis:50%\">\n<p class=\"has-text-align-center\"><strong>Message du jour<\/strong><\/p>\n\n\n\n<p class=\"has-text-align-center\"><strong>Marche Sportive<\/strong><\/p>\n<\/div>\n\n\n\n<div class=\"wp-block-column is-layout-flow wp-block-column-is-layout-flow\" style=\"flex-basis:25%\"><div class=\"wp-block-image\">\n<figure class=\"aligncenter size-large\"><img loading=\"lazy\" decoding=\"async\" width=\"50\" height=\"75\" src=\"https:\/\/baudhost.be\/wordpress\/wp-content\/uploads\/2020\/01\/logo_jean_2.jpg\" alt=\"\" class=\"wp-image-146\"\/><\/figure>\n<\/div><\/div>\n<\/div>\n\n\n\n<p class=\"has-text-align-center\"> Suite \u00e0 ma non participation r\u00e9guli\u00e8re aux randonn\u00e9es de ce club Marche Sportive il n&rsquo;y a plus de mise \u00e0 jour \u00e0 ce propos. <\/p>\n\n\n<div class=\"wp-block-image\">\n<figure class=\"aligncenter size-large\"><img loading=\"lazy\" decoding=\"async\" width=\"241\" height=\"81\" src=\"https:\/\/baudhost.be\/wordpress\/wp-content\/uploads\/2020\/01\/annul\u00c3\u00a9e.jpg\" alt=\"\" class=\"wp-image-436\"\/><\/figure>\n<\/div>\n\n\n<p><\/p>\n","protected":false},"excerpt":{"rendered":"<p>Message du jour Marche Sportive Suite \u00e0 ma non participation r\u00e9guli\u00e8re aux randonn\u00e9es de ce club Marche Sportive il n&rsquo;y a plus de mise \u00e0 jour \u00e0 ce propos.<\/p>\n","protected":false},"author":1,"featured_media":0,"parent":416,"menu_order":0,"comment_status":"closed","ping_status":"closed","template":"","meta":{"footnotes":""},"class_list":["post-422","page","type-page","status-publish","hentry"],"_links":{"self":[{"href":"https:\/\/baudhost.be\/wordpress\/wp-json\/wp\/v2\/pages\/422","targetHints":{"allow":["GET"]}}],"collection":[{"href":"https:\/\/baudhost.be\/wordpress\/wp-json\/wp\/v2\/pages"}],"about":[{"href":"https:\/\/baudhost.be\/wordpress\/wp-json\/wp\/v2\/types\/page"}],"author":[{"embeddable":true,"href":"https:\/\/baudhost.be\/wordpress\/wp-json\/wp\/v2\/users\/1"}],"replies":[{"embeddable":true,"href":"https:\/\/baudhost.be\/wordpress\/wp-json\/wp\/v2\/comments?post=422"}],"version-history":[{"count":28,"href":"https:\/\/baudhost.be\/wordpress\/wp-json\/wp\/v2\/pages\/422\/revisions"}],"predecessor-version":[{"id":8608,"href":"https:\/\/baudhost.be\/wordpress\/wp-json\/wp\/v2\/pages\/422\/revisions\/8608"}],"up":[{"embeddable":true,"href":"https:\/\/baudhost.be\/wordpress\/wp-json\/wp\/v2\/pages\/416"}],"wp:attachment":[{"href":"https:\/\/baudhost.be\/wordpress\/wp-json\/wp\/v2\/media?parent=422"}],"curies":[{"name":"wp","href":"https:\/\/api.w.org\/{rel}","templated":true}]}}