{"id":3827,"date":"2020-12-10T14:36:34","date_gmt":"2020-12-10T13:36:34","guid":{"rendered":"https:\/\/baudhost.be\/wordpress\/?page_id=3827"},"modified":"2020-12-10T14:53:27","modified_gmt":"2020-12-10T13:53:27","slug":"ewav_19_pie_x","status":"publish","type":"page","link":"https:\/\/baudhost.be\/wordpress\/2019-2\/juillet-2019\/ewav_19_pie_x\/","title":{"rendered":"EWav_19_Pie_X"},"content":{"rendered":"\n<div class=\"wp-block-image\"><figure class=\"aligncenter size-large\"><img loading=\"lazy\" decoding=\"async\" width=\"421\" height=\"160\" src=\"https:\/\/baudhost.be\/wordpress\/wp-content\/uploads\/2020\/01\/eneo_wgd_sport.jpg\" alt=\"\" class=\"wp-image-296\" srcset=\"https:\/\/baudhost.be\/wordpress\/wp-content\/uploads\/2020\/01\/eneo_wgd_sport.jpg 421w, https:\/\/baudhost.be\/wordpress\/wp-content\/uploads\/2020\/01\/eneo_wgd_sport-300x114.jpg 300w\" sizes=\"auto, (max-width: 421px) 100vw, 421px\" \/><\/figure><\/div>\n\n\n\n<div class=\"wp-block-columns is-layout-flex wp-container-core-columns-is-layout-9d6595d7 wp-block-columns-is-layout-flex\">\n<div class=\"wp-block-column is-layout-flow wp-block-column-is-layout-flow\" style=\"flex-basis:15%\">\n<div class=\"wp-block-image\"><figure class=\"aligncenter size-large\"><img loading=\"lazy\" decoding=\"async\" width=\"137\" height=\"86\" src=\"https:\/\/baudhost.be\/wordpress\/wp-content\/uploads\/2020\/01\/diaporama.jpg\" alt=\"\" class=\"wp-image-8\"\/><\/figure><\/div>\n<\/div>\n\n\n\n<div class=\"wp-block-column is-layout-flow wp-block-column-is-layout-flow\" style=\"flex-basis:85%\">\n<p class=\"has-text-align-center\"><strong>Diaporama <\/strong>des photos prises durant la randonn\u00e9e<\/p>\n\n\n\n<p class=\"has-text-align-center\">\u00e0<strong> Ottignies &#8211; Pie X &#8211; <\/strong> 10 juillet 2019 <\/p>\n<\/div>\n<\/div>\n\n\n\n<div class=\"wp-block-flagallery-gallery flagallery-shortcode\"><div class=\"flagallery flaslider_skin\" id=\"FlaGallery_sc1_280\" ><script type=\"text\/javascript\">(function(){this['FlaGallery_sc1_280']={'settings':{\"sliderHeightRetio\":\"0.7\",\"sliderPreloaderColor\":\"#ffffff\",\"sliderBgColor\":\"rgba(165, 187, 157, 0.9)\",\"sliderHeaderFooterBgColor\":\"rgba(0, 0, 0, 0.4)\",\"sliderNavigationColor\":\"rgba(0,0,0,1)\",\"sliderNavigationIconColor\":\"rgba(255,255,255,1)\",\"sliderItemDescriptionBlock\":\"1\",\"sliderItemTitleFontSize\":\"18\",\"sliderItemTitleTextColor\":\"#ffffff\",\"sliderItemDescriptionFontSize\":\"14\",\"sliderItemDescriptionTextColor\":\"#969696\",\"sliderThumbBarEnable\":\"1\",\"sliderThumbBarHoverColor\":\"#ffffff\",\"sliderThumbSubMenuBackgroundColor\":\"rgba(0,0,0,1)\",\"sliderThumbSubMenuBackgroundColorOver\":\"rgba(255,255,255,1)\",\"sliderThumbSubMenuIconColor\":\"rgba(255,255,255,1)\",\"sliderThumbSubMenuIconHoverColor\":\"rgba(0,0,0,1)\",\"sliderPlayButton\":\"1\",\"sliderZoomButton\":\"1\",\"sliderFullScreen\":\"1\",\"sliderInfoEnable\":\"1\",\"sliderItemDownload\":\"1\",\"sliderSocialShareEnabled\":\"0\",\"sliderLikesEnabled\":\"0\",\"sliderSlideshowEneble\":\"0\",\"slideshowDelay\":\"8\",\"slideshowProgressBarColor\":\"rgba(255,255,255,1)\",\"slideshowProgressBarBGColor\":\"rgba(49,49,49,1)\",\"modaBgColor\":\"rgba(0,0,0,0.9)\",\"modalInfoBoxBgColor\":\"rgba(255,255,255,1)\",\"modalInfoBoxTitleTextColor\":\"#000000\",\"shareTitlePlaceHolder\":\"Share\",\"modalInfoBoxTextColor\":\"#333333\",\"infoBarExifEnable\":\"1\",\"infoBarCountersEnable\":\"1\",\"infoBarDateInfoEnable\":\"1\",\"customCSS\":\"\",\"key\":\"9fc7390f4f41450289e16b954c57b145\",\"name\":\"GRANDPackPlus\",\"galleryID\":\"sc1_280\",\"post_url\":\"https:\\\/\\\/baudhost.be\\\/wordpress\\\/wp-json\\\/wp\\\/v2\\\/pages\\\/3827\",\"module_url\":\"https:\\\/\\\/baudhost.be\\\/wordpress\\\/wp-content\\\/plugins\\\/flagallery-skins\\\/flaslider\\\/\"}, 'data':[{\"gallery\":{\"gid\":\"280\",\"name\":\"ewav_19_piex\",\"path\":\"https:\\\/\\\/baudhost.be\\\/wordpress\\\/wp-content\\\/flagallery\\\/ewav_19_piex\",\"title\":\"EWav_19_PieX\",\"galdesc\":\"\"},\"data\":[{\"pid\":\"3082\",\"filename\":\"piex_01.jpg\",\"description\":\"\",\"alttext\":\"\",\"link\":null,\"imagedate\":\"2019-07-10 14:56:08\",\"hitcounter\":\"24\",\"total_value\":\"0\",\"total_votes\":\"0\",\"meta_data\":{\"aperture\":\"F 3.3\",\"credit\":false,\"camera\":\"DMC-TZ60\",\"caption\":false,\"created_timestamp\":\"10 juillet 2019 14 h 56 min\",\"copyright\":false,\"focal_length\":\"4.3 mm\",\"iso\":160,\"shutter_speed\":\"1\\\/200 sec\",\"flash\":\"Not fired\",\"title\":false,\"keywords\":false,\"width\":1440,\"height\":1080,\"saved\":true,\"thumbnail\":{\"width\":400,\"height\":300},\"webview\":{\"0\":1440,\"1\":1080,\"2\":2,\"3\":\"width=\\\"1440\\\" height=\\\"1080\\\"\",\"bits\":8,\"channels\":3,\"mime\":\"image\\\/jpeg\"}}},{\"pid\":\"3083\",\"filename\":\"piex_02.jpg\",\"description\":\"\",\"alttext\":\"\",\"link\":null,\"imagedate\":\"2019-07-10 14:56:21\",\"hitcounter\":\"0\",\"total_value\":\"0\",\"total_votes\":\"0\",\"meta_data\":{\"aperture\":\"F 3.3\",\"credit\":false,\"camera\":\"DMC-TZ60\",\"caption\":false,\"created_timestamp\":\"10 juillet 2019 14 h 56 min\",\"copyright\":false,\"focal_length\":\"4.3 mm\",\"iso\":160,\"shutter_speed\":\"1\\\/200 sec\",\"flash\":\"Not fired\",\"title\":false,\"keywords\":false,\"width\":1440,\"height\":1080,\"saved\":true,\"thumbnail\":{\"width\":400,\"height\":300},\"webview\":{\"0\":1440,\"1\":1080,\"2\":2,\"3\":\"width=\\\"1440\\\" height=\\\"1080\\\"\",\"bits\":8,\"channels\":3,\"mime\":\"image\\\/jpeg\"}}},{\"pid\":\"3084\",\"filename\":\"piex_03.jpg\",\"description\":\"\",\"alttext\":\"\",\"link\":null,\"imagedate\":\"2019-07-10 15:11:19\",\"hitcounter\":\"0\",\"total_value\":\"0\",\"total_votes\":\"0\",\"meta_data\":{\"aperture\":\"F 4.1\",\"credit\":false,\"camera\":\"DMC-TZ60\",\"caption\":false,\"created_timestamp\":\"10 juillet 2019 15 h 11 min\",\"copyright\":false,\"focal_length\":\"9 mm\",\"iso\":160,\"shutter_speed\":\"1\\\/500 sec\",\"flash\":\"Not fired\",\"title\":false,\"keywords\":false,\"width\":1440,\"height\":1080,\"saved\":true,\"thumbnail\":{\"width\":400,\"height\":300},\"webview\":{\"0\":1440,\"1\":1080,\"2\":2,\"3\":\"width=\\\"1440\\\" height=\\\"1080\\\"\",\"bits\":8,\"channels\":3,\"mime\":\"image\\\/jpeg\"}}},{\"pid\":\"3085\",\"filename\":\"piex_04.jpg\",\"description\":\"\",\"alttext\":\"\",\"link\":null,\"imagedate\":\"2019-07-10 15:37:46\",\"hitcounter\":\"0\",\"total_value\":\"0\",\"total_votes\":\"0\",\"meta_data\":{\"aperture\":\"F 3.3\",\"credit\":false,\"camera\":\"DMC-TZ60\",\"caption\":false,\"created_timestamp\":\"10 juillet 2019 15 h 37 min\",\"copyright\":false,\"focal_length\":\"4.3 mm\",\"iso\":160,\"shutter_speed\":\"1\\\/800 sec\",\"flash\":\"Not fired\",\"title\":false,\"keywords\":false,\"width\":1440,\"height\":1080,\"saved\":true,\"thumbnail\":{\"width\":400,\"height\":300},\"webview\":{\"0\":1440,\"1\":1080,\"2\":2,\"3\":\"width=\\\"1440\\\" height=\\\"1080\\\"\",\"bits\":8,\"channels\":3,\"mime\":\"image\\\/jpeg\"}}},{\"pid\":\"3086\",\"filename\":\"piex_05.jpg\",\"description\":\"\",\"alttext\":\"\",\"link\":null,\"imagedate\":\"2019-07-10 16:00:38\",\"hitcounter\":\"0\",\"total_value\":\"0\",\"total_votes\":\"0\",\"meta_data\":{\"aperture\":\"F 4.1\",\"credit\":false,\"camera\":\"DMC-TZ60\",\"caption\":false,\"created_timestamp\":\"10 juillet 2019 16 h 00 min\",\"copyright\":false,\"focal_length\":\"9.6 mm\",\"iso\":160,\"shutter_speed\":\"1\\\/500 sec\",\"flash\":\"Not fired\",\"title\":false,\"keywords\":false,\"width\":1440,\"height\":1080,\"saved\":true,\"thumbnail\":{\"width\":400,\"height\":300},\"webview\":{\"0\":1440,\"1\":1080,\"2\":2,\"3\":\"width=\\\"1440\\\" height=\\\"1080\\\"\",\"bits\":8,\"channels\":3,\"mime\":\"image\\\/jpeg\"}}},{\"pid\":\"3087\",\"filename\":\"piex_06.jpg\",\"description\":\"\",\"alttext\":\"\",\"link\":null,\"imagedate\":\"2019-07-10 16:01:59\",\"hitcounter\":\"0\",\"total_value\":\"0\",\"total_votes\":\"0\",\"meta_data\":{\"aperture\":\"F 3.3\",\"credit\":false,\"camera\":\"DMC-TZ60\",\"caption\":false,\"created_timestamp\":\"10 juillet 2019 16 h 01 min\",\"copyright\":false,\"focal_length\":\"4.3 mm\",\"iso\":100,\"shutter_speed\":\"1\\\/800 sec\",\"flash\":\"Not fired\",\"title\":false,\"keywords\":false,\"width\":1440,\"height\":1080,\"saved\":true,\"thumbnail\":{\"width\":400,\"height\":300},\"webview\":{\"0\":1440,\"1\":1080,\"2\":2,\"3\":\"width=\\\"1440\\\" height=\\\"1080\\\"\",\"bits\":8,\"channels\":3,\"mime\":\"image\\\/jpeg\"}}},{\"pid\":\"3088\",\"filename\":\"piex_07.jpg\",\"description\":\"\",\"alttext\":\"\",\"link\":null,\"imagedate\":\"2019-07-10 16:25:35\",\"hitcounter\":\"0\",\"total_value\":\"0\",\"total_votes\":\"0\",\"meta_data\":{\"aperture\":\"F 3.5\",\"credit\":false,\"camera\":\"DMC-TZ60\",\"caption\":false,\"created_timestamp\":\"10 juillet 2019 16 h 25 min\",\"copyright\":false,\"focal_length\":\"5.4 mm\",\"iso\":160,\"shutter_speed\":\"1\\\/500 sec\",\"flash\":\"Not fired\",\"title\":false,\"keywords\":false,\"width\":1440,\"height\":1080,\"saved\":true,\"thumbnail\":{\"width\":400,\"height\":300},\"webview\":{\"0\":1440,\"1\":1080,\"2\":2,\"3\":\"width=\\\"1440\\\" height=\\\"1080\\\"\",\"bits\":8,\"channels\":3,\"mime\":\"image\\\/jpeg\"}}}]}], };})();<\/script><\/div><noscript id=\"noscript_FlaGallery_sc1_280\"><img class=\"skip-lazy no-lazyload noLazy\" data-lazy-src=\"\" src =\"https:\/\/baudhost.be\/wordpress\/wp-content\/flagallery\/ewav_19_piex\/piex_01.jpg\" alt=\"\" \/><img class=\"skip-lazy no-lazyload noLazy\" data-lazy-src=\"\" src =\"https:\/\/baudhost.be\/wordpress\/wp-content\/flagallery\/ewav_19_piex\/piex_02.jpg\" alt=\"\" \/><img class=\"skip-lazy no-lazyload noLazy\" data-lazy-src=\"\" src =\"https:\/\/baudhost.be\/wordpress\/wp-content\/flagallery\/ewav_19_piex\/piex_03.jpg\" alt=\"\" \/><img class=\"skip-lazy no-lazyload noLazy\" data-lazy-src=\"\" src =\"https:\/\/baudhost.be\/wordpress\/wp-content\/flagallery\/ewav_19_piex\/piex_04.jpg\" alt=\"\" \/><img class=\"skip-lazy no-lazyload noLazy\" data-lazy-src=\"\" src =\"https:\/\/baudhost.be\/wordpress\/wp-content\/flagallery\/ewav_19_piex\/piex_05.jpg\" alt=\"\" \/><img class=\"skip-lazy no-lazyload noLazy\" data-lazy-src=\"\" src =\"https:\/\/baudhost.be\/wordpress\/wp-content\/flagallery\/ewav_19_piex\/piex_06.jpg\" alt=\"\" \/><img class=\"skip-lazy no-lazyload noLazy\" data-lazy-src=\"\" src =\"https:\/\/baudhost.be\/wordpress\/wp-content\/flagallery\/ewav_19_piex\/piex_07.jpg\" alt=\"\" \/><\/noscript><\/div>\n\n\n<p><!--StartFragment--><\/p>\n<p><!--EndFragment--><\/p>\n\n\n<hr class=\"wp-block-separator\"\/>\n\n\n\n<h2 class=\"wp-block-heading\"><strong>Description de la randonn\u00e9e<\/strong><\/h2>\n\n\n\n<p>Regroupement parking de l\u2019\u00e9glise Pie X \u00e0 Ottignies. Le temps est estival (26\u00b0C), pour une boucle au sud-ouest de Pie X.<\/p>\n\n\n\n<p>Nous voil\u00e0 donc partis, sous la houlette de Nicole, pour prendre, vers le sud-ouest, en campagne, en passant en bordure des terrains de la p\u00e9pini\u00e8re Le Try, la direction du bois de Ferri\u00e8res. Virage au nord-ouest, pour rejoindre, toujours en campagne, la place de C\u00e9roux-Mousty. Petite boucle dans les rues autour de la place et nous prenons, au nord-est, en direction de la ferme de Balbri\u00e8re. Il ne reste plus alors qu\u2019\u00e0 monter vers notre point de d\u00e9part.<\/p>\n\n\n\n<p>Le verre de l\u2019amiti\u00e9 sera partag\u00e9, pour les candidats, au centre sportif des Coquer\u00e9es, \u00e0 Ottignies.<\/p>\n\n\n\n<p><strong>Bilan<\/strong>, 10km200 &amp; 83m de cumul de d\u00e9nivel\u00e9 positif, parcourus en cet apr\u00e8s-midi estival \u00e0 souhait, pour les 15 marcheurs pr\u00e9sents.<\/p>\n\n\n\n<hr class=\"wp-block-separator\"\/>\n\n\n\n<h3 class=\"wp-block-heading\"><strong>Informations GPS de la randonn\u00e9e<\/strong><\/h3>\n\n\n\n<div class=\"wp-block-flagallery-gallery flagallery-shortcode\"><div class=\"flagallery flaslider_skin\" id=\"FlaGallery_sc2_281\" ><script type=\"text\/javascript\">(function(){this['FlaGallery_sc2_281']={'settings':{\"sliderHeightRetio\":\"0.7\",\"sliderPreloaderColor\":\"#ffffff\",\"sliderBgColor\":\"rgba(19, 73, 161, 0.9)\",\"sliderHeaderFooterBgColor\":\"rgba(56, 148, 216, 0.4)\",\"sliderNavigationColor\":\"rgba(0,0,0,1)\",\"sliderNavigationIconColor\":\"rgba(255,255,255,1)\",\"sliderItemDescriptionBlock\":\"1\",\"sliderItemTitleFontSize\":\"18\",\"sliderItemTitleTextColor\":\"#ffffff\",\"sliderItemDescriptionFontSize\":\"14\",\"sliderItemDescriptionTextColor\":\"#969696\",\"sliderThumbBarEnable\":\"1\",\"sliderThumbBarHoverColor\":\"#ffffff\",\"sliderThumbSubMenuBackgroundColor\":\"rgba(0,0,0,1)\",\"sliderThumbSubMenuBackgroundColorOver\":\"rgba(255,255,255,1)\",\"sliderThumbSubMenuIconColor\":\"rgba(255,255,255,1)\",\"sliderThumbSubMenuIconHoverColor\":\"rgba(0,0,0,1)\",\"sliderPlayButton\":\"1\",\"sliderZoomButton\":\"0\",\"sliderFullScreen\":\"1\",\"sliderInfoEnable\":\"0\",\"sliderItemDownload\":\"0\",\"sliderSocialShareEnabled\":\"0\",\"sliderLikesEnabled\":\"0\",\"sliderSlideshowEneble\":\"0\",\"slideshowDelay\":\"8\",\"slideshowProgressBarColor\":\"rgba(255,255,255,1)\",\"slideshowProgressBarBGColor\":\"rgba(49,49,49,1)\",\"modaBgColor\":\"rgba(0,0,0,0.9)\",\"modalInfoBoxBgColor\":\"rgba(255,255,255,1)\",\"modalInfoBoxTitleTextColor\":\"#000000\",\"shareTitlePlaceHolder\":\"Share\",\"modalInfoBoxTextColor\":\"#333333\",\"infoBarExifEnable\":\"1\",\"infoBarCountersEnable\":\"1\",\"infoBarDateInfoEnable\":\"1\",\"customCSS\":\"\",\"key\":\"9fc7390f4f41450289e16b954c57b145\",\"name\":\"GRANDPackPlus\",\"galleryID\":\"sc2_281\",\"post_url\":\"https:\\\/\\\/baudhost.be\\\/wordpress\\\/wp-json\\\/wp\\\/v2\\\/pages\\\/3827\",\"module_url\":\"https:\\\/\\\/baudhost.be\\\/wordpress\\\/wp-content\\\/plugins\\\/flagallery-skins\\\/flaslider\\\/\"}, 'data':[{\"gallery\":{\"gid\":\"281\",\"name\":\"ewav_19_piex_gps\",\"path\":\"https:\\\/\\\/baudhost.be\\\/wordpress\\\/wp-content\\\/flagallery\\\/ewav_19_piex_gps\",\"title\":\"EWav_19_PieX_gps\",\"galdesc\":\"\"},\"data\":[{\"pid\":\"3089\",\"filename\":\"map.jpg\",\"description\":\"\",\"alttext\":\"\",\"link\":null,\"imagedate\":\"2020-12-10 13:40:25\",\"hitcounter\":\"23\",\"total_value\":\"0\",\"total_votes\":\"0\",\"meta_data\":{\"aperture\":false,\"credit\":false,\"camera\":false,\"caption\":false,\"created_timestamp\":false,\"copyright\":false,\"focal_length\":false,\"iso\":false,\"shutter_speed\":false,\"flash\":false,\"title\":false,\"keywords\":false,\"width\":533,\"height\":498,\"saved\":true,\"thumbnail\":{\"width\":400,\"height\":373},\"webview\":{\"0\":533,\"1\":498,\"2\":2,\"3\":\"width=\\\"533\\\" height=\\\"498\\\"\",\"bits\":8,\"channels\":3,\"mime\":\"image\\\/jpeg\"}}},{\"pid\":\"3090\",\"filename\":\"visu_map.jpg\",\"description\":\"\",\"alttext\":\"\",\"link\":null,\"imagedate\":\"2020-12-10 13:40:25\",\"hitcounter\":\"0\",\"total_value\":\"0\",\"total_votes\":\"0\",\"meta_data\":{\"aperture\":false,\"credit\":false,\"camera\":false,\"caption\":false,\"created_timestamp\":false,\"copyright\":false,\"focal_length\":false,\"iso\":false,\"shutter_speed\":false,\"flash\":false,\"title\":false,\"keywords\":false,\"width\":1029,\"height\":613,\"saved\":true,\"thumbnail\":{\"width\":400,\"height\":238},\"webview\":{\"0\":1029,\"1\":613,\"2\":2,\"3\":\"width=\\\"1029\\\" height=\\\"613\\\"\",\"bits\":8,\"channels\":3,\"mime\":\"image\\\/jpeg\"}}},{\"pid\":\"3091\",\"filename\":\"visu_profil.jpg\",\"description\":\"\",\"alttext\":\"\",\"link\":null,\"imagedate\":\"2020-12-10 13:40:26\",\"hitcounter\":\"0\",\"total_value\":\"0\",\"total_votes\":\"0\",\"meta_data\":{\"aperture\":false,\"credit\":false,\"camera\":false,\"caption\":false,\"created_timestamp\":false,\"copyright\":false,\"focal_length\":false,\"iso\":false,\"shutter_speed\":false,\"flash\":false,\"title\":false,\"keywords\":false,\"width\":1030,\"height\":566,\"saved\":true,\"thumbnail\":{\"width\":400,\"height\":220},\"webview\":{\"0\":1030,\"1\":566,\"2\":2,\"3\":\"width=\\\"1030\\\" height=\\\"566\\\"\",\"bits\":8,\"channels\":3,\"mime\":\"image\\\/jpeg\"}}},{\"pid\":\"3092\",\"filename\":\"map_st.jpg\",\"description\":\"\",\"alttext\":\"\",\"link\":null,\"imagedate\":\"2020-12-10 13:40:27\",\"hitcounter\":\"0\",\"total_value\":\"0\",\"total_votes\":\"0\",\"meta_data\":{\"aperture\":false,\"credit\":false,\"camera\":false,\"caption\":false,\"created_timestamp\":false,\"copyright\":false,\"focal_length\":false,\"iso\":false,\"shutter_speed\":false,\"flash\":false,\"title\":false,\"keywords\":false,\"width\":1267,\"height\":797,\"saved\":true,\"thumbnail\":{\"width\":400,\"height\":251},\"webview\":{\"0\":1267,\"1\":797,\"2\":2,\"3\":\"width=\\\"1267\\\" height=\\\"797\\\"\",\"bits\":8,\"channels\":3,\"mime\":\"image\\\/jpeg\"}}},{\"pid\":\"3093\",\"filename\":\"map_or.jpg\",\"description\":\"\",\"alttext\":\"\",\"link\":null,\"imagedate\":\"2020-12-10 13:40:27\",\"hitcounter\":\"0\",\"total_value\":\"0\",\"total_votes\":\"0\",\"meta_data\":{\"aperture\":false,\"credit\":false,\"camera\":false,\"caption\":false,\"created_timestamp\":false,\"copyright\":false,\"focal_length\":false,\"iso\":false,\"shutter_speed\":false,\"flash\":false,\"title\":false,\"keywords\":false,\"width\":979,\"height\":617,\"saved\":true,\"thumbnail\":{\"width\":400,\"height\":252},\"webview\":{\"0\":979,\"1\":617,\"2\":2,\"3\":\"width=\\\"979\\\" height=\\\"617\\\"\",\"bits\":8,\"channels\":3,\"mime\":\"image\\\/jpeg\"}}},{\"pid\":\"3094\",\"filename\":\"map_wikiloc.jpg\",\"description\":\"\",\"alttext\":\"\",\"link\":null,\"imagedate\":\"2020-12-10 13:40:28\",\"hitcounter\":\"0\",\"total_value\":\"0\",\"total_votes\":\"0\",\"meta_data\":{\"aperture\":false,\"credit\":false,\"camera\":false,\"caption\":false,\"created_timestamp\":false,\"copyright\":false,\"focal_length\":false,\"iso\":false,\"shutter_speed\":false,\"flash\":false,\"title\":false,\"keywords\":false,\"width\":1040,\"height\":706,\"saved\":true,\"thumbnail\":{\"width\":400,\"height\":271},\"webview\":{\"0\":1040,\"1\":706,\"2\":2,\"3\":\"width=\\\"1040\\\" height=\\\"706\\\"\",\"bits\":8,\"channels\":3,\"mime\":\"image\\\/jpeg\"}}},{\"pid\":\"3095\",\"filename\":\"screenshot.jpg\",\"description\":\"\",\"alttext\":\"\",\"link\":null,\"imagedate\":\"2020-12-10 13:40:28\",\"hitcounter\":\"0\",\"total_value\":\"0\",\"total_votes\":\"0\",\"meta_data\":{\"aperture\":false,\"credit\":false,\"camera\":false,\"caption\":false,\"created_timestamp\":false,\"copyright\":false,\"focal_length\":false,\"iso\":false,\"shutter_speed\":false,\"flash\":false,\"title\":false,\"keywords\":false,\"width\":1080,\"height\":1513,\"saved\":true,\"thumbnail\":{\"width\":285,\"height\":400},\"webview\":{\"0\":1080,\"1\":1513,\"2\":2,\"3\":\"width=\\\"1080\\\" height=\\\"1513\\\"\",\"bits\":8,\"channels\":3,\"mime\":\"image\\\/jpeg\"}}}]}], };})();<\/script><\/div><noscript id=\"noscript_FlaGallery_sc2_281\"><img class=\"skip-lazy no-lazyload noLazy\" data-lazy-src=\"\" src =\"https:\/\/baudhost.be\/wordpress\/wp-content\/flagallery\/ewav_19_piex_gps\/map.jpg\" alt=\"\" \/><img class=\"skip-lazy no-lazyload noLazy\" data-lazy-src=\"\" src =\"https:\/\/baudhost.be\/wordpress\/wp-content\/flagallery\/ewav_19_piex_gps\/visu_map.jpg\" alt=\"\" \/><img class=\"skip-lazy no-lazyload noLazy\" data-lazy-src=\"\" src =\"https:\/\/baudhost.be\/wordpress\/wp-content\/flagallery\/ewav_19_piex_gps\/visu_profil.jpg\" alt=\"\" \/><img class=\"skip-lazy no-lazyload noLazy\" data-lazy-src=\"\" src =\"https:\/\/baudhost.be\/wordpress\/wp-content\/flagallery\/ewav_19_piex_gps\/map_st.jpg\" alt=\"\" \/><img class=\"skip-lazy no-lazyload noLazy\" data-lazy-src=\"\" src =\"https:\/\/baudhost.be\/wordpress\/wp-content\/flagallery\/ewav_19_piex_gps\/map_or.jpg\" alt=\"\" \/><img class=\"skip-lazy no-lazyload noLazy\" data-lazy-src=\"\" src =\"https:\/\/baudhost.be\/wordpress\/wp-content\/flagallery\/ewav_19_piex_gps\/map_wikiloc.jpg\" alt=\"\" \/><img class=\"skip-lazy no-lazyload noLazy\" data-lazy-src=\"\" src =\"https:\/\/baudhost.be\/wordpress\/wp-content\/flagallery\/ewav_19_piex_gps\/screenshot.jpg\" alt=\"\" \/><\/noscript><\/div>\n\n\n\n<div class=\"wp-block-columns is-layout-flex wp-container-core-columns-is-layout-9d6595d7 wp-block-columns-is-layout-flex\">\n<div class=\"wp-block-column is-layout-flow wp-block-column-is-layout-flow\">\n<div class=\"wp-block-file\"><a href=\"https:\/\/baudhost.be\/wordpress\/wp-content\/uploads\/2020\/12\/EWav_19_PieX_Gm.gpx\" target=\"_blank\" rel=\"noreferrer noopener\">EWav_19_PieX_Gm<\/a><\/div>\n<\/div>\n\n\n\n<div class=\"wp-block-column is-layout-flow wp-block-column-is-layout-flow\">\n<div class=\"wp-block-file alignright\"><a href=\"https:\/\/baudhost.be\/wordpress\/wp-content\/uploads\/2020\/12\/EWav_19_PieX_Gm.kml\" target=\"_blank\" rel=\"noreferrer noopener\">EWav_19_PieX_Gm<\/a><\/div>\n<\/div>\n<\/div>\n\n\n<p><!--EndFragment--><\/p>\n\n\n<div class=\"wp-block-columns are-vertically-aligned-center is-layout-flex wp-container-core-columns-is-layout-9d6595d7 wp-block-columns-is-layout-flex\">\n<div class=\"wp-block-column is-vertically-aligned-center is-layout-flow wp-block-column-is-layout-flow\">\n<div class=\"wp-block-image\"><figure class=\"aligncenter size-large is-resized\"><img loading=\"lazy\" decoding=\"async\" src=\"https:\/\/baudhost.be\/wordpress\/wp-content\/uploads\/2020\/01\/gpx2.png\" alt=\"\" class=\"wp-image-373\" width=\"64\" height=\"64\" srcset=\"https:\/\/baudhost.be\/wordpress\/wp-content\/uploads\/2020\/01\/gpx2.png 256w, https:\/\/baudhost.be\/wordpress\/wp-content\/uploads\/2020\/01\/gpx2-150x150.png 150w, https:\/\/baudhost.be\/wordpress\/wp-content\/uploads\/2020\/01\/gpx2-100x100.png 100w\" sizes=\"auto, (max-width: 64px) 100vw, 64px\" \/><\/figure><\/div>\n<\/div>\n\n\n\n<div class=\"wp-block-column is-vertically-aligned-center is-layout-flow wp-block-column-is-layout-flow\">\n<p style=\"font-size:14px\"><strong>T\u00e9l\u00e9chargement <\/strong>sous le diaporama (format GPX pour GPS et KML pour Google Earth)<\/p>\n<\/div>\n\n\n\n<div class=\"wp-block-column is-vertically-aligned-center is-layout-flow wp-block-column-is-layout-flow\">\n<div class=\"wp-block-image\"><figure class=\"aligncenter size-large is-resized\"><img loading=\"lazy\" decoding=\"async\" src=\"https:\/\/baudhost.be\/wordpress\/wp-content\/uploads\/2020\/01\/go_earth.jpg\" alt=\"\" class=\"wp-image-247\" width=\"149\" height=\"46\"\/><\/figure><\/div>\n<\/div>\n<\/div>\n\n\n\n<hr class=\"wp-block-separator\"\/>\n\n\n\n<h3 class=\"wp-block-heading\"><strong>Informations compl\u00e9mentaires \u00e0 la randonn\u00e9e<\/strong><\/h3>\n\n\n\n<div class=\"wp-block-columns is-layout-flex wp-container-core-columns-is-layout-9d6595d7 wp-block-columns-is-layout-flex\">\n<div class=\"wp-block-column is-layout-flow wp-block-column-is-layout-flow\">\n<div class=\"wp-block-columns is-layout-flex wp-container-core-columns-is-layout-9d6595d7 wp-block-columns-is-layout-flex\">\n<div class=\"wp-block-column is-layout-flow wp-block-column-is-layout-flow\" style=\"flex-basis:33.33%\">\n<figure class=\"wp-block-image size-large\"><img loading=\"lazy\" decoding=\"async\" width=\"300\" height=\"300\" src=\"https:\/\/baudhost.be\/wordpress\/wp-content\/uploads\/2020\/01\/documents.jpg\" alt=\"\" class=\"wp-image-67\" srcset=\"https:\/\/baudhost.be\/wordpress\/wp-content\/uploads\/2020\/01\/documents.jpg 300w, https:\/\/baudhost.be\/wordpress\/wp-content\/uploads\/2020\/01\/documents-150x150.jpg 150w, https:\/\/baudhost.be\/wordpress\/wp-content\/uploads\/2020\/01\/documents-100x100.jpg 100w\" sizes=\"auto, (max-width: 300px) 100vw, 300px\" \/><figcaption><strong>Informations<\/strong> \u00e0 t\u00e9l\u00e9charger<\/figcaption><\/figure>\n<\/div>\n\n\n\n<div class=\"wp-block-column is-layout-flow wp-block-column-is-layout-flow\" style=\"flex-basis:66.66%\"><\/div>\n<\/div>\n<\/div>\n\n\n\n<div class=\"wp-block-column is-layout-flow wp-block-column-is-layout-flow\">\n<div class=\"wp-block-columns is-layout-flex wp-container-core-columns-is-layout-9d6595d7 wp-block-columns-is-layout-flex\">\n<div class=\"wp-block-column is-layout-flow wp-block-column-is-layout-flow\" style=\"flex-basis:33.33%\">\n<figure class=\"wp-block-image size-large\"><img loading=\"lazy\" decoding=\"async\" width=\"400\" height=\"400\" src=\"https:\/\/baudhost.be\/wordpress\/wp-content\/uploads\/2020\/01\/www.jpg\" alt=\"\" class=\"wp-image-78\" srcset=\"https:\/\/baudhost.be\/wordpress\/wp-content\/uploads\/2020\/01\/www.jpg 400w, https:\/\/baudhost.be\/wordpress\/wp-content\/uploads\/2020\/01\/www-300x300.jpg 300w, https:\/\/baudhost.be\/wordpress\/wp-content\/uploads\/2020\/01\/www-150x150.jpg 150w, https:\/\/baudhost.be\/wordpress\/wp-content\/uploads\/2020\/01\/www-100x100.jpg 100w\" sizes=\"auto, (max-width: 400px) 100vw, 400px\" \/><figcaption>Les <strong>boutons <\/strong>donnent acc\u00e8s aux sites concern\u00e9s<\/figcaption><\/figure>\n<\/div>\n\n\n\n<div class=\"wp-block-column is-layout-flow wp-block-column-is-layout-flow\" style=\"flex-basis:66.66%\">\n<div class=\"wp-block-buttons is-layout-flex wp-block-buttons-is-layout-flex\">\n<div class=\"wp-block-button is-style-outline is-style-outline--1\"><a class=\"wp-block-button__link\" href=\"https:\/\/www.olln.be\/fr\/annuaire\/eglise-saint-pie-x\" target=\"_blank\" rel=\"noreferrer noopener\">\u00e9glise Saint Pie X &#8211; Ottignies<\/a><\/div>\n\n\n\n<div class=\"wp-block-button is-style-outline is-style-outline--2\"><a class=\"wp-block-button__link\" href=\"https:\/\/www.letry.be\/page\/pepiniere\" target=\"_blank\" rel=\"noreferrer noopener\">p\u00e9pini\u00e8re le Try<\/a><\/div>\n\n\n\n<div class=\"wp-block-button is-style-outline is-style-outline--3\"><a class=\"wp-block-button__link\" href=\"https:\/\/www.thefork.be\/restaurant\/la-balbriere\/46903\" target=\"_blank\" rel=\"noreferrer noopener\">restaurant la Balbri\u00e8re<\/a><\/div>\n<\/div>\n<\/div>\n<\/div>\n<\/div>\n<\/div>\n","protected":false},"excerpt":{"rendered":"<p>Diaporama des photos prises durant la randonn\u00e9e \u00e0 Ottignies &#8211; Pie X &#8211; 10 juillet 2019 Description de la randonn\u00e9e Regroupement parking de l\u2019\u00e9glise Pie X \u00e0 Ottignies. Le temps est estival (26\u00b0C), pour une boucle au sud-ouest de Pie X. Nous voil\u00e0 donc partis, sous la houlette de Nicole, pour prendre, vers le sud-ouest, &hellip; <\/p>\n<p class=\"link-more\"><a href=\"https:\/\/baudhost.be\/wordpress\/2019-2\/juillet-2019\/ewav_19_pie_x\/\" class=\"more-link\">Continuer la lecture<span class=\"screen-reader-text\"> de &laquo;&nbsp;EWav_19_Pie_X&nbsp;&raquo;<\/span><\/a><\/p>\n","protected":false},"author":1,"featured_media":0,"parent":3770,"menu_order":0,"comment_status":"closed","ping_status":"closed","template":"","meta":{"footnotes":""},"class_list":["post-3827","page","type-page","status-publish","hentry"],"_links":{"self":[{"href":"https:\/\/baudhost.be\/wordpress\/wp-json\/wp\/v2\/pages\/3827","targetHints":{"allow":["GET"]}}],"collection":[{"href":"https:\/\/baudhost.be\/wordpress\/wp-json\/wp\/v2\/pages"}],"about":[{"href":"https:\/\/baudhost.be\/wordpress\/wp-json\/wp\/v2\/types\/page"}],"author":[{"embeddable":true,"href":"https:\/\/baudhost.be\/wordpress\/wp-json\/wp\/v2\/users\/1"}],"replies":[{"embeddable":true,"href":"https:\/\/baudhost.be\/wordpress\/wp-json\/wp\/v2\/comments?post=3827"}],"version-history":[{"count":7,"href":"https:\/\/baudhost.be\/wordpress\/wp-json\/wp\/v2\/pages\/3827\/revisions"}],"predecessor-version":[{"id":3838,"href":"https:\/\/baudhost.be\/wordpress\/wp-json\/wp\/v2\/pages\/3827\/revisions\/3838"}],"up":[{"embeddable":true,"href":"https:\/\/baudhost.be\/wordpress\/wp-json\/wp\/v2\/pages\/3770"}],"wp:attachment":[{"href":"https:\/\/baudhost.be\/wordpress\/wp-json\/wp\/v2\/media?parent=3827"}],"curies":[{"name":"wp","href":"https:\/\/api.w.org\/{rel}","templated":true}]}}