{"id":3115,"date":"2020-09-30T09:10:26","date_gmt":"2020-09-30T07:10:26","guid":{"rendered":"https:\/\/baudhost.be\/wordpress\/?page_id=3115"},"modified":"2020-11-01T09:36:31","modified_gmt":"2020-11-01T08:36:31","slug":"ewal_20_st_martin_2","status":"publish","type":"page","link":"https:\/\/baudhost.be\/wordpress\/2020-2\/septembre-2020\/ewal_20_st_martin_2\/","title":{"rendered":"EWal_20_St_Martin_2"},"content":{"rendered":"\n<div class=\"wp-block-image\"><figure class=\"aligncenter size-large\"><img loading=\"lazy\" decoding=\"async\" width=\"481\" height=\"124\" src=\"https:\/\/baudhost.be\/wordpress\/wp-content\/uploads\/2020\/01\/eneo_ucp_walhain2.jpg\" alt=\"\" class=\"wp-image-295\" srcset=\"https:\/\/baudhost.be\/wordpress\/wp-content\/uploads\/2020\/01\/eneo_ucp_walhain2.jpg 481w, https:\/\/baudhost.be\/wordpress\/wp-content\/uploads\/2020\/01\/eneo_ucp_walhain2-300x77.jpg 300w\" sizes=\"auto, (max-width: 481px) 100vw, 481px\" \/><\/figure><\/div>\n\n\n\n<div class=\"wp-block-columns is-layout-flex wp-container-core-columns-is-layout-9d6595d7 wp-block-columns-is-layout-flex\">\n<div class=\"wp-block-column is-layout-flow wp-block-column-is-layout-flow\" style=\"flex-basis:15%\">\n<div class=\"wp-block-image\"><figure class=\"aligncenter size-large\"><img loading=\"lazy\" decoding=\"async\" width=\"137\" height=\"86\" src=\"https:\/\/baudhost.be\/wordpress\/wp-content\/uploads\/2020\/01\/diaporama.jpg\" alt=\"\" class=\"wp-image-8\"\/><\/figure><\/div>\n<\/div>\n\n\n\n<div class=\"wp-block-column is-layout-flow wp-block-column-is-layout-flow\" style=\"flex-basis:85%\">\n<p class=\"has-text-align-center\"><strong>Diaporama <\/strong>des photos prises durant la randonn\u00e9e<\/p>\n\n\n\n<p class=\"has-text-align-center\"><strong>Nil-Saint-Vincent-Saint-Martin <\/strong>&#8211; lundi 28 septembre 2020<\/p>\n<\/div>\n<\/div>\n\n\n\n<div class=\"wp-block-flagallery-gallery flagallery-shortcode\"><div class=\"flagallery flaslider_skin\" id=\"FlaGallery_sc1_210\" ><script type=\"text\/javascript\">(function(){this['FlaGallery_sc1_210']={'settings':{\"sliderHeightRetio\":\"0.7\",\"sliderPreloaderColor\":\"#ffffff\",\"sliderBgColor\":\"rgba(39, 137, 12, 0.9)\",\"sliderHeaderFooterBgColor\":\"rgba(123, 222, 76, 0.4)\",\"sliderNavigationColor\":\"rgba(0,0,0,1)\",\"sliderNavigationIconColor\":\"rgba(255,255,255,1)\",\"sliderItemDescriptionBlock\":\"1\",\"sliderItemTitleFontSize\":\"18\",\"sliderItemTitleTextColor\":\"#ffffff\",\"sliderItemDescriptionFontSize\":\"14\",\"sliderItemDescriptionTextColor\":\"#969696\",\"sliderThumbBarEnable\":\"1\",\"sliderThumbBarHoverColor\":\"#ffffff\",\"sliderThumbSubMenuBackgroundColor\":\"rgba(0,0,0,1)\",\"sliderThumbSubMenuBackgroundColorOver\":\"rgba(255,255,255,1)\",\"sliderThumbSubMenuIconColor\":\"rgba(255,255,255,1)\",\"sliderThumbSubMenuIconHoverColor\":\"rgba(0,0,0,1)\",\"sliderPlayButton\":\"1\",\"sliderZoomButton\":\"1\",\"sliderFullScreen\":\"1\",\"sliderInfoEnable\":\"0\",\"sliderItemDownload\":\"1\",\"sliderSocialShareEnabled\":\"0\",\"sliderLikesEnabled\":\"0\",\"sliderSlideshowEneble\":\"0\",\"slideshowDelay\":\"8\",\"slideshowProgressBarColor\":\"rgba(255,255,255,1)\",\"slideshowProgressBarBGColor\":\"rgba(49,49,49,1)\",\"modaBgColor\":\"rgba(0,0,0,0.9)\",\"modalInfoBoxBgColor\":\"rgba(255,255,255,1)\",\"modalInfoBoxTitleTextColor\":\"#000000\",\"shareTitlePlaceHolder\":\"Share\",\"modalInfoBoxTextColor\":\"#333333\",\"infoBarExifEnable\":\"1\",\"infoBarCountersEnable\":\"1\",\"infoBarDateInfoEnable\":\"1\",\"customCSS\":\"\",\"key\":\"9fc7390f4f41450289e16b954c57b145\",\"name\":\"GRANDPackPlus\",\"galleryID\":\"sc1_210\",\"post_url\":\"https:\\\/\\\/baudhost.be\\\/wordpress\\\/wp-json\\\/wp\\\/v2\\\/pages\\\/3115\",\"module_url\":\"https:\\\/\\\/baudhost.be\\\/wordpress\\\/wp-content\\\/plugins\\\/flagallery-skins\\\/flaslider\\\/\"}, 'data':[{\"gallery\":{\"gid\":\"210\",\"name\":\"ewal_20_st_martin2\",\"path\":\"https:\\\/\\\/baudhost.be\\\/wordpress\\\/wp-content\\\/flagallery\\\/ewal_20_st_martin2\",\"title\":\"EWal_20_St_Martin2\",\"galdesc\":\"\"},\"data\":[{\"pid\":\"2190\",\"filename\":\"stmartin2_01.jpg\",\"description\":\"\",\"alttext\":\"\",\"link\":null,\"imagedate\":\"2020-09-30 07:13:09\",\"hitcounter\":\"68\",\"total_value\":\"0\",\"total_votes\":\"0\",\"meta_data\":{\"aperture\":false,\"credit\":false,\"camera\":\"VTR-L09\",\"caption\":false,\"created_timestamp\":false,\"copyright\":false,\"focal_length\":false,\"iso\":false,\"shutter_speed\":false,\"flash\":false,\"title\":false,\"keywords\":false,\"width\":1916,\"height\":1080,\"saved\":true,\"thumbnail\":{\"width\":400,\"height\":225},\"webview\":{\"0\":1916,\"1\":1080,\"2\":2,\"3\":\"width=\\\"1916\\\" height=\\\"1080\\\"\",\"bits\":8,\"channels\":3,\"mime\":\"image\\\/jpeg\"}}},{\"pid\":\"2191\",\"filename\":\"stmartin2_02.jpg\",\"description\":\"\",\"alttext\":\"burst\",\"link\":null,\"imagedate\":\"2020-09-28 14:39:40\",\"hitcounter\":\"34\",\"total_value\":\"0\",\"total_votes\":\"0\",\"meta_data\":{\"aperture\":\"F 2.2\",\"credit\":false,\"camera\":\"VTR-L09\",\"caption\":false,\"created_timestamp\":\"28 septembre 2020 14 h 39 min\",\"copyright\":false,\"focal_length\":\"3.95 mm\",\"iso\":160,\"shutter_speed\":\"1\\\/390 sec\",\"flash\":\"Not fired\",\"title\":\"burst\",\"keywords\":false,\"width\":1080,\"height\":1916,\"saved\":true,\"thumbnail\":{\"width\":225,\"height\":400},\"webview\":{\"0\":1080,\"1\":1916,\"2\":2,\"3\":\"width=\\\"1080\\\" height=\\\"1916\\\"\",\"bits\":8,\"channels\":3,\"mime\":\"image\\\/jpeg\"}}},{\"pid\":\"2192\",\"filename\":\"stmartin2_03.jpg\",\"description\":\"\",\"alttext\":\"\",\"link\":null,\"imagedate\":\"2020-09-28 14:40:27\",\"hitcounter\":\"27\",\"total_value\":\"0\",\"total_votes\":\"0\",\"meta_data\":{\"aperture\":\"F 2.2\",\"credit\":false,\"camera\":\"VTR-L09\",\"caption\":false,\"created_timestamp\":\"28 septembre 2020 14 h 40 min\",\"copyright\":false,\"focal_length\":\"3.95 mm\",\"iso\":160,\"shutter_speed\":\"1\\\/510 sec\",\"flash\":\"Not fired\",\"title\":false,\"keywords\":false,\"width\":1916,\"height\":1080,\"saved\":true,\"thumbnail\":{\"width\":400,\"height\":225},\"webview\":{\"0\":1916,\"1\":1080,\"2\":2,\"3\":\"width=\\\"1916\\\" height=\\\"1080\\\"\",\"bits\":8,\"channels\":3,\"mime\":\"image\\\/jpeg\"}}},{\"pid\":\"2193\",\"filename\":\"stmartin2_04.jpg\",\"description\":\"\",\"alttext\":\"\",\"link\":null,\"imagedate\":\"2020-09-28 14:50:01\",\"hitcounter\":\"23\",\"total_value\":\"0\",\"total_votes\":\"0\",\"meta_data\":{\"aperture\":\"F 2.2\",\"credit\":false,\"camera\":\"VTR-L09\",\"caption\":false,\"created_timestamp\":\"28 septembre 2020 14 h 50 min\",\"copyright\":false,\"focal_length\":\"3.95 mm\",\"iso\":50,\"shutter_speed\":\"1\\\/140 sec\",\"flash\":false,\"title\":false,\"keywords\":false,\"width\":1080,\"height\":1916,\"saved\":true,\"thumbnail\":{\"width\":225,\"height\":400},\"webview\":{\"0\":1080,\"1\":1916,\"2\":2,\"3\":\"width=\\\"1080\\\" height=\\\"1916\\\"\",\"bits\":8,\"channels\":3,\"mime\":\"image\\\/jpeg\"}}},{\"pid\":\"2194\",\"filename\":\"stmartin2_05.jpg\",\"description\":\"\",\"alttext\":\"\",\"link\":null,\"imagedate\":\"2020-09-28 15:15:37\",\"hitcounter\":\"20\",\"total_value\":\"0\",\"total_votes\":\"0\",\"meta_data\":{\"aperture\":\"F 2.2\",\"credit\":false,\"camera\":\"VTR-L09\",\"caption\":false,\"created_timestamp\":\"28 septembre 2020 15 h 15 min\",\"copyright\":false,\"focal_length\":\"3.95 mm\",\"iso\":50,\"shutter_speed\":\"1\\\/160 sec\",\"flash\":\"Not fired\",\"title\":false,\"keywords\":false,\"width\":1916,\"height\":1080,\"saved\":true,\"thumbnail\":{\"width\":400,\"height\":225},\"webview\":{\"0\":1916,\"1\":1080,\"2\":2,\"3\":\"width=\\\"1916\\\" height=\\\"1080\\\"\",\"bits\":8,\"channels\":3,\"mime\":\"image\\\/jpeg\"}}},{\"pid\":\"2195\",\"filename\":\"stmartin2_06.jpg\",\"description\":\"\",\"alttext\":\"\",\"link\":null,\"imagedate\":\"2020-09-28 15:15:40\",\"hitcounter\":\"19\",\"total_value\":\"0\",\"total_votes\":\"0\",\"meta_data\":{\"aperture\":\"F 2.2\",\"credit\":false,\"camera\":\"VTR-L09\",\"caption\":false,\"created_timestamp\":\"28 septembre 2020 15 h 15 min\",\"copyright\":false,\"focal_length\":\"3.95 mm\",\"iso\":50,\"shutter_speed\":\"1\\\/160 sec\",\"flash\":\"Not fired\",\"title\":false,\"keywords\":false,\"width\":1916,\"height\":1080,\"saved\":true,\"thumbnail\":{\"width\":400,\"height\":225},\"webview\":{\"0\":1916,\"1\":1080,\"2\":2,\"3\":\"width=\\\"1916\\\" height=\\\"1080\\\"\",\"bits\":8,\"channels\":3,\"mime\":\"image\\\/jpeg\"}}},{\"pid\":\"2196\",\"filename\":\"stmartin2_07.jpg\",\"description\":\"\",\"alttext\":\"\",\"link\":null,\"imagedate\":\"2020-09-28 15:21:09\",\"hitcounter\":\"19\",\"total_value\":\"0\",\"total_votes\":\"0\",\"meta_data\":{\"aperture\":\"F 2.2\",\"credit\":false,\"camera\":\"VTR-L09\",\"caption\":false,\"created_timestamp\":\"28 septembre 2020 15 h 21 min\",\"copyright\":false,\"focal_length\":\"3.95 mm\",\"iso\":50,\"shutter_speed\":\"1\\\/50 sec\",\"flash\":\"Not fired\",\"title\":false,\"keywords\":false,\"width\":1916,\"height\":1080,\"saved\":true,\"thumbnail\":{\"width\":400,\"height\":225},\"webview\":{\"0\":1916,\"1\":1080,\"2\":2,\"3\":\"width=\\\"1916\\\" height=\\\"1080\\\"\",\"bits\":8,\"channels\":3,\"mime\":\"image\\\/jpeg\"}}}]}], };})();<\/script><\/div><noscript id=\"noscript_FlaGallery_sc1_210\"><img class=\"skip-lazy no-lazyload noLazy\" data-lazy-src=\"\" src =\"https:\/\/baudhost.be\/wordpress\/wp-content\/flagallery\/ewal_20_st_martin2\/stmartin2_01.jpg\" alt=\"\" \/><img class=\"skip-lazy no-lazyload noLazy\" data-lazy-src=\"\" src =\"https:\/\/baudhost.be\/wordpress\/wp-content\/flagallery\/ewal_20_st_martin2\/stmartin2_02.jpg\" alt=\"burst\" \/><img class=\"skip-lazy no-lazyload noLazy\" data-lazy-src=\"\" src =\"https:\/\/baudhost.be\/wordpress\/wp-content\/flagallery\/ewal_20_st_martin2\/stmartin2_03.jpg\" alt=\"\" \/><img class=\"skip-lazy no-lazyload noLazy\" data-lazy-src=\"\" src =\"https:\/\/baudhost.be\/wordpress\/wp-content\/flagallery\/ewal_20_st_martin2\/stmartin2_04.jpg\" alt=\"\" \/><img class=\"skip-lazy no-lazyload noLazy\" data-lazy-src=\"\" src =\"https:\/\/baudhost.be\/wordpress\/wp-content\/flagallery\/ewal_20_st_martin2\/stmartin2_05.jpg\" alt=\"\" \/><img class=\"skip-lazy no-lazyload noLazy\" data-lazy-src=\"\" src =\"https:\/\/baudhost.be\/wordpress\/wp-content\/flagallery\/ewal_20_st_martin2\/stmartin2_06.jpg\" alt=\"\" \/><img class=\"skip-lazy no-lazyload noLazy\" data-lazy-src=\"\" src =\"https:\/\/baudhost.be\/wordpress\/wp-content\/flagallery\/ewal_20_st_martin2\/stmartin2_07.jpg\" alt=\"\" \/><\/noscript><\/div>\n\n\n\n<hr class=\"wp-block-separator\"\/>\n\n\n\n<h2 class=\"wp-block-heading\"><strong>Description de la randonn\u00e9e<\/strong><\/h2>\n\n\n\n<p>Regroupement, sous une fine pluie, \u00e0 l\u2019\u00e9glise Saint-Martin de Walhain. Une visite \u00e0 l\u2019int\u00e9rieur est possible, car la porte est ouverte, avec entre autres son autel majeur, en ch\u00eane sculpt\u00e9, datant de 1787 .<\/p>\n\n\n\n<p>Sous la houlette d\u2019Yves, nous voil\u00e0 partis pour une boucle \u00e0 l\u2019ouest de Nil-Saint-Martin. D\u00e9part, au nord, en sortant rapidement des habitations en direction de Corbais. Peu avant le Moulin du Ti\u00e8ge, nous virons \u00e0 droite pour rejoindre le ch\u00e2teau d\u2019eau de Corbais. Nous poursuivons, \u00e0 l\u2019ouest, dans le quartier du Linchet et la chapelle Saint-Pierre (vide). Nous rejoignons alors l\u2019\u00e9glise de Corbais et son presbyt\u00e8re avant d\u2019emprunter un joli sentier, en fond de jardins, en direction de la N4. Virage, au sud, en direction de Nil-Saint-Vincent jusqu\u2019\u00e0 la chapelle Saint-Joseph pour prendre, plein est, vers l\u2019\u00e9glise de Nil et la salle Jadinon. Toujours \u00e0 l\u2019est, les 15 marcheurs retrouvent, toujours sous la pluie qui ne nous a pas quitt\u00e9e, tout au long du parcours, l\u2019\u00e9glise Saint-Martin du d\u00e9part apr\u00e8s une balade humide de 6km320.<\/p>\n\n\n\n<p>Merci \u00e0 Yves pour son partage de parcours.<\/p>\n\n\n\n<h3 class=\"wp-block-heading\"><strong>Informations GPS \u00e0 propos de la randonn\u00e9e<\/strong> <\/h3>\n\n\n\n<div class=\"wp-block-flagallery-gallery flagallery-shortcode\"><div class=\"flagallery flaslider_skin\" id=\"FlaGallery_sc2_211\" ><script type=\"text\/javascript\">(function(){this['FlaGallery_sc2_211']={'settings':{\"sliderHeightRetio\":\"0.7\",\"sliderPreloaderColor\":\"#ffffff\",\"sliderBgColor\":\"rgba(19, 73, 161, 0.9)\",\"sliderHeaderFooterBgColor\":\"rgba(56, 148, 216, 0.4)\",\"sliderNavigationColor\":\"rgba(0,0,0,1)\",\"sliderNavigationIconColor\":\"rgba(255,255,255,1)\",\"sliderItemDescriptionBlock\":\"1\",\"sliderItemTitleFontSize\":\"18\",\"sliderItemTitleTextColor\":\"#ffffff\",\"sliderItemDescriptionFontSize\":\"14\",\"sliderItemDescriptionTextColor\":\"#969696\",\"sliderThumbBarEnable\":\"1\",\"sliderThumbBarHoverColor\":\"#ffffff\",\"sliderThumbSubMenuBackgroundColor\":\"rgba(0,0,0,1)\",\"sliderThumbSubMenuBackgroundColorOver\":\"rgba(255,255,255,1)\",\"sliderThumbSubMenuIconColor\":\"rgba(255,255,255,1)\",\"sliderThumbSubMenuIconHoverColor\":\"rgba(0,0,0,1)\",\"sliderPlayButton\":\"1\",\"sliderZoomButton\":\"0\",\"sliderFullScreen\":\"1\",\"sliderInfoEnable\":\"0\",\"sliderItemDownload\":\"0\",\"sliderSocialShareEnabled\":\"0\",\"sliderLikesEnabled\":\"0\",\"sliderSlideshowEneble\":\"0\",\"slideshowDelay\":\"8\",\"slideshowProgressBarColor\":\"rgba(255,255,255,1)\",\"slideshowProgressBarBGColor\":\"rgba(49,49,49,1)\",\"modaBgColor\":\"rgba(0,0,0,0.9)\",\"modalInfoBoxBgColor\":\"rgba(255,255,255,1)\",\"modalInfoBoxTitleTextColor\":\"#000000\",\"shareTitlePlaceHolder\":\"Share\",\"modalInfoBoxTextColor\":\"#333333\",\"infoBarExifEnable\":\"1\",\"infoBarCountersEnable\":\"1\",\"infoBarDateInfoEnable\":\"1\",\"customCSS\":\"\",\"key\":\"9fc7390f4f41450289e16b954c57b145\",\"name\":\"GRANDPackPlus\",\"galleryID\":\"sc2_211\",\"post_url\":\"https:\\\/\\\/baudhost.be\\\/wordpress\\\/wp-json\\\/wp\\\/v2\\\/pages\\\/3115\",\"module_url\":\"https:\\\/\\\/baudhost.be\\\/wordpress\\\/wp-content\\\/plugins\\\/flagallery-skins\\\/flaslider\\\/\"}, 'data':[{\"gallery\":{\"gid\":\"211\",\"name\":\"ewal_20_st_martin2_gps\",\"path\":\"https:\\\/\\\/baudhost.be\\\/wordpress\\\/wp-content\\\/flagallery\\\/ewal_20_st_martin2_gps\",\"title\":\"EWal_20_St_Martin2_gps\",\"galdesc\":\"\"},\"data\":[{\"pid\":\"2197\",\"filename\":\"map.jpg\",\"description\":\"\",\"alttext\":\"\",\"link\":null,\"imagedate\":\"2020-09-30 07:14:00\",\"hitcounter\":\"68\",\"total_value\":\"0\",\"total_votes\":\"0\",\"meta_data\":{\"aperture\":false,\"credit\":false,\"camera\":false,\"caption\":false,\"created_timestamp\":false,\"copyright\":false,\"focal_length\":false,\"iso\":false,\"shutter_speed\":false,\"flash\":false,\"title\":false,\"keywords\":false,\"width\":533,\"height\":499,\"saved\":true,\"thumbnail\":{\"width\":400,\"height\":374},\"webview\":{\"0\":533,\"1\":499,\"2\":2,\"3\":\"width=\\\"533\\\" height=\\\"499\\\"\",\"bits\":8,\"channels\":3,\"mime\":\"image\\\/jpeg\"}}},{\"pid\":\"2198\",\"filename\":\"map_visu.jpg\",\"description\":\"\",\"alttext\":\"\",\"link\":null,\"imagedate\":\"2020-09-30 07:14:01\",\"hitcounter\":\"4\",\"total_value\":\"0\",\"total_votes\":\"0\",\"meta_data\":{\"aperture\":false,\"credit\":false,\"camera\":false,\"caption\":false,\"created_timestamp\":false,\"copyright\":false,\"focal_length\":false,\"iso\":false,\"shutter_speed\":false,\"flash\":false,\"title\":false,\"keywords\":false,\"width\":1247,\"height\":601,\"saved\":true,\"thumbnail\":{\"width\":400,\"height\":193},\"webview\":{\"0\":1247,\"1\":601,\"2\":2,\"3\":\"width=\\\"1247\\\" height=\\\"601\\\"\",\"bits\":8,\"channels\":3,\"mime\":\"image\\\/jpeg\"}}},{\"pid\":\"2199\",\"filename\":\"map_wikiloc.jpg\",\"description\":\"\",\"alttext\":\"\",\"link\":null,\"imagedate\":\"2020-09-30 07:14:02\",\"hitcounter\":\"2\",\"total_value\":\"0\",\"total_votes\":\"0\",\"meta_data\":{\"aperture\":false,\"credit\":false,\"camera\":false,\"caption\":false,\"created_timestamp\":false,\"copyright\":false,\"focal_length\":false,\"iso\":false,\"shutter_speed\":false,\"flash\":false,\"title\":false,\"keywords\":false,\"width\":1040,\"height\":724,\"saved\":true,\"thumbnail\":{\"width\":400,\"height\":278},\"webview\":{\"0\":1040,\"1\":724,\"2\":2,\"3\":\"width=\\\"1040\\\" height=\\\"724\\\"\",\"bits\":8,\"channels\":3,\"mime\":\"image\\\/jpeg\"}}},{\"pid\":\"2200\",\"filename\":\"map_vr.jpg\",\"description\":\"\",\"alttext\":\"\",\"link\":null,\"imagedate\":\"2020-09-30 07:14:02\",\"hitcounter\":\"2\",\"total_value\":\"0\",\"total_votes\":\"0\",\"meta_data\":{\"aperture\":false,\"credit\":false,\"camera\":false,\"caption\":false,\"created_timestamp\":false,\"copyright\":false,\"focal_length\":false,\"iso\":false,\"shutter_speed\":false,\"flash\":false,\"title\":false,\"keywords\":false,\"width\":1259,\"height\":769,\"saved\":true,\"thumbnail\":{\"width\":400,\"height\":244},\"webview\":{\"0\":1259,\"1\":769,\"2\":2,\"3\":\"width=\\\"1259\\\" height=\\\"769\\\"\",\"bits\":8,\"channels\":3,\"mime\":\"image\\\/jpeg\"}}},{\"pid\":\"2201\",\"filename\":\"screenshot.jpg\",\"description\":\"\",\"alttext\":\"\",\"link\":null,\"imagedate\":\"2020-09-30 08:47:09\",\"hitcounter\":\"2\",\"total_value\":\"0\",\"total_votes\":\"0\",\"meta_data\":{\"aperture\":false,\"credit\":false,\"camera\":\"VTR-L09\",\"caption\":false,\"created_timestamp\":\"30 septembre 2020 8 h 47 min\",\"copyright\":false,\"focal_length\":false,\"iso\":false,\"shutter_speed\":false,\"flash\":false,\"title\":false,\"keywords\":false,\"width\":1080,\"height\":1665,\"saved\":true,\"thumbnail\":{\"width\":259,\"height\":400},\"webview\":{\"0\":1080,\"1\":1665,\"2\":2,\"3\":\"width=\\\"1080\\\" height=\\\"1665\\\"\",\"bits\":8,\"channels\":3,\"mime\":\"image\\\/jpeg\"}}}]}], };})();<\/script><\/div><noscript id=\"noscript_FlaGallery_sc2_211\"><img class=\"skip-lazy no-lazyload noLazy\" data-lazy-src=\"\" src =\"https:\/\/baudhost.be\/wordpress\/wp-content\/flagallery\/ewal_20_st_martin2_gps\/map.jpg\" alt=\"\" \/><img class=\"skip-lazy no-lazyload noLazy\" data-lazy-src=\"\" src =\"https:\/\/baudhost.be\/wordpress\/wp-content\/flagallery\/ewal_20_st_martin2_gps\/map_visu.jpg\" alt=\"\" \/><img class=\"skip-lazy no-lazyload noLazy\" data-lazy-src=\"\" src =\"https:\/\/baudhost.be\/wordpress\/wp-content\/flagallery\/ewal_20_st_martin2_gps\/map_wikiloc.jpg\" alt=\"\" \/><img class=\"skip-lazy no-lazyload noLazy\" data-lazy-src=\"\" src =\"https:\/\/baudhost.be\/wordpress\/wp-content\/flagallery\/ewal_20_st_martin2_gps\/map_vr.jpg\" alt=\"\" \/><img class=\"skip-lazy no-lazyload noLazy\" data-lazy-src=\"\" src =\"https:\/\/baudhost.be\/wordpress\/wp-content\/flagallery\/ewal_20_st_martin2_gps\/screenshot.jpg\" alt=\"\" \/><\/noscript><\/div>\n\n\n\n<hr class=\"wp-block-separator\"\/>\n\n\n\n<div class=\"wp-block-columns are-vertically-aligned-center is-layout-flex wp-container-core-columns-is-layout-9d6595d7 wp-block-columns-is-layout-flex\">\n<div class=\"wp-block-column is-vertically-aligned-center is-layout-flow wp-block-column-is-layout-flow\" style=\"flex-basis:38.38%\">\n<div class=\"wp-block-file aligncenter\"><a href=\"https:\/\/baudhost.be\/wordpress\/wp-content\/uploads\/2020\/09\/EWal_20_StMartin2_Gm.gpx\"><img decoding=\"async\" class=\"wp-image-1968\" style=\"width: 150px;\" src=\"https:\/\/baudhost.be\/wordpress\/wp-content\/uploads\/2020\/02\/logo_gpx_download.jpg\" alt=\"\">EWal_20_StMartin2_Gm<\/a><\/div>\n\n\n\n<p><\/p>\n<\/div>\n\n\n\n<div class=\"wp-block-column is-vertically-aligned-center is-layout-flow wp-block-column-is-layout-flow\" style=\"flex-basis:30%\">\n<p class=\"has-text-align-center\" style=\"font-size:14px\"><strong>T\u00e9l\u00e9chargement <\/strong>au format GPX pour GPS ou au format KML pour Google Earth<\/p>\n<\/div>\n\n\n\n<div class=\"wp-block-column is-layout-flow wp-block-column-is-layout-flow\" style=\"flex-basis:31.62%\">\n<div class=\"wp-block-file aligncenter\"><a href=\"https:\/\/baudhost.be\/wordpress\/wp-content\/uploads\/2020\/09\/EWal_20_StMartin2_Gm.kml\"><img loading=\"lazy\" decoding=\"async\" width=\"150\" height=\"105\" class=\"wp-image-1967\" style=\"width: 150px;\" src=\"https:\/\/baudhost.be\/wordpress\/wp-content\/uploads\/2020\/02\/logo_google_earth_download.jpg\" alt=\"\">EWal_20_StMartin2_Gm<\/a><\/div>\n<\/div>\n<\/div>\n\n\n\n<hr class=\"wp-block-separator\"\/>\n\n\n\n<h3 class=\"wp-block-heading\"><strong>Informations compl\u00e9mentaires<\/strong><\/h3>\n\n\n\n<div class=\"wp-block-columns is-layout-flex wp-container-core-columns-is-layout-9d6595d7 wp-block-columns-is-layout-flex\">\n<div class=\"wp-block-column is-layout-flow wp-block-column-is-layout-flow\">\n<div class=\"wp-block-columns is-layout-flex wp-container-core-columns-is-layout-9d6595d7 wp-block-columns-is-layout-flex\">\n<div class=\"wp-block-column is-layout-flow wp-block-column-is-layout-flow\" style=\"flex-basis:33.33%\">\n<figure class=\"wp-block-image size-large\"><img loading=\"lazy\" decoding=\"async\" width=\"300\" height=\"300\" src=\"https:\/\/baudhost.be\/wordpress\/wp-content\/uploads\/2020\/01\/documents.jpg\" alt=\"\" class=\"wp-image-67\" srcset=\"https:\/\/baudhost.be\/wordpress\/wp-content\/uploads\/2020\/01\/documents.jpg 300w, https:\/\/baudhost.be\/wordpress\/wp-content\/uploads\/2020\/01\/documents-150x150.jpg 150w, https:\/\/baudhost.be\/wordpress\/wp-content\/uploads\/2020\/01\/documents-100x100.jpg 100w\" sizes=\"auto, (max-width: 300px) 100vw, 300px\" \/><figcaption><strong>Informations<\/strong> \u00e0 t\u00e9l\u00e9charger<\/figcaption><\/figure>\n<\/div>\n\n\n\n<div class=\"wp-block-column is-layout-flow wp-block-column-is-layout-flow\" style=\"flex-basis:66.66%\">\n<div class=\"wp-block-file\"><a href=\"https:\/\/baudhost.be\/wordpress\/wp-content\/uploads\/2020\/09\/pub_Walhain-2.pdf\" target=\"_blank\" rel=\"noreferrer noopener\">pub_Walhain<\/a><\/div>\n\n\n\n<p><!--EndFragment--><\/p>\n<\/div>\n<\/div>\n<\/div>\n\n\n\n<div class=\"wp-block-column is-layout-flow wp-block-column-is-layout-flow\">\n<div class=\"wp-block-columns is-layout-flex wp-container-core-columns-is-layout-9d6595d7 wp-block-columns-is-layout-flex\">\n<div class=\"wp-block-column is-layout-flow wp-block-column-is-layout-flow\" style=\"flex-basis:33.33%\">\n<figure class=\"wp-block-image size-large\"><img loading=\"lazy\" decoding=\"async\" width=\"400\" height=\"400\" src=\"https:\/\/baudhost.be\/wordpress\/wp-content\/uploads\/2020\/01\/www.jpg\" alt=\"\" class=\"wp-image-78\" srcset=\"https:\/\/baudhost.be\/wordpress\/wp-content\/uploads\/2020\/01\/www.jpg 400w, https:\/\/baudhost.be\/wordpress\/wp-content\/uploads\/2020\/01\/www-300x300.jpg 300w, https:\/\/baudhost.be\/wordpress\/wp-content\/uploads\/2020\/01\/www-150x150.jpg 150w, https:\/\/baudhost.be\/wordpress\/wp-content\/uploads\/2020\/01\/www-100x100.jpg 100w\" sizes=\"auto, (max-width: 400px) 100vw, 400px\" \/><figcaption>Les <strong>boutons <\/strong>donnent acc\u00e8s aux sites concern\u00e9s<\/figcaption><\/figure>\n<\/div>\n\n\n\n<div class=\"wp-block-column is-layout-flow wp-block-column-is-layout-flow\" style=\"flex-basis:66.66%\">\n<div class=\"wp-block-buttons is-layout-flex wp-block-buttons-is-layout-flex\">\n<div class=\"wp-block-button is-style-outline is-style-outline--1\"><a class=\"wp-block-button__link\" href=\"https:\/\/www.walhain.be\/loisirs\/tourisme\/histoire-de-nos-villages\/nil-saint-vincent-saint-martin\" target=\"_blank\" rel=\"noreferrer noopener\">Nil-Saint-Vincent-Saint-Martin<\/a><\/div>\n\n\n\n<div class=\"wp-block-button is-style-outline is-style-outline--2\"><a class=\"wp-block-button__link\" href=\"https:\/\/fr.wikipedia.org\/wiki\/Corbais\" target=\"_blank\" rel=\"noreferrer noopener\">Corbais<\/a><\/div>\n\n\n\n<div class=\"wp-block-button is-style-outline is-style-outline--3\"><a class=\"wp-block-button__link\" href=\"https:\/\/www.paroissedenil.be\/site\/eglise-saint-martin-saint-brice\" target=\"_blank\" rel=\"noreferrer noopener\">\u00e9glise Saint-Martin-Saint Brice<\/a><\/div>\n\n\n\n<div class=\"wp-block-button is-style-outline is-style-outline--4\"><a class=\"wp-block-button__link\" href=\"https:\/\/www.walhain.be\/parcoursqr\/le-moulin-du-tiege\" target=\"_blank\" rel=\"noreferrer noopener\">moulin du Ti\u00e8ge<\/a><\/div>\n\n\n\n<div class=\"wp-block-button is-style-outline is-style-outline--5\"><a class=\"wp-block-button__link\" href=\"http:\/\/www.vivreici.be\/article\/detail_walhain-centre-geographique-de-la-belgique?id=2123\" target=\"_blank\" rel=\"noreferrer noopener\">centre g\u00e9ographique de la Belgique<\/a><\/div>\n<\/div>\n\n\n\n<p><!--EndFragment--><\/p>\n<\/div>\n<\/div>\n\n\n\n<p><\/p>\n<\/div>\n<\/div>\n","protected":false},"excerpt":{"rendered":"<p>Diaporama des photos prises durant la randonn\u00e9e Nil-Saint-Vincent-Saint-Martin &#8211; lundi 28 septembre 2020 Description de la randonn\u00e9e Regroupement, sous une fine pluie, \u00e0 l\u2019\u00e9glise Saint-Martin de Walhain. Une visite \u00e0 l\u2019int\u00e9rieur est possible, car la porte est ouverte, avec entre autres son autel majeur, en ch\u00eane sculpt\u00e9, datant de 1787 . Sous la houlette d\u2019Yves, &hellip; <\/p>\n<p class=\"link-more\"><a href=\"https:\/\/baudhost.be\/wordpress\/2020-2\/septembre-2020\/ewal_20_st_martin_2\/\" class=\"more-link\">Continuer la lecture<span class=\"screen-reader-text\"> de &laquo;&nbsp;EWal_20_St_Martin_2&nbsp;&raquo;<\/span><\/a><\/p>\n","protected":false},"author":1,"featured_media":0,"parent":2951,"menu_order":0,"comment_status":"closed","ping_status":"closed","template":"","meta":{"footnotes":""},"class_list":["post-3115","page","type-page","status-publish","hentry"],"_links":{"self":[{"href":"https:\/\/baudhost.be\/wordpress\/wp-json\/wp\/v2\/pages\/3115","targetHints":{"allow":["GET"]}}],"collection":[{"href":"https:\/\/baudhost.be\/wordpress\/wp-json\/wp\/v2\/pages"}],"about":[{"href":"https:\/\/baudhost.be\/wordpress\/wp-json\/wp\/v2\/types\/page"}],"author":[{"embeddable":true,"href":"https:\/\/baudhost.be\/wordpress\/wp-json\/wp\/v2\/users\/1"}],"replies":[{"embeddable":true,"href":"https:\/\/baudhost.be\/wordpress\/wp-json\/wp\/v2\/comments?post=3115"}],"version-history":[{"count":9,"href":"https:\/\/baudhost.be\/wordpress\/wp-json\/wp\/v2\/pages\/3115\/revisions"}],"predecessor-version":[{"id":3432,"href":"https:\/\/baudhost.be\/wordpress\/wp-json\/wp\/v2\/pages\/3115\/revisions\/3432"}],"up":[{"embeddable":true,"href":"https:\/\/baudhost.be\/wordpress\/wp-json\/wp\/v2\/pages\/2951"}],"wp:attachment":[{"href":"https:\/\/baudhost.be\/wordpress\/wp-json\/wp\/v2\/media?parent=3115"}],"curies":[{"name":"wp","href":"https:\/\/api.w.org\/{rel}","templated":true}]}}