{"id":2955,"date":"2020-09-03T13:51:12","date_gmt":"2020-09-03T11:51:12","guid":{"rendered":"https:\/\/baudhost.be\/wordpress\/?page_id=2955"},"modified":"2020-11-01T12:23:43","modified_gmt":"2020-11-01T11:23:43","slug":"ewav_bal_doiceau","status":"publish","type":"page","link":"https:\/\/baudhost.be\/wordpress\/2020-2\/septembre-2020\/ewav_bal_doiceau\/","title":{"rendered":"EWav_bal_Doiceau"},"content":{"rendered":"\n<div class=\"wp-block-image\"><figure class=\"aligncenter size-large\"><img loading=\"lazy\" decoding=\"async\" width=\"421\" height=\"160\" src=\"https:\/\/baudhost.be\/wordpress\/wp-content\/uploads\/2020\/01\/eneo_wgd_sport.jpg\" alt=\"\" class=\"wp-image-296\" srcset=\"https:\/\/baudhost.be\/wordpress\/wp-content\/uploads\/2020\/01\/eneo_wgd_sport.jpg 421w, https:\/\/baudhost.be\/wordpress\/wp-content\/uploads\/2020\/01\/eneo_wgd_sport-300x114.jpg 300w\" sizes=\"auto, (max-width: 421px) 100vw, 421px\" \/><\/figure><\/div>\n\n\n\n<div class=\"wp-block-columns is-layout-flex wp-container-core-columns-is-layout-9d6595d7 wp-block-columns-is-layout-flex\">\n<div class=\"wp-block-column is-layout-flow wp-block-column-is-layout-flow\" style=\"flex-basis:15%\">\n<div class=\"wp-block-image\"><figure class=\"aligncenter size-large\"><img loading=\"lazy\" decoding=\"async\" width=\"137\" height=\"86\" src=\"https:\/\/baudhost.be\/wordpress\/wp-content\/uploads\/2020\/01\/diaporama.jpg\" alt=\"\" class=\"wp-image-8\"\/><\/figure><\/div>\n<\/div>\n\n\n\n<div class=\"wp-block-column is-layout-flow wp-block-column-is-layout-flow\" style=\"flex-basis:85%\">\n<p class=\"has-text-align-center\"><strong>Diaporama <\/strong>des photos prises durant la Balade<\/p>\n\n\n\n<p class=\"has-text-align-center\"><strong>Doiceau &#8211; <\/strong> 2 septembre  2020 <\/p>\n<\/div>\n<\/div>\n\n\n\n<div class=\"wp-block-flagallery-gallery flagallery-shortcode\"><div class=\"flagallery flaslider_skin\" id=\"FlaGallery_sc1_187\" ><script type=\"text\/javascript\">(function(){this['FlaGallery_sc1_187']={'settings':{\"sliderHeightRetio\":\"0.7\",\"sliderPreloaderColor\":\"#ffffff\",\"sliderBgColor\":\"rgba(39, 137, 12, 0.9)\",\"sliderHeaderFooterBgColor\":\"rgba(123, 222, 76, 0.4)\",\"sliderNavigationColor\":\"rgba(0,0,0,1)\",\"sliderNavigationIconColor\":\"rgba(255,255,255,1)\",\"sliderItemDescriptionBlock\":\"1\",\"sliderItemTitleFontSize\":\"18\",\"sliderItemTitleTextColor\":\"#ffffff\",\"sliderItemDescriptionFontSize\":\"14\",\"sliderItemDescriptionTextColor\":\"#969696\",\"sliderThumbBarEnable\":\"1\",\"sliderThumbBarHoverColor\":\"#ffffff\",\"sliderThumbSubMenuBackgroundColor\":\"rgba(0,0,0,1)\",\"sliderThumbSubMenuBackgroundColorOver\":\"rgba(255,255,255,1)\",\"sliderThumbSubMenuIconColor\":\"rgba(255,255,255,1)\",\"sliderThumbSubMenuIconHoverColor\":\"rgba(0,0,0,1)\",\"sliderPlayButton\":\"1\",\"sliderZoomButton\":\"1\",\"sliderFullScreen\":\"1\",\"sliderInfoEnable\":\"0\",\"sliderItemDownload\":\"1\",\"sliderSocialShareEnabled\":\"0\",\"sliderLikesEnabled\":\"0\",\"sliderSlideshowEneble\":\"0\",\"slideshowDelay\":\"8\",\"slideshowProgressBarColor\":\"rgba(255,255,255,1)\",\"slideshowProgressBarBGColor\":\"rgba(49,49,49,1)\",\"modaBgColor\":\"rgba(0,0,0,0.9)\",\"modalInfoBoxBgColor\":\"rgba(255,255,255,1)\",\"modalInfoBoxTitleTextColor\":\"#000000\",\"shareTitlePlaceHolder\":\"Share\",\"modalInfoBoxTextColor\":\"#333333\",\"infoBarExifEnable\":\"1\",\"infoBarCountersEnable\":\"1\",\"infoBarDateInfoEnable\":\"1\",\"customCSS\":\"\",\"key\":\"9fc7390f4f41450289e16b954c57b145\",\"name\":\"GRANDPackPlus\",\"galleryID\":\"sc1_187\",\"post_url\":\"https:\\\/\\\/baudhost.be\\\/wordpress\\\/wp-json\\\/wp\\\/v2\\\/pages\\\/2955\",\"module_url\":\"https:\\\/\\\/baudhost.be\\\/wordpress\\\/wp-content\\\/plugins\\\/flagallery-skins\\\/flaslider\\\/\"}, 'data':[{\"gallery\":{\"gid\":\"187\",\"name\":\"ewav_bal_doiceau\",\"path\":\"https:\\\/\\\/baudhost.be\\\/wordpress\\\/wp-content\\\/flagallery\\\/ewav_bal_doiceau\",\"title\":\"EWav_bal_Doiceau\",\"galdesc\":\"\"},\"data\":[{\"pid\":\"1931\",\"filename\":\"doiceau_01.jpg\",\"description\":\"\",\"alttext\":\"\",\"link\":null,\"imagedate\":\"2020-09-02 14:56:54\",\"hitcounter\":\"38\",\"total_value\":\"0\",\"total_votes\":\"0\",\"meta_data\":{\"aperture\":\"F 5\",\"credit\":false,\"camera\":\"DMC-TZ60\",\"caption\":false,\"created_timestamp\":\"2 septembre 2020 14 h 56 min\",\"copyright\":false,\"focal_length\":\"4.3 mm\",\"iso\":100,\"shutter_speed\":\"1\\\/80 sec\",\"flash\":\"Not fired\",\"title\":false,\"keywords\":false,\"width\":1080,\"height\":1440,\"saved\":true,\"thumbnail\":{\"width\":300,\"height\":400},\"webview\":{\"0\":1080,\"1\":1440,\"2\":2,\"3\":\"width=\\\"1080\\\" height=\\\"1440\\\"\",\"bits\":8,\"channels\":3,\"mime\":\"image\\\/jpeg\"}}},{\"pid\":\"1932\",\"filename\":\"doiceau_02.jpg\",\"description\":\"\",\"alttext\":\"\",\"link\":null,\"imagedate\":\"2020-09-02 15:02:03\",\"hitcounter\":\"16\",\"total_value\":\"0\",\"total_votes\":\"0\",\"meta_data\":{\"aperture\":\"F 5\",\"credit\":false,\"camera\":\"DMC-TZ60\",\"caption\":false,\"created_timestamp\":\"2 septembre 2020 15 h 02 min\",\"copyright\":false,\"focal_length\":\"4.3 mm\",\"iso\":100,\"shutter_speed\":\"1\\\/130 sec\",\"flash\":\"Not fired\",\"title\":false,\"keywords\":false,\"width\":1440,\"height\":1080,\"saved\":true,\"thumbnail\":{\"width\":400,\"height\":300},\"webview\":{\"0\":1440,\"1\":1080,\"2\":2,\"3\":\"width=\\\"1440\\\" height=\\\"1080\\\"\",\"bits\":8,\"channels\":3,\"mime\":\"image\\\/jpeg\"}}},{\"pid\":\"1933\",\"filename\":\"doiceau_03.jpg\",\"description\":\"\",\"alttext\":\"\",\"link\":null,\"imagedate\":\"2020-09-02 15:20:46\",\"hitcounter\":\"12\",\"total_value\":\"0\",\"total_votes\":\"0\",\"meta_data\":{\"aperture\":\"F 5\",\"credit\":false,\"camera\":\"DMC-TZ60\",\"caption\":false,\"created_timestamp\":\"2 septembre 2020 15 h 20 min\",\"copyright\":false,\"focal_length\":\"4.3 mm\",\"iso\":125,\"shutter_speed\":\"1\\\/60 sec\",\"flash\":\"Not fired\",\"title\":false,\"keywords\":false,\"width\":1440,\"height\":1080,\"saved\":true,\"thumbnail\":{\"width\":400,\"height\":300},\"webview\":{\"0\":1440,\"1\":1080,\"2\":2,\"3\":\"width=\\\"1440\\\" height=\\\"1080\\\"\",\"bits\":8,\"channels\":3,\"mime\":\"image\\\/jpeg\"}}},{\"pid\":\"1934\",\"filename\":\"doiceau_04.jpg\",\"description\":\"\",\"alttext\":\"\",\"link\":null,\"imagedate\":\"2020-09-02 15:21:26\",\"hitcounter\":\"12\",\"total_value\":\"0\",\"total_votes\":\"0\",\"meta_data\":{\"aperture\":\"F 5\",\"credit\":false,\"camera\":\"DMC-TZ60\",\"caption\":false,\"created_timestamp\":\"2 septembre 2020 15 h 21 min\",\"copyright\":false,\"focal_length\":\"4.3 mm\",\"iso\":100,\"shutter_speed\":\"1\\\/100 sec\",\"flash\":\"Not fired\",\"title\":false,\"keywords\":false,\"width\":1080,\"height\":1440,\"saved\":true,\"thumbnail\":{\"width\":300,\"height\":400},\"webview\":{\"0\":1080,\"1\":1440,\"2\":2,\"3\":\"width=\\\"1080\\\" height=\\\"1440\\\"\",\"bits\":8,\"channels\":3,\"mime\":\"image\\\/jpeg\"}}},{\"pid\":\"1935\",\"filename\":\"doiceau_05.jpg\",\"description\":\"\",\"alttext\":\"\",\"link\":null,\"imagedate\":\"2020-09-02 15:26:41\",\"hitcounter\":\"7\",\"total_value\":\"0\",\"total_votes\":\"0\",\"meta_data\":{\"aperture\":\"F 5\",\"credit\":false,\"camera\":\"DMC-TZ60\",\"caption\":false,\"created_timestamp\":\"2 septembre 2020 15 h 26 min\",\"copyright\":false,\"focal_length\":\"4.3 mm\",\"iso\":100,\"shutter_speed\":\"1\\\/80 sec\",\"flash\":\"Not fired\",\"title\":false,\"keywords\":false,\"width\":1440,\"height\":1080,\"saved\":true,\"thumbnail\":{\"width\":400,\"height\":300},\"webview\":{\"0\":1440,\"1\":1080,\"2\":2,\"3\":\"width=\\\"1440\\\" height=\\\"1080\\\"\",\"bits\":8,\"channels\":3,\"mime\":\"image\\\/jpeg\"}}},{\"pid\":\"1936\",\"filename\":\"doiceau_06.jpg\",\"description\":\"\",\"alttext\":\"\",\"link\":null,\"imagedate\":\"2020-09-02 16:12:18\",\"hitcounter\":\"7\",\"total_value\":\"0\",\"total_votes\":\"0\",\"meta_data\":{\"aperture\":\"F 5\",\"credit\":false,\"camera\":\"DMC-TZ60\",\"caption\":false,\"created_timestamp\":\"2 septembre 2020 16 h 12 min\",\"copyright\":false,\"focal_length\":\"4.3 mm\",\"iso\":400,\"shutter_speed\":\"1\\\/30 sec\",\"flash\":\"Not fired\",\"title\":false,\"keywords\":false,\"width\":1440,\"height\":1080,\"saved\":true,\"thumbnail\":{\"width\":400,\"height\":300},\"webview\":{\"0\":1440,\"1\":1080,\"2\":2,\"3\":\"width=\\\"1440\\\" height=\\\"1080\\\"\",\"bits\":8,\"channels\":3,\"mime\":\"image\\\/jpeg\"}}},{\"pid\":\"1937\",\"filename\":\"doiceau_07.jpg\",\"description\":\"\",\"alttext\":\"\",\"link\":null,\"imagedate\":\"2020-09-02 16:17:36\",\"hitcounter\":\"7\",\"total_value\":\"0\",\"total_votes\":\"0\",\"meta_data\":{\"aperture\":\"F 5.5\",\"credit\":false,\"camera\":\"DMC-TZ60\",\"caption\":false,\"created_timestamp\":\"2 septembre 2020 16 h 17 min\",\"copyright\":false,\"focal_length\":\"28.7 mm\",\"iso\":125,\"shutter_speed\":\"1\\\/80 sec\",\"flash\":\"Not fired\",\"title\":false,\"keywords\":false,\"width\":1440,\"height\":1080,\"saved\":true,\"thumbnail\":{\"width\":400,\"height\":300},\"webview\":{\"0\":1440,\"1\":1080,\"2\":2,\"3\":\"width=\\\"1440\\\" height=\\\"1080\\\"\",\"bits\":8,\"channels\":3,\"mime\":\"image\\\/jpeg\"}}}]}], };})();<\/script><\/div><noscript id=\"noscript_FlaGallery_sc1_187\"><img class=\"skip-lazy no-lazyload noLazy\" data-lazy-src=\"\" src =\"https:\/\/baudhost.be\/wordpress\/wp-content\/flagallery\/ewav_bal_doiceau\/doiceau_01.jpg\" alt=\"\" \/><img class=\"skip-lazy no-lazyload noLazy\" data-lazy-src=\"\" src =\"https:\/\/baudhost.be\/wordpress\/wp-content\/flagallery\/ewav_bal_doiceau\/doiceau_02.jpg\" alt=\"\" \/><img class=\"skip-lazy no-lazyload noLazy\" data-lazy-src=\"\" src =\"https:\/\/baudhost.be\/wordpress\/wp-content\/flagallery\/ewav_bal_doiceau\/doiceau_03.jpg\" alt=\"\" \/><img class=\"skip-lazy no-lazyload noLazy\" data-lazy-src=\"\" src =\"https:\/\/baudhost.be\/wordpress\/wp-content\/flagallery\/ewav_bal_doiceau\/doiceau_04.jpg\" alt=\"\" \/><img class=\"skip-lazy no-lazyload noLazy\" data-lazy-src=\"\" src =\"https:\/\/baudhost.be\/wordpress\/wp-content\/flagallery\/ewav_bal_doiceau\/doiceau_05.jpg\" alt=\"\" \/><img class=\"skip-lazy no-lazyload noLazy\" data-lazy-src=\"\" src =\"https:\/\/baudhost.be\/wordpress\/wp-content\/flagallery\/ewav_bal_doiceau\/doiceau_06.jpg\" alt=\"\" \/><img class=\"skip-lazy no-lazyload noLazy\" data-lazy-src=\"\" src =\"https:\/\/baudhost.be\/wordpress\/wp-content\/flagallery\/ewav_bal_doiceau\/doiceau_07.jpg\" alt=\"\" \/><\/noscript><\/div>\n\n\n\n<hr class=\"wp-block-separator\"\/>\n\n\n\n<h2 class=\"wp-block-heading\"><strong>Description de la randonn\u00e9e<\/strong><\/h2>\n\n\n\n<p>Regroupement au centre sportif de Wavre et d\u00e9part en covoiturage vers l\u2019\u00e9glise Saint-Joseph et Pierre, route de l\u2019\u00e9glise Saint-Pierre, \u00e0 Doiceau.<\/p>\n\n\n\n<p>Petite annonce concernant l\u2019\u00e9tat gu\u00e8re brillant de notre ami marcheur Jean-Louis, et sous la houlette de Marcel, nous voil\u00e0 partis, plein nord, en direction de Les Monts. Passage sous la N25 puis travers\u00e9 de la chauss\u00e9e de Wavre et nous poursuivons parmi quelques belles propri\u00e9t\u00e9s dans le hameau de Les Monts. Nous poursuivons, toujours plein nord, en direction d\u2019Archennes. Apr\u00e8s la travers\u00e9e du chemin de fer nous r\u00e9alisons que nous nous \u00e9loignons, demi-tour, passage du chemin de fer et poursuivons, au sud, en bordure d\u2019une tr\u00e8s belle et grande propri\u00e9t\u00e9 sur un chemin pav\u00e9, probablement du temps des Romains, qui nous ram\u00e8ne \u00e0 la chauss\u00e9e de Wavre. Travers\u00e9e de celle-ci et au rond-point de la N25 il ne reste plus qu\u2019\u00e0 poursuivre, toujours au sud, via l\u2019avenue \u00ab&nbsp;Comte G\u00e9rard d\u2019Ursel&nbsp;\u00bb, en direction de l\u2019\u00e9glise du d\u00e9part.<\/p>\n\n\n\n<p>Bilan, une balade bien agr\u00e9able, avec une m\u00e9t\u00e9o parfaite, de 5km900 avec un d\u00e9nivel\u00e9 de 57m pour les 15 participants, heureux d\u2019\u00eatre de la partie.<\/p>\n\n\n\n<hr class=\"wp-block-separator\"\/>\n\n\n\n<h3 class=\"wp-block-heading\"><strong>Informations GPS de la randonn\u00e9e<\/strong><\/h3>\n\n\n\n<div class=\"wp-block-flagallery-gallery flagallery-shortcode\"><div class=\"flagallery flaslider_skin\" id=\"FlaGallery_sc2_188\" ><script type=\"text\/javascript\">(function(){this['FlaGallery_sc2_188']={'settings':{\"sliderHeightRetio\":\"0.7\",\"sliderPreloaderColor\":\"#ffffff\",\"sliderBgColor\":\"rgba(19, 73, 161, 0.9)\",\"sliderHeaderFooterBgColor\":\"rgba(56, 148, 216, 0.4)\",\"sliderNavigationColor\":\"rgba(0,0,0,1)\",\"sliderNavigationIconColor\":\"rgba(255,255,255,1)\",\"sliderItemDescriptionBlock\":\"1\",\"sliderItemTitleFontSize\":\"18\",\"sliderItemTitleTextColor\":\"#ffffff\",\"sliderItemDescriptionFontSize\":\"14\",\"sliderItemDescriptionTextColor\":\"#969696\",\"sliderThumbBarEnable\":\"1\",\"sliderThumbBarHoverColor\":\"#ffffff\",\"sliderThumbSubMenuBackgroundColor\":\"rgba(0,0,0,1)\",\"sliderThumbSubMenuBackgroundColorOver\":\"rgba(255,255,255,1)\",\"sliderThumbSubMenuIconColor\":\"rgba(255,255,255,1)\",\"sliderThumbSubMenuIconHoverColor\":\"rgba(0,0,0,1)\",\"sliderPlayButton\":\"1\",\"sliderZoomButton\":\"0\",\"sliderFullScreen\":\"1\",\"sliderInfoEnable\":\"0\",\"sliderItemDownload\":\"0\",\"sliderSocialShareEnabled\":\"0\",\"sliderLikesEnabled\":\"0\",\"sliderSlideshowEneble\":\"0\",\"slideshowDelay\":\"8\",\"slideshowProgressBarColor\":\"rgba(255,255,255,1)\",\"slideshowProgressBarBGColor\":\"rgba(49,49,49,1)\",\"modaBgColor\":\"rgba(0,0,0,0.9)\",\"modalInfoBoxBgColor\":\"rgba(255,255,255,1)\",\"modalInfoBoxTitleTextColor\":\"#000000\",\"shareTitlePlaceHolder\":\"Share\",\"modalInfoBoxTextColor\":\"#333333\",\"infoBarExifEnable\":\"1\",\"infoBarCountersEnable\":\"1\",\"infoBarDateInfoEnable\":\"1\",\"customCSS\":\"\",\"key\":\"9fc7390f4f41450289e16b954c57b145\",\"name\":\"GRANDPackPlus\",\"galleryID\":\"sc2_188\",\"post_url\":\"https:\\\/\\\/baudhost.be\\\/wordpress\\\/wp-json\\\/wp\\\/v2\\\/pages\\\/2955\",\"module_url\":\"https:\\\/\\\/baudhost.be\\\/wordpress\\\/wp-content\\\/plugins\\\/flagallery-skins\\\/flaslider\\\/\"}, 'data':[{\"gallery\":{\"gid\":\"188\",\"name\":\"ewav_bal_doiceau_gps\",\"path\":\"https:\\\/\\\/baudhost.be\\\/wordpress\\\/wp-content\\\/flagallery\\\/ewav_bal_doiceau_gps\",\"title\":\"EWav_bal_Doiceau_gps\",\"galdesc\":\"\"},\"data\":[{\"pid\":\"1938\",\"filename\":\"map.jpg\",\"description\":\"\",\"alttext\":\"\",\"link\":null,\"imagedate\":\"2020-09-03 11:46:37\",\"hitcounter\":\"38\",\"total_value\":\"0\",\"total_votes\":\"0\",\"meta_data\":{\"aperture\":false,\"credit\":false,\"camera\":false,\"caption\":false,\"created_timestamp\":false,\"copyright\":false,\"focal_length\":false,\"iso\":false,\"shutter_speed\":false,\"flash\":false,\"title\":false,\"keywords\":false,\"width\":533,\"height\":501,\"saved\":true,\"thumbnail\":{\"width\":400,\"height\":376},\"webview\":{\"0\":533,\"1\":501,\"2\":2,\"3\":\"width=\\\"533\\\" height=\\\"501\\\"\",\"bits\":8,\"channels\":3,\"mime\":\"image\\\/jpeg\"}}},{\"pid\":\"1939\",\"filename\":\"map_st.jpg\",\"description\":\"\",\"alttext\":\"\",\"link\":null,\"imagedate\":\"2020-09-03 11:46:37\",\"hitcounter\":\"1\",\"total_value\":\"0\",\"total_votes\":\"0\",\"meta_data\":{\"aperture\":false,\"credit\":false,\"camera\":false,\"caption\":false,\"created_timestamp\":false,\"copyright\":false,\"focal_length\":false,\"iso\":false,\"shutter_speed\":false,\"flash\":false,\"title\":false,\"keywords\":false,\"width\":1272,\"height\":814,\"saved\":true,\"thumbnail\":{\"width\":400,\"height\":256},\"webview\":{\"0\":1272,\"1\":814,\"2\":2,\"3\":\"width=\\\"1272\\\" height=\\\"814\\\"\",\"bits\":8,\"channels\":3,\"mime\":\"image\\\/jpeg\"}}},{\"pid\":\"1940\",\"filename\":\"map_wikiloc.jpg\",\"description\":\"\",\"alttext\":\"\",\"link\":null,\"imagedate\":\"2020-09-03 11:46:38\",\"hitcounter\":\"1\",\"total_value\":\"0\",\"total_votes\":\"0\",\"meta_data\":{\"aperture\":false,\"credit\":false,\"camera\":false,\"caption\":false,\"created_timestamp\":false,\"copyright\":false,\"focal_length\":false,\"iso\":false,\"shutter_speed\":false,\"flash\":false,\"title\":false,\"keywords\":false,\"width\":1261,\"height\":872,\"saved\":true,\"thumbnail\":{\"width\":400,\"height\":276},\"webview\":{\"0\":1261,\"1\":872,\"2\":2,\"3\":\"width=\\\"1261\\\" height=\\\"872\\\"\",\"bits\":8,\"channels\":3,\"mime\":\"image\\\/jpeg\"}}},{\"pid\":\"1941\",\"filename\":\"map_or.jpg\",\"description\":\"\",\"alttext\":\"\",\"link\":null,\"imagedate\":\"2020-09-03 11:46:39\",\"hitcounter\":\"1\",\"total_value\":\"0\",\"total_votes\":\"0\",\"meta_data\":{\"aperture\":false,\"credit\":false,\"camera\":false,\"caption\":false,\"created_timestamp\":false,\"copyright\":false,\"focal_length\":false,\"iso\":false,\"shutter_speed\":false,\"flash\":false,\"title\":false,\"keywords\":false,\"width\":890,\"height\":603,\"saved\":true,\"thumbnail\":{\"width\":400,\"height\":271},\"webview\":{\"0\":890,\"1\":603,\"2\":2,\"3\":\"width=\\\"890\\\" height=\\\"603\\\"\",\"bits\":8,\"channels\":3,\"mime\":\"image\\\/jpeg\"}}},{\"pid\":\"1942\",\"filename\":\"map_vr.jpg\",\"description\":\"\",\"alttext\":\"\",\"link\":null,\"imagedate\":\"2020-09-03 11:46:39\",\"hitcounter\":\"1\",\"total_value\":\"0\",\"total_votes\":\"0\",\"meta_data\":{\"aperture\":false,\"credit\":false,\"camera\":false,\"caption\":false,\"created_timestamp\":false,\"copyright\":false,\"focal_length\":false,\"iso\":false,\"shutter_speed\":false,\"flash\":false,\"title\":false,\"keywords\":false,\"width\":1040,\"height\":573,\"saved\":true,\"thumbnail\":{\"width\":400,\"height\":220},\"webview\":{\"0\":1040,\"1\":573,\"2\":2,\"3\":\"width=\\\"1040\\\" height=\\\"573\\\"\",\"bits\":8,\"channels\":3,\"mime\":\"image\\\/jpeg\"}}},{\"pid\":\"1943\",\"filename\":\"screenshot.jpg\",\"description\":\"\",\"alttext\":\"\",\"link\":null,\"imagedate\":\"2020-09-03 12:53:53\",\"hitcounter\":\"1\",\"total_value\":\"0\",\"total_votes\":\"0\",\"meta_data\":{\"aperture\":false,\"credit\":false,\"camera\":\"VTR-L09\",\"caption\":false,\"created_timestamp\":\"3 septembre 2020 12 h 53 min\",\"copyright\":false,\"focal_length\":false,\"iso\":false,\"shutter_speed\":false,\"flash\":false,\"title\":false,\"keywords\":false,\"width\":1080,\"height\":1670,\"saved\":true,\"thumbnail\":{\"width\":258,\"height\":400},\"webview\":{\"0\":1080,\"1\":1670,\"2\":2,\"3\":\"width=\\\"1080\\\" height=\\\"1670\\\"\",\"bits\":8,\"channels\":3,\"mime\":\"image\\\/jpeg\"}}}]}], };})();<\/script><\/div><noscript id=\"noscript_FlaGallery_sc2_188\"><img class=\"skip-lazy no-lazyload noLazy\" data-lazy-src=\"\" src =\"https:\/\/baudhost.be\/wordpress\/wp-content\/flagallery\/ewav_bal_doiceau_gps\/map.jpg\" alt=\"\" \/><img class=\"skip-lazy no-lazyload noLazy\" data-lazy-src=\"\" src =\"https:\/\/baudhost.be\/wordpress\/wp-content\/flagallery\/ewav_bal_doiceau_gps\/map_st.jpg\" alt=\"\" \/><img class=\"skip-lazy no-lazyload noLazy\" data-lazy-src=\"\" src =\"https:\/\/baudhost.be\/wordpress\/wp-content\/flagallery\/ewav_bal_doiceau_gps\/map_wikiloc.jpg\" alt=\"\" \/><img class=\"skip-lazy no-lazyload noLazy\" data-lazy-src=\"\" src =\"https:\/\/baudhost.be\/wordpress\/wp-content\/flagallery\/ewav_bal_doiceau_gps\/map_or.jpg\" alt=\"\" \/><img class=\"skip-lazy no-lazyload noLazy\" data-lazy-src=\"\" src =\"https:\/\/baudhost.be\/wordpress\/wp-content\/flagallery\/ewav_bal_doiceau_gps\/map_vr.jpg\" alt=\"\" \/><img class=\"skip-lazy no-lazyload noLazy\" data-lazy-src=\"\" src =\"https:\/\/baudhost.be\/wordpress\/wp-content\/flagallery\/ewav_bal_doiceau_gps\/screenshot.jpg\" alt=\"\" \/><\/noscript><\/div>\n\n\n<p><!--StartFragment--><\/p>\n<p><!--StartFragment--><\/p>\n\n\n<div class=\"wp-block-columns is-layout-flex wp-container-core-columns-is-layout-9d6595d7 wp-block-columns-is-layout-flex\">\n<div class=\"wp-block-column is-vertically-aligned-center is-layout-flow wp-block-column-is-layout-flow\" style=\"flex-basis:38.38%\">\n<div class=\"wp-block-file alignright\"><a href=\"https:\/\/baudhost.be\/wordpress\/wp-content\/uploads\/2020\/09\/EWav_bal_Doiceau_Gm.gpx\"><img decoding=\"async\" class=\"wp-image-1968\" style=\"width: 150px;\" src=\"https:\/\/baudhost.be\/wordpress\/wp-content\/uploads\/2020\/02\/logo_gpx_download.jpg\" alt=\"\">EWav_bal_Doiceau_Gm<\/a><\/div>\n<\/div>\n\n\n\n<div class=\"wp-block-column is-layout-flow wp-block-column-is-layout-flow\" style=\"flex-basis:30%\">\n<p class=\"has-text-align-center\" style=\"font-size:14px\"><strong>T\u00e9l\u00e9chargement <\/strong>au format GPX pour GPS ou au format KML pour Google Earth<\/p>\n<\/div>\n\n\n\n<div class=\"wp-block-column is-layout-flow wp-block-column-is-layout-flow\" style=\"flex-basis:31.62%\">\n<div class=\"wp-block-file alignleft\"><a href=\"https:\/\/baudhost.be\/wordpress\/wp-content\/uploads\/2020\/09\/EWav_bal_Doiceau_Gm.kml\"><img loading=\"lazy\" decoding=\"async\" width=\"150\" height=\"105\" class=\"wp-image-1967\" style=\"width: 150px;\" src=\"https:\/\/baudhost.be\/wordpress\/wp-content\/uploads\/2020\/02\/logo_google_earth_download.jpg\" alt=\"\">EWav_bal_Doiceau_Gm<\/a><\/div>\n\n\n\n<p><\/p>\n<\/div>\n<\/div>\n\n\n\n<hr class=\"wp-block-separator\"\/>\n\n\n\n<div class=\"wp-block-columns is-layout-flex wp-container-core-columns-is-layout-9d6595d7 wp-block-columns-is-layout-flex\">\n<div class=\"wp-block-column is-layout-flow wp-block-column-is-layout-flow\">\n<div class=\"wp-block-columns is-layout-flex wp-container-core-columns-is-layout-9d6595d7 wp-block-columns-is-layout-flex\">\n<div class=\"wp-block-column is-layout-flow wp-block-column-is-layout-flow\" style=\"flex-basis:33.33%\">\n<figure class=\"wp-block-image size-large\"><img loading=\"lazy\" decoding=\"async\" width=\"300\" height=\"300\" src=\"https:\/\/baudhost.be\/wordpress\/wp-content\/uploads\/2020\/01\/documents.jpg\" alt=\"\" class=\"wp-image-67\" srcset=\"https:\/\/baudhost.be\/wordpress\/wp-content\/uploads\/2020\/01\/documents.jpg 300w, https:\/\/baudhost.be\/wordpress\/wp-content\/uploads\/2020\/01\/documents-150x150.jpg 150w, https:\/\/baudhost.be\/wordpress\/wp-content\/uploads\/2020\/01\/documents-100x100.jpg 100w\" sizes=\"auto, (max-width: 300px) 100vw, 300px\" \/><figcaption><strong>Informations<\/strong> \u00e0 t\u00e9l\u00e9charger<\/figcaption><\/figure>\n<\/div>\n\n\n\n<div class=\"wp-block-column is-layout-flow wp-block-column-is-layout-flow\" style=\"flex-basis:66.66%\">\n<div class=\"wp-block-file\"><a href=\"https:\/\/baudhost.be\/wordpress\/wp-content\/uploads\/2020\/09\/i_rapport_socio-eco.pdf\" target=\"_blank\" rel=\"noreferrer noopener\">PCDR de Grez-Doiceau<\/a><\/div>\n\n\n\n<div class=\"wp-block-file\"><a href=\"https:\/\/baudhost.be\/wordpress\/wp-content\/uploads\/2020\/09\/itineraires-reconnus-brabant_janvier-2019.pdf\" target=\"_blank\" rel=\"noreferrer noopener\">itineraires-fl\u00e9chages reconnus-brabant_janvier-2019<\/a><\/div>\n<\/div>\n<\/div>\n<\/div>\n\n\n\n<div class=\"wp-block-column is-layout-flow wp-block-column-is-layout-flow\">\n<div class=\"wp-block-columns is-layout-flex wp-container-core-columns-is-layout-9d6595d7 wp-block-columns-is-layout-flex\">\n<div class=\"wp-block-column is-layout-flow wp-block-column-is-layout-flow\" style=\"flex-basis:33.33%\">\n<figure class=\"wp-block-image size-large\"><img loading=\"lazy\" decoding=\"async\" width=\"400\" height=\"400\" src=\"https:\/\/baudhost.be\/wordpress\/wp-content\/uploads\/2020\/01\/www.jpg\" alt=\"\" class=\"wp-image-78\" srcset=\"https:\/\/baudhost.be\/wordpress\/wp-content\/uploads\/2020\/01\/www.jpg 400w, https:\/\/baudhost.be\/wordpress\/wp-content\/uploads\/2020\/01\/www-300x300.jpg 300w, https:\/\/baudhost.be\/wordpress\/wp-content\/uploads\/2020\/01\/www-150x150.jpg 150w, https:\/\/baudhost.be\/wordpress\/wp-content\/uploads\/2020\/01\/www-100x100.jpg 100w\" sizes=\"auto, (max-width: 400px) 100vw, 400px\" \/><figcaption>Les <strong>boutons <\/strong>donnent acc\u00e8s aux sites concern\u00e9s<\/figcaption><\/figure>\n<\/div>\n\n\n\n<div class=\"wp-block-column is-layout-flow wp-block-column-is-layout-flow\" style=\"flex-basis:66.66%\">\n<div class=\"wp-block-button is-style-outline is-style-outline--1\"><a class=\"wp-block-button__link\" href=\"https:\/\/www.egliseinfo.be\/lieu\/13\/grez-doiceau\/saints-joseph-et-pierre\" target=\"_blank\" rel=\"noopener noreferrer\">\u00c9glise Saint-Pierre (?) Doiceau<\/a><\/div>\n\n\n\n<div class=\"wp-block-buttons is-layout-flex wp-block-buttons-is-layout-flex\">\n<div class=\"wp-block-button is-style-outline is-style-outline--2\"><a class=\"wp-block-button__link\" href=\"http:\/\/pcdn-grez-doiceau.be\/news\/4-inventaire-du-patrimoine-naturel-de-grez-doiceau\" target=\"_blank\" rel=\"noreferrer noopener\">Les Monts &#8211; biodiversit\u00e9<\/a><\/div>\n<\/div>\n\n\n\n<p><\/p>\n<\/div>\n<\/div>\n<\/div>\n<\/div>\n\n\n\n<p><\/p>\n","protected":false},"excerpt":{"rendered":"<p>Diaporama des photos prises durant la Balade Doiceau &#8211; 2 septembre 2020 Description de la randonn\u00e9e Regroupement au centre sportif de Wavre et d\u00e9part en covoiturage vers l\u2019\u00e9glise Saint-Joseph et Pierre, route de l\u2019\u00e9glise Saint-Pierre, \u00e0 Doiceau. Petite annonce concernant l\u2019\u00e9tat gu\u00e8re brillant de notre ami marcheur Jean-Louis, et sous la houlette de Marcel, nous &hellip; <\/p>\n<p class=\"link-more\"><a href=\"https:\/\/baudhost.be\/wordpress\/2020-2\/septembre-2020\/ewav_bal_doiceau\/\" class=\"more-link\">Continuer la lecture<span class=\"screen-reader-text\"> de &laquo;&nbsp;EWav_bal_Doiceau&nbsp;&raquo;<\/span><\/a><\/p>\n","protected":false},"author":1,"featured_media":0,"parent":2951,"menu_order":0,"comment_status":"closed","ping_status":"closed","template":"","meta":{"footnotes":""},"class_list":["post-2955","page","type-page","status-publish","hentry"],"_links":{"self":[{"href":"https:\/\/baudhost.be\/wordpress\/wp-json\/wp\/v2\/pages\/2955","targetHints":{"allow":["GET"]}}],"collection":[{"href":"https:\/\/baudhost.be\/wordpress\/wp-json\/wp\/v2\/pages"}],"about":[{"href":"https:\/\/baudhost.be\/wordpress\/wp-json\/wp\/v2\/types\/page"}],"author":[{"embeddable":true,"href":"https:\/\/baudhost.be\/wordpress\/wp-json\/wp\/v2\/users\/1"}],"replies":[{"embeddable":true,"href":"https:\/\/baudhost.be\/wordpress\/wp-json\/wp\/v2\/comments?post=2955"}],"version-history":[{"count":16,"href":"https:\/\/baudhost.be\/wordpress\/wp-json\/wp\/v2\/pages\/2955\/revisions"}],"predecessor-version":[{"id":3445,"href":"https:\/\/baudhost.be\/wordpress\/wp-json\/wp\/v2\/pages\/2955\/revisions\/3445"}],"up":[{"embeddable":true,"href":"https:\/\/baudhost.be\/wordpress\/wp-json\/wp\/v2\/pages\/2951"}],"wp:attachment":[{"href":"https:\/\/baudhost.be\/wordpress\/wp-json\/wp\/v2\/media?parent=2955"}],"curies":[{"name":"wp","href":"https:\/\/api.w.org\/{rel}","templated":true}]}}