{"id":2584,"date":"2020-07-14T09:54:06","date_gmt":"2020-07-14T07:54:06","guid":{"rendered":"https:\/\/baudhost.be\/wordpress\/?page_id=2584"},"modified":"2020-11-01T13:24:17","modified_gmt":"2020-11-01T12:24:17","slug":"ewal_20_mont-saint-guibert","status":"publish","type":"page","link":"https:\/\/baudhost.be\/wordpress\/2020-2\/juillet-2020\/ewal_20_mont-saint-guibert\/","title":{"rendered":"EWal_20_Mont-Saint-Guibert"},"content":{"rendered":"\n<div class=\"wp-block-image\"><figure class=\"aligncenter size-large\"><img loading=\"lazy\" decoding=\"async\" width=\"481\" height=\"124\" src=\"https:\/\/baudhost.be\/wordpress\/wp-content\/uploads\/2020\/01\/eneo_ucp_walhain2.jpg\" alt=\"\" class=\"wp-image-295\" srcset=\"https:\/\/baudhost.be\/wordpress\/wp-content\/uploads\/2020\/01\/eneo_ucp_walhain2.jpg 481w, https:\/\/baudhost.be\/wordpress\/wp-content\/uploads\/2020\/01\/eneo_ucp_walhain2-300x77.jpg 300w\" sizes=\"auto, (max-width: 481px) 100vw, 481px\" \/><\/figure><\/div>\n\n\n\n<div class=\"wp-block-columns is-layout-flex wp-container-core-columns-is-layout-9d6595d7 wp-block-columns-is-layout-flex\">\n<div class=\"wp-block-column is-layout-flow wp-block-column-is-layout-flow\" style=\"flex-basis:15%\">\n<div class=\"wp-block-image\"><figure class=\"aligncenter size-large\"><img loading=\"lazy\" decoding=\"async\" width=\"137\" height=\"86\" src=\"https:\/\/baudhost.be\/wordpress\/wp-content\/uploads\/2020\/01\/diaporama.jpg\" alt=\"\" class=\"wp-image-8\"\/><\/figure><\/div>\n<\/div>\n\n\n\n<div class=\"wp-block-column is-layout-flow wp-block-column-is-layout-flow\" style=\"flex-basis:85%\">\n<p class=\"has-text-align-center\"><strong>Diaporama <\/strong>des photos prises durant la randonn\u00e9e<\/p>\n\n\n\n<p class=\"has-text-align-center\"><strong>Mont-Saint-Guibert <\/strong>&#8211; 13 juillet 2020<\/p>\n<\/div>\n<\/div>\n\n\n\n<div class=\"wp-block-flagallery-gallery flagallery-shortcode\"><div class=\"flagallery flaslider_skin\" id=\"FlaGallery_sc1_151\" ><script type=\"text\/javascript\">(function(){this['FlaGallery_sc1_151']={'settings':{\"sliderHeightRetio\":\"0.7\",\"sliderPreloaderColor\":\"#ffffff\",\"sliderBgColor\":\"rgba(39, 137, 12, 0.9)\",\"sliderHeaderFooterBgColor\":\"rgba(123, 222, 76, 0.4)\",\"sliderNavigationColor\":\"rgba(0,0,0,1)\",\"sliderNavigationIconColor\":\"rgba(255,255,255,1)\",\"sliderItemDescriptionBlock\":\"1\",\"sliderItemTitleFontSize\":\"18\",\"sliderItemTitleTextColor\":\"#ffffff\",\"sliderItemDescriptionFontSize\":\"14\",\"sliderItemDescriptionTextColor\":\"#969696\",\"sliderThumbBarEnable\":\"1\",\"sliderThumbBarHoverColor\":\"#ffffff\",\"sliderThumbSubMenuBackgroundColor\":\"rgba(0,0,0,1)\",\"sliderThumbSubMenuBackgroundColorOver\":\"rgba(255,255,255,1)\",\"sliderThumbSubMenuIconColor\":\"rgba(255,255,255,1)\",\"sliderThumbSubMenuIconHoverColor\":\"rgba(0,0,0,1)\",\"sliderPlayButton\":\"1\",\"sliderZoomButton\":\"1\",\"sliderFullScreen\":\"1\",\"sliderInfoEnable\":\"0\",\"sliderItemDownload\":\"1\",\"sliderSocialShareEnabled\":\"0\",\"sliderLikesEnabled\":\"0\",\"sliderSlideshowEneble\":\"0\",\"slideshowDelay\":\"8\",\"slideshowProgressBarColor\":\"rgba(255,255,255,1)\",\"slideshowProgressBarBGColor\":\"rgba(49,49,49,1)\",\"modaBgColor\":\"rgba(0,0,0,0.9)\",\"modalInfoBoxBgColor\":\"rgba(255,255,255,1)\",\"modalInfoBoxTitleTextColor\":\"#000000\",\"shareTitlePlaceHolder\":\"Share\",\"modalInfoBoxTextColor\":\"#333333\",\"infoBarExifEnable\":\"1\",\"infoBarCountersEnable\":\"1\",\"infoBarDateInfoEnable\":\"1\",\"customCSS\":\"\",\"key\":\"9fc7390f4f41450289e16b954c57b145\",\"name\":\"GRANDPackPlus\",\"galleryID\":\"sc1_151\",\"post_url\":\"https:\\\/\\\/baudhost.be\\\/wordpress\\\/wp-json\\\/wp\\\/v2\\\/pages\\\/2584\",\"module_url\":\"https:\\\/\\\/baudhost.be\\\/wordpress\\\/wp-content\\\/plugins\\\/flagallery-skins\\\/flaslider\\\/\"}, 'data':[{\"gallery\":{\"gid\":\"151\",\"name\":\"ewal_20_msg\",\"path\":\"https:\\\/\\\/baudhost.be\\\/wordpress\\\/wp-content\\\/flagallery\\\/ewal_20_msg\",\"title\":\"EWal_20_MSG\",\"galdesc\":\"\"},\"data\":[{\"pid\":\"1589\",\"filename\":\"msg_01.jpg\",\"description\":\"\",\"alttext\":\"\",\"link\":null,\"imagedate\":\"2020-07-13 14:57:53\",\"hitcounter\":\"101\",\"total_value\":\"0\",\"total_votes\":\"0\",\"meta_data\":{\"aperture\":\"F 2.2\",\"credit\":false,\"camera\":\"VTR-L09\",\"caption\":false,\"created_timestamp\":\"13 juillet 2020 14 h 57 min\",\"copyright\":false,\"focal_length\":\"3.95 mm\",\"iso\":500,\"shutter_speed\":\"1\\\/100 sec\",\"flash\":\"Not fired\",\"title\":false,\"keywords\":false,\"width\":1080,\"height\":1916,\"saved\":true,\"thumbnail\":{\"width\":225,\"height\":400},\"webview\":{\"0\":1080,\"1\":1916,\"2\":2,\"3\":\"width=\\\"1080\\\" height=\\\"1916\\\"\",\"bits\":8,\"channels\":3,\"mime\":\"image\\\/jpeg\"}}},{\"pid\":\"1590\",\"filename\":\"msg_02.jpg\",\"description\":\"\",\"alttext\":\"\",\"link\":null,\"imagedate\":\"2020-07-13 15:44:23\",\"hitcounter\":\"38\",\"total_value\":\"0\",\"total_votes\":\"0\",\"meta_data\":{\"aperture\":\"F 2.2\",\"credit\":false,\"camera\":\"VTR-L09\",\"caption\":false,\"created_timestamp\":\"13 juillet 2020 15 h 44 min\",\"copyright\":false,\"focal_length\":\"3.95 mm\",\"iso\":50,\"shutter_speed\":\"1\\\/110 sec\",\"flash\":\"Not fired\",\"title\":false,\"keywords\":false,\"width\":1916,\"height\":1080,\"saved\":true,\"thumbnail\":{\"width\":400,\"height\":225},\"webview\":{\"0\":1916,\"1\":1080,\"2\":2,\"3\":\"width=\\\"1916\\\" height=\\\"1080\\\"\",\"bits\":8,\"channels\":3,\"mime\":\"image\\\/jpeg\"}}},{\"pid\":\"1591\",\"filename\":\"msg_03_cla.jpg\",\"description\":\"\",\"alttext\":\"\",\"link\":null,\"imagedate\":\"2020-07-14 08:00:27\",\"hitcounter\":\"36\",\"total_value\":\"0\",\"total_votes\":\"0\",\"meta_data\":{\"aperture\":false,\"credit\":false,\"camera\":false,\"caption\":false,\"created_timestamp\":false,\"copyright\":false,\"focal_length\":false,\"iso\":false,\"shutter_speed\":false,\"flash\":false,\"title\":false,\"keywords\":false,\"width\":667,\"height\":537,\"saved\":true,\"thumbnail\":{\"width\":400,\"height\":322},\"webview\":{\"0\":667,\"1\":537,\"2\":2,\"3\":\"width=\\\"667\\\" height=\\\"537\\\"\",\"bits\":8,\"channels\":3,\"mime\":\"image\\\/jpeg\"}}},{\"pid\":\"1592\",\"filename\":\"msg_03.jpg\",\"description\":\"\",\"alttext\":\"\",\"link\":null,\"imagedate\":\"2020-07-13 16:05:18\",\"hitcounter\":\"34\",\"total_value\":\"0\",\"total_votes\":\"0\",\"meta_data\":{\"aperture\":\"F 2.2\",\"credit\":false,\"camera\":\"VTR-L09\",\"caption\":false,\"created_timestamp\":\"13 juillet 2020 16 h 05 min\",\"copyright\":false,\"focal_length\":\"3.95 mm\",\"iso\":50,\"shutter_speed\":\"1\\\/320 sec\",\"flash\":\"Not fired\",\"title\":false,\"keywords\":false,\"width\":1916,\"height\":1080,\"saved\":true,\"thumbnail\":{\"width\":400,\"height\":225},\"webview\":{\"0\":1916,\"1\":1080,\"2\":2,\"3\":\"width=\\\"1916\\\" height=\\\"1080\\\"\",\"bits\":8,\"channels\":3,\"mime\":\"image\\\/jpeg\"}}},{\"pid\":\"1593\",\"filename\":\"msg_04.jpg\",\"description\":\"\",\"alttext\":\"\",\"link\":null,\"imagedate\":\"2020-07-13 16:07:32\",\"hitcounter\":\"32\",\"total_value\":\"0\",\"total_votes\":\"0\",\"meta_data\":{\"aperture\":\"F 2.2\",\"credit\":false,\"camera\":\"VTR-L09\",\"caption\":false,\"created_timestamp\":\"13 juillet 2020 16 h 07 min\",\"copyright\":false,\"focal_length\":\"3.95 mm\",\"iso\":50,\"shutter_speed\":\"1\\\/400 sec\",\"flash\":\"Not fired\",\"title\":false,\"keywords\":false,\"width\":1080,\"height\":1916,\"saved\":true,\"thumbnail\":{\"width\":225,\"height\":400},\"webview\":{\"0\":1080,\"1\":1916,\"2\":2,\"3\":\"width=\\\"1080\\\" height=\\\"1916\\\"\",\"bits\":8,\"channels\":3,\"mime\":\"image\\\/jpeg\"}}},{\"pid\":\"1594\",\"filename\":\"msg_fran_01.jpg\",\"description\":\"\",\"alttext\":\"\",\"link\":null,\"imagedate\":\"2020-07-13 15:30:38\",\"hitcounter\":\"31\",\"total_value\":\"0\",\"total_votes\":\"0\",\"meta_data\":{\"aperture\":\"F 1.7\",\"credit\":false,\"camera\":\"SM-A600FN\",\"caption\":false,\"created_timestamp\":\"13 juillet 2020 15 h 30 min\",\"copyright\":false,\"focal_length\":\"3.93 mm\",\"iso\":40,\"shutter_speed\":\"1\\\/1000 sec\",\"flash\":false,\"title\":false,\"keywords\":false,\"width\":1440,\"height\":1080,\"saved\":true,\"thumbnail\":{\"width\":400,\"height\":300},\"webview\":{\"0\":1440,\"1\":1080,\"2\":2,\"3\":\"width=\\\"1440\\\" height=\\\"1080\\\"\",\"bits\":8,\"channels\":3,\"mime\":\"image\\\/jpeg\"}}},{\"pid\":\"1595\",\"filename\":\"msg_fran_02.jpg\",\"description\":\"\",\"alttext\":\"\",\"link\":null,\"imagedate\":\"2020-07-13 15:30:53\",\"hitcounter\":\"27\",\"total_value\":\"0\",\"total_votes\":\"0\",\"meta_data\":{\"aperture\":\"F 1.7\",\"credit\":false,\"camera\":\"SM-A600FN\",\"caption\":false,\"created_timestamp\":\"13 juillet 2020 15 h 30 min\",\"copyright\":false,\"focal_length\":\"3.93 mm\",\"iso\":40,\"shutter_speed\":\"1\\\/1010 sec\",\"flash\":false,\"title\":false,\"keywords\":false,\"width\":1440,\"height\":1080,\"saved\":true,\"thumbnail\":{\"width\":400,\"height\":300},\"webview\":{\"0\":1440,\"1\":1080,\"2\":2,\"3\":\"width=\\\"1440\\\" height=\\\"1080\\\"\",\"bits\":8,\"channels\":3,\"mime\":\"image\\\/jpeg\"}}}]}], };})();<\/script><\/div><noscript id=\"noscript_FlaGallery_sc1_151\"><img class=\"skip-lazy no-lazyload noLazy\" data-lazy-src=\"\" src =\"https:\/\/baudhost.be\/wordpress\/wp-content\/flagallery\/ewal_20_msg\/msg_01.jpg\" alt=\"\" \/><img class=\"skip-lazy no-lazyload noLazy\" data-lazy-src=\"\" src =\"https:\/\/baudhost.be\/wordpress\/wp-content\/flagallery\/ewal_20_msg\/msg_02.jpg\" alt=\"\" \/><img class=\"skip-lazy no-lazyload noLazy\" data-lazy-src=\"\" src =\"https:\/\/baudhost.be\/wordpress\/wp-content\/flagallery\/ewal_20_msg\/msg_03_cla.jpg\" alt=\"\" \/><img class=\"skip-lazy no-lazyload noLazy\" data-lazy-src=\"\" src =\"https:\/\/baudhost.be\/wordpress\/wp-content\/flagallery\/ewal_20_msg\/msg_03.jpg\" alt=\"\" \/><img class=\"skip-lazy no-lazyload noLazy\" data-lazy-src=\"\" src =\"https:\/\/baudhost.be\/wordpress\/wp-content\/flagallery\/ewal_20_msg\/msg_04.jpg\" alt=\"\" \/><img class=\"skip-lazy no-lazyload noLazy\" data-lazy-src=\"\" src =\"https:\/\/baudhost.be\/wordpress\/wp-content\/flagallery\/ewal_20_msg\/msg_fran_01.jpg\" alt=\"\" \/><img class=\"skip-lazy no-lazyload noLazy\" data-lazy-src=\"\" src =\"https:\/\/baudhost.be\/wordpress\/wp-content\/flagallery\/ewal_20_msg\/msg_fran_02.jpg\" alt=\"\" \/><\/noscript><\/div>\n\n\n\n<p class=\"has-text-align-right\">Les deux derni\u00e8res photos sont de Fran\u00e7oise B.<\/p>\n\n\n\n<hr class=\"wp-block-separator\"\/>\n\n\n\n<h2 class=\"wp-block-heading\"><strong>Description de la randonn\u00e9e<\/strong><\/h2>\n\n\n\n<p>Rassemblement en face du caf\u00e9 des p\u00eacheurs \u00e0 Mont-Saint-Guibert. Sous la houlette de Yves nous prenons, plein ouest, le long de l\u2019Orne qui vient de recevoir les eaux du ruisseau de la Houssi\u00e8re, pour sortir de Mont-Saint-Guibert en montant doucement, en campagne pour rejoindre la rue Vittal Casse. Virage \u00e0 l\u2019est, en direction de Mont-Saint-Guibert, en passant par la station de captage des eaux de l\u2019Ornoy de l\u2019InBW. Il ne reste plus qu\u2019\u00e0 longer la propri\u00e9t\u00e9 du ch\u00e2teau de Bierbais avant de rejoindre notre point de d\u00e9part apr\u00e8s un parcours agr\u00e9able de 5km.<\/p>\n\n\n\n<p>Merci \u00e0 Yves pour cette marche, sous une m\u00e9t\u00e9o estivale, pour les 17 participants, et 2 chiens, du jour.<\/p>\n\n\n\n<hr class=\"wp-block-separator\"\/>\n\n\n\n<h3 class=\"wp-block-heading\"><strong>Informations GPS \u00e0 propos de la randonn\u00e9e<\/strong> <\/h3>\n\n\n\n<div class=\"wp-block-flagallery-gallery flagallery-shortcode\"><div class=\"flagallery flaslider_skin\" id=\"FlaGallery_sc2_152\" ><script type=\"text\/javascript\">(function(){this['FlaGallery_sc2_152']={'settings':{\"sliderHeightRetio\":\"0.7\",\"sliderPreloaderColor\":\"#ffffff\",\"sliderBgColor\":\"rgba(19, 73, 161, 0.9)\",\"sliderHeaderFooterBgColor\":\"rgba(56, 148, 216, 0.4)\",\"sliderNavigationColor\":\"rgba(0,0,0,1)\",\"sliderNavigationIconColor\":\"rgba(255,255,255,1)\",\"sliderItemDescriptionBlock\":\"1\",\"sliderItemTitleFontSize\":\"18\",\"sliderItemTitleTextColor\":\"#ffffff\",\"sliderItemDescriptionFontSize\":\"14\",\"sliderItemDescriptionTextColor\":\"#969696\",\"sliderThumbBarEnable\":\"1\",\"sliderThumbBarHoverColor\":\"#ffffff\",\"sliderThumbSubMenuBackgroundColor\":\"rgba(0,0,0,1)\",\"sliderThumbSubMenuBackgroundColorOver\":\"rgba(255,255,255,1)\",\"sliderThumbSubMenuIconColor\":\"rgba(255,255,255,1)\",\"sliderThumbSubMenuIconHoverColor\":\"rgba(0,0,0,1)\",\"sliderPlayButton\":\"1\",\"sliderZoomButton\":\"0\",\"sliderFullScreen\":\"1\",\"sliderInfoEnable\":\"0\",\"sliderItemDownload\":\"0\",\"sliderSocialShareEnabled\":\"0\",\"sliderLikesEnabled\":\"0\",\"sliderSlideshowEneble\":\"0\",\"slideshowDelay\":\"8\",\"slideshowProgressBarColor\":\"rgba(255,255,255,1)\",\"slideshowProgressBarBGColor\":\"rgba(49,49,49,1)\",\"modaBgColor\":\"rgba(0,0,0,0.9)\",\"modalInfoBoxBgColor\":\"rgba(255,255,255,1)\",\"modalInfoBoxTitleTextColor\":\"#000000\",\"shareTitlePlaceHolder\":\"Share\",\"modalInfoBoxTextColor\":\"#333333\",\"infoBarExifEnable\":\"1\",\"infoBarCountersEnable\":\"1\",\"infoBarDateInfoEnable\":\"1\",\"customCSS\":\"\",\"key\":\"9fc7390f4f41450289e16b954c57b145\",\"name\":\"GRANDPackPlus\",\"galleryID\":\"sc2_152\",\"post_url\":\"https:\\\/\\\/baudhost.be\\\/wordpress\\\/wp-json\\\/wp\\\/v2\\\/pages\\\/2584\",\"module_url\":\"https:\\\/\\\/baudhost.be\\\/wordpress\\\/wp-content\\\/plugins\\\/flagallery-skins\\\/flaslider\\\/\"}, 'data':[{\"gallery\":{\"gid\":\"152\",\"name\":\"ewal_20_msg_gps\",\"path\":\"https:\\\/\\\/baudhost.be\\\/wordpress\\\/wp-content\\\/flagallery\\\/ewal_20_msg_gps\",\"title\":\"EWal_20_MSG_gps\",\"galdesc\":\"\"},\"data\":[{\"pid\":\"1596\",\"filename\":\"map.jpg\",\"description\":\"\",\"alttext\":\"\",\"link\":null,\"imagedate\":\"2020-07-14 08:02:08\",\"hitcounter\":\"101\",\"total_value\":\"0\",\"total_votes\":\"0\",\"meta_data\":{\"aperture\":false,\"credit\":false,\"camera\":false,\"caption\":false,\"created_timestamp\":false,\"copyright\":false,\"focal_length\":false,\"iso\":false,\"shutter_speed\":false,\"flash\":false,\"title\":false,\"keywords\":false,\"width\":532,\"height\":500,\"saved\":true,\"thumbnail\":{\"width\":400,\"height\":376},\"webview\":{\"0\":532,\"1\":500,\"2\":2,\"3\":\"width=\\\"532\\\" height=\\\"500\\\"\",\"bits\":8,\"channels\":3,\"mime\":\"image\\\/jpeg\"}}},{\"pid\":\"1597\",\"filename\":\"map_st.jpg\",\"description\":\"\",\"alttext\":\"\",\"link\":null,\"imagedate\":\"2020-07-14 08:02:09\",\"hitcounter\":\"5\",\"total_value\":\"0\",\"total_votes\":\"0\",\"meta_data\":{\"aperture\":false,\"credit\":false,\"camera\":false,\"caption\":false,\"created_timestamp\":false,\"copyright\":false,\"focal_length\":false,\"iso\":false,\"shutter_speed\":false,\"flash\":false,\"title\":false,\"keywords\":false,\"width\":1041,\"height\":630,\"saved\":true,\"thumbnail\":{\"width\":400,\"height\":242},\"webview\":{\"0\":1041,\"1\":630,\"2\":2,\"3\":\"width=\\\"1041\\\" height=\\\"630\\\"\",\"bits\":8,\"channels\":3,\"mime\":\"image\\\/jpeg\"}}},{\"pid\":\"1598\",\"filename\":\"map_wikiloc.jpg\",\"description\":\"\",\"alttext\":\"\",\"link\":null,\"imagedate\":\"2020-07-14 08:02:09\",\"hitcounter\":\"2\",\"total_value\":\"0\",\"total_votes\":\"0\",\"meta_data\":{\"aperture\":false,\"credit\":false,\"camera\":false,\"caption\":false,\"created_timestamp\":false,\"copyright\":false,\"focal_length\":false,\"iso\":false,\"shutter_speed\":false,\"flash\":false,\"title\":false,\"keywords\":false,\"width\":614,\"height\":450,\"saved\":true,\"thumbnail\":{\"width\":400,\"height\":293},\"webview\":{\"0\":614,\"1\":450,\"2\":2,\"3\":\"width=\\\"614\\\" height=\\\"450\\\"\",\"bits\":8,\"channels\":3,\"mime\":\"image\\\/jpeg\"}}},{\"pid\":\"1599\",\"filename\":\"map_or.jpg\",\"description\":\"\",\"alttext\":\"\",\"link\":null,\"imagedate\":\"2020-07-14 08:02:10\",\"hitcounter\":\"3\",\"total_value\":\"0\",\"total_votes\":\"0\",\"meta_data\":{\"aperture\":false,\"credit\":false,\"camera\":false,\"caption\":false,\"created_timestamp\":false,\"copyright\":false,\"focal_length\":false,\"iso\":false,\"shutter_speed\":false,\"flash\":false,\"title\":false,\"keywords\":false,\"width\":891,\"height\":604,\"saved\":true,\"thumbnail\":{\"width\":400,\"height\":271},\"webview\":{\"0\":891,\"1\":604,\"2\":2,\"3\":\"width=\\\"891\\\" height=\\\"604\\\"\",\"bits\":8,\"channels\":3,\"mime\":\"image\\\/jpeg\"}}},{\"pid\":\"1600\",\"filename\":\"screenshot.jpg\",\"description\":\"\",\"alttext\":\"\",\"link\":null,\"imagedate\":\"2020-07-14 09:17:41\",\"hitcounter\":\"4\",\"total_value\":\"0\",\"total_votes\":\"0\",\"meta_data\":{\"aperture\":false,\"credit\":false,\"camera\":\"VTR-L09\",\"caption\":false,\"created_timestamp\":\"14 juillet 2020 9 h 17 min\",\"copyright\":false,\"focal_length\":false,\"iso\":false,\"shutter_speed\":false,\"flash\":false,\"title\":false,\"keywords\":false,\"width\":1080,\"height\":1639,\"saved\":true,\"thumbnail\":{\"width\":263,\"height\":400},\"webview\":{\"0\":1080,\"1\":1639,\"2\":2,\"3\":\"width=\\\"1080\\\" height=\\\"1639\\\"\",\"bits\":8,\"channels\":3,\"mime\":\"image\\\/jpeg\"}}}]}], };})();<\/script><\/div><noscript id=\"noscript_FlaGallery_sc2_152\"><img class=\"skip-lazy no-lazyload noLazy\" data-lazy-src=\"\" src =\"https:\/\/baudhost.be\/wordpress\/wp-content\/flagallery\/ewal_20_msg_gps\/map.jpg\" alt=\"\" \/><img class=\"skip-lazy no-lazyload noLazy\" data-lazy-src=\"\" src =\"https:\/\/baudhost.be\/wordpress\/wp-content\/flagallery\/ewal_20_msg_gps\/map_st.jpg\" alt=\"\" \/><img class=\"skip-lazy no-lazyload noLazy\" data-lazy-src=\"\" src =\"https:\/\/baudhost.be\/wordpress\/wp-content\/flagallery\/ewal_20_msg_gps\/map_wikiloc.jpg\" alt=\"\" \/><img class=\"skip-lazy no-lazyload noLazy\" data-lazy-src=\"\" src =\"https:\/\/baudhost.be\/wordpress\/wp-content\/flagallery\/ewal_20_msg_gps\/map_or.jpg\" alt=\"\" \/><img class=\"skip-lazy no-lazyload noLazy\" data-lazy-src=\"\" src =\"https:\/\/baudhost.be\/wordpress\/wp-content\/flagallery\/ewal_20_msg_gps\/screenshot.jpg\" alt=\"\" \/><\/noscript><\/div>\n\n\n\n<hr class=\"wp-block-separator\"\/>\n\n\n\n<div class=\"wp-block-columns are-vertically-aligned-center is-layout-flex wp-container-core-columns-is-layout-9d6595d7 wp-block-columns-is-layout-flex\">\n<div class=\"wp-block-column is-vertically-aligned-center is-layout-flow wp-block-column-is-layout-flow\" style=\"flex-basis:38.38%\">\n<div class=\"wp-block-file aligncenter\"><a href=\"https:\/\/baudhost.be\/wordpress\/wp-content\/uploads\/2020\/07\/EWal_20_MSG_P10_Lm.gpx\"><img decoding=\"async\" class=\"wp-image-1968\" style=\"width: 150px;\" src=\"https:\/\/baudhost.be\/wordpress\/wp-content\/uploads\/2020\/02\/logo_gpx_download.jpg\" alt=\"\">EWal_20_MSG_P10_Lm<\/a><\/div>\n\n\n\n<p><\/p>\n<\/div>\n\n\n\n<div class=\"wp-block-column is-vertically-aligned-center is-layout-flow wp-block-column-is-layout-flow\" style=\"flex-basis:30%\">\n<p class=\"has-text-align-center\" style=\"font-size:14px\"><strong>T\u00e9l\u00e9chargement <\/strong>au format GPX pour GPS ou au format KML pour Google Earth<\/p>\n<\/div>\n\n\n\n<div class=\"wp-block-column is-layout-flow wp-block-column-is-layout-flow\" style=\"flex-basis:31.62%\">\n<div class=\"wp-block-file aligncenter\"><a href=\"https:\/\/baudhost.be\/wordpress\/wp-content\/uploads\/2020\/07\/EWal_20_MSG_P10_Lm.kml\"><img loading=\"lazy\" decoding=\"async\" width=\"150\" height=\"105\" class=\"wp-image-1967\" style=\"width: 150px;\" src=\"https:\/\/baudhost.be\/wordpress\/wp-content\/uploads\/2020\/02\/logo_google_earth_download.jpg\" alt=\"\">EWal_20_MSG_P10_Lm<\/a><\/div>\n<\/div>\n<\/div>\n\n\n\n<hr class=\"wp-block-separator\"\/>\n\n\n\n<h3 class=\"wp-block-heading\"><strong>Informations compl\u00e9mentaires<\/strong><\/h3>\n\n\n\n<div class=\"wp-block-columns is-layout-flex wp-container-core-columns-is-layout-9d6595d7 wp-block-columns-is-layout-flex\">\n<div class=\"wp-block-column is-layout-flow wp-block-column-is-layout-flow\">\n<div class=\"wp-block-columns is-layout-flex wp-container-core-columns-is-layout-9d6595d7 wp-block-columns-is-layout-flex\">\n<div class=\"wp-block-column is-layout-flow wp-block-column-is-layout-flow\" style=\"flex-basis:33.33%\">\n<figure class=\"wp-block-image size-large\"><img loading=\"lazy\" decoding=\"async\" width=\"300\" height=\"300\" src=\"https:\/\/baudhost.be\/wordpress\/wp-content\/uploads\/2020\/01\/documents.jpg\" alt=\"\" class=\"wp-image-67\" srcset=\"https:\/\/baudhost.be\/wordpress\/wp-content\/uploads\/2020\/01\/documents.jpg 300w, https:\/\/baudhost.be\/wordpress\/wp-content\/uploads\/2020\/01\/documents-150x150.jpg 150w, https:\/\/baudhost.be\/wordpress\/wp-content\/uploads\/2020\/01\/documents-100x100.jpg 100w\" sizes=\"auto, (max-width: 300px) 100vw, 300px\" \/><figcaption><strong>Informations<\/strong> \u00e0 t\u00e9l\u00e9charger<\/figcaption><\/figure>\n<\/div>\n\n\n\n<div class=\"wp-block-column is-layout-flow wp-block-column-is-layout-flow\" style=\"flex-basis:66.66%\">\n<div class=\"wp-block-file\"><a href=\"https:\/\/baudhost.be\/wordpress\/wp-content\/uploads\/2020\/07\/pub_ewal-.pdf\">programme_ewal<\/a><\/div>\n\n\n\n<div class=\"wp-block-file\"><a href=\"https:\/\/baudhost.be\/wordpress\/wp-content\/uploads\/2020\/07\/Notice_4056.pdf\">Carte hydrog\u00e9ologique de Wallonie<\/a><\/div>\n\n\n\n<p><!--EndFragment--><\/p>\n<\/div>\n<\/div>\n<\/div>\n\n\n\n<div class=\"wp-block-column is-layout-flow wp-block-column-is-layout-flow\">\n<div class=\"wp-block-columns is-layout-flex wp-container-core-columns-is-layout-9d6595d7 wp-block-columns-is-layout-flex\">\n<div class=\"wp-block-column is-layout-flow wp-block-column-is-layout-flow\" style=\"flex-basis:33.33%\">\n<figure class=\"wp-block-image size-large\"><img loading=\"lazy\" decoding=\"async\" width=\"400\" height=\"400\" src=\"https:\/\/baudhost.be\/wordpress\/wp-content\/uploads\/2020\/01\/www.jpg\" alt=\"\" class=\"wp-image-78\" srcset=\"https:\/\/baudhost.be\/wordpress\/wp-content\/uploads\/2020\/01\/www.jpg 400w, https:\/\/baudhost.be\/wordpress\/wp-content\/uploads\/2020\/01\/www-300x300.jpg 300w, https:\/\/baudhost.be\/wordpress\/wp-content\/uploads\/2020\/01\/www-150x150.jpg 150w, https:\/\/baudhost.be\/wordpress\/wp-content\/uploads\/2020\/01\/www-100x100.jpg 100w\" sizes=\"auto, (max-width: 400px) 100vw, 400px\" \/><figcaption>Les <strong>boutons <\/strong>donnent acc\u00e8s aux sites concern\u00e9s<\/figcaption><\/figure>\n<\/div>\n\n\n\n<div class=\"wp-block-column is-layout-flow wp-block-column-is-layout-flow\" style=\"flex-basis:66.66%\">\n<div class=\"wp-block-button is-style-outline is-style-outline--1\"><a class=\"wp-block-button__link\" href=\"https:\/\/www.mont-saint-guibert.be\/loisirs\/tourisme\/histoire-des-3-villages\" target=\"_blank\" rel=\"noopener noreferrer\">Mont-Saint-Guibert<\/a><\/div>\n\n\n\n<div class=\"wp-block-button is-style-outline is-style-outline--2\"><a class=\"wp-block-button__link\" href=\"https:\/\/protecteau.be\/fr\/nitrate\/grand-public\/sensibilisation\/actions-captage\" target=\"_blank\" rel=\"noopener noreferrer\">Captage de l&rsquo;Ornoy<\/a><\/div>\n\n\n\n<div class=\"wp-block-buttons is-layout-flex wp-block-buttons-is-layout-flex\">\n<div class=\"wp-block-button is-style-outline is-style-outline--3\"><a class=\"wp-block-button__link\" href=\"https:\/\/fr.wikipedia.org\/wiki\/Ch%C3%A2teau_de_Bierbais\" target=\"_blank\" rel=\"noreferrer noopener\">ch\u00e2teau &amp; donjon de Bierbais<\/a><\/div>\n<\/div>\n\n\n\n<p><!--EndFragment--><\/p>\n<\/div>\n<\/div>\n<\/div>\n<\/div>\n","protected":false},"excerpt":{"rendered":"<p>Diaporama des photos prises durant la randonn\u00e9e Mont-Saint-Guibert &#8211; 13 juillet 2020 Les deux derni\u00e8res photos sont de Fran\u00e7oise B. Description de la randonn\u00e9e Rassemblement en face du caf\u00e9 des p\u00eacheurs \u00e0 Mont-Saint-Guibert. Sous la houlette de Yves nous prenons, plein ouest, le long de l\u2019Orne qui vient de recevoir les eaux du ruisseau de &hellip; <\/p>\n<p class=\"link-more\"><a href=\"https:\/\/baudhost.be\/wordpress\/2020-2\/juillet-2020\/ewal_20_mont-saint-guibert\/\" class=\"more-link\">Continuer la lecture<span class=\"screen-reader-text\"> de &laquo;&nbsp;EWal_20_Mont-Saint-Guibert&nbsp;&raquo;<\/span><\/a><\/p>\n","protected":false},"author":1,"featured_media":0,"parent":2479,"menu_order":0,"comment_status":"closed","ping_status":"closed","template":"","meta":{"footnotes":""},"class_list":["post-2584","page","type-page","status-publish","hentry"],"_links":{"self":[{"href":"https:\/\/baudhost.be\/wordpress\/wp-json\/wp\/v2\/pages\/2584","targetHints":{"allow":["GET"]}}],"collection":[{"href":"https:\/\/baudhost.be\/wordpress\/wp-json\/wp\/v2\/pages"}],"about":[{"href":"https:\/\/baudhost.be\/wordpress\/wp-json\/wp\/v2\/types\/page"}],"author":[{"embeddable":true,"href":"https:\/\/baudhost.be\/wordpress\/wp-json\/wp\/v2\/users\/1"}],"replies":[{"embeddable":true,"href":"https:\/\/baudhost.be\/wordpress\/wp-json\/wp\/v2\/comments?post=2584"}],"version-history":[{"count":8,"href":"https:\/\/baudhost.be\/wordpress\/wp-json\/wp\/v2\/pages\/2584\/revisions"}],"predecessor-version":[{"id":3461,"href":"https:\/\/baudhost.be\/wordpress\/wp-json\/wp\/v2\/pages\/2584\/revisions\/3461"}],"up":[{"embeddable":true,"href":"https:\/\/baudhost.be\/wordpress\/wp-json\/wp\/v2\/pages\/2479"}],"wp:attachment":[{"href":"https:\/\/baudhost.be\/wordpress\/wp-json\/wp\/v2\/media?parent=2584"}],"curies":[{"name":"wp","href":"https:\/\/api.w.org\/{rel}","templated":true}]}}