{"id":2458,"date":"2020-06-28T14:03:27","date_gmt":"2020-06-28T12:03:27","guid":{"rendered":"https:\/\/baudhost.be\/wordpress\/?page_id=2458"},"modified":"2022-07-18T14:08:37","modified_gmt":"2022-07-18T12:08:37","slug":"pour-balade-eneo-wavre-grez-doiceau","status":"publish","type":"page","link":"https:\/\/baudhost.be\/wordpress\/messages\/pour-balade-eneo-wavre-grez-doiceau\/","title":{"rendered":"pour Balade &#8211; \u00c9n\u00e9o Wavre Grez-Doiceau"},"content":{"rendered":"\n<div class=\"wp-block-columns is-layout-flex wp-container-core-columns-is-layout-9d6595d7 wp-block-columns-is-layout-flex\">\n<div class=\"wp-block-column is-layout-flow wp-block-column-is-layout-flow\" style=\"flex-basis:25%\"><div class=\"wp-block-image\">\n<figure class=\"aligncenter size-large\"><img loading=\"lazy\" decoding=\"async\" width=\"50\" height=\"75\" src=\"https:\/\/baudhost.be\/wordpress\/wp-content\/uploads\/2020\/01\/logo_jean.jpg\" alt=\"\" class=\"wp-image-145\"\/><\/figure>\n<\/div><\/div>\n\n\n\n<div class=\"wp-block-column is-vertically-aligned-center is-layout-flow wp-block-column-is-layout-flow\" style=\"flex-basis:50%\">\n<p class=\"has-text-align-center\"><strong>Message du jour<\/strong><\/p>\n\n\n\n<p class=\"has-text-align-center\"><strong>Balade<\/strong><\/p>\n<\/div>\n\n\n\n<div class=\"wp-block-column is-layout-flow wp-block-column-is-layout-flow\" style=\"flex-basis:25%\"><div class=\"wp-block-image\">\n<figure class=\"aligncenter size-large\"><img loading=\"lazy\" decoding=\"async\" width=\"50\" height=\"75\" src=\"https:\/\/baudhost.be\/wordpress\/wp-content\/uploads\/2020\/01\/logo_jean_2.jpg\" alt=\"\" class=\"wp-image-146\"\/><\/figure>\n<\/div><\/div>\n<\/div>\n\n\n\n<p class=\"has-text-align-center\"><strong>Message du jour<\/strong><\/p>\n\n\n<div class=\"wp-block-image\">\n<figure class=\"aligncenter size-large\"><img loading=\"lazy\" decoding=\"async\" width=\"276\" height=\"192\" src=\"https:\/\/baudhost.be\/wordpress\/wp-content\/uploads\/2020\/01\/EWav_message_intro.jpg\" alt=\"\" class=\"wp-image-415\"\/><\/figure>\n<\/div>\n\n\n<p class=\"has-text-align-center\">Mise \u00e0 jour du <strong>13 juillet<\/strong> 2022 \u00e0 <strong>10h25<\/strong><\/p>\n\n\n\n<p class=\"has-text-align-center\">     Au vu de la m\u00e9t\u00e9o du jour, peu appropri\u00e9e \u00e0 la balade,  <\/p>\n\n\n\n<p class=\"has-text-align-center\">votre guide <strong>Marcel <\/strong>gsm: 0477\/23 29 43 vous communique que la balade <\/p>\n\n\n\n<p class=\"has-text-align-center\">     de ce mercredi 13 juillet 2022 est annul\u00e9e<\/p>\n\n\n<div class=\"wp-block-image\">\n<figure class=\"aligncenter size-large\"><img loading=\"lazy\" decoding=\"async\" width=\"316\" height=\"173\" src=\"https:\/\/baudhost.be\/wordpress\/wp-content\/uploads\/2020\/01\/annul\u00c3\u00a9e_2.jpg\" alt=\"\" class=\"wp-image-437\" srcset=\"https:\/\/baudhost.be\/wordpress\/wp-content\/uploads\/2020\/01\/annul\u00c3\u00a9e_2.jpg 316w, https:\/\/baudhost.be\/wordpress\/wp-content\/uploads\/2020\/01\/annul\u00c3\u00a9e_2-300x164.jpg 300w\" sizes=\"auto, (max-width: 316px) 100vw, 316px\" \/><\/figure>\n<\/div>\n\n\n<hr class=\"wp-block-separator has-css-opacity\"\/>\n\n\n\n<p class=\"has-text-align-center\"> D\u00e9sol\u00e9 pour les d\u00e9sagr\u00e9ments \u00e9ventuels et au plaisir de vous revoir tr\u00e8s prochainement <\/p>\n\n\n\n<p><\/p>\n","protected":false},"excerpt":{"rendered":"<p>Message du jour Balade Message du jour Mise \u00e0 jour du 13 juillet 2022 \u00e0 10h25 Au vu de la m\u00e9t\u00e9o du jour, peu appropri\u00e9e \u00e0 la balade, votre guide Marcel gsm: 0477\/23 29 43 vous communique que la balade de ce mercredi 13 juillet 2022 est annul\u00e9e D\u00e9sol\u00e9 pour les d\u00e9sagr\u00e9ments \u00e9ventuels et au &hellip; <\/p>\n<p class=\"link-more\"><a href=\"https:\/\/baudhost.be\/wordpress\/messages\/pour-balade-eneo-wavre-grez-doiceau\/\" class=\"more-link\">Continuer la lecture<span class=\"screen-reader-text\"> de &laquo;&nbsp;pour Balade &#8211; \u00c9n\u00e9o Wavre Grez-Doiceau&nbsp;&raquo;<\/span><\/a><\/p>\n","protected":false},"author":1,"featured_media":0,"parent":416,"menu_order":0,"comment_status":"closed","ping_status":"closed","template":"","meta":{"footnotes":""},"class_list":["post-2458","page","type-page","status-publish","hentry"],"_links":{"self":[{"href":"https:\/\/baudhost.be\/wordpress\/wp-json\/wp\/v2\/pages\/2458","targetHints":{"allow":["GET"]}}],"collection":[{"href":"https:\/\/baudhost.be\/wordpress\/wp-json\/wp\/v2\/pages"}],"about":[{"href":"https:\/\/baudhost.be\/wordpress\/wp-json\/wp\/v2\/types\/page"}],"author":[{"embeddable":true,"href":"https:\/\/baudhost.be\/wordpress\/wp-json\/wp\/v2\/users\/1"}],"replies":[{"embeddable":true,"href":"https:\/\/baudhost.be\/wordpress\/wp-json\/wp\/v2\/comments?post=2458"}],"version-history":[{"count":8,"href":"https:\/\/baudhost.be\/wordpress\/wp-json\/wp\/v2\/pages\/2458\/revisions"}],"predecessor-version":[{"id":8605,"href":"https:\/\/baudhost.be\/wordpress\/wp-json\/wp\/v2\/pages\/2458\/revisions\/8605"}],"up":[{"embeddable":true,"href":"https:\/\/baudhost.be\/wordpress\/wp-json\/wp\/v2\/pages\/416"}],"wp:attachment":[{"href":"https:\/\/baudhost.be\/wordpress\/wp-json\/wp\/v2\/media?parent=2458"}],"curies":[{"name":"wp","href":"https:\/\/api.w.org\/{rel}","templated":true}]}}