{"id":2310,"date":"2020-03-15T16:33:38","date_gmt":"2020-03-15T15:33:38","guid":{"rendered":"https:\/\/baudhost.be\/wordpress\/?page_id=2310"},"modified":"2023-10-21T11:53:25","modified_gmt":"2023-10-21T09:53:25","slug":"sante-et-rando","status":"publish","type":"page","link":"https:\/\/baudhost.be\/wordpress\/infos-rando\/sante-et-rando\/","title":{"rendered":"Sant\u00e9 et Rando"},"content":{"rendered":"\n<div class=\"wp-block-columns are-vertically-aligned-center is-layout-flex wp-container-core-columns-is-layout-9d6595d7 wp-block-columns-is-layout-flex\">\n<div class=\"wp-block-column is-vertically-aligned-center is-layout-flow wp-block-column-is-layout-flow\" style=\"flex-basis:25%\">\n<figure class=\"wp-block-image size-large\"><img loading=\"lazy\" decoding=\"async\" width=\"117\" height=\"131\" src=\"https:\/\/baudhost.be\/wordpress\/wp-content\/uploads\/2020\/01\/marcheur_batons-1.jpg\" alt=\"\" class=\"wp-image-811\"\/><\/figure>\n<\/div>\n\n\n\n<div class=\"wp-block-column is-vertically-aligned-center is-layout-flow wp-block-column-is-layout-flow\" style=\"flex-basis:50%\">\n<h2 class=\"wp-block-heading has-text-align-center\">Sant\u00e9 et Randonn\u00e9e<\/h2>\n<\/div>\n\n\n\n<div class=\"wp-block-column is-vertically-aligned-center is-layout-flow wp-block-column-is-layout-flow\" style=\"flex-basis:25%\"><div class=\"wp-block-image\">\n<figure class=\"aligncenter size-large\"><img loading=\"lazy\" decoding=\"async\" width=\"117\" height=\"131\" src=\"https:\/\/baudhost.be\/wordpress\/wp-content\/uploads\/2020\/01\/marcheur_batons.jpg\" alt=\"\" class=\"wp-image-808\"\/><\/figure>\n<\/div><\/div>\n<\/div>\n\n\n\n<div class=\"wp-block-columns is-layout-flex wp-container-core-columns-is-layout-9d6595d7 wp-block-columns-is-layout-flex\">\n<div class=\"wp-block-column is-layout-flow wp-block-column-is-layout-flow\" style=\"flex-basis:66.66%\">\n<div class=\"wp-block-file\"><a id=\"wp-block-file--media-1bd10b14-4dcd-40f6-a624-80d073ae718d\" href=\"https:\/\/baudhost.be\/wordpress\/wp-content\/uploads\/2023\/05\/Aviq_Tiques_affiche.pdf\" target=\"_blank\" rel=\"noreferrer noopener\">Aviq_Tiques_affiche<\/a><\/div>\n\n\n\n<div class=\"wp-block-file\"><a id=\"wp-block-file--media-996ec60e-d8dc-4b1e-b600-116a28035ce8\" href=\"https:\/\/baudhost.be\/wordpress\/wp-content\/uploads\/2023\/05\/Aviq_Tiques_folder.pdf\" target=\"_blank\" rel=\"noreferrer noopener\">Aviq_Tiques_folder<\/a><\/div>\n<\/div>\n\n\n\n<div class=\"wp-block-column is-layout-flow wp-block-column-is-layout-flow\" style=\"flex-basis:33.33%\">\n<p>Lors de nos randonn\u00e9es <strong>attention <\/strong>aux Tiques<\/p>\n<\/div>\n<\/div>\n\n\n<p><!--EndFragment--><\/p>\n\n\n<div class=\"wp-block-columns are-vertically-aligned-center is-layout-flex wp-container-core-columns-is-layout-9d6595d7 wp-block-columns-is-layout-flex\">\n<div class=\"wp-block-column is-vertically-aligned-center is-layout-flow wp-block-column-is-layout-flow\" style=\"flex-basis:25%\">\n<figure class=\"wp-block-image size-full\"><img loading=\"lazy\" decoding=\"async\" width=\"205\" height=\"221\" src=\"https:\/\/baudhost.be\/wordpress\/wp-content\/uploads\/2023\/06\/Coup_Chaleur.jpg\" alt=\"\" class=\"wp-image-10578\"\/><\/figure>\n<\/div>\n\n\n\n<div class=\"wp-block-column is-vertically-aligned-center is-layout-flow wp-block-column-is-layout-flow\" style=\"flex-basis:50%\">\n<p class=\"has-text-align-center\">Le <strong>Coup de Chaleur<\/strong><\/p>\n<\/div>\n\n\n\n<div class=\"wp-block-column is-vertically-aligned-center is-layout-flow wp-block-column-is-layout-flow\" style=\"flex-basis:25%\">\n<div class=\"wp-block-file aligncenter\"><a id=\"wp-block-file--media-000fc911-db47-4d3c-a5b0-7ef384871471\" href=\"https:\/\/baudhost.be\/wordpress\/wp-content\/uploads\/2023\/06\/Coup_Chaleur.pdf\" target=\"_blank\" rel=\"noreferrer noopener\">Coup_Chaleur<\/a><\/div>\n<\/div>\n<\/div>\n\n\n\n<h2 class=\"wp-block-heading\">\nLes b\u00e9n\u00e9fices de la rando p\u00e9destre pour la sant\u00e9<\/h2>\n\n\n\n<p>Il est courant d&rsquo;entendre de la part de\nrandonneurs \u00ab <em>Un jour de sentier, huit\njours de sant\u00e9<\/em> \u00bb. Aujourd\u2019hui, les\npreuves scientifiques de cette affirmation s\u2019accumulent. L\u2019INSERM\n(Institut National de la Sant\u00e9 et de la Recherche M\u00e9dicale) a fait\nune synth\u00e8se des effets de l\u2019activit\u00e9 physique sur la sant\u00e9 \u00e0\npartir des publications mondiales parues sur le sujet jusqu\u2019au\nsecond semestre 2007. Il conclut \u00e0 de nombreux b\u00e9n\u00e9fices et\npropose des recommandations sur la pratique de l\u2019activit\u00e9\nphysique.<\/p>\n\n\n\n<hr class=\"wp-block-separator has-css-opacity\"\/>\n\n\n\n<h3 class=\"wp-block-heading\">D\u00e9finition de l\u2019activit\u00e9 physique<\/h3>\n\n\n\n<p>L\u2019activit\u00e9 physique regroupe \u00e0 la fois les exercices pratiqu\u00e9s\ndans la vie quotidienne (t\u00e2ches domestiques, trajets pour se rendre\nau travail\u2026) et les activit\u00e9s sportives de loisir ou de\ncomp\u00e9tition. Son intensit\u00e9 (faible, mod\u00e9r\u00e9e ou soutenue) engendre\nune d\u00e9pense \u00e9nerg\u00e9tique en rapport. Elle doit \u00eatre pratiqu\u00e9e\npendant une dur\u00e9e minimale, qui peut \u00eatre fractionn\u00e9e au cours de\nla journ\u00e9e, sans \u00eatre inf\u00e9rieure \u00e0 10 minutes (au-dessous de 10\nminutes, elle ne compte pas sur le plan physiologique).<\/p>\n\n\n\n<h3 class=\"wp-block-heading\">Comment se mesure l\u2019intensit\u00e9 de l\u2019effort\nphysique ?<\/h3>\n\n\n\n<p>De plusieurs mani\u00e8res, mais la plus simple pour un randonneur est\nla fr\u00e9quence cardiaque calcul\u00e9e de la fa\u00e7on suivante : 220 &#8211; \u00e2ge\nde la personne. \u00c0 60-65% de cette valeur, on parle d\u2019activit\u00e9\nmod\u00e9r\u00e9e, \u00e0 partir de 75% d\u2019intensit\u00e9 \u00e9lev\u00e9e. Attention cette\nformule ne vaut que si la personne ne prend pas de traitement\nagissant sur la fr\u00e9quence cardiaque (b\u00eatabloquants).<\/p>\n\n\n\n<hr class=\"wp-block-separator has-css-opacity\"\/>\n\n\n\n<hr class=\"wp-block-separator has-css-opacity\"\/>\n\n\n\n<div class=\"wp-block-columns is-layout-flex wp-container-core-columns-is-layout-9d6595d7 wp-block-columns-is-layout-flex\">\n<div class=\"wp-block-column is-layout-flow wp-block-column-is-layout-flow\" style=\"flex-basis:33.33%\"><div class=\"wp-block-image\">\n<figure class=\"aligncenter size-full is-resized\"><img loading=\"lazy\" decoding=\"async\" width=\"300\" height=\"300\" src=\"https:\/\/baudhost.be\/wordpress\/wp-content\/uploads\/2020\/01\/documents.jpg\" alt=\"\" class=\"wp-image-67\" style=\"width:150px;height:150px\" srcset=\"https:\/\/baudhost.be\/wordpress\/wp-content\/uploads\/2020\/01\/documents.jpg 300w, https:\/\/baudhost.be\/wordpress\/wp-content\/uploads\/2020\/01\/documents-150x150.jpg 150w, https:\/\/baudhost.be\/wordpress\/wp-content\/uploads\/2020\/01\/documents-100x100.jpg 100w\" sizes=\"auto, (max-width: 300px) 100vw, 300px\" \/><\/figure>\n<\/div><\/div>\n\n\n\n<div class=\"wp-block-column is-vertically-aligned-center is-layout-flow wp-block-column-is-layout-flow\" style=\"flex-basis:66.66%\">\n<div class=\"wp-block-file\"><a id=\"wp-block-file--media-f5372e49-e998-4a05-a310-da2e38420293\" href=\"https:\/\/baudhost.be\/wordpress\/wp-content\/uploads\/2023\/04\/Rando_Sante.pdf\" target=\"_blank\" rel=\"noreferrer noopener\">Rando_Sant\u00e9<\/a><\/div>\n\n\n\n<div class=\"wp-block-file\"><a id=\"wp-block-file--media-f5372e49-e998-4a05-a310-da2e38420293\" href=\"https:\/\/baudhost.be\/wordpress\/wp-content\/uploads\/2023\/10\/marche_equilibre.pdf\" target=\"_blank\" rel=\"noreferrer noopener\">marche_\u00e9quilibre<\/a><\/div>\n<\/div>\n<\/div>\n\n\n\n<h1 class=\"wp-block-heading has-text-align-center\">Les recommandations<\/h1>\n\n\n\n<p>Les derni\u00e8res pr\u00e9conisations de l\u2019Organisation Mondiale de la\nSant\u00e9 en 2007 prennent en compte la population g\u00e9n\u00e9rale et les\ngroupes par tranches d\u2019\u00e2ge et\/ou cat\u00e9gories ; elles pr\u00e9cisent\nquel volume d\u2019activit\u00e9 physique aura une action favorable sur la\nsant\u00e9. Sont incluses les activit\u00e9s de la vie quotidienne ou\nprofessionnelle qui entra\u00eenent une certaine d\u00e9pense d\u2019\u00e9nergie\n(trajets, escaliers) \u00e0 partir du moment o\u00f9 elles sont pratiqu\u00e9es\npendant au moins 10 minutes cons\u00e9cutives.<\/p>\n\n\n\n<p><strong>L\u2019enfant et l&rsquo;adolescent<\/strong>\n: Une heure par jour d\u2019activit\u00e9 mod\u00e9r\u00e9e \u00e0 intense sous forme de\nsports, de jeux mais surtout de multi-activit\u00e9s, d\u00e8s le plus jeune\n\u00e2ge.<\/p>\n\n\n\n<p><strong>L\u2019adulte entre 18 et 65 ans<\/strong>\n: Avoir une activit\u00e9 physique a\u00e9robie (en endurance, c\u2019est-\u00e0-dire\nn\u00e9cessitant un gros apport en oxyg\u00e8ne) minimale :<\/p>\n\n\n\n<ul class=\"wp-block-list\">\n<li>soit d\u2019intensit\u00e9 mod\u00e9r\u00e9e 30\n\tminutes 5 fois par semaine, \n\t\n\t<\/li>\n\n\n\n<li>soit d\u2019intensit\u00e9 \u00e9lev\u00e9e 20 minutes 3 fois par semaine. \n\t\n<\/li>\n<\/ul>\n\n\n\n<p>Toute dur\u00e9e suppl\u00e9mentaire induit un b\u00e9n\u00e9fice suppl\u00e9mentaire.<\/p>\n\n\n\n<ul class=\"wp-block-list\">\n<li>Faire des exercices de gymnastique\n\t(en particulier pour les \u00e9paules et les cuisses) : 10 mouvements\n\tr\u00e9p\u00e9t\u00e9s 10 fois, 2 fois vingt minutes par semaine. \n\t\n\t<\/li>\n\n\n\n<li>Faire les m\u00eames exercices pendant\n\t45 \u00e0 60 minutes par jour permettent de lutter activement contre\n\tl\u2019ob\u00e9sit\u00e9 et le surpoids \n\t\n\t<\/li>\n\n\n\n<li>Faire les m\u00eames exercices pendant 60 \u00e0 90 minutes par jour\n\tpermettent de ne pas prendre de poids apr\u00e8s un r\u00e9gime \n\t\n<\/li>\n<\/ul>\n\n\n\n<p><strong>L\u2019adulte au-del\u00e0 de 65 ans<\/strong>\n: Voici des recommandations qui seront utiles \u00e0 bien des randonneurs\nlicenci\u00e9s \u00e0 la F\u00e9d\u00e9ration. Elles ont \u00e9t\u00e9 r\u00e9actualis\u00e9es en\n2007. M\u00eames recommandations que pour l\u2019adulte pour les activit\u00e9s\nd\u2019endurance :<\/p>\n\n\n\n<ul class=\"wp-block-list\">\n<li>soit d\u2019intensit\u00e9 mod\u00e9r\u00e9e 30\n\tminutes 5 fois par semaine \n\t\n\t<\/li>\n\n\n\n<li>soit d\u2019intensit\u00e9 \u00e9lev\u00e9e 20 minutes 3 fois par semaine. \n\t\n<\/li>\n<\/ul>\n\n\n\n<p>En compl\u00e9ment, des exercices de renforcement des principaux\ngroupes de muscles, 2 jours par semaine et des exercices d\u2019\u00e9quilibre\net d\u2019assouplissement pour diminuer les risques de blessures par\nchute.<\/p>\n\n\n\n<p><strong>Le patient atteint d&rsquo;une maladie\nchronique : <\/strong>M\u00eame activit\u00e9\nd\u2019endurance que pour l\u2019adulte sain jusqu\u2019\u00e0 atteindre 30\nminutes d\u2019intensit\u00e9 mod\u00e9r\u00e9e par jour 5 fois par semaine.\nObligatoirement personnalis\u00e9e au cas par cas pour ne pas nuire au\nmalade.<\/p>\n\n\n\n<hr class=\"wp-block-separator has-css-opacity\"\/>\n\n\n\n<h3 class=\"wp-block-heading has-text-align-center\">En conclusion<\/h3>\n\n\n\n<p>Cette expertise et ces recherches permettent aujourd\u2019hui\nd\u2019affirmer que l\u2019activit\u00e9 physique d\u2019intensit\u00e9 mod\u00e9r\u00e9e,\ncomme la randonn\u00e9e p\u00e9destre, diminue le risque de mort par maladie\ncardiovasculaire, agit contre des maladies m\u00e9taboliques comme le\ndiab\u00e8te, pr\u00e9vient certains cancers. Elles ne permettent pas encore\nde comprendre tous les m\u00e9canismes mais nous indiquent la conduite \u00e0\ntenir sous forme de recommandations pour conserver ou acqu\u00e9rir le\nbien-\u00eatre.<br>\n&nbsp;<\/p>\n\n\n\n<hr class=\"wp-block-separator has-css-opacity\"\/>\n\n\n\n<p>Bien \u00e9videmment on peut toujours <strong>choisir<\/strong>, m\u00eame pour un VAE (V\u00e9lo \u00e0 Assistance \u00c9lectrique)<\/p>\n\n\n\n<div class=\"wp-block-file aligncenter\"><a id=\"wp-block-file--media-b5301285-2c6d-446e-8414-899d8af22bee\" href=\"https:\/\/baudhost.be\/wordpress\/wp-content\/uploads\/2020\/11\/against_VAE.pdf\" target=\"_blank\" rel=\"noreferrer noopener\">against_VAE<\/a><\/div>\n\n\n\n<hr class=\"wp-block-separator has-css-opacity\"\/>\n","protected":false},"excerpt":{"rendered":"<p>Sant\u00e9 et Randonn\u00e9e Lors de nos randonn\u00e9es attention aux Tiques Le Coup de Chaleur Les b\u00e9n\u00e9fices de la rando p\u00e9destre pour la sant\u00e9 Il est courant d&rsquo;entendre de la part de randonneurs \u00ab Un jour de sentier, huit jours de sant\u00e9 \u00bb. Aujourd\u2019hui, les preuves scientifiques de cette affirmation s\u2019accumulent. L\u2019INSERM (Institut National de la &hellip; <\/p>\n<p class=\"link-more\"><a href=\"https:\/\/baudhost.be\/wordpress\/infos-rando\/sante-et-rando\/\" class=\"more-link\">Continuer la lecture<span class=\"screen-reader-text\"> de &laquo;&nbsp;Sant\u00e9 et Rando&nbsp;&raquo;<\/span><\/a><\/p>\n","protected":false},"author":1,"featured_media":0,"parent":797,"menu_order":0,"comment_status":"closed","ping_status":"closed","template":"","meta":{"footnotes":""},"class_list":["post-2310","page","type-page","status-publish","hentry"],"_links":{"self":[{"href":"https:\/\/baudhost.be\/wordpress\/wp-json\/wp\/v2\/pages\/2310","targetHints":{"allow":["GET"]}}],"collection":[{"href":"https:\/\/baudhost.be\/wordpress\/wp-json\/wp\/v2\/pages"}],"about":[{"href":"https:\/\/baudhost.be\/wordpress\/wp-json\/wp\/v2\/types\/page"}],"author":[{"embeddable":true,"href":"https:\/\/baudhost.be\/wordpress\/wp-json\/wp\/v2\/users\/1"}],"replies":[{"embeddable":true,"href":"https:\/\/baudhost.be\/wordpress\/wp-json\/wp\/v2\/comments?post=2310"}],"version-history":[{"count":30,"href":"https:\/\/baudhost.be\/wordpress\/wp-json\/wp\/v2\/pages\/2310\/revisions"}],"predecessor-version":[{"id":11117,"href":"https:\/\/baudhost.be\/wordpress\/wp-json\/wp\/v2\/pages\/2310\/revisions\/11117"}],"up":[{"embeddable":true,"href":"https:\/\/baudhost.be\/wordpress\/wp-json\/wp\/v2\/pages\/797"}],"wp:attachment":[{"href":"https:\/\/baudhost.be\/wordpress\/wp-json\/wp\/v2\/media?parent=2310"}],"curies":[{"name":"wp","href":"https:\/\/api.w.org\/{rel}","templated":true}]}}