{"id":2294,"date":"2020-03-14T10:22:59","date_gmt":"2020-03-14T09:22:59","guid":{"rendered":"https:\/\/baudhost.be\/wordpress\/?page_id=2294"},"modified":"2022-10-31T12:58:54","modified_gmt":"2022-10-31T11:58:54","slug":"actualites","status":"publish","type":"page","link":"https:\/\/baudhost.be\/wordpress\/messages\/actualites\/","title":{"rendered":"Actualit\u00e9s"},"content":{"rendered":"<div class=\"wp-block-image is-style-rounded\">\n<figure class=\"aligncenter size-large\"><img loading=\"lazy\" decoding=\"async\" width=\"590\" height=\"252\" src=\"https:\/\/baudhost.be\/wordpress\/wp-content\/uploads\/2020\/03\/edition-speciale-rando.png\" alt=\"\" class=\"wp-image-2351\" srcset=\"https:\/\/baudhost.be\/wordpress\/wp-content\/uploads\/2020\/03\/edition-speciale-rando.png 590w, https:\/\/baudhost.be\/wordpress\/wp-content\/uploads\/2020\/03\/edition-speciale-rando-300x128.png 300w\" sizes=\"auto, (max-width: 590px) 100vw, 590px\" \/><\/figure>\n<\/div>\n\n\n<div class=\"wp-block-columns are-vertically-aligned-center is-layout-flex wp-container-core-columns-is-layout-9d6595d7 wp-block-columns-is-layout-flex\">\n<div class=\"wp-block-column is-vertically-aligned-center is-layout-flow wp-block-column-is-layout-flow\" style=\"flex-basis:25%\">\n<figure class=\"wp-block-image size-large is-style-default\"><img loading=\"lazy\" decoding=\"async\" width=\"337\" height=\"208\" src=\"https:\/\/baudhost.be\/wordpress\/wp-content\/uploads\/2020\/11\/virus_always.jpg\" alt=\"\" class=\"wp-image-3595\" srcset=\"https:\/\/baudhost.be\/wordpress\/wp-content\/uploads\/2020\/11\/virus_always.jpg 337w, https:\/\/baudhost.be\/wordpress\/wp-content\/uploads\/2020\/11\/virus_always-300x185.jpg 300w\" sizes=\"auto, (max-width: 337px) 100vw, 337px\" \/><\/figure>\n<\/div>\n\n\n\n<div class=\"wp-block-column is-vertically-aligned-center is-layout-flow wp-block-column-is-layout-flow\" style=\"flex-basis:50%\"><div class=\"wp-block-image\">\n<figure class=\"aligncenter size-medium is-resized\"><img loading=\"lazy\" decoding=\"async\" src=\"https:\/\/baudhost.be\/wordpress\/wp-content\/uploads\/2022\/10\/rando_on_shoe-300x279.jpg\" alt=\"\" class=\"wp-image-9166\" width=\"150\" height=\"140\" srcset=\"https:\/\/baudhost.be\/wordpress\/wp-content\/uploads\/2022\/10\/rando_on_shoe-300x279.jpg 300w, https:\/\/baudhost.be\/wordpress\/wp-content\/uploads\/2022\/10\/rando_on_shoe.jpg 379w\" sizes=\"auto, (max-width: 150px) 100vw, 150px\" \/><figcaption>Bonne reprise de vos randonn\u00e9es \u00e0 tous.<\/figcaption><\/figure>\n<\/div><\/div>\n\n\n\n<div class=\"wp-block-column is-vertically-aligned-center is-layout-flow wp-block-column-is-layout-flow\" style=\"flex-basis:25%\">\n<figure class=\"wp-block-image size-large\"><img loading=\"lazy\" decoding=\"async\" width=\"621\" height=\"250\" src=\"https:\/\/baudhost.be\/wordpress\/wp-content\/uploads\/2020\/11\/prendre_soin.jpg\" alt=\"\" class=\"wp-image-3511\" srcset=\"https:\/\/baudhost.be\/wordpress\/wp-content\/uploads\/2020\/11\/prendre_soin.jpg 621w, https:\/\/baudhost.be\/wordpress\/wp-content\/uploads\/2020\/11\/prendre_soin-300x121.jpg 300w\" sizes=\"auto, (max-width: 621px) 100vw, 621px\" \/><\/figure>\n<\/div>\n<\/div>\n\n\n\n<div class=\"wp-block-columns are-vertically-aligned-center is-layout-flex wp-container-core-columns-is-layout-9d6595d7 wp-block-columns-is-layout-flex\">\n<div class=\"wp-block-column is-vertically-aligned-center is-layout-flow wp-block-column-is-layout-flow\" style=\"flex-basis:25%\">\n<figure class=\"wp-block-image size-large\"><img loading=\"lazy\" decoding=\"async\" width=\"145\" height=\"96\" src=\"https:\/\/baudhost.be\/wordpress\/wp-content\/uploads\/2020\/01\/eneo_bw.jpg\" alt=\"\" class=\"wp-image-298\"\/><\/figure>\n<\/div>\n\n\n\n<div class=\"wp-block-column is-vertically-aligned-center is-layout-flow wp-block-column-is-layout-flow\" style=\"flex-basis:50%\">\n<p class=\"has-text-align-center\">L&rsquo;<strong>historique <\/strong>des mesures <strong>\u00ab\u00a0Covid\u00a0\u00bb<\/strong> au fil des mois <\/p>\n\n\n\n<div class=\"wp-block-file aligncenter\"><a id=\"wp-block-file--media-c0b6ce3e-2d3b-4a93-b12f-2170b7634dbf\" href=\"https:\/\/baudhost.be\/wordpress\/wp-content\/uploads\/2021\/05\/Eneo_consignes-pandemie-mai.pdf\" target=\"_blank\" rel=\"noreferrer noopener\">\u00c9n\u00e9o_consignes-pandemie (8 mai 2021)<\/a><\/div>\n\n\n\n<div class=\"wp-block-file aligncenter\"><a id=\"wp-block-file--media-b555d2ab-8089-4e60-bf7c-efaa9f444bb9\" href=\"https:\/\/baudhost.be\/wordpress\/wp-content\/uploads\/2020\/07\/corona_\u00c9n\u00e9o_29072020.pdf\" target=\"_blank\" rel=\"noreferrer noopener\">Consignes d\u00e9confinement \u00c9n\u00e9o (29 juillet 2020)<\/a><\/div>\n<\/div>\n\n\n\n<div class=\"wp-block-column is-vertically-aligned-center is-layout-flow wp-block-column-is-layout-flow\" style=\"flex-basis:25%\">\n<figure class=\"wp-block-image size-large\"><img loading=\"lazy\" decoding=\"async\" width=\"145\" height=\"96\" src=\"https:\/\/baudhost.be\/wordpress\/wp-content\/uploads\/2020\/01\/eneo_bw.jpg\" alt=\"\" class=\"wp-image-298\"\/><\/figure>\n<\/div>\n<\/div>\n\n\n\n<div class=\"wp-block-columns are-vertically-aligned-center is-layout-flex wp-container-core-columns-is-layout-9d6595d7 wp-block-columns-is-layout-flex\">\n<div class=\"wp-block-column is-vertically-aligned-center is-layout-flow wp-block-column-is-layout-flow\" style=\"flex-basis:25%\"><div class=\"wp-block-image\">\n<figure class=\"aligncenter size-large\"><img loading=\"lazy\" decoding=\"async\" width=\"214\" height=\"95\" src=\"https:\/\/baudhost.be\/wordpress\/wp-content\/uploads\/2020\/06\/logo_Fed_Wal_Bxl_Adeps.jpg\" alt=\"\" class=\"wp-image-2444\"\/><\/figure>\n<\/div><\/div>\n\n\n\n<div class=\"wp-block-column is-vertically-aligned-center is-layout-flow wp-block-column-is-layout-flow\" style=\"flex-basis:50%\">\n<div class=\"wp-block-file\"><a id=\"wp-block-file--media-02b3993d-22ee-489e-8942-c4d0c21eed98\" href=\"https:\/\/baudhost.be\/wordpress\/wp-content\/uploads\/2021\/09\/20210903__Protocole_VF_Adeps.pdf\" target=\"_blank\" rel=\"noreferrer noopener\">Protocole_Adeps_Sport_1_septembre_2021<\/a><\/div>\n\n\n\n<div class=\"wp-block-file aligncenter\"><a id=\"wp-block-file--media-10d095cc-5179-4635-b6d6-11d93549145c\" href=\"https:\/\/baudhost.be\/wordpress\/wp-content\/uploads\/2021\/06\/Protocole_Adeps_Sport_Juin_2021.pdf\" target=\"_blank\" rel=\"noreferrer noopener\">Protocole_Adeps_Sport_Juin_2021<\/a><\/div>\n\n\n\n<div class=\"wp-block-file aligncenter\"><a id=\"wp-block-file--media-62eec83a-674b-44aa-9ccc-d6225bc923e3\" href=\"https:\/\/baudhost.be\/wordpress\/wp-content\/uploads\/2021\/05\/20210506__Protocole_APS_8_mai_2021_VF.pdf\" target=\"_blank\" rel=\"noreferrer noopener\">20210506__Protocole_APS_8_mai_2021_VF<\/a><\/div>\n\n\n\n<div class=\"wp-block-file aligncenter\"><a id=\"wp-block-file--media-3211ce24-0f41-4f57-a193-990b666ddae3\" href=\"https:\/\/baudhost.be\/wordpress\/wp-content\/uploads\/2021\/05\/20210426__Protocole_Activites_physiques_et_sportives_.pdf\" target=\"_blank\" rel=\"noreferrer noopener\">20210426__Protocole_Activites_physiques_et_sportives_<\/a><\/div>\n\n\n\n<div class=\"wp-block-file aligncenter\"><a id=\"wp-block-file--media-98900259-f021-4559-a660-16cff1ed4f8a\" href=\"https:\/\/baudhost.be\/wordpress\/wp-content\/uploads\/2020\/11\/20201019__protocole_Orange_VF-1.pdf\" target=\"_blank\" rel=\"noreferrer noopener\">Consignes d\u00e9confinement &#8211; Rando<br>Adeps &#8211; Protocole outdoor (15 octobre 2020)<\/a><\/div>\n\n\n\n<div class=\"wp-block-file aligncenter\"><a id=\"wp-block-file--media-82e07b35-382f-4ae8-a77d-4a21ed3bf095\" href=\"https:\/\/baudhost.be\/wordpress\/wp-content\/uploads\/2020\/07\/Protocole_outdoor_290720.pdf\" target=\"_blank\" rel=\"noreferrer noopener\">Consignes d\u00e9confinement &#8211; Rando<br>Adeps &#8211; Protocole outdoor (29 juillet 2020)<\/a><\/div>\n\n\n\n<div class=\"wp-block-file aligncenter\"><a id=\"wp-block-file--media-63500091-6674-44b2-8375-bcd14c7478fa\" href=\"https:\/\/baudhost.be\/wordpress\/wp-content\/uploads\/2020\/07\/Protocole_outdoor_230720_.pdf\" target=\"_blank\" rel=\"noreferrer noopener\">Consignes d\u00e9confinement &#8211; Rando<br>Adeps &#8211; Protocole outdoor (23 juillet 2020)<\/a><\/div>\n\n\n\n<div class=\"wp-block-file aligncenter\"><a id=\"wp-block-file--media-66bcdb9c-7541-4347-8901-fcc1452786b0\" href=\"https:\/\/baudhost.be\/wordpress\/wp-content\/uploads\/2020\/06\/2020.06.26_protocole_outdoor_phase_4_FINAL__1_.pdf\" target=\"_blank\" rel=\"noreferrer noopener\">Consignes d\u00e9confinement &#8211; Rando<br>  Adeps   &#8211;   Protocole outdoor (1 juillet 2020)<\/a><\/div>\n<\/div>\n\n\n\n<div class=\"wp-block-column is-vertically-aligned-center is-layout-flow wp-block-column-is-layout-flow\" style=\"flex-basis:25%\"><div class=\"wp-block-image\">\n<figure class=\"aligncenter size-large\"><img loading=\"lazy\" decoding=\"async\" width=\"143\" height=\"95\" src=\"https:\/\/baudhost.be\/wordpress\/wp-content\/uploads\/2020\/06\/logo_Adeps.jpg\" alt=\"\" class=\"wp-image-2445\"\/><\/figure>\n<\/div>\n\n\n<p><\/p>\n<\/div>\n<\/div>\n\n\n\n<div class=\"wp-block-file aligncenter\"><a id=\"wp-block-file--media-66815f74-ad78-4808-8539-c95790e90ffd\" href=\"https:\/\/baudhost.be\/wordpress\/wp-content\/uploads\/2020\/03\/confinement.pdf\" target=\"_blank\" rel=\"noreferrer noopener\"><img loading=\"lazy\" decoding=\"async\" width=\"150\" height=\"84\" class=\"wp-image-2360\" style=\"width: 150px;\" src=\"https:\/\/baudhost.be\/wordpress\/wp-content\/uploads\/2020\/03\/confinement.jpg\" alt=\"\">  Confinement &amp; Rando<\/a><\/div>\n\n\n\n<hr class=\"wp-block-separator has-css-opacity\"\/>\n\n\n\n<p class=\"has-text-align-center\">Pr\u00e9cautions &#8211; Recommandations officielles<\/p>\n\n\n\n<hr class=\"wp-block-separator has-css-opacity\"\/>\n\n\n\n<div class=\"wp-block-file aligncenter\"><a id=\"wp-block-file--media-de7480dd-1b22-4c7d-bf56-85b0529a121f\" href=\"https:\/\/baudhost.be\/wordpress\/wp-content\/uploads\/2020\/03\/20200217_coronavirus_poster_general_FR.pdf\" target=\"_blank\" rel=\"noreferrer noopener\"><img loading=\"lazy\" decoding=\"async\" width=\"150\" height=\"67\" class=\"wp-image-2336\" style=\"width: 150px;\" src=\"https:\/\/baudhost.be\/wordpress\/wp-content\/uploads\/2020\/03\/cov_pos_01.jpg\" alt=\"\" srcset=\"https:\/\/baudhost.be\/wordpress\/wp-content\/uploads\/2020\/03\/cov_pos_01.jpg 475w, https:\/\/baudhost.be\/wordpress\/wp-content\/uploads\/2020\/03\/cov_pos_01-300x134.jpg 300w\" sizes=\"auto, (max-width: 150px) 100vw, 150px\" \/> coronavirus_poster_1<\/a><\/div>\n\n\n\n<div class=\"wp-block-file aligncenter\"><a id=\"wp-block-file--media-1d15375e-cc63-4579-b454-cbe15ab4e44d\" href=\"https:\/\/baudhost.be\/wordpress\/wp-content\/uploads\/2020\/03\/coronavirus_poster_2.pdf\" target=\"_blank\" rel=\"noreferrer noopener\"><img loading=\"lazy\" decoding=\"async\" width=\"150\" height=\"34\" class=\"wp-image-2335\" style=\"width: 150px;\" src=\"https:\/\/baudhost.be\/wordpress\/wp-content\/uploads\/2020\/03\/cov_pos_02.jpg\" alt=\"\" srcset=\"https:\/\/baudhost.be\/wordpress\/wp-content\/uploads\/2020\/03\/cov_pos_02.jpg 636w, https:\/\/baudhost.be\/wordpress\/wp-content\/uploads\/2020\/03\/cov_pos_02-300x69.jpg 300w\" sizes=\"auto, (max-width: 150px) 100vw, 150px\" \/> coronavirus_poster_2<\/a><\/div>\n\n\n\n<hr class=\"wp-block-separator has-css-opacity\"\/>\n\n\n<div class=\"wp-block-image\">\n<figure class=\"aligncenter size-large is-resized\"><img loading=\"lazy\" decoding=\"async\" src=\"https:\/\/baudhost.be\/wordpress\/wp-content\/uploads\/2020\/03\/coronavirus_annulation.jpg\" alt=\"\" class=\"wp-image-2297\" width=\"374\" height=\"223\" srcset=\"https:\/\/baudhost.be\/wordpress\/wp-content\/uploads\/2020\/03\/coronavirus_annulation.jpg 747w, https:\/\/baudhost.be\/wordpress\/wp-content\/uploads\/2020\/03\/coronavirus_annulation-300x179.jpg 300w\" sizes=\"auto, (max-width: 374px) 100vw, 374px\" \/><\/figure>\n<\/div>\n\n\n<p class=\"has-text-align-center\"> Des informations compl\u00e9mentaires dans le message par club concern\u00e9.<\/p>\n\n\n\n<p><\/p>\n","protected":false},"excerpt":{"rendered":"<p>L&rsquo;historique des mesures \u00ab\u00a0Covid\u00a0\u00bb au fil des mois Pr\u00e9cautions &#8211; Recommandations officielles Des informations compl\u00e9mentaires dans le message par club concern\u00e9.<\/p>\n","protected":false},"author":1,"featured_media":0,"parent":416,"menu_order":0,"comment_status":"closed","ping_status":"closed","template":"","meta":{"footnotes":""},"class_list":["post-2294","page","type-page","status-publish","hentry"],"_links":{"self":[{"href":"https:\/\/baudhost.be\/wordpress\/wp-json\/wp\/v2\/pages\/2294","targetHints":{"allow":["GET"]}}],"collection":[{"href":"https:\/\/baudhost.be\/wordpress\/wp-json\/wp\/v2\/pages"}],"about":[{"href":"https:\/\/baudhost.be\/wordpress\/wp-json\/wp\/v2\/types\/page"}],"author":[{"embeddable":true,"href":"https:\/\/baudhost.be\/wordpress\/wp-json\/wp\/v2\/users\/1"}],"replies":[{"embeddable":true,"href":"https:\/\/baudhost.be\/wordpress\/wp-json\/wp\/v2\/comments?post=2294"}],"version-history":[{"count":52,"href":"https:\/\/baudhost.be\/wordpress\/wp-json\/wp\/v2\/pages\/2294\/revisions"}],"predecessor-version":[{"id":9172,"href":"https:\/\/baudhost.be\/wordpress\/wp-json\/wp\/v2\/pages\/2294\/revisions\/9172"}],"up":[{"embeddable":true,"href":"https:\/\/baudhost.be\/wordpress\/wp-json\/wp\/v2\/pages\/416"}],"wp:attachment":[{"href":"https:\/\/baudhost.be\/wordpress\/wp-json\/wp\/v2\/media?parent=2294"}],"curies":[{"name":"wp","href":"https:\/\/api.w.org\/{rel}","templated":true}]}}