{"id":19,"date":"2020-01-13T13:06:05","date_gmt":"2020-01-13T12:06:05","guid":{"rendered":"https:\/\/baudhost.be\/wordpress\/?page_id=19"},"modified":"2021-01-19T15:56:28","modified_gmt":"2021-01-19T14:56:28","slug":"accueil","status":"publish","type":"page","link":"https:\/\/baudhost.be\/wordpress\/","title":{"rendered":"Accueil"},"content":{"rendered":"\n<p class=\"has-text-align-center\">Bienvenue sur mon nouveau site de <strong>partage de photos<\/strong>, de traces <strong>gps <\/strong>et d&rsquo;<strong>autres informations<\/strong> relatives \u00e0 nos activit\u00e9s de randonn\u00e9es p\u00e9destres, nos sorties cyclistes et nos s\u00e9jours.<\/p>\n\n\n\n<div class=\"wp-block-image\"><figure class=\"aligncenter size-large is-resized\"><img loading=\"lazy\" decoding=\"async\" src=\"https:\/\/baudhost.be\/wordpress\/wp-content\/uploads\/2020\/01\/website_construction.jpg\" alt=\"\" class=\"wp-image-179\" width=\"469\" height=\"276\" srcset=\"https:\/\/baudhost.be\/wordpress\/wp-content\/uploads\/2020\/01\/website_construction.jpg 625w, https:\/\/baudhost.be\/wordpress\/wp-content\/uploads\/2020\/01\/website_construction-300x177.jpg 300w\" sizes=\"auto, (max-width: 469px) 100vw, 469px\" \/><\/figure><\/div>\n\n\n\n<div class=\"wp-block-image\"><figure class=\"aligncenter size-large is-resized\"><img loading=\"lazy\" decoding=\"async\" src=\"https:\/\/baudhost.be\/wordpress\/wp-content\/uploads\/2021\/01\/multi_screen_wp_jb.jpg\" alt=\"\" class=\"wp-image-5799\" width=\"322\" height=\"156\" srcset=\"https:\/\/baudhost.be\/wordpress\/wp-content\/uploads\/2021\/01\/multi_screen_wp_jb.jpg 643w, https:\/\/baudhost.be\/wordpress\/wp-content\/uploads\/2021\/01\/multi_screen_wp_jb-300x145.jpg 300w\" sizes=\"auto, (max-width: 322px) 100vw, 322px\" \/><\/figure><\/div>\n\n\n\n<p class=\"has-text-align-center\">Site dynamique qui s&rsquo;adapte aux diff\u00e9rents appareils clients.<\/p>\n\n\n\n<hr class=\"wp-block-separator\"\/>\n\n\n\n<div class=\"wp-block-columns is-layout-flex wp-container-core-columns-is-layout-9d6595d7 wp-block-columns-is-layout-flex\">\n<div class=\"wp-block-column is-layout-flow wp-block-column-is-layout-flow\">\n<div class=\"wp-block-image\"><figure class=\"aligncenter size-large\"><img loading=\"lazy\" decoding=\"async\" width=\"137\" height=\"86\" src=\"https:\/\/baudhost.be\/wordpress\/wp-content\/uploads\/2020\/01\/diaporama.jpg\" alt=\"\" class=\"wp-image-8\"\/><figcaption>Diaporama<\/figcaption><\/figure><\/div>\n<\/div>\n\n\n\n<div class=\"wp-block-column is-layout-flow wp-block-column-is-layout-flow\">\n<div class=\"wp-block-image\"><figure class=\"aligncenter size-large\"><img loading=\"lazy\" decoding=\"async\" width=\"95\" height=\"95\" src=\"https:\/\/baudhost.be\/wordpress\/wp-content\/uploads\/2020\/01\/gps_model.jpg\" alt=\"\" class=\"wp-image-73\"\/><figcaption>GPS<\/figcaption><\/figure><\/div>\n<\/div>\n\n\n\n<div class=\"wp-block-column is-layout-flow wp-block-column-is-layout-flow\">\n<div class=\"wp-block-image\"><figure class=\"aligncenter size-thumbnail is-resized\"><img loading=\"lazy\" decoding=\"async\" src=\"https:\/\/baudhost.be\/wordpress\/wp-content\/uploads\/2020\/01\/documents-150x150.jpg\" alt=\"\" class=\"wp-image-67\" width=\"75\" height=\"75\" srcset=\"https:\/\/baudhost.be\/wordpress\/wp-content\/uploads\/2020\/01\/documents-150x150.jpg 150w, https:\/\/baudhost.be\/wordpress\/wp-content\/uploads\/2020\/01\/documents.jpg 300w, https:\/\/baudhost.be\/wordpress\/wp-content\/uploads\/2020\/01\/documents-100x100.jpg 100w\" sizes=\"auto, (max-width: 75px) 100vw, 75px\" \/><figcaption>Documents<br><\/figcaption><\/figure><\/div>\n<\/div>\n\n\n\n<div class=\"wp-block-column is-layout-flow wp-block-column-is-layout-flow\">\n<div class=\"wp-block-image\"><figure class=\"aligncenter size-thumbnail is-resized\"><img loading=\"lazy\" decoding=\"async\" src=\"https:\/\/baudhost.be\/wordpress\/wp-content\/uploads\/2020\/01\/www-150x150.jpg\" alt=\"\" class=\"wp-image-78\" width=\"75\" height=\"75\" srcset=\"https:\/\/baudhost.be\/wordpress\/wp-content\/uploads\/2020\/01\/www-150x150.jpg 150w, https:\/\/baudhost.be\/wordpress\/wp-content\/uploads\/2020\/01\/www-300x300.jpg 300w, https:\/\/baudhost.be\/wordpress\/wp-content\/uploads\/2020\/01\/www-100x100.jpg 100w, https:\/\/baudhost.be\/wordpress\/wp-content\/uploads\/2020\/01\/www.jpg 400w\" sizes=\"auto, (max-width: 75px) 100vw, 75px\" \/><figcaption>Liens internet<\/figcaption><\/figure><\/div>\n<\/div>\n<\/div>\n\n\n\n<hr class=\"wp-block-separator\"\/>\n\n\n\n<p><\/p>\n","protected":false},"excerpt":{"rendered":"<p>Bienvenue sur mon nouveau site de partage de photos, de traces gps et d&rsquo;autres informations relatives \u00e0 nos activit\u00e9s de randonn\u00e9es p\u00e9destres, nos sorties cyclistes et nos s\u00e9jours. Site dynamique qui s&rsquo;adapte aux diff\u00e9rents appareils clients.<\/p>\n","protected":false},"author":1,"featured_media":5882,"parent":0,"menu_order":0,"comment_status":"closed","ping_status":"closed","template":"","meta":{"footnotes":""},"class_list":["post-19","page","type-page","status-publish","has-post-thumbnail","hentry"],"_links":{"self":[{"href":"https:\/\/baudhost.be\/wordpress\/wp-json\/wp\/v2\/pages\/19","targetHints":{"allow":["GET"]}}],"collection":[{"href":"https:\/\/baudhost.be\/wordpress\/wp-json\/wp\/v2\/pages"}],"about":[{"href":"https:\/\/baudhost.be\/wordpress\/wp-json\/wp\/v2\/types\/page"}],"author":[{"embeddable":true,"href":"https:\/\/baudhost.be\/wordpress\/wp-json\/wp\/v2\/users\/1"}],"replies":[{"embeddable":true,"href":"https:\/\/baudhost.be\/wordpress\/wp-json\/wp\/v2\/comments?post=19"}],"version-history":[{"count":29,"href":"https:\/\/baudhost.be\/wordpress\/wp-json\/wp\/v2\/pages\/19\/revisions"}],"predecessor-version":[{"id":5953,"href":"https:\/\/baudhost.be\/wordpress\/wp-json\/wp\/v2\/pages\/19\/revisions\/5953"}],"wp:featuredmedia":[{"embeddable":true,"href":"https:\/\/baudhost.be\/wordpress\/wp-json\/wp\/v2\/media\/5882"}],"wp:attachment":[{"href":"https:\/\/baudhost.be\/wordpress\/wp-json\/wp\/v2\/media?parent=19"}],"curies":[{"name":"wp","href":"https:\/\/api.w.org\/{rel}","templated":true}]}}