{"id":1611,"date":"2020-01-28T10:33:34","date_gmt":"2020-01-28T09:33:34","guid":{"rendered":"https:\/\/baudhost.be\/wordpress\/?page_id=1611"},"modified":"2021-01-09T07:25:54","modified_gmt":"2021-01-09T06:25:54","slug":"avant-avril-2018","status":"publish","type":"page","link":"https:\/\/baudhost.be\/wordpress\/avant\/avant-avril-2018\/","title":{"rendered":"Avant avril 2018"},"content":{"rendered":"\n<div class=\"wp-block-columns are-vertically-aligned-center is-layout-flex wp-container-core-columns-is-layout-9d6595d7 wp-block-columns-is-layout-flex\">\n<div class=\"wp-block-column is-vertically-aligned-center is-layout-flow wp-block-column-is-layout-flow\" style=\"flex-basis:25%\">\n<figure class=\"wp-block-image size-large\"><img loading=\"lazy\" decoding=\"async\" width=\"141\" height=\"112\" src=\"https:\/\/baudhost.be\/wordpress\/wp-content\/uploads\/2020\/01\/detail_rando_intro.jpg\" alt=\"\" class=\"wp-image-53\"\/><\/figure>\n<\/div>\n\n\n\n<div class=\"wp-block-column is-vertically-aligned-center is-layout-flow wp-block-column-is-layout-flow\" style=\"flex-basis:50%\">\n<p class=\"has-text-align-center\"> Les diaporamas d&rsquo;avant <strong>avril 2018<\/strong> restent visibles sur un site ant\u00e9rieur qui remonte jusqu&rsquo;au mois de <strong>juillet 2011<\/strong>. <\/p>\n<\/div>\n\n\n\n<div class=\"wp-block-column is-vertically-aligned-center is-layout-flow wp-block-column-is-layout-flow\" style=\"flex-basis:25%\">\n<figure class=\"wp-block-image size-large\"><img loading=\"lazy\" decoding=\"async\" width=\"141\" height=\"112\" src=\"https:\/\/baudhost.be\/wordpress\/wp-content\/uploads\/2020\/01\/detail_rando_exit.jpg\" alt=\"\" class=\"wp-image-52\"\/><\/figure>\n<\/div>\n<\/div>\n\n\n\n<div class=\"wp-block-columns are-vertically-aligned-center is-layout-flex wp-container-core-columns-is-layout-9d6595d7 wp-block-columns-is-layout-flex\">\n<div class=\"wp-block-column is-vertically-aligned-center is-layout-flow wp-block-column-is-layout-flow\" style=\"flex-basis:33.33%\">\n<figure class=\"wp-block-image size-large\"><img loading=\"lazy\" decoding=\"async\" width=\"643\" height=\"311\" src=\"https:\/\/baudhost.be\/wordpress\/wp-content\/uploads\/2021\/01\/multi_screen_wp_jb.jpg\" alt=\"\" class=\"wp-image-5799\" srcset=\"https:\/\/baudhost.be\/wordpress\/wp-content\/uploads\/2021\/01\/multi_screen_wp_jb.jpg 643w, https:\/\/baudhost.be\/wordpress\/wp-content\/uploads\/2021\/01\/multi_screen_wp_jb-300x145.jpg 300w\" sizes=\"auto, (max-width: 643px) 100vw, 643px\" \/><\/figure>\n<\/div>\n\n\n\n<div class=\"wp-block-column is-vertically-aligned-center is-layout-flow wp-block-column-is-layout-flow\" style=\"flex-basis:66.66%\">\n<p class=\"has-text-align-center\">Veuillez noter que ce site ant\u00e9rieur n&rsquo;est <strong>pas adaptatif<\/strong> \u00e0 tous les \u00e9crans, mais est uniquement proportionn\u00e9 pour un \u00e9cran classique de 22 pouces sur PC<\/p>\n<\/div>\n<\/div>\n\n\n\n<p class=\"has-text-align-center\">Pour y acc\u00e9der vous pouvez cliquez sur l&rsquo;image ci-dessous.<\/p>\n\n\n\n<div class=\"wp-block-image\"><figure class=\"aligncenter size-large\"><a href=\"http:\/\/rando.baudhost.be\/\" target=\"_blank\" rel=\"noopener\"><img loading=\"lazy\" decoding=\"async\" width=\"1023\" height=\"706\" src=\"https:\/\/baudhost.be\/wordpress\/wp-content\/uploads\/2021\/01\/website_FR.jpg\" alt=\"\" class=\"wp-image-5807\" srcset=\"https:\/\/baudhost.be\/wordpress\/wp-content\/uploads\/2021\/01\/website_FR.jpg 1023w, https:\/\/baudhost.be\/wordpress\/wp-content\/uploads\/2021\/01\/website_FR-300x207.jpg 300w, https:\/\/baudhost.be\/wordpress\/wp-content\/uploads\/2021\/01\/website_FR-768x530.jpg 768w\" sizes=\"auto, (max-width: 767px) 89vw, (max-width: 1000px) 54vw, (max-width: 1071px) 543px, 580px\" \/><\/a><\/figure><\/div>\n\n\n\n<p><\/p>\n","protected":false},"excerpt":{"rendered":"<p>Les diaporamas d&rsquo;avant avril 2018 restent visibles sur un site ant\u00e9rieur qui remonte jusqu&rsquo;au mois de juillet 2011. Veuillez noter que ce site ant\u00e9rieur n&rsquo;est pas adaptatif \u00e0 tous les \u00e9crans, mais est uniquement proportionn\u00e9 pour un \u00e9cran classique de 22 pouces sur PC Pour y acc\u00e9der vous pouvez cliquez sur l&rsquo;image ci-dessous.<\/p>\n","protected":false},"author":1,"featured_media":0,"parent":523,"menu_order":0,"comment_status":"closed","ping_status":"closed","template":"","meta":{"footnotes":""},"class_list":["post-1611","page","type-page","status-publish","hentry"],"_links":{"self":[{"href":"https:\/\/baudhost.be\/wordpress\/wp-json\/wp\/v2\/pages\/1611","targetHints":{"allow":["GET"]}}],"collection":[{"href":"https:\/\/baudhost.be\/wordpress\/wp-json\/wp\/v2\/pages"}],"about":[{"href":"https:\/\/baudhost.be\/wordpress\/wp-json\/wp\/v2\/types\/page"}],"author":[{"embeddable":true,"href":"https:\/\/baudhost.be\/wordpress\/wp-json\/wp\/v2\/users\/1"}],"replies":[{"embeddable":true,"href":"https:\/\/baudhost.be\/wordpress\/wp-json\/wp\/v2\/comments?post=1611"}],"version-history":[{"count":21,"href":"https:\/\/baudhost.be\/wordpress\/wp-json\/wp\/v2\/pages\/1611\/revisions"}],"predecessor-version":[{"id":5875,"href":"https:\/\/baudhost.be\/wordpress\/wp-json\/wp\/v2\/pages\/1611\/revisions\/5875"}],"up":[{"embeddable":true,"href":"https:\/\/baudhost.be\/wordpress\/wp-json\/wp\/v2\/pages\/523"}],"wp:attachment":[{"href":"https:\/\/baudhost.be\/wordpress\/wp-json\/wp\/v2\/media?parent=1611"}],"curies":[{"name":"wp","href":"https:\/\/api.w.org\/{rel}","templated":true}]}}