{"id":12135,"date":"2024-12-03T20:06:12","date_gmt":"2024-12-03T19:06:12","guid":{"rendered":"https:\/\/baudhost.be\/wordpress\/?page_id=12135"},"modified":"2024-12-03T20:11:38","modified_gmt":"2024-12-03T19:11:38","slug":"ewal_24_bousval","status":"publish","type":"page","link":"https:\/\/baudhost.be\/wordpress\/2024-2\/decembre-2024\/ewal_24_bousval\/","title":{"rendered":"EWal_24_Bousval"},"content":{"rendered":"<div class=\"wp-block-image\">\n<figure class=\"aligncenter size-full\"><img loading=\"lazy\" decoding=\"async\" width=\"481\" height=\"124\" src=\"https:\/\/baudhost.be\/wordpress\/wp-content\/uploads\/2020\/01\/eneo_ucp_walhain2.jpg\" alt=\"\" class=\"wp-image-295\" srcset=\"https:\/\/baudhost.be\/wordpress\/wp-content\/uploads\/2020\/01\/eneo_ucp_walhain2.jpg 481w, https:\/\/baudhost.be\/wordpress\/wp-content\/uploads\/2020\/01\/eneo_ucp_walhain2-300x77.jpg 300w\" sizes=\"auto, (max-width: 481px) 100vw, 481px\" \/><\/figure>\n<\/div>\n\n\n<div class=\"wp-block-columns is-layout-flex wp-container-core-columns-is-layout-9d6595d7 wp-block-columns-is-layout-flex\">\n<div class=\"wp-block-column is-layout-flow wp-block-column-is-layout-flow\" style=\"flex-basis:15%\"><div class=\"wp-block-image\">\n<figure class=\"aligncenter size-large\"><img loading=\"lazy\" decoding=\"async\" width=\"137\" height=\"86\" src=\"https:\/\/baudhost.be\/wordpress\/wp-content\/uploads\/2020\/01\/diaporama.jpg\" alt=\"\" class=\"wp-image-8\"\/><\/figure>\n<\/div><\/div>\n\n\n\n<div class=\"wp-block-column is-layout-flow wp-block-column-is-layout-flow\" style=\"flex-basis:85%\">\n<p class=\"has-text-align-center\">Quelques photos prises durant la Balade \u00c9n\u00e9o Walhain<\/p>\n\n\n\n<p class=\"has-text-align-center\">\u00e0 <strong>Bousval<\/strong>&#8211;<strong> <\/strong>2 decembre 2024<\/p>\n<\/div>\n<\/div>\n\n\n\n<p class=\"has-text-align-right\">Photos de Mich\u00e8le, Fran\u00e7oise,Christian <\/p>\n\n\n\n<div class=\"wp-block-flagallery-gallery flagallery-shortcode\"><div class=\"flagallery flaslider_skin\" id=\"FlaGallery_sc1_1436\" ><script type=\"text\/javascript\">(function(){this['FlaGallery_sc1_1436']={'settings':{\"sliderHeightRetio\":\"0.7\",\"sliderPreloaderColor\":\"#ffffff\",\"sliderBgColor\":\"rgba(39, 137, 12, 0.9)\",\"sliderHeaderFooterBgColor\":\"rgba(123, 222, 76, 0.4)\",\"sliderNavigationColor\":\"rgba(0,0,0,1)\",\"sliderNavigationIconColor\":\"rgba(255,255,255,1)\",\"sliderItemDescriptionBlock\":\"1\",\"sliderItemTitleFontSize\":\"18\",\"sliderItemTitleTextColor\":\"#ffffff\",\"sliderItemDescriptionFontSize\":\"14\",\"sliderItemDescriptionTextColor\":\"#969696\",\"sliderThumbBarEnable\":\"1\",\"sliderThumbBarHoverColor\":\"#ffffff\",\"sliderThumbSubMenuBackgroundColor\":\"rgba(0,0,0,1)\",\"sliderThumbSubMenuBackgroundColorOver\":\"rgba(255,255,255,1)\",\"sliderThumbSubMenuIconColor\":\"rgba(255,255,255,1)\",\"sliderThumbSubMenuIconHoverColor\":\"rgba(0,0,0,1)\",\"sliderPlayButton\":\"1\",\"sliderZoomButton\":\"1\",\"sliderFullScreen\":\"1\",\"sliderInfoEnable\":\"0\",\"sliderItemDownload\":\"1\",\"sliderSocialShareEnabled\":\"0\",\"sliderLikesEnabled\":\"0\",\"sliderSlideshowEneble\":\"0\",\"slideshowDelay\":\"8\",\"slideshowProgressBarColor\":\"rgba(255,255,255,1)\",\"slideshowProgressBarBGColor\":\"rgba(49,49,49,1)\",\"modaBgColor\":\"rgba(0,0,0,0.9)\",\"modalInfoBoxBgColor\":\"rgba(255,255,255,1)\",\"modalInfoBoxTitleTextColor\":\"#000000\",\"shareTitlePlaceHolder\":\"Share\",\"modalInfoBoxTextColor\":\"#333333\",\"infoBarExifEnable\":\"1\",\"infoBarCountersEnable\":\"1\",\"infoBarDateInfoEnable\":\"1\",\"customCSS\":\"\",\"key\":\"9fc7390f4f41450289e16b954c57b145\",\"name\":\"GRANDPackPlus\",\"galleryID\":\"sc1_1436\",\"post_url\":\"https:\\\/\\\/baudhost.be\\\/wordpress\\\/wp-json\\\/wp\\\/v2\\\/pages\\\/12135\",\"module_url\":\"https:\\\/\\\/baudhost.be\\\/wordpress\\\/wp-content\\\/plugins\\\/flagallery-skins\\\/flaslider\\\/\"}, 'data':[{\"gallery\":{\"gid\":\"1436\",\"name\":\"ewal_24_bousval\",\"path\":\"https:\\\/\\\/baudhost.be\\\/wordpress\\\/wp-content\\\/flagallery\\\/ewal_24_bousval\",\"title\":\"EWal_24_Bousval\",\"galdesc\":\"\"},\"data\":[{\"pid\":\"20402\",\"filename\":\"bousval_01.jpg\",\"description\":\"\",\"alttext\":\"\",\"link\":null,\"imagedate\":\"2024-12-03 06:42:59\",\"hitcounter\":\"73\",\"total_value\":\"0\",\"total_votes\":\"0\",\"meta_data\":{\"aperture\":false,\"credit\":false,\"camera\":false,\"caption\":false,\"created_timestamp\":false,\"copyright\":false,\"focal_length\":false,\"iso\":false,\"shutter_speed\":false,\"flash\":false,\"title\":false,\"keywords\":false,\"width\":608,\"height\":1080,\"saved\":true,\"thumbnail\":{\"width\":225,\"height\":400},\"webview\":{\"0\":608,\"1\":1080,\"2\":2,\"3\":\"width=\\\"608\\\" height=\\\"1080\\\"\",\"bits\":8,\"channels\":3,\"mime\":\"image\\\/jpeg\"}}},{\"pid\":\"20403\",\"filename\":\"bousval_02.jpg\",\"description\":\"\",\"alttext\":\"\",\"link\":null,\"imagedate\":\"2024-12-03 06:43:00\",\"hitcounter\":\"55\",\"total_value\":\"0\",\"total_votes\":\"0\",\"meta_data\":{\"aperture\":false,\"credit\":false,\"camera\":false,\"caption\":false,\"created_timestamp\":false,\"copyright\":false,\"focal_length\":false,\"iso\":false,\"shutter_speed\":false,\"flash\":false,\"title\":false,\"keywords\":false,\"width\":1918,\"height\":1080,\"saved\":true,\"thumbnail\":{\"width\":400,\"height\":225},\"webview\":{\"0\":1918,\"1\":1080,\"2\":2,\"3\":\"width=\\\"1918\\\" height=\\\"1080\\\"\",\"bits\":8,\"channels\":3,\"mime\":\"image\\\/jpeg\"}}},{\"pid\":\"20404\",\"filename\":\"bousval_03.jpg\",\"description\":\"\",\"alttext\":\"\",\"link\":null,\"imagedate\":\"2024-12-03 06:43:01\",\"hitcounter\":\"51\",\"total_value\":\"0\",\"total_votes\":\"0\",\"meta_data\":{\"aperture\":false,\"credit\":false,\"camera\":false,\"caption\":false,\"created_timestamp\":false,\"copyright\":false,\"focal_length\":false,\"iso\":false,\"shutter_speed\":false,\"flash\":false,\"title\":false,\"keywords\":false,\"width\":1918,\"height\":1080,\"saved\":true,\"thumbnail\":{\"width\":400,\"height\":225},\"webview\":{\"0\":1918,\"1\":1080,\"2\":2,\"3\":\"width=\\\"1918\\\" height=\\\"1080\\\"\",\"bits\":8,\"channels\":3,\"mime\":\"image\\\/jpeg\"}}},{\"pid\":\"20405\",\"filename\":\"bousval_04.jpg\",\"description\":\"\",\"alttext\":\"\",\"link\":null,\"imagedate\":\"2024-12-03 06:43:02\",\"hitcounter\":\"51\",\"total_value\":\"0\",\"total_votes\":\"0\",\"meta_data\":{\"aperture\":false,\"credit\":false,\"camera\":false,\"caption\":false,\"created_timestamp\":false,\"copyright\":false,\"focal_length\":false,\"iso\":false,\"shutter_speed\":false,\"flash\":false,\"title\":false,\"keywords\":false,\"width\":608,\"height\":1080,\"saved\":true,\"thumbnail\":{\"width\":225,\"height\":400},\"webview\":{\"0\":608,\"1\":1080,\"2\":2,\"3\":\"width=\\\"608\\\" height=\\\"1080\\\"\",\"bits\":8,\"channels\":3,\"mime\":\"image\\\/jpeg\"}}},{\"pid\":\"20406\",\"filename\":\"bousval_05.jpg\",\"description\":\"\",\"alttext\":\"\",\"link\":null,\"imagedate\":\"2024-12-03 06:43:03\",\"hitcounter\":\"50\",\"total_value\":\"0\",\"total_votes\":\"0\",\"meta_data\":{\"aperture\":false,\"credit\":false,\"camera\":false,\"caption\":false,\"created_timestamp\":false,\"copyright\":false,\"focal_length\":false,\"iso\":false,\"shutter_speed\":false,\"flash\":false,\"title\":false,\"keywords\":false,\"width\":608,\"height\":1080,\"saved\":true,\"thumbnail\":{\"width\":225,\"height\":400},\"webview\":{\"0\":608,\"1\":1080,\"2\":2,\"3\":\"width=\\\"608\\\" height=\\\"1080\\\"\",\"bits\":8,\"channels\":3,\"mime\":\"image\\\/jpeg\"}}},{\"pid\":\"20407\",\"filename\":\"bousval_06.jpg\",\"description\":\"\",\"alttext\":\"\",\"link\":null,\"imagedate\":\"2024-12-03 06:43:04\",\"hitcounter\":\"49\",\"total_value\":\"0\",\"total_votes\":\"0\",\"meta_data\":{\"aperture\":false,\"credit\":false,\"camera\":false,\"caption\":false,\"created_timestamp\":false,\"copyright\":false,\"focal_length\":false,\"iso\":false,\"shutter_speed\":false,\"flash\":false,\"title\":false,\"keywords\":false,\"width\":608,\"height\":1080,\"saved\":true,\"thumbnail\":{\"width\":225,\"height\":400},\"webview\":{\"0\":608,\"1\":1080,\"2\":2,\"3\":\"width=\\\"608\\\" height=\\\"1080\\\"\",\"bits\":8,\"channels\":3,\"mime\":\"image\\\/jpeg\"}}},{\"pid\":\"20408\",\"filename\":\"bousval_07.jpg\",\"description\":\"\",\"alttext\":\"\",\"link\":null,\"imagedate\":\"2024-12-02 14:35:17\",\"hitcounter\":\"49\",\"total_value\":\"0\",\"total_votes\":\"0\",\"meta_data\":{\"aperture\":\"F 1.8\",\"credit\":false,\"camera\":\"MAR-LX1B\",\"caption\":false,\"created_timestamp\":\"2 d\\u00e9cembre 2024 14 h 35 min\",\"copyright\":false,\"focal_length\":\"4.75 mm\",\"iso\":50,\"shutter_speed\":\"1\\\/320 sec\",\"flash\":false,\"title\":false,\"keywords\":false,\"width\":810,\"height\":1080,\"saved\":true,\"thumbnail\":{\"width\":300,\"height\":400},\"webview\":{\"0\":810,\"1\":1080,\"2\":2,\"3\":\"width=\\\"810\\\" height=\\\"1080\\\"\",\"bits\":8,\"channels\":3,\"mime\":\"image\\\/jpeg\"}}},{\"pid\":\"20409\",\"filename\":\"bousval_08.jpg\",\"description\":\"\",\"alttext\":\"\",\"link\":null,\"imagedate\":\"2024-12-02 14:51:58\",\"hitcounter\":\"47\",\"total_value\":\"0\",\"total_votes\":\"0\",\"meta_data\":{\"aperture\":\"F 1.8\",\"credit\":false,\"camera\":\"MAR-LX1B\",\"caption\":false,\"created_timestamp\":\"2 d\\u00e9cembre 2024 14 h 51 min\",\"copyright\":false,\"focal_length\":\"4.75 mm\",\"iso\":125,\"shutter_speed\":\"1\\\/900 sec\",\"flash\":false,\"title\":false,\"keywords\":false,\"width\":810,\"height\":1080,\"saved\":true,\"thumbnail\":{\"width\":300,\"height\":400},\"webview\":{\"0\":810,\"1\":1080,\"2\":2,\"3\":\"width=\\\"810\\\" height=\\\"1080\\\"\",\"bits\":8,\"channels\":3,\"mime\":\"image\\\/jpeg\"}}},{\"pid\":\"20410\",\"filename\":\"bousval_09.jpg\",\"description\":\"\",\"alttext\":\"\",\"link\":null,\"imagedate\":\"2024-12-02 14:52:05\",\"hitcounter\":\"47\",\"total_value\":\"0\",\"total_votes\":\"0\",\"meta_data\":{\"aperture\":\"F 1.8\",\"credit\":false,\"camera\":\"MAR-LX1B\",\"caption\":false,\"created_timestamp\":\"2 d\\u00e9cembre 2024 14 h 52 min\",\"copyright\":false,\"focal_length\":\"4.75 mm\",\"iso\":50,\"shutter_speed\":\"1\\\/200 sec\",\"flash\":false,\"title\":false,\"keywords\":false,\"width\":810,\"height\":1080,\"saved\":true,\"thumbnail\":{\"width\":300,\"height\":400},\"webview\":{\"0\":810,\"1\":1080,\"2\":2,\"3\":\"width=\\\"810\\\" height=\\\"1080\\\"\",\"bits\":8,\"channels\":3,\"mime\":\"image\\\/jpeg\"}}},{\"pid\":\"20411\",\"filename\":\"bousval_10.jpg\",\"description\":\"\",\"alttext\":\"\",\"link\":null,\"imagedate\":\"2024-12-02 14:58:02\",\"hitcounter\":\"47\",\"total_value\":\"0\",\"total_votes\":\"0\",\"meta_data\":{\"aperture\":\"F 1.8\",\"credit\":false,\"camera\":\"MAR-LX1B\",\"caption\":false,\"created_timestamp\":\"2 d\\u00e9cembre 2024 14 h 58 min\",\"copyright\":false,\"focal_length\":\"4.75 mm\",\"iso\":50,\"shutter_speed\":\"1\\\/150 sec\",\"flash\":false,\"title\":false,\"keywords\":false,\"width\":810,\"height\":1080,\"saved\":true,\"thumbnail\":{\"width\":300,\"height\":400},\"webview\":{\"0\":810,\"1\":1080,\"2\":2,\"3\":\"width=\\\"810\\\" height=\\\"1080\\\"\",\"bits\":8,\"channels\":3,\"mime\":\"image\\\/jpeg\"}}},{\"pid\":\"20412\",\"filename\":\"bousval_11.jpg\",\"description\":\"\",\"alttext\":\"\",\"link\":null,\"imagedate\":\"2024-12-02 14:58:21\",\"hitcounter\":\"46\",\"total_value\":\"0\",\"total_votes\":\"0\",\"meta_data\":{\"aperture\":\"F 1.8\",\"credit\":false,\"camera\":\"MAR-LX1B\",\"caption\":false,\"created_timestamp\":\"2 d\\u00e9cembre 2024 14 h 58 min\",\"copyright\":false,\"focal_length\":\"4.75 mm\",\"iso\":80,\"shutter_speed\":\"1\\\/100 sec\",\"flash\":false,\"title\":false,\"keywords\":false,\"width\":810,\"height\":1080,\"saved\":true,\"thumbnail\":{\"width\":300,\"height\":400},\"webview\":{\"0\":810,\"1\":1080,\"2\":2,\"3\":\"width=\\\"810\\\" height=\\\"1080\\\"\",\"bits\":8,\"channels\":3,\"mime\":\"image\\\/jpeg\"}}},{\"pid\":\"20413\",\"filename\":\"bousval_12.jpg\",\"description\":\"\",\"alttext\":\"\",\"link\":null,\"imagedate\":\"2024-12-02 15:01:43\",\"hitcounter\":\"45\",\"total_value\":\"0\",\"total_votes\":\"0\",\"meta_data\":{\"aperture\":\"F 1.8\",\"credit\":false,\"camera\":\"MAR-LX1B\",\"caption\":false,\"created_timestamp\":\"2 d\\u00e9cembre 2024 15 h 01 min\",\"copyright\":false,\"focal_length\":\"4.75 mm\",\"iso\":125,\"shutter_speed\":\"1\\\/100 sec\",\"flash\":false,\"title\":false,\"keywords\":false,\"width\":810,\"height\":1080,\"saved\":true,\"thumbnail\":{\"width\":300,\"height\":400},\"webview\":{\"0\":810,\"1\":1080,\"2\":2,\"3\":\"width=\\\"810\\\" height=\\\"1080\\\"\",\"bits\":8,\"channels\":3,\"mime\":\"image\\\/jpeg\"}}},{\"pid\":\"20414\",\"filename\":\"bousval_13.jpg\",\"description\":\"\",\"alttext\":\"\",\"link\":null,\"imagedate\":\"2024-12-02 15:32:38\",\"hitcounter\":\"44\",\"total_value\":\"0\",\"total_votes\":\"0\",\"meta_data\":{\"aperture\":\"F 1.8\",\"credit\":false,\"camera\":\"MAR-LX1B\",\"caption\":false,\"created_timestamp\":\"2 d\\u00e9cembre 2024 15 h 32 min\",\"copyright\":false,\"focal_length\":\"4.75 mm\",\"iso\":320,\"shutter_speed\":\"1\\\/30 sec\",\"flash\":false,\"title\":false,\"keywords\":false,\"width\":810,\"height\":1080,\"saved\":true,\"thumbnail\":{\"width\":300,\"height\":400},\"webview\":{\"0\":810,\"1\":1080,\"2\":2,\"3\":\"width=\\\"810\\\" height=\\\"1080\\\"\",\"bits\":8,\"channels\":3,\"mime\":\"image\\\/jpeg\"}}},{\"pid\":\"20415\",\"filename\":\"bousval_14.jpg\",\"description\":\"\",\"alttext\":\"\",\"link\":null,\"imagedate\":\"2024-12-03 06:43:09\",\"hitcounter\":\"43\",\"total_value\":\"0\",\"total_votes\":\"0\",\"meta_data\":{\"aperture\":false,\"credit\":false,\"camera\":false,\"caption\":false,\"created_timestamp\":false,\"copyright\":false,\"focal_length\":false,\"iso\":false,\"shutter_speed\":false,\"flash\":false,\"title\":false,\"keywords\":false,\"width\":1440,\"height\":1080,\"saved\":true,\"thumbnail\":{\"width\":400,\"height\":300},\"webview\":{\"0\":1440,\"1\":1080,\"2\":2,\"3\":\"width=\\\"1440\\\" height=\\\"1080\\\"\",\"bits\":8,\"channels\":3,\"mime\":\"image\\\/jpeg\"}}},{\"pid\":\"20416\",\"filename\":\"bousval_15.jpg\",\"description\":\"\",\"alttext\":\"\",\"link\":null,\"imagedate\":\"2024-12-03 19:04:18\",\"hitcounter\":\"44\",\"total_value\":\"0\",\"total_votes\":\"0\",\"meta_data\":{\"aperture\":false,\"credit\":false,\"camera\":false,\"caption\":false,\"created_timestamp\":false,\"copyright\":false,\"focal_length\":false,\"iso\":false,\"shutter_speed\":false,\"flash\":false,\"title\":false,\"keywords\":false,\"width\":1440,\"height\":1080,\"saved\":true,\"thumbnail\":{\"width\":400,\"height\":300},\"webview\":{\"0\":1440,\"1\":1080,\"2\":2,\"3\":\"width=\\\"1440\\\" height=\\\"1080\\\"\",\"bits\":8,\"channels\":3,\"mime\":\"image\\\/jpeg\"}}},{\"pid\":\"20417\",\"filename\":\"bousval_16.jpg\",\"description\":\"\",\"alttext\":\"\",\"link\":null,\"imagedate\":\"2024-12-03 19:04:19\",\"hitcounter\":\"40\",\"total_value\":\"0\",\"total_votes\":\"0\",\"meta_data\":{\"aperture\":false,\"credit\":false,\"camera\":false,\"caption\":false,\"created_timestamp\":false,\"copyright\":false,\"focal_length\":false,\"iso\":false,\"shutter_speed\":false,\"flash\":false,\"title\":false,\"keywords\":false,\"width\":1440,\"height\":1080,\"saved\":true,\"thumbnail\":{\"width\":400,\"height\":300},\"webview\":{\"0\":1440,\"1\":1080,\"2\":2,\"3\":\"width=\\\"1440\\\" height=\\\"1080\\\"\",\"bits\":8,\"channels\":3,\"mime\":\"image\\\/jpeg\"}}}]}], };})();<\/script><\/div><noscript id=\"noscript_FlaGallery_sc1_1436\"><img class=\"skip-lazy no-lazyload noLazy\" data-lazy-src=\"\" src =\"https:\/\/baudhost.be\/wordpress\/wp-content\/flagallery\/ewal_24_bousval\/bousval_01.jpg\" alt=\"\" \/><img class=\"skip-lazy no-lazyload noLazy\" data-lazy-src=\"\" src =\"https:\/\/baudhost.be\/wordpress\/wp-content\/flagallery\/ewal_24_bousval\/bousval_02.jpg\" alt=\"\" \/><img class=\"skip-lazy no-lazyload noLazy\" data-lazy-src=\"\" src =\"https:\/\/baudhost.be\/wordpress\/wp-content\/flagallery\/ewal_24_bousval\/bousval_03.jpg\" alt=\"\" \/><img class=\"skip-lazy no-lazyload noLazy\" data-lazy-src=\"\" src =\"https:\/\/baudhost.be\/wordpress\/wp-content\/flagallery\/ewal_24_bousval\/bousval_04.jpg\" alt=\"\" \/><img class=\"skip-lazy no-lazyload noLazy\" data-lazy-src=\"\" src =\"https:\/\/baudhost.be\/wordpress\/wp-content\/flagallery\/ewal_24_bousval\/bousval_05.jpg\" alt=\"\" \/><img class=\"skip-lazy no-lazyload noLazy\" data-lazy-src=\"\" src =\"https:\/\/baudhost.be\/wordpress\/wp-content\/flagallery\/ewal_24_bousval\/bousval_06.jpg\" alt=\"\" \/><img class=\"skip-lazy no-lazyload noLazy\" data-lazy-src=\"\" src =\"https:\/\/baudhost.be\/wordpress\/wp-content\/flagallery\/ewal_24_bousval\/bousval_07.jpg\" alt=\"\" \/><img class=\"skip-lazy no-lazyload noLazy\" data-lazy-src=\"\" src =\"https:\/\/baudhost.be\/wordpress\/wp-content\/flagallery\/ewal_24_bousval\/bousval_08.jpg\" alt=\"\" \/><img class=\"skip-lazy no-lazyload noLazy\" data-lazy-src=\"\" src =\"https:\/\/baudhost.be\/wordpress\/wp-content\/flagallery\/ewal_24_bousval\/bousval_09.jpg\" alt=\"\" \/><img class=\"skip-lazy no-lazyload noLazy\" data-lazy-src=\"\" src =\"https:\/\/baudhost.be\/wordpress\/wp-content\/flagallery\/ewal_24_bousval\/bousval_10.jpg\" alt=\"\" \/><img class=\"skip-lazy no-lazyload noLazy\" data-lazy-src=\"\" src =\"https:\/\/baudhost.be\/wordpress\/wp-content\/flagallery\/ewal_24_bousval\/bousval_11.jpg\" alt=\"\" \/><img class=\"skip-lazy no-lazyload noLazy\" data-lazy-src=\"\" src =\"https:\/\/baudhost.be\/wordpress\/wp-content\/flagallery\/ewal_24_bousval\/bousval_12.jpg\" alt=\"\" \/><img class=\"skip-lazy no-lazyload noLazy\" data-lazy-src=\"\" src =\"https:\/\/baudhost.be\/wordpress\/wp-content\/flagallery\/ewal_24_bousval\/bousval_13.jpg\" alt=\"\" \/><img class=\"skip-lazy no-lazyload noLazy\" data-lazy-src=\"\" src =\"https:\/\/baudhost.be\/wordpress\/wp-content\/flagallery\/ewal_24_bousval\/bousval_14.jpg\" alt=\"\" \/><img class=\"skip-lazy no-lazyload noLazy\" data-lazy-src=\"\" src =\"https:\/\/baudhost.be\/wordpress\/wp-content\/flagallery\/ewal_24_bousval\/bousval_15.jpg\" alt=\"\" \/><img class=\"skip-lazy no-lazyload noLazy\" data-lazy-src=\"\" src =\"https:\/\/baudhost.be\/wordpress\/wp-content\/flagallery\/ewal_24_bousval\/bousval_16.jpg\" alt=\"\" \/><\/noscript><\/div>\n\n\n\n<hr class=\"wp-block-separator has-alpha-channel-opacity\"\/>\n\n\n\n<h2 class=\"wp-block-heading\" id=\"description-de-la-randonnee\"><strong>Description de la randonn\u00e9e<\/strong><\/h2>\n\n\n\n<p>Je n&rsquo;\u00e9tais pas pr\u00e9sent \u00e0 cette marche, mais Mich\u00e8le, Fran\u00e7oise et Christian ont envoy\u00e9s quelques photos de cet apr\u00e8s-midi o\u00f9 18 participants \u00e9taient de la partie. Merci \u00e0 Martine pour le guidage.<\/p>\n\n\n\n<hr class=\"wp-block-separator has-css-opacity\"\/>\n\n\n\n<div class=\"wp-block-columns is-layout-flex wp-container-core-columns-is-layout-9d6595d7 wp-block-columns-is-layout-flex\">\n<div class=\"wp-block-column is-layout-flow wp-block-column-is-layout-flow\">\n<div class=\"wp-block-columns is-layout-flex wp-container-core-columns-is-layout-9d6595d7 wp-block-columns-is-layout-flex\">\n<div class=\"wp-block-column is-layout-flow wp-block-column-is-layout-flow\" style=\"flex-basis:33.33%\">\n<figure class=\"wp-block-image size-large\"><img loading=\"lazy\" decoding=\"async\" width=\"300\" height=\"300\" src=\"https:\/\/baudhost.be\/wordpress\/wp-content\/uploads\/2020\/01\/documents.jpg\" alt=\"\" class=\"wp-image-67\" srcset=\"https:\/\/baudhost.be\/wordpress\/wp-content\/uploads\/2020\/01\/documents.jpg 300w, https:\/\/baudhost.be\/wordpress\/wp-content\/uploads\/2020\/01\/documents-150x150.jpg 150w, https:\/\/baudhost.be\/wordpress\/wp-content\/uploads\/2020\/01\/documents-100x100.jpg 100w\" sizes=\"auto, (max-width: 300px) 100vw, 300px\" \/><figcaption class=\"wp-element-caption\"><strong>Informations<\/strong> \u00e0 t\u00e9l\u00e9charger<\/figcaption><\/figure>\n<\/div>\n\n\n\n<div class=\"wp-block-column is-layout-flow wp-block-column-is-layout-flow\" style=\"flex-basis:66.66%\">\n<div class=\"wp-block-file\"><a id=\"wp-block-file--media-9a3ecc9b-a55a-4d50-80af-60c55f5efda2\" href=\"https:\/\/baudhost.be\/wordpress\/wp-content\/uploads\/2024\/12\/EWal_pub_2dec2024.pdf\" target=\"_blank\" rel=\"noreferrer noopener\">EWal_pub_2dec2024<\/a><\/div>\n<\/div>\n<\/div>\n<\/div>\n\n\n\n<div class=\"wp-block-column is-layout-flow wp-block-column-is-layout-flow\">\n<div class=\"wp-block-columns is-layout-flex wp-container-core-columns-is-layout-9d6595d7 wp-block-columns-is-layout-flex\">\n<div class=\"wp-block-column is-layout-flow wp-block-column-is-layout-flow\" style=\"flex-basis:33.33%\">\n<figure class=\"wp-block-image size-large\"><img loading=\"lazy\" decoding=\"async\" width=\"400\" height=\"400\" src=\"https:\/\/baudhost.be\/wordpress\/wp-content\/uploads\/2020\/01\/www.jpg\" alt=\"\" class=\"wp-image-78\" srcset=\"https:\/\/baudhost.be\/wordpress\/wp-content\/uploads\/2020\/01\/www.jpg 400w, https:\/\/baudhost.be\/wordpress\/wp-content\/uploads\/2020\/01\/www-300x300.jpg 300w, https:\/\/baudhost.be\/wordpress\/wp-content\/uploads\/2020\/01\/www-150x150.jpg 150w, https:\/\/baudhost.be\/wordpress\/wp-content\/uploads\/2020\/01\/www-100x100.jpg 100w\" sizes=\"auto, (max-width: 400px) 100vw, 400px\" \/><figcaption class=\"wp-element-caption\">Les <strong>boutons <\/strong>donnent acc\u00e8s aux sites concern\u00e9s<\/figcaption><\/figure>\n<\/div>\n\n\n\n<div class=\"wp-block-column is-layout-flow wp-block-column-is-layout-flow\" style=\"flex-basis:66.66%\"><\/div>\n<\/div>\n<\/div>\n<\/div>\n\n\n\n<div class=\"wp-block-columns is-layout-flex wp-container-core-columns-is-layout-9d6595d7 wp-block-columns-is-layout-flex\">\n<div class=\"wp-block-column is-layout-flow wp-block-column-is-layout-flow\">\n<div class=\"wp-block-columns is-layout-flex wp-container-core-columns-is-layout-9d6595d7 wp-block-columns-is-layout-flex\">\n<div class=\"wp-block-column is-layout-flow wp-block-column-is-layout-flow\" style=\"flex-basis:33.33%\"><\/div>\n\n\n\n<div class=\"wp-block-column is-layout-flow wp-block-column-is-layout-flow\" style=\"flex-basis:66.66%\"><\/div>\n<\/div>\n<\/div>\n<\/div>\n\n\n\n<hr class=\"wp-block-separator has-css-opacity\"\/>\n\n\n<p><!--StartFragment--><\/p>\n<p><!--StartFragment--><\/p>\n\n\n<p><\/p>\n","protected":false},"excerpt":{"rendered":"<p>Quelques photos prises durant la Balade \u00c9n\u00e9o Walhain \u00e0 Bousval&#8211; 2 decembre 2024 Photos de Mich\u00e8le, Fran\u00e7oise,Christian Description de la randonn\u00e9e Je n&rsquo;\u00e9tais pas pr\u00e9sent \u00e0 cette marche, mais Mich\u00e8le, Fran\u00e7oise et Christian ont envoy\u00e9s quelques photos de cet apr\u00e8s-midi o\u00f9 18 participants \u00e9taient de la partie. Merci \u00e0 Martine pour le guidage.<\/p>\n","protected":false},"author":1,"featured_media":0,"parent":12131,"menu_order":0,"comment_status":"closed","ping_status":"closed","template":"","meta":{"footnotes":""},"class_list":["post-12135","page","type-page","status-publish","hentry"],"_links":{"self":[{"href":"https:\/\/baudhost.be\/wordpress\/wp-json\/wp\/v2\/pages\/12135","targetHints":{"allow":["GET"]}}],"collection":[{"href":"https:\/\/baudhost.be\/wordpress\/wp-json\/wp\/v2\/pages"}],"about":[{"href":"https:\/\/baudhost.be\/wordpress\/wp-json\/wp\/v2\/types\/page"}],"author":[{"embeddable":true,"href":"https:\/\/baudhost.be\/wordpress\/wp-json\/wp\/v2\/users\/1"}],"replies":[{"embeddable":true,"href":"https:\/\/baudhost.be\/wordpress\/wp-json\/wp\/v2\/comments?post=12135"}],"version-history":[{"count":4,"href":"https:\/\/baudhost.be\/wordpress\/wp-json\/wp\/v2\/pages\/12135\/revisions"}],"predecessor-version":[{"id":12141,"href":"https:\/\/baudhost.be\/wordpress\/wp-json\/wp\/v2\/pages\/12135\/revisions\/12141"}],"up":[{"embeddable":true,"href":"https:\/\/baudhost.be\/wordpress\/wp-json\/wp\/v2\/pages\/12131"}],"wp:attachment":[{"href":"https:\/\/baudhost.be\/wordpress\/wp-json\/wp\/v2\/media?parent=12135"}],"curies":[{"name":"wp","href":"https:\/\/api.w.org\/{rel}","templated":true}]}}