{"id":12,"date":"2020-01-13T13:06:05","date_gmt":"2020-01-13T12:06:05","guid":{"rendered":"https:\/\/baudhost.be\/wordpress\/?page_id=12"},"modified":"2023-12-04T07:29:21","modified_gmt":"2023-12-04T06:29:21","slug":"a-propos-de","status":"publish","type":"page","link":"https:\/\/baudhost.be\/wordpress\/contact\/a-propos-de\/","title":{"rendered":"\u00c0 notre propos"},"content":{"rendered":"\n<p class=\"has-text-align-center has-medium-font-size\">\u00c0 propos de nous et de nos activit\u00e9s<\/p>\n\n\n\n<div class=\"wp-block-columns is-layout-flex wp-container-core-columns-is-layout-9d6595d7 wp-block-columns-is-layout-flex\">\n<div class=\"wp-block-column is-layout-flow wp-block-column-is-layout-flow\">\n<figure class=\"wp-block-image size-large\"><img loading=\"lazy\" decoding=\"async\" width=\"414\" height=\"311\" src=\"https:\/\/baudhost.be\/wordpress\/wp-content\/uploads\/2020\/01\/JJ.jpg\" alt=\"\" class=\"wp-image-51\" srcset=\"https:\/\/baudhost.be\/wordpress\/wp-content\/uploads\/2020\/01\/JJ.jpg 414w, https:\/\/baudhost.be\/wordpress\/wp-content\/uploads\/2020\/01\/JJ-300x225.jpg 300w\" sizes=\"auto, (max-width: 414px) 100vw, 414px\" \/><figcaption class=\"wp-element-caption\">Jacqueline et Jean<\/figcaption><\/figure>\n<\/div>\n\n\n\n<div class=\"wp-block-column is-layout-flow wp-block-column-is-layout-flow\">\n<p>En dehors des festivit\u00e9s, bien agr\u00e9ables, nous participons \u00e0 des randonn\u00e9es, et des s\u00e9jours, organis\u00e9es par diff\u00e9rents clubs en Belgique et \u00e0 l&rsquo;\u00e9tranger.<\/p>\n<\/div>\n<\/div>\n\n\n\n<p class=\"has-text-align-center has-medium-font-size\"><strong>Remarques<\/strong><\/p>\n\n\n\n<div class=\"wp-block-columns is-layout-flex wp-container-core-columns-is-layout-9d6595d7 wp-block-columns-is-layout-flex\">\n<div class=\"wp-block-column is-layout-flow wp-block-column-is-layout-flow\" style=\"flex-basis:15%\"><div class=\"wp-block-image\">\n<figure class=\"aligncenter size-thumbnail is-resized\"><img loading=\"lazy\" decoding=\"async\" src=\"https:\/\/baudhost.be\/wordpress\/wp-content\/uploads\/2020\/03\/mug_Jean-150x150.jpg\" alt=\"\" class=\"wp-image-2231\" width=\"80\" height=\"80\" srcset=\"https:\/\/baudhost.be\/wordpress\/wp-content\/uploads\/2020\/03\/mug_Jean-150x150.jpg 150w, https:\/\/baudhost.be\/wordpress\/wp-content\/uploads\/2020\/03\/mug_Jean-100x100.jpg 100w\" sizes=\"auto, (max-width: 80px) 100vw, 80px\" \/><\/figure>\n<\/div>\n\n<div class=\"wp-block-image\">\n<figure class=\"aligncenter size-large\"><img loading=\"lazy\" decoding=\"async\" width=\"50\" height=\"75\" src=\"https:\/\/baudhost.be\/wordpress\/wp-content\/uploads\/2020\/01\/logo_jean.jpg\" alt=\"\" class=\"wp-image-145\"\/><\/figure>\n<\/div><\/div>\n\n\n\n<div class=\"wp-block-column is-layout-flow wp-block-column-is-layout-flow\" style=\"flex-basis:62.5%\">\n<p class=\"has-text-align-center\"> Nos coups de c\u0153ur &amp; recommandations restent bien s\u00fbr le fruit de nos propres appr\u00e9ciations.  <\/p>\n\n\n\n<p class=\"has-text-align-center\"> Onze slagen van hart &amp; aanbevelingen blijven natuurlijk het resultaat van onze eigen appreciaties.  <\/p>\n\n\n\n<p class=\"has-text-align-center\"> Our favorites and recommendations are of course the result of our own appreciations.  <\/p>\n<\/div>\n\n\n\n<div class=\"wp-block-column is-layout-flow wp-block-column-is-layout-flow\" style=\"flex-basis:22.5%\"><div class=\"wp-block-image\">\n<figure class=\"aligncenter size-thumbnail is-resized\"><img loading=\"lazy\" decoding=\"async\" src=\"https:\/\/baudhost.be\/wordpress\/wp-content\/uploads\/2020\/03\/mug_Jean-150x150.jpg\" alt=\"\" class=\"wp-image-2231\" width=\"80\" height=\"80\" srcset=\"https:\/\/baudhost.be\/wordpress\/wp-content\/uploads\/2020\/03\/mug_Jean-150x150.jpg 150w, https:\/\/baudhost.be\/wordpress\/wp-content\/uploads\/2020\/03\/mug_Jean-100x100.jpg 100w\" sizes=\"auto, (max-width: 80px) 100vw, 80px\" \/><\/figure>\n<\/div>\n\n<div class=\"wp-block-image\">\n<figure class=\"aligncenter size-large\"><img loading=\"lazy\" decoding=\"async\" width=\"50\" height=\"75\" src=\"https:\/\/baudhost.be\/wordpress\/wp-content\/uploads\/2020\/01\/logo_jean_2.jpg\" alt=\"\" class=\"wp-image-146\"\/><\/figure>\n<\/div><\/div>\n<\/div>\n\n\n\n<hr class=\"wp-block-separator has-css-opacity\"\/>\n\n\n\n<p class=\"has-text-align-center\">La beaut\u00e9 de la randonn\u00e9e, c&rsquo;est de pouvoir s&rsquo;arr\u00eater, d&rsquo;appr\u00e9cier les paysages, les fleurs, la faune, la flore. Tout cela fait partie de notre patrimoine. On se nourrit en regardant. <\/p>\n\n\n\n<div class=\"wp-block-file aligncenter\"><a id=\"wp-block-file--media-8f0bfb9f-24b1-4617-aaf8-82c47ac3cffa\" href=\"https:\/\/baudhost.be\/wordpress\/wp-content\/uploads\/2020\/03\/chacun_sa_route.wav\">chacun_sa_route<\/a><a href=\"https:\/\/baudhost.be\/wordpress\/wp-content\/uploads\/2020\/03\/chacun_sa_route.wav\" class=\"wp-block-file__button wp-element-button\" download aria-describedby=\"wp-block-file--media-8f0bfb9f-24b1-4617-aaf8-82c47ac3cffa\">Chanson &#8211; \u00ab\u00a0Chacun sa route&#8230;.\u00a0\u00bb<\/a><\/div>\n\n\n\n<hr class=\"wp-block-separator has-css-opacity\"\/>\n\n\n\n<figure class=\"wp-block-table\"><table><tbody><tr><td><\/td><td><\/td><\/tr><\/tbody><\/table><\/figure>\n\n\n\n<div class=\"wp-block-columns is-layout-flex wp-container-core-columns-is-layout-9d6595d7 wp-block-columns-is-layout-flex\">\n<div class=\"wp-block-column is-layout-flow wp-block-column-is-layout-flow\"><div class=\"wp-block-image\">\n<figure class=\"alignright size-full is-resized\"><img loading=\"lazy\" decoding=\"async\" src=\"https:\/\/baudhost.be\/wordpress\/wp-content\/uploads\/2020\/01\/jean_batons_2.jpg\" alt=\"\" class=\"wp-image-1208\" width=\"234\" height=\"384\"\/><\/figure>\n<\/div><\/div>\n\n\n\n<div class=\"wp-block-column is-layout-flow wp-block-column-is-layout-flow\"><div class=\"wp-block-image\">\n<figure class=\"alignleft size-full is-resized\"><img loading=\"lazy\" decoding=\"async\" src=\"https:\/\/baudhost.be\/wordpress\/wp-content\/uploads\/2022\/04\/JJ_en_jambes.jpg\" alt=\"\" class=\"wp-image-8189\" width=\"289\" height=\"329\" srcset=\"https:\/\/baudhost.be\/wordpress\/wp-content\/uploads\/2022\/04\/JJ_en_jambes.jpg 392w, https:\/\/baudhost.be\/wordpress\/wp-content\/uploads\/2022\/04\/JJ_en_jambes-264x300.jpg 264w\" sizes=\"auto, (max-width: 289px) 100vw, 289px\" \/><figcaption class=\"wp-element-caption\">grand-parents en jambes<\/figcaption><\/figure>\n<\/div><\/div>\n<\/div>\n\n\n\n<hr class=\"wp-block-separator has-css-opacity\"\/>\n\n\n\n<figure class=\"wp-block-image size-large\"><img loading=\"lazy\" decoding=\"async\" width=\"679\" height=\"708\" src=\"https:\/\/baudhost.be\/wordpress\/wp-content\/uploads\/2020\/04\/ardennes.jpg\" alt=\"\" class=\"wp-image-2430\" srcset=\"https:\/\/baudhost.be\/wordpress\/wp-content\/uploads\/2020\/04\/ardennes.jpg 679w, https:\/\/baudhost.be\/wordpress\/wp-content\/uploads\/2020\/04\/ardennes-288x300.jpg 288w\" sizes=\"auto, (max-width: 679px) 100vw, 679px\" \/><\/figure>\n\n\n\n<hr class=\"wp-block-separator has-css-opacity\"\/>\n","protected":false},"excerpt":{"rendered":"<p>\u00c0 propos de nous et de nos activit\u00e9s En dehors des festivit\u00e9s, bien agr\u00e9ables, nous participons \u00e0 des randonn\u00e9es, et des s\u00e9jours, organis\u00e9es par diff\u00e9rents clubs en Belgique et \u00e0 l&rsquo;\u00e9tranger. Remarques Nos coups de c\u0153ur &amp; recommandations restent bien s\u00fbr le fruit de nos propres appr\u00e9ciations. Onze slagen van hart &amp; aanbevelingen blijven natuurlijk &hellip; <\/p>\n<p class=\"link-more\"><a href=\"https:\/\/baudhost.be\/wordpress\/contact\/a-propos-de\/\" class=\"more-link\">Continuer la lecture<span class=\"screen-reader-text\"> de &laquo;&nbsp;\u00c0 notre propos&nbsp;&raquo;<\/span><\/a><\/p>\n","protected":false},"author":1,"featured_media":0,"parent":481,"menu_order":0,"comment_status":"open","ping_status":"closed","template":"","meta":{"footnotes":""},"class_list":["post-12","page","type-page","status-publish","hentry"],"_links":{"self":[{"href":"https:\/\/baudhost.be\/wordpress\/wp-json\/wp\/v2\/pages\/12","targetHints":{"allow":["GET"]}}],"collection":[{"href":"https:\/\/baudhost.be\/wordpress\/wp-json\/wp\/v2\/pages"}],"about":[{"href":"https:\/\/baudhost.be\/wordpress\/wp-json\/wp\/v2\/types\/page"}],"author":[{"embeddable":true,"href":"https:\/\/baudhost.be\/wordpress\/wp-json\/wp\/v2\/users\/1"}],"replies":[{"embeddable":true,"href":"https:\/\/baudhost.be\/wordpress\/wp-json\/wp\/v2\/comments?post=12"}],"version-history":[{"count":63,"href":"https:\/\/baudhost.be\/wordpress\/wp-json\/wp\/v2\/pages\/12\/revisions"}],"predecessor-version":[{"id":9463,"href":"https:\/\/baudhost.be\/wordpress\/wp-json\/wp\/v2\/pages\/12\/revisions\/9463"}],"up":[{"embeddable":true,"href":"https:\/\/baudhost.be\/wordpress\/wp-json\/wp\/v2\/pages\/481"}],"wp:attachment":[{"href":"https:\/\/baudhost.be\/wordpress\/wp-json\/wp\/v2\/media?parent=12"}],"curies":[{"name":"wp","href":"https:\/\/api.w.org\/{rel}","templated":true}]}}