{"id":11403,"date":"2024-05-05T16:49:04","date_gmt":"2024-05-05T14:49:04","guid":{"rendered":"https:\/\/baudhost.be\/wordpress\/?page_id=11403"},"modified":"2024-05-05T17:19:00","modified_gmt":"2024-05-05T15:19:00","slug":"pv_adeps_24_bothey","status":"publish","type":"page","link":"https:\/\/baudhost.be\/wordpress\/2024-2\/mai-2024\/pv_adeps_24_bothey\/","title":{"rendered":"PV_Adeps_24_Bothey"},"content":{"rendered":"<div class=\"wp-block-image\">\n<figure class=\"aligncenter size-large\"><img loading=\"lazy\" decoding=\"async\" width=\"514\" height=\"269\" src=\"https:\/\/baudhost.be\/wordpress\/wp-content\/uploads\/2020\/01\/logo_adeps.jpg\" alt=\"\" class=\"wp-image-598\" srcset=\"https:\/\/baudhost.be\/wordpress\/wp-content\/uploads\/2020\/01\/logo_adeps.jpg 514w, https:\/\/baudhost.be\/wordpress\/wp-content\/uploads\/2020\/01\/logo_adeps-300x157.jpg 300w\" sizes=\"auto, (max-width: 514px) 100vw, 514px\" \/><\/figure>\n<\/div>\n\n\n<div class=\"wp-block-columns is-layout-flex wp-container-core-columns-is-layout-9d6595d7 wp-block-columns-is-layout-flex\">\n<div class=\"wp-block-column is-layout-flow wp-block-column-is-layout-flow\" style=\"flex-basis:15%\"><div class=\"wp-block-image\">\n<figure class=\"aligncenter size-large\"><img loading=\"lazy\" decoding=\"async\" width=\"137\" height=\"86\" src=\"https:\/\/baudhost.be\/wordpress\/wp-content\/uploads\/2020\/01\/diaporama.jpg\" alt=\"\" class=\"wp-image-8\"\/><\/figure>\n<\/div><\/div>\n\n\n\n<div class=\"wp-block-column is-layout-flow wp-block-column-is-layout-flow\" style=\"flex-basis:85%\">\n<p class=\"has-text-align-center\"><strong>Diaporama <\/strong>des photos prises durant notre randonn\u00e9e<\/p>\n\n\n\n<p class=\"has-text-align-center\">\u00e0 <strong>Bothey <\/strong>&#8211; 5 mai 2024<\/p>\n<\/div>\n<\/div>\n\n\n\n<div class=\"wp-block-flagallery-gallery flagallery-shortcode\"><div class=\"flagallery flaslider_skin\" id=\"FlaGallery_sc1_1318\" ><script type=\"text\/javascript\">(function(){this['FlaGallery_sc1_1318']={'settings':{\"sliderHeightRetio\":\"0.7\",\"sliderPreloaderColor\":\"#ffffff\",\"sliderBgColor\":\"rgba(39, 137, 12, 0.9)\",\"sliderHeaderFooterBgColor\":\"rgba(123, 222, 76, 0.4)\",\"sliderNavigationColor\":\"rgba(0,0,0,1)\",\"sliderNavigationIconColor\":\"rgba(255,255,255,1)\",\"sliderItemDescriptionBlock\":\"1\",\"sliderItemTitleFontSize\":\"18\",\"sliderItemTitleTextColor\":\"#ffffff\",\"sliderItemDescriptionFontSize\":\"14\",\"sliderItemDescriptionTextColor\":\"#969696\",\"sliderThumbBarEnable\":\"1\",\"sliderThumbBarHoverColor\":\"#ffffff\",\"sliderThumbSubMenuBackgroundColor\":\"rgba(0,0,0,1)\",\"sliderThumbSubMenuBackgroundColorOver\":\"rgba(255,255,255,1)\",\"sliderThumbSubMenuIconColor\":\"rgba(255,255,255,1)\",\"sliderThumbSubMenuIconHoverColor\":\"rgba(0,0,0,1)\",\"sliderPlayButton\":\"1\",\"sliderZoomButton\":\"1\",\"sliderFullScreen\":\"1\",\"sliderInfoEnable\":\"0\",\"sliderItemDownload\":\"1\",\"sliderSocialShareEnabled\":\"0\",\"sliderLikesEnabled\":\"0\",\"sliderSlideshowEneble\":\"0\",\"slideshowDelay\":\"8\",\"slideshowProgressBarColor\":\"rgba(255,255,255,1)\",\"slideshowProgressBarBGColor\":\"rgba(49,49,49,1)\",\"modaBgColor\":\"rgba(0,0,0,0.9)\",\"modalInfoBoxBgColor\":\"rgba(255,255,255,1)\",\"modalInfoBoxTitleTextColor\":\"#000000\",\"shareTitlePlaceHolder\":\"Share\",\"modalInfoBoxTextColor\":\"#333333\",\"infoBarExifEnable\":\"1\",\"infoBarCountersEnable\":\"1\",\"infoBarDateInfoEnable\":\"1\",\"customCSS\":\"\",\"key\":\"9fc7390f4f41450289e16b954c57b145\",\"name\":\"GRANDPackPlus\",\"galleryID\":\"sc1_1318\",\"post_url\":\"https:\\\/\\\/baudhost.be\\\/wordpress\\\/wp-json\\\/wp\\\/v2\\\/pages\\\/11403\",\"module_url\":\"https:\\\/\\\/baudhost.be\\\/wordpress\\\/wp-content\\\/plugins\\\/flagallery-skins\\\/flaslider\\\/\"}, 'data':[{\"gallery\":{\"gid\":\"1318\",\"name\":\"pv_24_bothey\",\"path\":\"https:\\\/\\\/baudhost.be\\\/wordpress\\\/wp-content\\\/flagallery\\\/pv_24_bothey\",\"title\":\"PV_24_Bothey\",\"galdesc\":\"\"},\"data\":[{\"pid\":\"18984\",\"filename\":\"bothey_01.jpg\",\"description\":\"\",\"alttext\":\"\",\"link\":null,\"imagedate\":\"2024-05-05 09:11:21\",\"hitcounter\":\"38\",\"total_value\":\"0\",\"total_votes\":\"0\",\"meta_data\":{\"aperture\":\"F 1.8\",\"credit\":false,\"camera\":\"Galaxy A34 5G\",\"caption\":false,\"created_timestamp\":\"5 mai 2024 9 h 11 min\",\"copyright\":false,\"focal_length\":\"4.65 mm\",\"iso\":50,\"shutter_speed\":\"1\\\/220 sec\",\"flash\":false,\"title\":false,\"keywords\":false,\"width\":810,\"height\":1080,\"saved\":true,\"thumbnail\":{\"width\":300,\"height\":400},\"webview\":{\"0\":810,\"1\":1080,\"2\":2,\"3\":\"width=\\\"810\\\" height=\\\"1080\\\"\",\"bits\":8,\"channels\":3,\"mime\":\"image\\\/jpeg\"}}},{\"pid\":\"18985\",\"filename\":\"bothey_02.jpg\",\"description\":\"\",\"alttext\":\"\",\"link\":null,\"imagedate\":\"2024-05-05 09:37:04\",\"hitcounter\":\"5\",\"total_value\":\"0\",\"total_votes\":\"0\",\"meta_data\":{\"aperture\":\"F 1.8\",\"credit\":false,\"camera\":\"Galaxy A34 5G\",\"caption\":false,\"created_timestamp\":\"5 mai 2024 9 h 37 min\",\"copyright\":false,\"focal_length\":\"4.65 mm\",\"iso\":50,\"shutter_speed\":\"1\\\/2960 sec\",\"flash\":false,\"title\":false,\"keywords\":false,\"width\":1440,\"height\":1080,\"saved\":true,\"thumbnail\":{\"width\":400,\"height\":300},\"webview\":{\"0\":1440,\"1\":1080,\"2\":2,\"3\":\"width=\\\"1440\\\" height=\\\"1080\\\"\",\"bits\":8,\"channels\":3,\"mime\":\"image\\\/jpeg\"}}},{\"pid\":\"18986\",\"filename\":\"bothey_03.jpg\",\"description\":\"\",\"alttext\":\"\",\"link\":null,\"imagedate\":\"2024-05-05 09:37:15\",\"hitcounter\":\"5\",\"total_value\":\"0\",\"total_votes\":\"0\",\"meta_data\":{\"aperture\":\"F 1.8\",\"credit\":false,\"camera\":\"Galaxy A34 5G\",\"caption\":false,\"created_timestamp\":\"5 mai 2024 9 h 37 min\",\"copyright\":false,\"focal_length\":\"4.65 mm\",\"iso\":50,\"shutter_speed\":\"1\\\/900 sec\",\"flash\":false,\"title\":false,\"keywords\":false,\"width\":810,\"height\":1080,\"saved\":true,\"thumbnail\":{\"width\":300,\"height\":400},\"webview\":{\"0\":810,\"1\":1080,\"2\":2,\"3\":\"width=\\\"810\\\" height=\\\"1080\\\"\",\"bits\":8,\"channels\":3,\"mime\":\"image\\\/jpeg\"}}},{\"pid\":\"18987\",\"filename\":\"bothey_04.jpg\",\"description\":\"\",\"alttext\":\"\",\"link\":null,\"imagedate\":\"2024-05-05 10:11:29\",\"hitcounter\":\"6\",\"total_value\":\"0\",\"total_votes\":\"0\",\"meta_data\":{\"aperture\":\"F 1.8\",\"credit\":false,\"camera\":\"Galaxy A34 5G\",\"caption\":false,\"created_timestamp\":\"5 mai 2024 10 h 11 min\",\"copyright\":false,\"focal_length\":\"4.65 mm\",\"iso\":50,\"shutter_speed\":\"1\\\/2090 sec\",\"flash\":false,\"title\":false,\"keywords\":false,\"width\":1440,\"height\":1080,\"saved\":true,\"thumbnail\":{\"width\":400,\"height\":300},\"webview\":{\"0\":1440,\"1\":1080,\"2\":2,\"3\":\"width=\\\"1440\\\" height=\\\"1080\\\"\",\"bits\":8,\"channels\":3,\"mime\":\"image\\\/jpeg\"}}},{\"pid\":\"18988\",\"filename\":\"bothey_05.jpg\",\"description\":\"\",\"alttext\":\"\",\"link\":null,\"imagedate\":\"2024-05-05 10:40:47\",\"hitcounter\":\"6\",\"total_value\":\"0\",\"total_votes\":\"0\",\"meta_data\":{\"aperture\":\"F 1.8\",\"credit\":false,\"camera\":\"Galaxy A34 5G\",\"caption\":false,\"created_timestamp\":\"5 mai 2024 10 h 40 min\",\"copyright\":false,\"focal_length\":\"4.65 mm\",\"iso\":80,\"shutter_speed\":\"1\\\/100 sec\",\"flash\":\"Not fired\",\"title\":false,\"keywords\":false,\"width\":810,\"height\":1080,\"saved\":true,\"thumbnail\":{\"width\":300,\"height\":400},\"webview\":{\"0\":810,\"1\":1080,\"2\":2,\"3\":\"width=\\\"810\\\" height=\\\"1080\\\"\",\"bits\":8,\"channels\":3,\"mime\":\"image\\\/jpeg\"}}},{\"pid\":\"18989\",\"filename\":\"bothey_06.jpg\",\"description\":\"\",\"alttext\":\"\",\"link\":null,\"imagedate\":\"2024-05-05 10:40:57\",\"hitcounter\":\"4\",\"total_value\":\"0\",\"total_votes\":\"0\",\"meta_data\":{\"aperture\":\"F 1.8\",\"credit\":false,\"camera\":\"Galaxy A34 5G\",\"caption\":false,\"created_timestamp\":\"5 mai 2024 10 h 40 min\",\"copyright\":false,\"focal_length\":\"4.65 mm\",\"iso\":50,\"shutter_speed\":\"1\\\/220 sec\",\"flash\":false,\"title\":false,\"keywords\":false,\"width\":810,\"height\":1080,\"saved\":true,\"thumbnail\":{\"width\":300,\"height\":400},\"webview\":{\"0\":810,\"1\":1080,\"2\":2,\"3\":\"width=\\\"810\\\" height=\\\"1080\\\"\",\"bits\":8,\"channels\":3,\"mime\":\"image\\\/jpeg\"}}},{\"pid\":\"18990\",\"filename\":\"bothey_07.jpg\",\"description\":\"\",\"alttext\":\"\",\"link\":null,\"imagedate\":\"2024-05-05 15:02:42\",\"hitcounter\":\"4\",\"total_value\":\"0\",\"total_votes\":\"0\",\"meta_data\":{\"aperture\":false,\"credit\":false,\"camera\":false,\"caption\":false,\"created_timestamp\":false,\"copyright\":false,\"focal_length\":false,\"iso\":false,\"shutter_speed\":false,\"flash\":false,\"title\":false,\"keywords\":false,\"width\":608,\"height\":1080,\"saved\":true,\"thumbnail\":{\"width\":225,\"height\":400},\"webview\":{\"0\":608,\"1\":1080,\"2\":2,\"3\":\"width=\\\"608\\\" height=\\\"1080\\\"\",\"bits\":8,\"channels\":3,\"mime\":\"image\\\/jpeg\"}}},{\"pid\":\"18991\",\"filename\":\"bothey_08.jpg\",\"description\":\"\",\"alttext\":\"\",\"link\":null,\"imagedate\":\"2024-05-05 15:02:43\",\"hitcounter\":\"4\",\"total_value\":\"0\",\"total_votes\":\"0\",\"meta_data\":{\"aperture\":false,\"credit\":false,\"camera\":false,\"caption\":false,\"created_timestamp\":false,\"copyright\":false,\"focal_length\":false,\"iso\":false,\"shutter_speed\":false,\"flash\":false,\"title\":false,\"keywords\":false,\"width\":1920,\"height\":1080,\"saved\":true,\"thumbnail\":{\"width\":400,\"height\":225},\"webview\":{\"0\":1920,\"1\":1080,\"2\":2,\"3\":\"width=\\\"1920\\\" height=\\\"1080\\\"\",\"bits\":8,\"channels\":3,\"mime\":\"image\\\/jpeg\"}}}]}], };})();<\/script><\/div><noscript id=\"noscript_FlaGallery_sc1_1318\"><img class=\"skip-lazy no-lazyload noLazy\" data-lazy-src=\"\" src =\"https:\/\/baudhost.be\/wordpress\/wp-content\/flagallery\/pv_24_bothey\/bothey_01.jpg\" alt=\"\" \/><img class=\"skip-lazy no-lazyload noLazy\" data-lazy-src=\"\" src =\"https:\/\/baudhost.be\/wordpress\/wp-content\/flagallery\/pv_24_bothey\/bothey_02.jpg\" alt=\"\" \/><img class=\"skip-lazy no-lazyload noLazy\" data-lazy-src=\"\" src =\"https:\/\/baudhost.be\/wordpress\/wp-content\/flagallery\/pv_24_bothey\/bothey_03.jpg\" alt=\"\" \/><img class=\"skip-lazy no-lazyload noLazy\" data-lazy-src=\"\" src =\"https:\/\/baudhost.be\/wordpress\/wp-content\/flagallery\/pv_24_bothey\/bothey_04.jpg\" alt=\"\" \/><img class=\"skip-lazy no-lazyload noLazy\" data-lazy-src=\"\" src =\"https:\/\/baudhost.be\/wordpress\/wp-content\/flagallery\/pv_24_bothey\/bothey_05.jpg\" alt=\"\" \/><img class=\"skip-lazy no-lazyload noLazy\" data-lazy-src=\"\" src =\"https:\/\/baudhost.be\/wordpress\/wp-content\/flagallery\/pv_24_bothey\/bothey_06.jpg\" alt=\"\" \/><img class=\"skip-lazy no-lazyload noLazy\" data-lazy-src=\"\" src =\"https:\/\/baudhost.be\/wordpress\/wp-content\/flagallery\/pv_24_bothey\/bothey_07.jpg\" alt=\"\" \/><img class=\"skip-lazy no-lazyload noLazy\" data-lazy-src=\"\" src =\"https:\/\/baudhost.be\/wordpress\/wp-content\/flagallery\/pv_24_bothey\/bothey_08.jpg\" alt=\"\" \/><\/noscript><\/div>\n\n\n\n<hr class=\"wp-block-separator has-css-opacity\"\/>\n\n\n\n<h2 class=\"wp-block-heading\"><strong>Description de la randonn\u00e9e<\/strong><\/h2>\n\n\n\n<p><strong>D\u00e9part <\/strong>\u00e0 nous deux, pour un premier essai de marche vari\u00e9e au sein d\u2019une marche Adeps apr\u00e8s mon op\u00e9ration de l\u2019aorte.<\/p>\n\n\n\n<p>\u00c0 <strong>Bothey<\/strong>, entit\u00e9 de Gembloux. Un 5km sous une m\u00e9t\u00e9o parfaite.<\/p>\n\n\n\n<p><strong>Bilan<\/strong>, bien s\u00fbr la vitesse n\u2019est pas encore l\u00e0, mais l\u2019impression g\u00e9n\u00e9rale est bonne m\u00eame dans le morceau tr\u00e8s boueux en for\u00eat sur la fin du parcours. Un trac\u00e9 de 4km900 avec une vitesse en d\u00e9placement de 2,92km\/h et une vitesse moyenne de 2,49km\/h. Lent mais bien agr\u00e9able.<\/p>\n\n\n\n<hr class=\"wp-block-separator has-css-opacity\"\/>\n\n\n\n<h3 class=\"wp-block-heading\"><strong>Informations GPS \u00e0 propos de la randonn\u00e9e<\/strong> <\/h3>\n\n\n\n<div class=\"wp-block-flagallery-gallery flagallery-shortcode\"><div class=\"flagallery flaslider_skin\" id=\"FlaGallery_sc2_1319\" ><script type=\"text\/javascript\">(function(){this['FlaGallery_sc2_1319']={'settings':{\"sliderHeightRetio\":\"0.7\",\"sliderPreloaderColor\":\"#ffffff\",\"sliderBgColor\":\"rgba(19, 73, 161, 0.9)\",\"sliderHeaderFooterBgColor\":\"rgba(56, 148, 216, 0.4)\",\"sliderNavigationColor\":\"rgba(0,0,0,1)\",\"sliderNavigationIconColor\":\"rgba(255,255,255,1)\",\"sliderItemDescriptionBlock\":\"1\",\"sliderItemTitleFontSize\":\"18\",\"sliderItemTitleTextColor\":\"#ffffff\",\"sliderItemDescriptionFontSize\":\"14\",\"sliderItemDescriptionTextColor\":\"#969696\",\"sliderThumbBarEnable\":\"1\",\"sliderThumbBarHoverColor\":\"#ffffff\",\"sliderThumbSubMenuBackgroundColor\":\"rgba(0,0,0,1)\",\"sliderThumbSubMenuBackgroundColorOver\":\"rgba(255,255,255,1)\",\"sliderThumbSubMenuIconColor\":\"rgba(255,255,255,1)\",\"sliderThumbSubMenuIconHoverColor\":\"rgba(0,0,0,1)\",\"sliderPlayButton\":\"1\",\"sliderZoomButton\":\"0\",\"sliderFullScreen\":\"1\",\"sliderInfoEnable\":\"0\",\"sliderItemDownload\":\"0\",\"sliderSocialShareEnabled\":\"0\",\"sliderLikesEnabled\":\"0\",\"sliderSlideshowEneble\":\"0\",\"slideshowDelay\":\"8\",\"slideshowProgressBarColor\":\"rgba(255,255,255,1)\",\"slideshowProgressBarBGColor\":\"rgba(49,49,49,1)\",\"modaBgColor\":\"rgba(0,0,0,0.9)\",\"modalInfoBoxBgColor\":\"rgba(255,255,255,1)\",\"modalInfoBoxTitleTextColor\":\"#000000\",\"shareTitlePlaceHolder\":\"Share\",\"modalInfoBoxTextColor\":\"#333333\",\"infoBarExifEnable\":\"1\",\"infoBarCountersEnable\":\"1\",\"infoBarDateInfoEnable\":\"1\",\"customCSS\":\"\",\"key\":\"9fc7390f4f41450289e16b954c57b145\",\"name\":\"GRANDPackPlus\",\"galleryID\":\"sc2_1319\",\"post_url\":\"https:\\\/\\\/baudhost.be\\\/wordpress\\\/wp-json\\\/wp\\\/v2\\\/pages\\\/11403\",\"module_url\":\"https:\\\/\\\/baudhost.be\\\/wordpress\\\/wp-content\\\/plugins\\\/flagallery-skins\\\/flaslider\\\/\"}, 'data':[{\"gallery\":{\"gid\":\"1319\",\"name\":\"pv_24_bothey_gps\",\"path\":\"https:\\\/\\\/baudhost.be\\\/wordpress\\\/wp-content\\\/flagallery\\\/pv_24_bothey_gps\",\"title\":\"PV_24_Bothey_gps\",\"galdesc\":\"\"},\"data\":[{\"pid\":\"18992\",\"filename\":\"bothey_qmapshack.jpg\",\"description\":\"\",\"alttext\":\"\",\"link\":null,\"imagedate\":\"2024-05-05 15:03:58\",\"hitcounter\":\"41\",\"total_value\":\"0\",\"total_votes\":\"0\",\"meta_data\":{\"aperture\":false,\"credit\":false,\"camera\":false,\"caption\":false,\"created_timestamp\":false,\"copyright\":false,\"focal_length\":false,\"iso\":false,\"shutter_speed\":false,\"flash\":false,\"title\":false,\"keywords\":false,\"width\":1052,\"height\":805,\"saved\":true,\"thumbnail\":{\"width\":400,\"height\":306},\"webview\":{\"0\":1052,\"1\":805,\"2\":2,\"3\":\"width=\\\"1052\\\" height=\\\"805\\\"\",\"bits\":8,\"channels\":3,\"mime\":\"image\\\/jpeg\"}}},{\"pid\":\"18993\",\"filename\":\"bothey_visu.jpg\",\"description\":\"\",\"alttext\":\"\",\"link\":null,\"imagedate\":\"2024-05-05 15:03:59\",\"hitcounter\":\"1\",\"total_value\":\"0\",\"total_votes\":\"0\",\"meta_data\":{\"aperture\":false,\"credit\":false,\"camera\":false,\"caption\":false,\"created_timestamp\":false,\"copyright\":false,\"focal_length\":false,\"iso\":false,\"shutter_speed\":false,\"flash\":false,\"title\":false,\"keywords\":false,\"width\":1194,\"height\":680,\"saved\":true,\"thumbnail\":{\"width\":400,\"height\":227},\"webview\":{\"0\":1194,\"1\":680,\"2\":2,\"3\":\"width=\\\"1194\\\" height=\\\"680\\\"\",\"bits\":8,\"channels\":3,\"mime\":\"image\\\/jpeg\"}}},{\"pid\":\"18994\",\"filename\":\"bothey_javawa.jpg\",\"description\":\"\",\"alttext\":\"\",\"link\":null,\"imagedate\":\"2024-05-05 15:04:00\",\"hitcounter\":\"1\",\"total_value\":\"0\",\"total_votes\":\"0\",\"meta_data\":{\"aperture\":false,\"credit\":false,\"camera\":false,\"caption\":false,\"created_timestamp\":false,\"copyright\":false,\"focal_length\":false,\"iso\":false,\"shutter_speed\":false,\"flash\":false,\"title\":false,\"keywords\":false,\"width\":1201,\"height\":740,\"saved\":true,\"thumbnail\":{\"width\":400,\"height\":246},\"webview\":{\"0\":1201,\"1\":740,\"2\":2,\"3\":\"width=\\\"1201\\\" height=\\\"740\\\"\",\"bits\":8,\"channels\":3,\"mime\":\"image\\\/jpeg\"}}},{\"pid\":\"18995\",\"filename\":\"bothey_wikiloc.jpg\",\"description\":\"\",\"alttext\":\"\",\"link\":null,\"imagedate\":\"2024-05-05 15:04:01\",\"hitcounter\":\"1\",\"total_value\":\"0\",\"total_votes\":\"0\",\"meta_data\":{\"aperture\":false,\"credit\":false,\"camera\":false,\"caption\":false,\"created_timestamp\":false,\"copyright\":false,\"focal_length\":false,\"iso\":false,\"shutter_speed\":false,\"flash\":false,\"title\":false,\"keywords\":false,\"width\":817,\"height\":587,\"saved\":true,\"thumbnail\":{\"width\":400,\"height\":287},\"webview\":{\"0\":817,\"1\":587,\"2\":2,\"3\":\"width=\\\"817\\\" height=\\\"587\\\"\",\"bits\":8,\"channels\":3,\"mime\":\"image\\\/jpeg\"}}},{\"pid\":\"18996\",\"filename\":\"pv_plan_5km.jpg\",\"description\":\"\",\"alttext\":\"\",\"link\":null,\"imagedate\":\"2024-05-05 15:04:02\",\"hitcounter\":\"1\",\"total_value\":\"0\",\"total_votes\":\"0\",\"meta_data\":{\"aperture\":false,\"credit\":false,\"camera\":false,\"caption\":false,\"created_timestamp\":false,\"copyright\":false,\"focal_length\":false,\"iso\":false,\"shutter_speed\":false,\"flash\":false,\"title\":false,\"keywords\":false,\"width\":3510,\"height\":2550,\"saved\":true,\"thumbnail\":{\"width\":400,\"height\":290},\"webview\":{\"0\":2000,\"1\":1453,\"2\":2,\"3\":\"width=\\\"2000\\\" height=\\\"1453\\\"\",\"bits\":8,\"channels\":3,\"mime\":\"image\\\/jpeg\"}}},{\"pid\":\"18997\",\"filename\":\"pv_5km_ticket.jpg\",\"description\":\"\",\"alttext\":\"\",\"link\":null,\"imagedate\":\"2024-05-05 15:04:05\",\"hitcounter\":\"1\",\"total_value\":\"0\",\"total_votes\":\"0\",\"meta_data\":{\"aperture\":false,\"credit\":false,\"camera\":false,\"caption\":false,\"created_timestamp\":false,\"copyright\":false,\"focal_length\":false,\"iso\":false,\"shutter_speed\":false,\"flash\":false,\"title\":false,\"keywords\":false,\"width\":1552,\"height\":1606,\"saved\":true,\"thumbnail\":{\"width\":386,\"height\":400},\"webview\":{\"0\":1552,\"1\":1606,\"2\":2,\"3\":\"width=\\\"1552\\\" height=\\\"1606\\\"\",\"bits\":8,\"channels\":3,\"mime\":\"image\\\/jpeg\"}}}]}], };})();<\/script><\/div><noscript id=\"noscript_FlaGallery_sc2_1319\"><img class=\"skip-lazy no-lazyload noLazy\" data-lazy-src=\"\" src =\"https:\/\/baudhost.be\/wordpress\/wp-content\/flagallery\/pv_24_bothey_gps\/bothey_qmapshack.jpg\" alt=\"\" \/><img class=\"skip-lazy no-lazyload noLazy\" data-lazy-src=\"\" src =\"https:\/\/baudhost.be\/wordpress\/wp-content\/flagallery\/pv_24_bothey_gps\/bothey_visu.jpg\" alt=\"\" \/><img class=\"skip-lazy no-lazyload noLazy\" data-lazy-src=\"\" src =\"https:\/\/baudhost.be\/wordpress\/wp-content\/flagallery\/pv_24_bothey_gps\/bothey_javawa.jpg\" alt=\"\" \/><img class=\"skip-lazy no-lazyload noLazy\" data-lazy-src=\"\" src =\"https:\/\/baudhost.be\/wordpress\/wp-content\/flagallery\/pv_24_bothey_gps\/bothey_wikiloc.jpg\" alt=\"\" \/><img class=\"skip-lazy no-lazyload noLazy\" data-lazy-src=\"\" src =\"https:\/\/baudhost.be\/wordpress\/wp-content\/flagallery\/pv_24_bothey_gps\/pv_plan_5km.jpg\" alt=\"\" \/><img class=\"skip-lazy no-lazyload noLazy\" data-lazy-src=\"\" src =\"https:\/\/baudhost.be\/wordpress\/wp-content\/flagallery\/pv_24_bothey_gps\/pv_5km_ticket.jpg\" alt=\"\" \/><\/noscript><\/div>\n\n\n\n<p><\/p>\n\n\n\n<div class=\"wp-block-columns is-layout-flex wp-container-core-columns-is-layout-9d6595d7 wp-block-columns-is-layout-flex\">\n<div class=\"wp-block-column is-layout-flow wp-block-column-is-layout-flow\">\n<div class=\"wp-block-file\"><a id=\"wp-block-file--media-c4154ed4-474e-4b6b-b7af-03a0161e2997\" href=\"https:\/\/baudhost.be\/wordpress\/wp-content\/uploads\/2024\/05\/Bothey_2024-05-05_PV_5km_Gm.gpx\" target=\"_blank\" rel=\"noreferrer noopener\">Bothey_2024-05-05_PV_5km_Gm<\/a><\/div>\n<\/div>\n\n\n\n<div class=\"wp-block-column is-layout-flow wp-block-column-is-layout-flow\"><\/div>\n\n\n\n<div class=\"wp-block-column is-layout-flow wp-block-column-is-layout-flow\">\n<div class=\"wp-block-file\"><a id=\"wp-block-file--media-2da189ab-f241-47e8-b223-b983367a8e7d\" href=\"https:\/\/baudhost.be\/wordpress\/wp-content\/uploads\/2024\/05\/Bothey_2024-05-05_PV_5km_Gm.kml\" target=\"_blank\" rel=\"noreferrer noopener\">Bothey_2024-05-05_PV_5km_Gm<\/a><\/div>\n<\/div>\n<\/div>\n\n\n\n<div class=\"wp-block-columns is-layout-flex wp-container-core-columns-is-layout-9d6595d7 wp-block-columns-is-layout-flex\">\n<div class=\"wp-block-column is-layout-flow wp-block-column-is-layout-flow\"><div class=\"wp-block-image\">\n<figure class=\"aligncenter size-large is-resized\"><img loading=\"lazy\" decoding=\"async\" width=\"256\" height=\"256\" src=\"https:\/\/baudhost.be\/wordpress\/wp-content\/uploads\/2020\/01\/gpx2.png\" alt=\"\" class=\"wp-image-373\" style=\"width:64px;height:64px\" srcset=\"https:\/\/baudhost.be\/wordpress\/wp-content\/uploads\/2020\/01\/gpx2.png 256w, https:\/\/baudhost.be\/wordpress\/wp-content\/uploads\/2020\/01\/gpx2-150x150.png 150w, https:\/\/baudhost.be\/wordpress\/wp-content\/uploads\/2020\/01\/gpx2-100x100.png 100w\" sizes=\"auto, (max-width: 256px) 100vw, 256px\" \/><\/figure>\n<\/div><\/div>\n\n\n\n<div class=\"wp-block-column is-layout-flow wp-block-column-is-layout-flow\">\n<p style=\"font-size:14px\"><strong>T\u00e9l\u00e9chargement <\/strong>sous le diaporama (format GPX pour GPS et KML pour Google Earth)<\/p>\n<\/div>\n\n\n\n<div class=\"wp-block-column is-layout-flow wp-block-column-is-layout-flow\"><div class=\"wp-block-image\">\n<figure class=\"aligncenter size-large is-resized\"><img loading=\"lazy\" decoding=\"async\" width=\"149\" height=\"46\" src=\"https:\/\/baudhost.be\/wordpress\/wp-content\/uploads\/2020\/01\/go_earth.jpg\" alt=\"\" class=\"wp-image-247\" style=\"width:149px;height:46px\"\/><\/figure>\n<\/div><\/div>\n<\/div>\n\n\n\n<hr class=\"wp-block-separator has-css-opacity\"\/>\n\n\n\n<h3 class=\"wp-block-heading\"><strong>Informations compl\u00e9mentaires<\/strong><\/h3>\n\n\n\n<div class=\"wp-block-columns is-layout-flex wp-container-core-columns-is-layout-9d6595d7 wp-block-columns-is-layout-flex\">\n<div class=\"wp-block-column is-layout-flow wp-block-column-is-layout-flow\">\n<div class=\"wp-block-columns is-layout-flex wp-container-core-columns-is-layout-9d6595d7 wp-block-columns-is-layout-flex\">\n<div class=\"wp-block-column is-layout-flow wp-block-column-is-layout-flow\" style=\"flex-basis:33.33%\">\n<figure class=\"wp-block-image size-large\"><img loading=\"lazy\" decoding=\"async\" width=\"300\" height=\"300\" src=\"https:\/\/baudhost.be\/wordpress\/wp-content\/uploads\/2020\/01\/documents.jpg\" alt=\"\" class=\"wp-image-67\" srcset=\"https:\/\/baudhost.be\/wordpress\/wp-content\/uploads\/2020\/01\/documents.jpg 300w, https:\/\/baudhost.be\/wordpress\/wp-content\/uploads\/2020\/01\/documents-150x150.jpg 150w, https:\/\/baudhost.be\/wordpress\/wp-content\/uploads\/2020\/01\/documents-100x100.jpg 100w\" sizes=\"auto, (max-width: 300px) 100vw, 300px\" \/><figcaption class=\"wp-element-caption\"><strong>Informations<\/strong> \u00e0 t\u00e9l\u00e9charger<\/figcaption><\/figure>\n<\/div>\n\n\n\n<div class=\"wp-block-column is-layout-flow wp-block-column-is-layout-flow\" style=\"flex-basis:66.66%\">\n<div class=\"wp-block-file\"><a id=\"wp-block-file--media-382cbd73-476c-413b-9417-2cf89546f21c\" href=\"https:\/\/baudhost.be\/wordpress\/wp-content\/uploads\/2024\/05\/Bothey_pub_pv.pdf\" target=\"_blank\" rel=\"noreferrer noopener\">Bothey_pub_pv<\/a><\/div>\n<\/div>\n<\/div>\n<\/div>\n\n\n\n<div class=\"wp-block-column is-layout-flow wp-block-column-is-layout-flow\">\n<div class=\"wp-block-columns is-layout-flex wp-container-core-columns-is-layout-9d6595d7 wp-block-columns-is-layout-flex\">\n<div class=\"wp-block-column is-layout-flow wp-block-column-is-layout-flow\" style=\"flex-basis:33.33%\">\n<figure class=\"wp-block-image size-large\"><img loading=\"lazy\" decoding=\"async\" width=\"400\" height=\"400\" src=\"https:\/\/baudhost.be\/wordpress\/wp-content\/uploads\/2020\/01\/www.jpg\" alt=\"\" class=\"wp-image-78\" srcset=\"https:\/\/baudhost.be\/wordpress\/wp-content\/uploads\/2020\/01\/www.jpg 400w, https:\/\/baudhost.be\/wordpress\/wp-content\/uploads\/2020\/01\/www-300x300.jpg 300w, https:\/\/baudhost.be\/wordpress\/wp-content\/uploads\/2020\/01\/www-150x150.jpg 150w, https:\/\/baudhost.be\/wordpress\/wp-content\/uploads\/2020\/01\/www-100x100.jpg 100w\" sizes=\"auto, (max-width: 400px) 100vw, 400px\" \/><figcaption class=\"wp-element-caption\">Les <strong>boutons <\/strong>donnent acc\u00e8s aux sites concern\u00e9s<\/figcaption><\/figure>\n<\/div>\n\n\n\n<div class=\"wp-block-column is-layout-flow wp-block-column-is-layout-flow\" style=\"flex-basis:66.66%\">\n<div class=\"wp-block-button is-style-outline is-style-outline--1\"><a class=\"wp-block-button__link wp-element-button\" href=\"https:\/\/www.lefoyerbothey.be\/\" target=\"_blank\" rel=\"noopener noreferrer\">le Foyer &#8211; Bothey<\/a><\/div>\n\n\n\n<div class=\"wp-block-buttons is-layout-flex wp-block-buttons-is-layout-flex\"><\/div>\n\n\n\n<p><!--StartFragment--><\/p>\n\n\n\n<p><!--EndFragment--><\/p>\n<\/div>\n<\/div>\n<\/div>\n<\/div>\n","protected":false},"excerpt":{"rendered":"<p>Diaporama des photos prises durant notre randonn\u00e9e \u00e0 Bothey &#8211; 5 mai 2024 Description de la randonn\u00e9e D\u00e9part \u00e0 nous deux, pour un premier essai de marche vari\u00e9e au sein d\u2019une marche Adeps apr\u00e8s mon op\u00e9ration de l\u2019aorte. \u00c0 Bothey, entit\u00e9 de Gembloux. Un 5km sous une m\u00e9t\u00e9o parfaite. Bilan, bien s\u00fbr la vitesse n\u2019est &hellip; <\/p>\n<p class=\"link-more\"><a href=\"https:\/\/baudhost.be\/wordpress\/2024-2\/mai-2024\/pv_adeps_24_bothey\/\" class=\"more-link\">Continuer la lecture<span class=\"screen-reader-text\"> de &laquo;&nbsp;PV_Adeps_24_Bothey&nbsp;&raquo;<\/span><\/a><\/p>\n","protected":false},"author":1,"featured_media":0,"parent":11406,"menu_order":0,"comment_status":"closed","ping_status":"closed","template":"","meta":{"footnotes":""},"class_list":["post-11403","page","type-page","status-publish","hentry"],"_links":{"self":[{"href":"https:\/\/baudhost.be\/wordpress\/wp-json\/wp\/v2\/pages\/11403","targetHints":{"allow":["GET"]}}],"collection":[{"href":"https:\/\/baudhost.be\/wordpress\/wp-json\/wp\/v2\/pages"}],"about":[{"href":"https:\/\/baudhost.be\/wordpress\/wp-json\/wp\/v2\/types\/page"}],"author":[{"embeddable":true,"href":"https:\/\/baudhost.be\/wordpress\/wp-json\/wp\/v2\/users\/1"}],"replies":[{"embeddable":true,"href":"https:\/\/baudhost.be\/wordpress\/wp-json\/wp\/v2\/comments?post=11403"}],"version-history":[{"count":9,"href":"https:\/\/baudhost.be\/wordpress\/wp-json\/wp\/v2\/pages\/11403\/revisions"}],"predecessor-version":[{"id":11421,"href":"https:\/\/baudhost.be\/wordpress\/wp-json\/wp\/v2\/pages\/11403\/revisions\/11421"}],"up":[{"embeddable":true,"href":"https:\/\/baudhost.be\/wordpress\/wp-json\/wp\/v2\/pages\/11406"}],"wp:attachment":[{"href":"https:\/\/baudhost.be\/wordpress\/wp-json\/wp\/v2\/media?parent=11403"}],"curies":[{"name":"wp","href":"https:\/\/api.w.org\/{rel}","templated":true}]}}