{"id":11386,"date":"2024-04-23T07:38:55","date_gmt":"2024-04-23T05:38:55","guid":{"rendered":"https:\/\/baudhost.be\/wordpress\/?page_id=11386"},"modified":"2024-04-23T08:07:24","modified_gmt":"2024-04-23T06:07:24","slug":"ewal_24_vieusart","status":"publish","type":"page","link":"https:\/\/baudhost.be\/wordpress\/2024-2\/avril-2024\/ewal_24_vieusart\/","title":{"rendered":"EWal_24_Vieusart"},"content":{"rendered":"<div class=\"wp-block-image\">\n<figure class=\"aligncenter size-full\"><img loading=\"lazy\" decoding=\"async\" width=\"481\" height=\"124\" src=\"https:\/\/baudhost.be\/wordpress\/wp-content\/uploads\/2020\/01\/eneo_ucp_walhain2.jpg\" alt=\"\" class=\"wp-image-295\" srcset=\"https:\/\/baudhost.be\/wordpress\/wp-content\/uploads\/2020\/01\/eneo_ucp_walhain2.jpg 481w, https:\/\/baudhost.be\/wordpress\/wp-content\/uploads\/2020\/01\/eneo_ucp_walhain2-300x77.jpg 300w\" sizes=\"auto, (max-width: 481px) 100vw, 481px\" \/><\/figure>\n<\/div>\n\n\n<div class=\"wp-block-columns is-layout-flex wp-container-core-columns-is-layout-9d6595d7 wp-block-columns-is-layout-flex\">\n<div class=\"wp-block-column is-layout-flow wp-block-column-is-layout-flow\" style=\"flex-basis:15%\"><div class=\"wp-block-image\">\n<figure class=\"aligncenter size-large\"><img loading=\"lazy\" decoding=\"async\" width=\"137\" height=\"86\" src=\"https:\/\/baudhost.be\/wordpress\/wp-content\/uploads\/2020\/01\/diaporama.jpg\" alt=\"\" class=\"wp-image-8\"\/><\/figure>\n<\/div><\/div>\n\n\n\n<div class=\"wp-block-column is-layout-flow wp-block-column-is-layout-flow\" style=\"flex-basis:85%\">\n<p class=\"has-text-align-center\">Quelques photos prises durant la Balade \u00c9n\u00e9o Walhain<\/p>\n\n\n\n<p class=\"has-text-align-center\">\u00e0 <strong>Vieusart <\/strong>&#8211;<strong> <\/strong>22 avril 2024<\/p>\n<\/div>\n<\/div>\n\n\n\n<div class=\"wp-block-flagallery-gallery flagallery-shortcode\"><div class=\"flagallery flaslider_skin\" id=\"FlaGallery_sc1_1316\" ><script type=\"text\/javascript\">(function(){this['FlaGallery_sc1_1316']={'settings':{\"sliderHeightRetio\":\"0.7\",\"sliderPreloaderColor\":\"#ffffff\",\"sliderBgColor\":\"rgba(39, 137, 12, 0.9)\",\"sliderHeaderFooterBgColor\":\"rgba(123, 222, 76, 0.4)\",\"sliderNavigationColor\":\"rgba(0,0,0,1)\",\"sliderNavigationIconColor\":\"rgba(255,255,255,1)\",\"sliderItemDescriptionBlock\":\"1\",\"sliderItemTitleFontSize\":\"18\",\"sliderItemTitleTextColor\":\"#ffffff\",\"sliderItemDescriptionFontSize\":\"14\",\"sliderItemDescriptionTextColor\":\"#969696\",\"sliderThumbBarEnable\":\"1\",\"sliderThumbBarHoverColor\":\"#ffffff\",\"sliderThumbSubMenuBackgroundColor\":\"rgba(0,0,0,1)\",\"sliderThumbSubMenuBackgroundColorOver\":\"rgba(255,255,255,1)\",\"sliderThumbSubMenuIconColor\":\"rgba(255,255,255,1)\",\"sliderThumbSubMenuIconHoverColor\":\"rgba(0,0,0,1)\",\"sliderPlayButton\":\"1\",\"sliderZoomButton\":\"1\",\"sliderFullScreen\":\"1\",\"sliderInfoEnable\":\"0\",\"sliderItemDownload\":\"1\",\"sliderSocialShareEnabled\":\"0\",\"sliderLikesEnabled\":\"0\",\"sliderSlideshowEneble\":\"0\",\"slideshowDelay\":\"8\",\"slideshowProgressBarColor\":\"rgba(255,255,255,1)\",\"slideshowProgressBarBGColor\":\"rgba(49,49,49,1)\",\"modaBgColor\":\"rgba(0,0,0,0.9)\",\"modalInfoBoxBgColor\":\"rgba(255,255,255,1)\",\"modalInfoBoxTitleTextColor\":\"#000000\",\"shareTitlePlaceHolder\":\"Share\",\"modalInfoBoxTextColor\":\"#333333\",\"infoBarExifEnable\":\"1\",\"infoBarCountersEnable\":\"1\",\"infoBarDateInfoEnable\":\"1\",\"customCSS\":\"\",\"key\":\"9fc7390f4f41450289e16b954c57b145\",\"name\":\"GRANDPackPlus\",\"galleryID\":\"sc1_1316\",\"post_url\":\"https:\\\/\\\/baudhost.be\\\/wordpress\\\/wp-json\\\/wp\\\/v2\\\/pages\\\/11386\",\"module_url\":\"https:\\\/\\\/baudhost.be\\\/wordpress\\\/wp-content\\\/plugins\\\/flagallery-skins\\\/flaslider\\\/\"}, 'data':[{\"gallery\":{\"gid\":\"1316\",\"name\":\"ewal_24_vieusart\",\"path\":\"https:\\\/\\\/baudhost.be\\\/wordpress\\\/wp-content\\\/flagallery\\\/ewal_24_vieusart\",\"title\":\"EWal_24_Vieusart\",\"galdesc\":\"\"},\"data\":[{\"pid\":\"18952\",\"filename\":\"vieusart_fb_01.jpg\",\"description\":\"\",\"alttext\":\"\",\"link\":null,\"imagedate\":\"2024-04-22 14:22:06\",\"hitcounter\":\"72\",\"total_value\":\"0\",\"total_votes\":\"0\",\"meta_data\":{\"aperture\":\"F 1.8\",\"credit\":false,\"camera\":\"SM-S901B\",\"caption\":false,\"created_timestamp\":\"22 avril 2024 14 h 22 min\",\"copyright\":false,\"focal_length\":\"5.4 mm\",\"iso\":50,\"shutter_speed\":\"1\\\/1440 sec\",\"flash\":false,\"title\":false,\"keywords\":false,\"width\":608,\"height\":1080,\"saved\":true,\"thumbnail\":{\"width\":225,\"height\":400},\"webview\":{\"0\":608,\"1\":1080,\"2\":2,\"3\":\"width=\\\"608\\\" height=\\\"1080\\\"\",\"bits\":8,\"channels\":3,\"mime\":\"image\\\/jpeg\"}}},{\"pid\":\"18953\",\"filename\":\"vieusart_fb_02.jpg\",\"description\":\"\",\"alttext\":\"\",\"link\":null,\"imagedate\":\"2024-04-22 14:22:31\",\"hitcounter\":\"50\",\"total_value\":\"0\",\"total_votes\":\"0\",\"meta_data\":{\"aperture\":\"F 1.8\",\"credit\":false,\"camera\":\"SM-S901B\",\"caption\":false,\"created_timestamp\":\"22 avril 2024 14 h 22 min\",\"copyright\":false,\"focal_length\":\"5.4 mm\",\"iso\":50,\"shutter_speed\":\"1\\\/1950 sec\",\"flash\":false,\"title\":false,\"keywords\":false,\"width\":1918,\"height\":1080,\"saved\":true,\"thumbnail\":{\"width\":400,\"height\":225},\"webview\":{\"0\":1918,\"1\":1080,\"2\":2,\"3\":\"width=\\\"1918\\\" height=\\\"1080\\\"\",\"bits\":8,\"channels\":3,\"mime\":\"image\\\/jpeg\"}}},{\"pid\":\"18954\",\"filename\":\"vieusart_fb_03.jpg\",\"description\":\"\",\"alttext\":\"\",\"link\":null,\"imagedate\":\"2024-04-22 14:49:40\",\"hitcounter\":\"50\",\"total_value\":\"0\",\"total_votes\":\"0\",\"meta_data\":{\"aperture\":\"F 2.4\",\"credit\":false,\"camera\":\"SM-S901B\",\"caption\":false,\"created_timestamp\":\"22 avril 2024 14 h 49 min\",\"copyright\":false,\"focal_length\":\"7 mm\",\"iso\":50,\"shutter_speed\":\"1\\\/100 sec\",\"flash\":false,\"title\":false,\"keywords\":false,\"width\":608,\"height\":1080,\"saved\":true,\"thumbnail\":{\"width\":225,\"height\":400},\"webview\":{\"0\":608,\"1\":1080,\"2\":2,\"3\":\"width=\\\"608\\\" height=\\\"1080\\\"\",\"bits\":8,\"channels\":3,\"mime\":\"image\\\/jpeg\"}}},{\"pid\":\"18955\",\"filename\":\"vieusart_fb_04.jpg\",\"description\":\"\",\"alttext\":\"\",\"link\":null,\"imagedate\":\"2024-04-22 15:09:04\",\"hitcounter\":\"50\",\"total_value\":\"0\",\"total_votes\":\"0\",\"meta_data\":{\"aperture\":\"F 2.4\",\"credit\":false,\"camera\":\"SM-S901B\",\"caption\":false,\"created_timestamp\":\"22 avril 2024 15 h 09 min\",\"copyright\":false,\"focal_length\":\"7 mm\",\"iso\":50,\"shutter_speed\":\"1\\\/620 sec\",\"flash\":false,\"title\":false,\"keywords\":false,\"width\":608,\"height\":1080,\"saved\":true,\"thumbnail\":{\"width\":225,\"height\":400},\"webview\":{\"0\":608,\"1\":1080,\"2\":2,\"3\":\"width=\\\"608\\\" height=\\\"1080\\\"\",\"bits\":8,\"channels\":3,\"mime\":\"image\\\/jpeg\"}}},{\"pid\":\"18956\",\"filename\":\"vieusart_fb_05.jpg\",\"description\":\"\",\"alttext\":\"\",\"link\":null,\"imagedate\":\"2024-04-22 15:55:39\",\"hitcounter\":\"50\",\"total_value\":\"0\",\"total_votes\":\"0\",\"meta_data\":{\"aperture\":\"F 1.8\",\"credit\":false,\"camera\":\"SM-S901B\",\"caption\":false,\"created_timestamp\":\"22 avril 2024 15 h 55 min\",\"copyright\":false,\"focal_length\":\"5.4 mm\",\"iso\":50,\"shutter_speed\":\"1\\\/620 sec\",\"flash\":false,\"title\":false,\"keywords\":false,\"width\":608,\"height\":1080,\"saved\":true,\"thumbnail\":{\"width\":225,\"height\":400},\"webview\":{\"0\":608,\"1\":1080,\"2\":2,\"3\":\"width=\\\"608\\\" height=\\\"1080\\\"\",\"bits\":8,\"channels\":3,\"mime\":\"image\\\/jpeg\"}}},{\"pid\":\"18957\",\"filename\":\"vieusart_jd_01.jpg\",\"description\":\"\",\"alttext\":\"\",\"link\":null,\"imagedate\":\"2024-04-23 05:45:53\",\"hitcounter\":\"50\",\"total_value\":\"0\",\"total_votes\":\"0\",\"meta_data\":{\"aperture\":false,\"credit\":false,\"camera\":false,\"caption\":false,\"created_timestamp\":false,\"copyright\":false,\"focal_length\":false,\"iso\":false,\"shutter_speed\":false,\"flash\":false,\"title\":false,\"keywords\":false,\"width\":608,\"height\":1080,\"saved\":true,\"thumbnail\":{\"width\":225,\"height\":400},\"webview\":{\"0\":608,\"1\":1080,\"2\":2,\"3\":\"width=\\\"608\\\" height=\\\"1080\\\"\",\"bits\":8,\"channels\":3,\"mime\":\"image\\\/jpeg\"}}},{\"pid\":\"18958\",\"filename\":\"vieusart_jd_02.jpg\",\"description\":\"\",\"alttext\":\"\",\"link\":null,\"imagedate\":\"2024-04-23 05:45:54\",\"hitcounter\":\"50\",\"total_value\":\"0\",\"total_votes\":\"0\",\"meta_data\":{\"aperture\":false,\"credit\":false,\"camera\":false,\"caption\":false,\"created_timestamp\":false,\"copyright\":false,\"focal_length\":false,\"iso\":false,\"shutter_speed\":false,\"flash\":false,\"title\":false,\"keywords\":false,\"width\":608,\"height\":1080,\"saved\":true,\"thumbnail\":{\"width\":225,\"height\":400},\"webview\":{\"0\":608,\"1\":1080,\"2\":2,\"3\":\"width=\\\"608\\\" height=\\\"1080\\\"\",\"bits\":8,\"channels\":3,\"mime\":\"image\\\/jpeg\"}}},{\"pid\":\"18959\",\"filename\":\"vieusart_jd_03.jpg\",\"description\":\"\",\"alttext\":\"\",\"link\":null,\"imagedate\":\"2024-04-23 05:45:54\",\"hitcounter\":\"50\",\"total_value\":\"0\",\"total_votes\":\"0\",\"meta_data\":{\"aperture\":false,\"credit\":false,\"camera\":false,\"caption\":false,\"created_timestamp\":false,\"copyright\":false,\"focal_length\":false,\"iso\":false,\"shutter_speed\":false,\"flash\":false,\"title\":false,\"keywords\":false,\"width\":608,\"height\":1080,\"saved\":true,\"thumbnail\":{\"width\":225,\"height\":400},\"webview\":{\"0\":608,\"1\":1080,\"2\":2,\"3\":\"width=\\\"608\\\" height=\\\"1080\\\"\",\"bits\":8,\"channels\":3,\"mime\":\"image\\\/jpeg\"}}},{\"pid\":\"18960\",\"filename\":\"vieusart_jd_04.jpg\",\"description\":\"\",\"alttext\":\"\",\"link\":null,\"imagedate\":\"2024-04-23 05:45:55\",\"hitcounter\":\"49\",\"total_value\":\"0\",\"total_votes\":\"0\",\"meta_data\":{\"aperture\":false,\"credit\":false,\"camera\":false,\"caption\":false,\"created_timestamp\":false,\"copyright\":false,\"focal_length\":false,\"iso\":false,\"shutter_speed\":false,\"flash\":false,\"title\":false,\"keywords\":false,\"width\":1920,\"height\":1080,\"saved\":true,\"thumbnail\":{\"width\":400,\"height\":225},\"webview\":{\"0\":1920,\"1\":1080,\"2\":2,\"3\":\"width=\\\"1920\\\" height=\\\"1080\\\"\",\"bits\":8,\"channels\":3,\"mime\":\"image\\\/jpeg\"}}},{\"pid\":\"18961\",\"filename\":\"vieusart_jd_05.jpg\",\"description\":\"\",\"alttext\":\"\",\"link\":null,\"imagedate\":\"2024-04-23 05:45:56\",\"hitcounter\":\"49\",\"total_value\":\"0\",\"total_votes\":\"0\",\"meta_data\":{\"aperture\":false,\"credit\":false,\"camera\":false,\"caption\":false,\"created_timestamp\":false,\"copyright\":false,\"focal_length\":false,\"iso\":false,\"shutter_speed\":false,\"flash\":false,\"title\":false,\"keywords\":false,\"width\":1920,\"height\":1080,\"saved\":true,\"thumbnail\":{\"width\":400,\"height\":225},\"webview\":{\"0\":1920,\"1\":1080,\"2\":2,\"3\":\"width=\\\"1920\\\" height=\\\"1080\\\"\",\"bits\":8,\"channels\":3,\"mime\":\"image\\\/jpeg\"}}},{\"pid\":\"18962\",\"filename\":\"vieusart_jd_06.jpg\",\"description\":\"\",\"alttext\":\"\",\"link\":null,\"imagedate\":\"2024-04-23 05:45:57\",\"hitcounter\":\"48\",\"total_value\":\"0\",\"total_votes\":\"0\",\"meta_data\":{\"aperture\":false,\"credit\":false,\"camera\":false,\"caption\":false,\"created_timestamp\":false,\"copyright\":false,\"focal_length\":false,\"iso\":false,\"shutter_speed\":false,\"flash\":false,\"title\":false,\"keywords\":false,\"width\":1920,\"height\":1080,\"saved\":true,\"thumbnail\":{\"width\":400,\"height\":225},\"webview\":{\"0\":1920,\"1\":1080,\"2\":2,\"3\":\"width=\\\"1920\\\" height=\\\"1080\\\"\",\"bits\":8,\"channels\":3,\"mime\":\"image\\\/jpeg\"}}},{\"pid\":\"18963\",\"filename\":\"vieusart_jd_07.jpg\",\"description\":\"\",\"alttext\":\"\",\"link\":null,\"imagedate\":\"2024-04-23 05:45:58\",\"hitcounter\":\"47\",\"total_value\":\"0\",\"total_votes\":\"0\",\"meta_data\":{\"aperture\":false,\"credit\":false,\"camera\":false,\"caption\":false,\"created_timestamp\":false,\"copyright\":false,\"focal_length\":false,\"iso\":false,\"shutter_speed\":false,\"flash\":false,\"title\":false,\"keywords\":false,\"width\":608,\"height\":1080,\"saved\":true,\"thumbnail\":{\"width\":225,\"height\":400},\"webview\":{\"0\":608,\"1\":1080,\"2\":2,\"3\":\"width=\\\"608\\\" height=\\\"1080\\\"\",\"bits\":8,\"channels\":3,\"mime\":\"image\\\/jpeg\"}}},{\"pid\":\"18964\",\"filename\":\"vieusart_jd_08.jpg\",\"description\":\"\",\"alttext\":\"\",\"link\":null,\"imagedate\":\"2024-04-23 05:46:00\",\"hitcounter\":\"45\",\"total_value\":\"0\",\"total_votes\":\"0\",\"meta_data\":{\"aperture\":false,\"credit\":false,\"camera\":false,\"caption\":false,\"created_timestamp\":false,\"copyright\":false,\"focal_length\":false,\"iso\":false,\"shutter_speed\":false,\"flash\":false,\"title\":false,\"keywords\":false,\"width\":608,\"height\":1080,\"saved\":true,\"thumbnail\":{\"width\":225,\"height\":400},\"webview\":{\"0\":608,\"1\":1080,\"2\":2,\"3\":\"width=\\\"608\\\" height=\\\"1080\\\"\",\"bits\":8,\"channels\":3,\"mime\":\"image\\\/jpeg\"}}},{\"pid\":\"18965\",\"filename\":\"vieusart_jd_09.jpg\",\"description\":\"\",\"alttext\":\"\",\"link\":null,\"imagedate\":\"2024-04-23 05:46:01\",\"hitcounter\":\"45\",\"total_value\":\"0\",\"total_votes\":\"0\",\"meta_data\":{\"aperture\":false,\"credit\":false,\"camera\":false,\"caption\":false,\"created_timestamp\":false,\"copyright\":false,\"focal_length\":false,\"iso\":false,\"shutter_speed\":false,\"flash\":false,\"title\":false,\"keywords\":false,\"width\":1920,\"height\":1080,\"saved\":true,\"thumbnail\":{\"width\":400,\"height\":225},\"webview\":{\"0\":1920,\"1\":1080,\"2\":2,\"3\":\"width=\\\"1920\\\" height=\\\"1080\\\"\",\"bits\":8,\"channels\":3,\"mime\":\"image\\\/jpeg\"}}},{\"pid\":\"18966\",\"filename\":\"vieusart_jd_10.jpg\",\"description\":\"\",\"alttext\":\"\",\"link\":null,\"imagedate\":\"2024-04-23 05:46:02\",\"hitcounter\":\"45\",\"total_value\":\"0\",\"total_votes\":\"0\",\"meta_data\":{\"aperture\":false,\"credit\":false,\"camera\":false,\"caption\":false,\"created_timestamp\":false,\"copyright\":false,\"focal_length\":false,\"iso\":false,\"shutter_speed\":false,\"flash\":false,\"title\":false,\"keywords\":false,\"width\":608,\"height\":1080,\"saved\":true,\"thumbnail\":{\"width\":225,\"height\":400},\"webview\":{\"0\":608,\"1\":1080,\"2\":2,\"3\":\"width=\\\"608\\\" height=\\\"1080\\\"\",\"bits\":8,\"channels\":3,\"mime\":\"image\\\/jpeg\"}}},{\"pid\":\"18967\",\"filename\":\"vieusart_jd_11.jpg\",\"description\":\"\",\"alttext\":\"\",\"link\":null,\"imagedate\":\"2024-04-23 05:46:03\",\"hitcounter\":\"48\",\"total_value\":\"0\",\"total_votes\":\"0\",\"meta_data\":{\"aperture\":false,\"credit\":false,\"camera\":false,\"caption\":false,\"created_timestamp\":false,\"copyright\":false,\"focal_length\":false,\"iso\":false,\"shutter_speed\":false,\"flash\":false,\"title\":false,\"keywords\":false,\"width\":1920,\"height\":1080,\"saved\":true,\"thumbnail\":{\"width\":400,\"height\":225},\"webview\":{\"0\":1920,\"1\":1080,\"2\":2,\"3\":\"width=\\\"1920\\\" height=\\\"1080\\\"\",\"bits\":8,\"channels\":3,\"mime\":\"image\\\/jpeg\"}}},{\"pid\":\"18968\",\"filename\":\"vieusart_jd_12.jpg\",\"description\":\"\",\"alttext\":\"\",\"link\":null,\"imagedate\":\"2024-04-23 05:46:04\",\"hitcounter\":\"45\",\"total_value\":\"0\",\"total_votes\":\"0\",\"meta_data\":{\"aperture\":false,\"credit\":false,\"camera\":false,\"caption\":false,\"created_timestamp\":false,\"copyright\":false,\"focal_length\":false,\"iso\":false,\"shutter_speed\":false,\"flash\":false,\"title\":false,\"keywords\":false,\"width\":608,\"height\":1080,\"saved\":true,\"thumbnail\":{\"width\":225,\"height\":400},\"webview\":{\"0\":608,\"1\":1080,\"2\":2,\"3\":\"width=\\\"608\\\" height=\\\"1080\\\"\",\"bits\":8,\"channels\":3,\"mime\":\"image\\\/jpeg\"}}},{\"pid\":\"18969\",\"filename\":\"vieusart_jd_13.jpg\",\"description\":\"\",\"alttext\":\"\",\"link\":null,\"imagedate\":\"2024-04-23 05:46:05\",\"hitcounter\":\"44\",\"total_value\":\"0\",\"total_votes\":\"0\",\"meta_data\":{\"aperture\":false,\"credit\":false,\"camera\":false,\"caption\":false,\"created_timestamp\":false,\"copyright\":false,\"focal_length\":false,\"iso\":false,\"shutter_speed\":false,\"flash\":false,\"title\":false,\"keywords\":false,\"width\":608,\"height\":1080,\"saved\":true,\"thumbnail\":{\"width\":225,\"height\":400},\"webview\":{\"0\":608,\"1\":1080,\"2\":2,\"3\":\"width=\\\"608\\\" height=\\\"1080\\\"\",\"bits\":8,\"channels\":3,\"mime\":\"image\\\/jpeg\"}}},{\"pid\":\"18970\",\"filename\":\"vieusart_jd_14.jpg\",\"description\":\"\",\"alttext\":\"\",\"link\":null,\"imagedate\":\"2024-04-23 05:46:06\",\"hitcounter\":\"43\",\"total_value\":\"0\",\"total_votes\":\"0\",\"meta_data\":{\"aperture\":false,\"credit\":false,\"camera\":false,\"caption\":false,\"created_timestamp\":false,\"copyright\":false,\"focal_length\":false,\"iso\":false,\"shutter_speed\":false,\"flash\":false,\"title\":false,\"keywords\":false,\"width\":1920,\"height\":1080,\"saved\":true,\"thumbnail\":{\"width\":400,\"height\":225},\"webview\":{\"0\":1920,\"1\":1080,\"2\":2,\"3\":\"width=\\\"1920\\\" height=\\\"1080\\\"\",\"bits\":8,\"channels\":3,\"mime\":\"image\\\/jpeg\"}}},{\"pid\":\"18971\",\"filename\":\"vieusart_jd_15.jpg\",\"description\":\"\",\"alttext\":\"\",\"link\":null,\"imagedate\":\"2024-04-23 05:46:08\",\"hitcounter\":\"42\",\"total_value\":\"0\",\"total_votes\":\"0\",\"meta_data\":{\"aperture\":false,\"credit\":false,\"camera\":false,\"caption\":false,\"created_timestamp\":false,\"copyright\":false,\"focal_length\":false,\"iso\":false,\"shutter_speed\":false,\"flash\":false,\"title\":false,\"keywords\":false,\"width\":1920,\"height\":1080,\"saved\":true,\"thumbnail\":{\"width\":400,\"height\":225},\"webview\":{\"0\":1920,\"1\":1080,\"2\":2,\"3\":\"width=\\\"1920\\\" height=\\\"1080\\\"\",\"bits\":8,\"channels\":3,\"mime\":\"image\\\/jpeg\"}}},{\"pid\":\"18972\",\"filename\":\"vieusart_jd_16.jpg\",\"description\":\"\",\"alttext\":\"\",\"link\":null,\"imagedate\":\"2024-04-23 05:46:09\",\"hitcounter\":\"41\",\"total_value\":\"0\",\"total_votes\":\"0\",\"meta_data\":{\"aperture\":false,\"credit\":false,\"camera\":false,\"caption\":false,\"created_timestamp\":false,\"copyright\":false,\"focal_length\":false,\"iso\":false,\"shutter_speed\":false,\"flash\":false,\"title\":false,\"keywords\":false,\"width\":1920,\"height\":1080,\"saved\":true,\"thumbnail\":{\"width\":400,\"height\":225},\"webview\":{\"0\":1920,\"1\":1080,\"2\":2,\"3\":\"width=\\\"1920\\\" height=\\\"1080\\\"\",\"bits\":8,\"channels\":3,\"mime\":\"image\\\/jpeg\"}}},{\"pid\":\"18973\",\"filename\":\"vieusart_jd_17.jpg\",\"description\":\"\",\"alttext\":\"\",\"link\":null,\"imagedate\":\"2024-04-23 05:46:10\",\"hitcounter\":\"39\",\"total_value\":\"0\",\"total_votes\":\"0\",\"meta_data\":{\"aperture\":false,\"credit\":false,\"camera\":false,\"caption\":false,\"created_timestamp\":false,\"copyright\":false,\"focal_length\":false,\"iso\":false,\"shutter_speed\":false,\"flash\":false,\"title\":false,\"keywords\":false,\"width\":1920,\"height\":1080,\"saved\":true,\"thumbnail\":{\"width\":400,\"height\":225},\"webview\":{\"0\":1920,\"1\":1080,\"2\":2,\"3\":\"width=\\\"1920\\\" height=\\\"1080\\\"\",\"bits\":8,\"channels\":3,\"mime\":\"image\\\/jpeg\"}}}]}], };})();<\/script><\/div><noscript id=\"noscript_FlaGallery_sc1_1316\"><img class=\"skip-lazy no-lazyload noLazy\" data-lazy-src=\"\" src =\"https:\/\/baudhost.be\/wordpress\/wp-content\/flagallery\/ewal_24_vieusart\/vieusart_fb_01.jpg\" alt=\"\" \/><img class=\"skip-lazy no-lazyload noLazy\" data-lazy-src=\"\" src =\"https:\/\/baudhost.be\/wordpress\/wp-content\/flagallery\/ewal_24_vieusart\/vieusart_fb_02.jpg\" alt=\"\" \/><img class=\"skip-lazy no-lazyload noLazy\" data-lazy-src=\"\" src =\"https:\/\/baudhost.be\/wordpress\/wp-content\/flagallery\/ewal_24_vieusart\/vieusart_fb_03.jpg\" alt=\"\" \/><img class=\"skip-lazy no-lazyload noLazy\" data-lazy-src=\"\" src =\"https:\/\/baudhost.be\/wordpress\/wp-content\/flagallery\/ewal_24_vieusart\/vieusart_fb_04.jpg\" alt=\"\" \/><img class=\"skip-lazy no-lazyload noLazy\" data-lazy-src=\"\" src =\"https:\/\/baudhost.be\/wordpress\/wp-content\/flagallery\/ewal_24_vieusart\/vieusart_fb_05.jpg\" alt=\"\" \/><img class=\"skip-lazy no-lazyload noLazy\" data-lazy-src=\"\" src =\"https:\/\/baudhost.be\/wordpress\/wp-content\/flagallery\/ewal_24_vieusart\/vieusart_jd_01.jpg\" alt=\"\" \/><img class=\"skip-lazy no-lazyload noLazy\" data-lazy-src=\"\" src =\"https:\/\/baudhost.be\/wordpress\/wp-content\/flagallery\/ewal_24_vieusart\/vieusart_jd_02.jpg\" alt=\"\" \/><img class=\"skip-lazy no-lazyload noLazy\" data-lazy-src=\"\" src =\"https:\/\/baudhost.be\/wordpress\/wp-content\/flagallery\/ewal_24_vieusart\/vieusart_jd_03.jpg\" alt=\"\" \/><img class=\"skip-lazy no-lazyload noLazy\" data-lazy-src=\"\" src =\"https:\/\/baudhost.be\/wordpress\/wp-content\/flagallery\/ewal_24_vieusart\/vieusart_jd_04.jpg\" alt=\"\" \/><img class=\"skip-lazy no-lazyload noLazy\" data-lazy-src=\"\" src =\"https:\/\/baudhost.be\/wordpress\/wp-content\/flagallery\/ewal_24_vieusart\/vieusart_jd_05.jpg\" alt=\"\" \/><img class=\"skip-lazy no-lazyload noLazy\" data-lazy-src=\"\" src =\"https:\/\/baudhost.be\/wordpress\/wp-content\/flagallery\/ewal_24_vieusart\/vieusart_jd_06.jpg\" alt=\"\" \/><img class=\"skip-lazy no-lazyload noLazy\" data-lazy-src=\"\" src =\"https:\/\/baudhost.be\/wordpress\/wp-content\/flagallery\/ewal_24_vieusart\/vieusart_jd_07.jpg\" alt=\"\" \/><img class=\"skip-lazy no-lazyload noLazy\" data-lazy-src=\"\" src =\"https:\/\/baudhost.be\/wordpress\/wp-content\/flagallery\/ewal_24_vieusart\/vieusart_jd_08.jpg\" alt=\"\" \/><img class=\"skip-lazy no-lazyload noLazy\" data-lazy-src=\"\" src =\"https:\/\/baudhost.be\/wordpress\/wp-content\/flagallery\/ewal_24_vieusart\/vieusart_jd_09.jpg\" alt=\"\" \/><img class=\"skip-lazy no-lazyload noLazy\" data-lazy-src=\"\" src =\"https:\/\/baudhost.be\/wordpress\/wp-content\/flagallery\/ewal_24_vieusart\/vieusart_jd_10.jpg\" alt=\"\" \/><img class=\"skip-lazy no-lazyload noLazy\" data-lazy-src=\"\" src =\"https:\/\/baudhost.be\/wordpress\/wp-content\/flagallery\/ewal_24_vieusart\/vieusart_jd_11.jpg\" alt=\"\" \/><img class=\"skip-lazy no-lazyload noLazy\" data-lazy-src=\"\" src =\"https:\/\/baudhost.be\/wordpress\/wp-content\/flagallery\/ewal_24_vieusart\/vieusart_jd_12.jpg\" alt=\"\" \/><img class=\"skip-lazy no-lazyload noLazy\" data-lazy-src=\"\" src =\"https:\/\/baudhost.be\/wordpress\/wp-content\/flagallery\/ewal_24_vieusart\/vieusart_jd_13.jpg\" alt=\"\" \/><img class=\"skip-lazy no-lazyload noLazy\" data-lazy-src=\"\" src =\"https:\/\/baudhost.be\/wordpress\/wp-content\/flagallery\/ewal_24_vieusart\/vieusart_jd_14.jpg\" alt=\"\" \/><img class=\"skip-lazy no-lazyload noLazy\" data-lazy-src=\"\" src =\"https:\/\/baudhost.be\/wordpress\/wp-content\/flagallery\/ewal_24_vieusart\/vieusart_jd_15.jpg\" alt=\"\" \/><img class=\"skip-lazy no-lazyload noLazy\" data-lazy-src=\"\" src =\"https:\/\/baudhost.be\/wordpress\/wp-content\/flagallery\/ewal_24_vieusart\/vieusart_jd_16.jpg\" alt=\"\" \/><img class=\"skip-lazy no-lazyload noLazy\" data-lazy-src=\"\" src =\"https:\/\/baudhost.be\/wordpress\/wp-content\/flagallery\/ewal_24_vieusart\/vieusart_jd_17.jpg\" alt=\"\" \/><\/noscript><\/div>\n\n\n\n<hr class=\"wp-block-separator has-css-opacity\"\/>\n\n\n\n<h2 class=\"wp-block-heading\" id=\"description-de-la-randonnee\"><strong>Description de la randonn\u00e9e<\/strong><\/h2>\n\n\n\n<p>Bonjour \u00e0 toutes et tous.<\/p>\n\n\n\n<p>Voici donc quelques photos de votre balade de ce lundi 22 avril autour de Vieusart. Merci \u00e0 Bernard pour le guidage sur son parcours de 7km pour les 23 participants durant cet apr\u00e8s-midi.<\/p>\n\n\n\n<p>Merci \u00e0 Fran\u00e7oise et Jacqueline pour le partage de leurs quelques photos.<\/p>\n\n\n\n<p>Bonne semaine \u00e0 toutes et tous.<\/p>\n\n\n\n<hr class=\"wp-block-separator has-css-opacity\"\/>\n\n\n\n<div class=\"wp-block-columns is-layout-flex wp-container-core-columns-is-layout-9d6595d7 wp-block-columns-is-layout-flex\">\n<div class=\"wp-block-column is-layout-flow wp-block-column-is-layout-flow\">\n<div class=\"wp-block-columns is-layout-flex wp-container-core-columns-is-layout-9d6595d7 wp-block-columns-is-layout-flex\">\n<div class=\"wp-block-column is-layout-flow wp-block-column-is-layout-flow\" style=\"flex-basis:33.33%\">\n<figure class=\"wp-block-image size-large\"><img loading=\"lazy\" decoding=\"async\" width=\"300\" height=\"300\" src=\"https:\/\/baudhost.be\/wordpress\/wp-content\/uploads\/2020\/01\/documents.jpg\" alt=\"\" class=\"wp-image-67\" srcset=\"https:\/\/baudhost.be\/wordpress\/wp-content\/uploads\/2020\/01\/documents.jpg 300w, https:\/\/baudhost.be\/wordpress\/wp-content\/uploads\/2020\/01\/documents-150x150.jpg 150w, https:\/\/baudhost.be\/wordpress\/wp-content\/uploads\/2020\/01\/documents-100x100.jpg 100w\" sizes=\"auto, (max-width: 300px) 100vw, 300px\" \/><figcaption class=\"wp-element-caption\"><strong>Informations<\/strong> \u00e0 t\u00e9l\u00e9charger<\/figcaption><\/figure>\n<\/div>\n\n\n\n<div class=\"wp-block-column is-layout-flow wp-block-column-is-layout-flow\" style=\"flex-basis:66.66%\">\n<div class=\"wp-block-file\"><a id=\"wp-block-file--media-16d3da1e-e48a-4e21-9e94-fde82b5cb74f\" href=\"https:\/\/baudhost.be\/wordpress\/wp-content\/uploads\/2024\/04\/ewal_pub_22042024.pdf\" target=\"_blank\" rel=\"noreferrer noopener\">ewal_pub_22042024<\/a><\/div>\n<\/div>\n<\/div>\n<\/div>\n<\/div>\n\n\n\n<hr class=\"wp-block-separator has-css-opacity\"\/>\n\n\n<p><!--StartFragment--><\/p>\n<p><!--StartFragment--><\/p>\n\n\n<p><\/p>\n","protected":false},"excerpt":{"rendered":"<p>Quelques photos prises durant la Balade \u00c9n\u00e9o Walhain \u00e0 Vieusart &#8211; 22 avril 2024 Description de la randonn\u00e9e Bonjour \u00e0 toutes et tous. Voici donc quelques photos de votre balade de ce lundi 22 avril autour de Vieusart. Merci \u00e0 Bernard pour le guidage sur son parcours de 7km pour les 23 participants durant cet &hellip; <\/p>\n<p class=\"link-more\"><a href=\"https:\/\/baudhost.be\/wordpress\/2024-2\/avril-2024\/ewal_24_vieusart\/\" class=\"more-link\">Continuer la lecture<span class=\"screen-reader-text\"> de &laquo;&nbsp;EWal_24_Vieusart&nbsp;&raquo;<\/span><\/a><\/p>\n","protected":false},"author":1,"featured_media":0,"parent":11349,"menu_order":0,"comment_status":"closed","ping_status":"closed","template":"","meta":{"footnotes":""},"class_list":["post-11386","page","type-page","status-publish","hentry"],"_links":{"self":[{"href":"https:\/\/baudhost.be\/wordpress\/wp-json\/wp\/v2\/pages\/11386","targetHints":{"allow":["GET"]}}],"collection":[{"href":"https:\/\/baudhost.be\/wordpress\/wp-json\/wp\/v2\/pages"}],"about":[{"href":"https:\/\/baudhost.be\/wordpress\/wp-json\/wp\/v2\/types\/page"}],"author":[{"embeddable":true,"href":"https:\/\/baudhost.be\/wordpress\/wp-json\/wp\/v2\/users\/1"}],"replies":[{"embeddable":true,"href":"https:\/\/baudhost.be\/wordpress\/wp-json\/wp\/v2\/comments?post=11386"}],"version-history":[{"count":5,"href":"https:\/\/baudhost.be\/wordpress\/wp-json\/wp\/v2\/pages\/11386\/revisions"}],"predecessor-version":[{"id":11394,"href":"https:\/\/baudhost.be\/wordpress\/wp-json\/wp\/v2\/pages\/11386\/revisions\/11394"}],"up":[{"embeddable":true,"href":"https:\/\/baudhost.be\/wordpress\/wp-json\/wp\/v2\/pages\/11349"}],"wp:attachment":[{"href":"https:\/\/baudhost.be\/wordpress\/wp-json\/wp\/v2\/media?parent=11386"}],"curies":[{"name":"wp","href":"https:\/\/api.w.org\/{rel}","templated":true}]}}