{"id":11283,"date":"2024-02-06T08:43:40","date_gmt":"2024-02-06T07:43:40","guid":{"rendered":"https:\/\/baudhost.be\/wordpress\/?page_id=11283"},"modified":"2024-02-06T08:45:07","modified_gmt":"2024-02-06T07:45:07","slug":"ewal_24_sart-messire-guillaume","status":"publish","type":"page","link":"https:\/\/baudhost.be\/wordpress\/2024-2\/fevrier-2024\/ewal_24_sart-messire-guillaume\/","title":{"rendered":"EWal_24_Sart-Messire-Guillaume"},"content":{"rendered":"<div class=\"wp-block-image\">\n<figure class=\"aligncenter size-full\"><img loading=\"lazy\" decoding=\"async\" width=\"481\" height=\"124\" src=\"https:\/\/baudhost.be\/wordpress\/wp-content\/uploads\/2020\/01\/eneo_ucp_walhain2.jpg\" alt=\"\" class=\"wp-image-295\" srcset=\"https:\/\/baudhost.be\/wordpress\/wp-content\/uploads\/2020\/01\/eneo_ucp_walhain2.jpg 481w, https:\/\/baudhost.be\/wordpress\/wp-content\/uploads\/2020\/01\/eneo_ucp_walhain2-300x77.jpg 300w\" sizes=\"auto, (max-width: 481px) 100vw, 481px\" \/><\/figure>\n<\/div>\n\n\n<div class=\"wp-block-columns is-layout-flex wp-container-core-columns-is-layout-9d6595d7 wp-block-columns-is-layout-flex\">\n<div class=\"wp-block-column is-layout-flow wp-block-column-is-layout-flow\" style=\"flex-basis:15%\"><div class=\"wp-block-image\">\n<figure class=\"aligncenter size-large\"><img loading=\"lazy\" decoding=\"async\" width=\"137\" height=\"86\" src=\"https:\/\/baudhost.be\/wordpress\/wp-content\/uploads\/2020\/01\/diaporama.jpg\" alt=\"\" class=\"wp-image-8\"\/><\/figure>\n<\/div><\/div>\n\n\n\n<div class=\"wp-block-column is-layout-flow wp-block-column-is-layout-flow\" style=\"flex-basis:85%\">\n<p class=\"has-text-align-center\">Quelques photos prises durant la Balade \u00c9n\u00e9o Walhain<\/p>\n\n\n\n<p class=\"has-text-align-center\">\u00e0 <strong>Sart-Messire-Guillaume <\/strong>&#8211;<strong> <\/strong>5 f\u00e9vrier 2024 <\/p>\n<\/div>\n<\/div>\n\n\n\n<div class=\"wp-block-flagallery-gallery flagallery-shortcode\"><div class=\"flagallery flaslider_skin\" id=\"FlaGallery_sc1_1304\" ><script type=\"text\/javascript\">(function(){this['FlaGallery_sc1_1304']={'settings':{\"sliderHeightRetio\":\"0.7\",\"sliderPreloaderColor\":\"#ffffff\",\"sliderBgColor\":\"rgba(39, 137, 12, 0.9)\",\"sliderHeaderFooterBgColor\":\"rgba(123, 222, 76, 0.4)\",\"sliderNavigationColor\":\"rgba(0,0,0,1)\",\"sliderNavigationIconColor\":\"rgba(255,255,255,1)\",\"sliderItemDescriptionBlock\":\"1\",\"sliderItemTitleFontSize\":\"18\",\"sliderItemTitleTextColor\":\"#ffffff\",\"sliderItemDescriptionFontSize\":\"14\",\"sliderItemDescriptionTextColor\":\"#969696\",\"sliderThumbBarEnable\":\"1\",\"sliderThumbBarHoverColor\":\"#ffffff\",\"sliderThumbSubMenuBackgroundColor\":\"rgba(0,0,0,1)\",\"sliderThumbSubMenuBackgroundColorOver\":\"rgba(255,255,255,1)\",\"sliderThumbSubMenuIconColor\":\"rgba(255,255,255,1)\",\"sliderThumbSubMenuIconHoverColor\":\"rgba(0,0,0,1)\",\"sliderPlayButton\":\"1\",\"sliderZoomButton\":\"1\",\"sliderFullScreen\":\"1\",\"sliderInfoEnable\":\"0\",\"sliderItemDownload\":\"1\",\"sliderSocialShareEnabled\":\"0\",\"sliderLikesEnabled\":\"0\",\"sliderSlideshowEneble\":\"0\",\"slideshowDelay\":\"8\",\"slideshowProgressBarColor\":\"rgba(255,255,255,1)\",\"slideshowProgressBarBGColor\":\"rgba(49,49,49,1)\",\"modaBgColor\":\"rgba(0,0,0,0.9)\",\"modalInfoBoxBgColor\":\"rgba(255,255,255,1)\",\"modalInfoBoxTitleTextColor\":\"#000000\",\"shareTitlePlaceHolder\":\"Share\",\"modalInfoBoxTextColor\":\"#333333\",\"infoBarExifEnable\":\"1\",\"infoBarCountersEnable\":\"1\",\"infoBarDateInfoEnable\":\"1\",\"customCSS\":\"\",\"key\":\"9fc7390f4f41450289e16b954c57b145\",\"name\":\"GRANDPackPlus\",\"galleryID\":\"sc1_1304\",\"post_url\":\"https:\\\/\\\/baudhost.be\\\/wordpress\\\/wp-json\\\/wp\\\/v2\\\/pages\\\/11283\",\"module_url\":\"https:\\\/\\\/baudhost.be\\\/wordpress\\\/wp-content\\\/plugins\\\/flagallery-skins\\\/flaslider\\\/\"}, 'data':[{\"gallery\":{\"gid\":\"1304\",\"name\":\"ewal_24_smg\",\"path\":\"https:\\\/\\\/baudhost.be\\\/wordpress\\\/wp-content\\\/flagallery\\\/ewal_24_smg\",\"title\":\"EWal_24_SMG\",\"galdesc\":\"\"},\"data\":[{\"pid\":\"18759\",\"filename\":\"sart-messire-guillaume_01.jpg\",\"description\":\"\",\"alttext\":\"\",\"link\":null,\"imagedate\":\"2024-02-05 14:15:30\",\"hitcounter\":\"77\",\"total_value\":\"0\",\"total_votes\":\"0\",\"meta_data\":{\"aperture\":\"F 1.8\",\"credit\":false,\"camera\":\"MAR-LX1B\",\"caption\":false,\"created_timestamp\":\"5 f\\u00e9vrier 2024 14 h 15 min\",\"copyright\":false,\"focal_length\":\"4.75 mm\",\"iso\":100,\"shutter_speed\":\"1\\\/100 sec\",\"flash\":false,\"title\":false,\"keywords\":false,\"width\":1080,\"height\":1444,\"saved\":true,\"thumbnail\":{\"width\":299,\"height\":400},\"webview\":{\"0\":1080,\"1\":1444,\"2\":2,\"3\":\"width=\\\"1080\\\" height=\\\"1444\\\"\",\"bits\":8,\"channels\":3,\"mime\":\"image\\\/jpeg\"}}},{\"pid\":\"18760\",\"filename\":\"sart-messire-guillaume_02.jpg\",\"description\":\"\",\"alttext\":\"\",\"link\":null,\"imagedate\":\"2024-02-05 14:15:34\",\"hitcounter\":\"37\",\"total_value\":\"0\",\"total_votes\":\"0\",\"meta_data\":{\"aperture\":\"F 1.8\",\"credit\":false,\"camera\":\"MAR-LX1B\",\"caption\":false,\"created_timestamp\":\"5 f\\u00e9vrier 2024 14 h 15 min\",\"copyright\":false,\"focal_length\":\"4.75 mm\",\"iso\":50,\"shutter_speed\":\"1\\\/140 sec\",\"flash\":false,\"title\":false,\"keywords\":false,\"width\":1080,\"height\":1444,\"saved\":true,\"thumbnail\":{\"width\":299,\"height\":400},\"webview\":{\"0\":1080,\"1\":1444,\"2\":2,\"3\":\"width=\\\"1080\\\" height=\\\"1444\\\"\",\"bits\":8,\"channels\":3,\"mime\":\"image\\\/jpeg\"}}},{\"pid\":\"18761\",\"filename\":\"sart-messire-guillaume_03.jpg\",\"description\":\"\",\"alttext\":\"\",\"link\":null,\"imagedate\":\"2024-02-05 14:29:51\",\"hitcounter\":\"37\",\"total_value\":\"0\",\"total_votes\":\"0\",\"meta_data\":{\"aperture\":\"F 1.8\",\"credit\":false,\"camera\":\"MAR-LX1B\",\"caption\":false,\"created_timestamp\":\"5 f\\u00e9vrier 2024 14 h 29 min\",\"copyright\":false,\"focal_length\":\"4.75 mm\",\"iso\":64,\"shutter_speed\":\"1\\\/100 sec\",\"flash\":false,\"title\":false,\"keywords\":false,\"width\":1080,\"height\":1444,\"saved\":true,\"thumbnail\":{\"width\":299,\"height\":400},\"webview\":{\"0\":1080,\"1\":1444,\"2\":2,\"3\":\"width=\\\"1080\\\" height=\\\"1444\\\"\",\"bits\":8,\"channels\":3,\"mime\":\"image\\\/jpeg\"}}},{\"pid\":\"18762\",\"filename\":\"sart-messire-guillaume_04.jpg\",\"description\":\"\",\"alttext\":\"\",\"link\":null,\"imagedate\":\"2024-02-05 14:29:54\",\"hitcounter\":\"36\",\"total_value\":\"0\",\"total_votes\":\"0\",\"meta_data\":{\"aperture\":\"F 1.8\",\"credit\":false,\"camera\":\"MAR-LX1B\",\"caption\":false,\"created_timestamp\":\"5 f\\u00e9vrier 2024 14 h 29 min\",\"copyright\":false,\"focal_length\":\"4.75 mm\",\"iso\":50,\"shutter_speed\":\"1\\\/160 sec\",\"flash\":false,\"title\":false,\"keywords\":false,\"width\":1080,\"height\":1444,\"saved\":true,\"thumbnail\":{\"width\":299,\"height\":400},\"webview\":{\"0\":1080,\"1\":1444,\"2\":2,\"3\":\"width=\\\"1080\\\" height=\\\"1444\\\"\",\"bits\":8,\"channels\":3,\"mime\":\"image\\\/jpeg\"}}},{\"pid\":\"18763\",\"filename\":\"sart-messire-guillaume_05.jpg\",\"description\":\"\",\"alttext\":\"\",\"link\":null,\"imagedate\":\"2024-02-05 14:37:24\",\"hitcounter\":\"36\",\"total_value\":\"0\",\"total_votes\":\"0\",\"meta_data\":{\"aperture\":\"F 1.8\",\"credit\":false,\"camera\":\"MAR-LX1B\",\"caption\":false,\"created_timestamp\":\"5 f\\u00e9vrier 2024 14 h 37 min\",\"copyright\":false,\"focal_length\":\"4.75 mm\",\"iso\":200,\"shutter_speed\":\"1\\\/100 sec\",\"flash\":false,\"title\":false,\"keywords\":false,\"width\":1080,\"height\":1444,\"saved\":true,\"thumbnail\":{\"width\":299,\"height\":400},\"webview\":{\"0\":1080,\"1\":1444,\"2\":2,\"3\":\"width=\\\"1080\\\" height=\\\"1444\\\"\",\"bits\":8,\"channels\":3,\"mime\":\"image\\\/jpeg\"}}},{\"pid\":\"18764\",\"filename\":\"sart-messire-guillaume_06.jpg\",\"description\":\"\",\"alttext\":\"\",\"link\":null,\"imagedate\":\"2024-02-05 14:37:26\",\"hitcounter\":\"32\",\"total_value\":\"0\",\"total_votes\":\"0\",\"meta_data\":{\"aperture\":\"F 1.8\",\"credit\":false,\"camera\":\"MAR-LX1B\",\"caption\":false,\"created_timestamp\":\"5 f\\u00e9vrier 2024 14 h 37 min\",\"copyright\":false,\"focal_length\":\"4.75 mm\",\"iso\":200,\"shutter_speed\":\"1\\\/100 sec\",\"flash\":false,\"title\":false,\"keywords\":false,\"width\":1080,\"height\":1444,\"saved\":true,\"thumbnail\":{\"width\":299,\"height\":400},\"webview\":{\"0\":1080,\"1\":1444,\"2\":2,\"3\":\"width=\\\"1080\\\" height=\\\"1444\\\"\",\"bits\":8,\"channels\":3,\"mime\":\"image\\\/jpeg\"}}},{\"pid\":\"18765\",\"filename\":\"sart-messire-guillaume_07.jpg\",\"description\":\"\",\"alttext\":\"\",\"link\":null,\"imagedate\":\"2024-02-05 14:39:01\",\"hitcounter\":\"34\",\"total_value\":\"0\",\"total_votes\":\"0\",\"meta_data\":{\"aperture\":\"F 1.8\",\"credit\":false,\"camera\":\"MAR-LX1B\",\"caption\":false,\"created_timestamp\":\"5 f\\u00e9vrier 2024 14 h 39 min\",\"copyright\":false,\"focal_length\":\"4.75 mm\",\"iso\":160,\"shutter_speed\":\"1\\\/710 sec\",\"flash\":false,\"title\":false,\"keywords\":false,\"width\":1080,\"height\":1444,\"saved\":true,\"thumbnail\":{\"width\":299,\"height\":400},\"webview\":{\"0\":1080,\"1\":1444,\"2\":2,\"3\":\"width=\\\"1080\\\" height=\\\"1444\\\"\",\"bits\":8,\"channels\":3,\"mime\":\"image\\\/jpeg\"}}},{\"pid\":\"18766\",\"filename\":\"sart-messire-guillaume_08.jpg\",\"description\":\"\",\"alttext\":\"\",\"link\":null,\"imagedate\":\"2024-02-05 14:52:50\",\"hitcounter\":\"34\",\"total_value\":\"0\",\"total_votes\":\"0\",\"meta_data\":{\"aperture\":\"F 1.8\",\"credit\":false,\"camera\":\"MAR-LX1B\",\"caption\":false,\"created_timestamp\":\"5 f\\u00e9vrier 2024 14 h 52 min\",\"copyright\":false,\"focal_length\":\"4.75 mm\",\"iso\":50,\"shutter_speed\":\"1\\\/180 sec\",\"flash\":false,\"title\":false,\"keywords\":false,\"width\":1080,\"height\":1444,\"saved\":true,\"thumbnail\":{\"width\":299,\"height\":400},\"webview\":{\"0\":1080,\"1\":1444,\"2\":2,\"3\":\"width=\\\"1080\\\" height=\\\"1444\\\"\",\"bits\":8,\"channels\":3,\"mime\":\"image\\\/jpeg\"}}}]}], };})();<\/script><\/div><noscript id=\"noscript_FlaGallery_sc1_1304\"><img class=\"skip-lazy no-lazyload noLazy\" data-lazy-src=\"\" src =\"https:\/\/baudhost.be\/wordpress\/wp-content\/flagallery\/ewal_24_smg\/sart-messire-guillaume_01.jpg\" alt=\"\" \/><img class=\"skip-lazy no-lazyload noLazy\" data-lazy-src=\"\" src =\"https:\/\/baudhost.be\/wordpress\/wp-content\/flagallery\/ewal_24_smg\/sart-messire-guillaume_02.jpg\" alt=\"\" \/><img class=\"skip-lazy no-lazyload noLazy\" data-lazy-src=\"\" src =\"https:\/\/baudhost.be\/wordpress\/wp-content\/flagallery\/ewal_24_smg\/sart-messire-guillaume_03.jpg\" alt=\"\" \/><img class=\"skip-lazy no-lazyload noLazy\" data-lazy-src=\"\" src =\"https:\/\/baudhost.be\/wordpress\/wp-content\/flagallery\/ewal_24_smg\/sart-messire-guillaume_04.jpg\" alt=\"\" \/><img class=\"skip-lazy no-lazyload noLazy\" data-lazy-src=\"\" src =\"https:\/\/baudhost.be\/wordpress\/wp-content\/flagallery\/ewal_24_smg\/sart-messire-guillaume_05.jpg\" alt=\"\" \/><img class=\"skip-lazy no-lazyload noLazy\" data-lazy-src=\"\" src =\"https:\/\/baudhost.be\/wordpress\/wp-content\/flagallery\/ewal_24_smg\/sart-messire-guillaume_06.jpg\" alt=\"\" \/><img class=\"skip-lazy no-lazyload noLazy\" data-lazy-src=\"\" src =\"https:\/\/baudhost.be\/wordpress\/wp-content\/flagallery\/ewal_24_smg\/sart-messire-guillaume_07.jpg\" alt=\"\" \/><img class=\"skip-lazy no-lazyload noLazy\" data-lazy-src=\"\" src =\"https:\/\/baudhost.be\/wordpress\/wp-content\/flagallery\/ewal_24_smg\/sart-messire-guillaume_08.jpg\" alt=\"\" \/><\/noscript><\/div>\n\n\n\n<hr class=\"wp-block-separator has-css-opacity\"\/>\n\n\n\n<h2 class=\"wp-block-heading\" id=\"description-de-la-randonnee\"><strong>Description de la randonn\u00e9e<\/strong><\/h2>\n\n\n\n<p>Bonjour \u00e0 toutes et tous.<\/p>\n\n\n\n<p>Voici donc quelques photos de votre balade de ce lundi 5 f\u00e9vrier autour de Sart-Messire-Guillaume. Merci \u00e0 Martine pour le guidage sur son parcours.<\/p>\n\n\n\n<p>Merci \u00e0 Mich\u00e8le pour le partage de ses quelques photos.<\/p>\n\n\n\n<p>Bonne semaine \u00e0 toutes et tous.<\/p>\n\n\n\n<p><\/p>\n\n\n\n<hr class=\"wp-block-separator has-css-opacity\"\/>\n\n\n<p><!--StartFragment--><\/p>\n<p><!--StartFragment--><\/p>\n\n\n<p><\/p>\n","protected":false},"excerpt":{"rendered":"<p>Quelques photos prises durant la Balade \u00c9n\u00e9o Walhain \u00e0 Sart-Messire-Guillaume &#8211; 5 f\u00e9vrier 2024 Description de la randonn\u00e9e Bonjour \u00e0 toutes et tous. Voici donc quelques photos de votre balade de ce lundi 5 f\u00e9vrier autour de Sart-Messire-Guillaume. Merci \u00e0 Martine pour le guidage sur son parcours. Merci \u00e0 Mich\u00e8le pour le partage de ses &hellip; <\/p>\n<p class=\"link-more\"><a href=\"https:\/\/baudhost.be\/wordpress\/2024-2\/fevrier-2024\/ewal_24_sart-messire-guillaume\/\" class=\"more-link\">Continuer la lecture<span class=\"screen-reader-text\"> de &laquo;&nbsp;EWal_24_Sart-Messire-Guillaume&nbsp;&raquo;<\/span><\/a><\/p>\n","protected":false},"author":1,"featured_media":0,"parent":11279,"menu_order":0,"comment_status":"closed","ping_status":"closed","template":"","meta":{"footnotes":""},"class_list":["post-11283","page","type-page","status-publish","hentry"],"_links":{"self":[{"href":"https:\/\/baudhost.be\/wordpress\/wp-json\/wp\/v2\/pages\/11283","targetHints":{"allow":["GET"]}}],"collection":[{"href":"https:\/\/baudhost.be\/wordpress\/wp-json\/wp\/v2\/pages"}],"about":[{"href":"https:\/\/baudhost.be\/wordpress\/wp-json\/wp\/v2\/types\/page"}],"author":[{"embeddable":true,"href":"https:\/\/baudhost.be\/wordpress\/wp-json\/wp\/v2\/users\/1"}],"replies":[{"embeddable":true,"href":"https:\/\/baudhost.be\/wordpress\/wp-json\/wp\/v2\/comments?post=11283"}],"version-history":[{"count":3,"href":"https:\/\/baudhost.be\/wordpress\/wp-json\/wp\/v2\/pages\/11283\/revisions"}],"predecessor-version":[{"id":11286,"href":"https:\/\/baudhost.be\/wordpress\/wp-json\/wp\/v2\/pages\/11283\/revisions\/11286"}],"up":[{"embeddable":true,"href":"https:\/\/baudhost.be\/wordpress\/wp-json\/wp\/v2\/pages\/11279"}],"wp:attachment":[{"href":"https:\/\/baudhost.be\/wordpress\/wp-json\/wp\/v2\/media?parent=11283"}],"curies":[{"name":"wp","href":"https:\/\/api.w.org\/{rel}","templated":true}]}}