{"id":11257,"date":"2024-01-16T12:30:01","date_gmt":"2024-01-16T11:30:01","guid":{"rendered":"https:\/\/baudhost.be\/wordpress\/?page_id=11257"},"modified":"2024-01-16T12:35:40","modified_gmt":"2024-01-16T11:35:40","slug":"ewal_24_dion","status":"publish","type":"page","link":"https:\/\/baudhost.be\/wordpress\/2024-2\/janvier-2024\/ewal_24_dion\/","title":{"rendered":"EWal_24_Dion"},"content":{"rendered":"<div class=\"wp-block-image\">\n<figure class=\"aligncenter size-full\"><img loading=\"lazy\" decoding=\"async\" width=\"481\" height=\"124\" src=\"https:\/\/baudhost.be\/wordpress\/wp-content\/uploads\/2020\/01\/eneo_ucp_walhain2.jpg\" alt=\"\" class=\"wp-image-295\" srcset=\"https:\/\/baudhost.be\/wordpress\/wp-content\/uploads\/2020\/01\/eneo_ucp_walhain2.jpg 481w, https:\/\/baudhost.be\/wordpress\/wp-content\/uploads\/2020\/01\/eneo_ucp_walhain2-300x77.jpg 300w\" sizes=\"auto, (max-width: 481px) 100vw, 481px\" \/><\/figure>\n<\/div>\n\n\n<div class=\"wp-block-columns is-layout-flex wp-container-core-columns-is-layout-9d6595d7 wp-block-columns-is-layout-flex\">\n<div class=\"wp-block-column is-layout-flow wp-block-column-is-layout-flow\" style=\"flex-basis:15%\"><div class=\"wp-block-image\">\n<figure class=\"aligncenter size-large\"><img loading=\"lazy\" decoding=\"async\" width=\"137\" height=\"86\" src=\"https:\/\/baudhost.be\/wordpress\/wp-content\/uploads\/2020\/01\/diaporama.jpg\" alt=\"\" class=\"wp-image-8\"\/><\/figure>\n<\/div><\/div>\n\n\n\n<div class=\"wp-block-column is-layout-flow wp-block-column-is-layout-flow\" style=\"flex-basis:85%\">\n<p class=\"has-text-align-center\">Quelques photos prises durant la Balade \u00c9n\u00e9o Walhain<\/p>\n\n\n\n<p class=\"has-text-align-center\">\u00e0 <strong>Dion-le-Val <\/strong>&#8211;<strong> <\/strong>15 janvier 2024 <\/p>\n<\/div>\n<\/div>\n\n\n\n<div class=\"wp-block-flagallery-gallery flagallery-shortcode\"><div class=\"flagallery flaslider_skin\" id=\"FlaGallery_sc1_1301\" ><script type=\"text\/javascript\">(function(){this['FlaGallery_sc1_1301']={'settings':{\"sliderHeightRetio\":\"0.7\",\"sliderPreloaderColor\":\"#ffffff\",\"sliderBgColor\":\"rgba(39, 137, 12, 0.9)\",\"sliderHeaderFooterBgColor\":\"rgba(123, 222, 76, 0.4)\",\"sliderNavigationColor\":\"rgba(0,0,0,1)\",\"sliderNavigationIconColor\":\"rgba(255,255,255,1)\",\"sliderItemDescriptionBlock\":\"1\",\"sliderItemTitleFontSize\":\"18\",\"sliderItemTitleTextColor\":\"#ffffff\",\"sliderItemDescriptionFontSize\":\"14\",\"sliderItemDescriptionTextColor\":\"#969696\",\"sliderThumbBarEnable\":\"1\",\"sliderThumbBarHoverColor\":\"#ffffff\",\"sliderThumbSubMenuBackgroundColor\":\"rgba(0,0,0,1)\",\"sliderThumbSubMenuBackgroundColorOver\":\"rgba(255,255,255,1)\",\"sliderThumbSubMenuIconColor\":\"rgba(255,255,255,1)\",\"sliderThumbSubMenuIconHoverColor\":\"rgba(0,0,0,1)\",\"sliderPlayButton\":\"1\",\"sliderZoomButton\":\"1\",\"sliderFullScreen\":\"1\",\"sliderInfoEnable\":\"0\",\"sliderItemDownload\":\"1\",\"sliderSocialShareEnabled\":\"0\",\"sliderLikesEnabled\":\"0\",\"sliderSlideshowEneble\":\"0\",\"slideshowDelay\":\"8\",\"slideshowProgressBarColor\":\"rgba(255,255,255,1)\",\"slideshowProgressBarBGColor\":\"rgba(49,49,49,1)\",\"modaBgColor\":\"rgba(0,0,0,0.9)\",\"modalInfoBoxBgColor\":\"rgba(255,255,255,1)\",\"modalInfoBoxTitleTextColor\":\"#000000\",\"shareTitlePlaceHolder\":\"Share\",\"modalInfoBoxTextColor\":\"#333333\",\"infoBarExifEnable\":\"1\",\"infoBarCountersEnable\":\"1\",\"infoBarDateInfoEnable\":\"1\",\"customCSS\":\"\",\"key\":\"9fc7390f4f41450289e16b954c57b145\",\"name\":\"GRANDPackPlus\",\"galleryID\":\"sc1_1301\",\"post_url\":\"https:\\\/\\\/baudhost.be\\\/wordpress\\\/wp-json\\\/wp\\\/v2\\\/pages\\\/11257\",\"module_url\":\"https:\\\/\\\/baudhost.be\\\/wordpress\\\/wp-content\\\/plugins\\\/flagallery-skins\\\/flaslider\\\/\"}, 'data':[{\"gallery\":{\"gid\":\"1301\",\"name\":\"ewal_24_dion\",\"path\":\"https:\\\/\\\/baudhost.be\\\/wordpress\\\/wp-content\\\/flagallery\\\/ewal_24_dion\",\"title\":\"EWal_24_Dion\",\"galdesc\":\"\"},\"data\":[{\"pid\":\"18735\",\"filename\":\"ewal_24_dion_01.jpg\",\"description\":\"\",\"alttext\":\"\",\"link\":\"\",\"imagedate\":\"2024-01-15 15:05:05\",\"hitcounter\":\"71\",\"total_value\":\"0\",\"total_votes\":\"0\",\"meta_data\":{\"aperture\":\"F 2.2\",\"credit\":false,\"camera\":\"iPhone SE (1st generation)\",\"caption\":false,\"created_timestamp\":\"15 janvier 2024 15 h 05 min\",\"copyright\":false,\"focal_length\":\"4.15 mm\",\"iso\":25,\"shutter_speed\":\"1\\\/110 sec\",\"flash\":\"Not fired\",\"title\":false,\"keywords\":false,\"width\":640,\"height\":480,\"saved\":true,\"thumbnail\":{\"width\":400,\"height\":300},\"webview\":{\"0\":640,\"1\":480,\"2\":2,\"3\":\"width=\\\"640\\\" height=\\\"480\\\"\",\"bits\":8,\"channels\":3,\"mime\":\"image\\\/jpeg\"}}},{\"pid\":\"18736\",\"filename\":\"ewal_24_dion_02.jpg\",\"description\":\"\",\"alttext\":\"\",\"link\":\"\",\"imagedate\":\"2024-01-15 15:05:19\",\"hitcounter\":\"41\",\"total_value\":\"0\",\"total_votes\":\"0\",\"meta_data\":{\"aperture\":\"F 2.2\",\"credit\":false,\"camera\":\"iPhone SE (1st generation)\",\"caption\":false,\"created_timestamp\":\"15 janvier 2024 15 h 05 min\",\"copyright\":false,\"focal_length\":\"4.15 mm\",\"iso\":40,\"shutter_speed\":\"1\\\/30 sec\",\"flash\":\"Not fired\",\"title\":false,\"keywords\":false,\"width\":480,\"height\":640,\"saved\":true,\"thumbnail\":{\"width\":300,\"height\":400},\"webview\":{\"0\":480,\"1\":640,\"2\":2,\"3\":\"width=\\\"480\\\" height=\\\"640\\\"\",\"bits\":8,\"channels\":3,\"mime\":\"image\\\/jpeg\"}}},{\"pid\":\"18737\",\"filename\":\"ewal_24_dion_03.jpg\",\"description\":\"\",\"alttext\":\"\",\"link\":\"\",\"imagedate\":\"2024-01-15 15:05:29\",\"hitcounter\":\"41\",\"total_value\":\"0\",\"total_votes\":\"0\",\"meta_data\":{\"aperture\":\"F 2.2\",\"credit\":false,\"camera\":\"iPhone SE (1st generation)\",\"caption\":false,\"created_timestamp\":\"15 janvier 2024 15 h 05 min\",\"copyright\":false,\"focal_length\":\"4.15 mm\",\"iso\":25,\"shutter_speed\":\"1\\\/50 sec\",\"flash\":\"Not fired\",\"title\":false,\"keywords\":false,\"width\":640,\"height\":480,\"saved\":true,\"thumbnail\":{\"width\":400,\"height\":300},\"webview\":{\"0\":640,\"1\":480,\"2\":2,\"3\":\"width=\\\"640\\\" height=\\\"480\\\"\",\"bits\":8,\"channels\":3,\"mime\":\"image\\\/jpeg\"}}},{\"pid\":\"18738\",\"filename\":\"ewal_24_dion_04.jpg\",\"description\":\"\",\"alttext\":\"\",\"link\":\"\",\"imagedate\":\"2024-01-15 15:06:14\",\"hitcounter\":\"39\",\"total_value\":\"0\",\"total_votes\":\"0\",\"meta_data\":{\"aperture\":\"F 2.2\",\"credit\":false,\"camera\":\"iPhone SE (1st generation)\",\"caption\":false,\"created_timestamp\":\"15 janvier 2024 15 h 06 min\",\"copyright\":false,\"focal_length\":\"4.15 mm\",\"iso\":40,\"shutter_speed\":\"1\\\/100 sec\",\"flash\":\"Not fired\",\"title\":false,\"keywords\":false,\"width\":480,\"height\":640,\"saved\":true,\"thumbnail\":{\"width\":300,\"height\":400},\"webview\":{\"0\":480,\"1\":640,\"2\":2,\"3\":\"width=\\\"480\\\" height=\\\"640\\\"\",\"bits\":8,\"channels\":3,\"mime\":\"image\\\/jpeg\"}}},{\"pid\":\"18739\",\"filename\":\"ewal_24_dion_05.jpg\",\"description\":\"\",\"alttext\":\"\",\"link\":\"\",\"imagedate\":\"2024-01-15 15:08:43\",\"hitcounter\":\"38\",\"total_value\":\"0\",\"total_votes\":\"0\",\"meta_data\":{\"aperture\":\"F 2.2\",\"credit\":false,\"camera\":\"iPhone SE (1st generation)\",\"caption\":false,\"created_timestamp\":\"15 janvier 2024 15 h 08 min\",\"copyright\":false,\"focal_length\":\"4.15 mm\",\"iso\":25,\"shutter_speed\":\"1\\\/100 sec\",\"flash\":\"Not fired\",\"title\":false,\"keywords\":false,\"width\":640,\"height\":480,\"saved\":true,\"thumbnail\":{\"width\":400,\"height\":300},\"webview\":{\"0\":640,\"1\":480,\"2\":2,\"3\":\"width=\\\"640\\\" height=\\\"480\\\"\",\"bits\":8,\"channels\":3,\"mime\":\"image\\\/jpeg\"}}},{\"pid\":\"18740\",\"filename\":\"ewal_24_dion_06.jpg\",\"description\":\"\",\"alttext\":\"\",\"link\":\"\",\"imagedate\":\"2024-01-15 15:10:03\",\"hitcounter\":\"36\",\"total_value\":\"0\",\"total_votes\":\"0\",\"meta_data\":{\"aperture\":\"F 2.2\",\"credit\":false,\"camera\":\"iPhone SE (1st generation)\",\"caption\":false,\"created_timestamp\":\"15 janvier 2024 15 h 10 min\",\"copyright\":false,\"focal_length\":\"4.15 mm\",\"iso\":32,\"shutter_speed\":\"1\\\/30 sec\",\"flash\":\"Not fired\",\"title\":false,\"keywords\":false,\"width\":640,\"height\":480,\"saved\":true,\"thumbnail\":{\"width\":400,\"height\":300},\"webview\":{\"0\":640,\"1\":480,\"2\":2,\"3\":\"width=\\\"640\\\" height=\\\"480\\\"\",\"bits\":8,\"channels\":3,\"mime\":\"image\\\/jpeg\"}}},{\"pid\":\"18741\",\"filename\":\"ewal_24_dion_07.jpg\",\"description\":\"\",\"alttext\":\"\",\"link\":\"\",\"imagedate\":\"2024-01-15 15:07:05\",\"hitcounter\":\"34\",\"total_value\":\"0\",\"total_votes\":\"0\",\"meta_data\":{\"aperture\":\"F 2.4\",\"credit\":false,\"camera\":\"SM-S901B\",\"caption\":false,\"created_timestamp\":\"15 janvier 2024 15 h 07 min\",\"copyright\":false,\"focal_length\":\"7 mm\",\"iso\":64,\"shutter_speed\":\"1\\\/50 sec\",\"flash\":false,\"title\":false,\"keywords\":false,\"width\":605,\"height\":1080,\"saved\":true,\"thumbnail\":{\"width\":224,\"height\":400},\"webview\":{\"0\":605,\"1\":1080,\"2\":2,\"3\":\"width=\\\"605\\\" height=\\\"1080\\\"\",\"bits\":8,\"channels\":3,\"mime\":\"image\\\/jpeg\"}}},{\"pid\":\"18742\",\"filename\":\"ewal_24_dion_08.jpg\",\"description\":\"\",\"alttext\":\"\",\"link\":\"\",\"imagedate\":\"2024-01-15 15:07:28\",\"hitcounter\":\"34\",\"total_value\":\"0\",\"total_votes\":\"0\",\"meta_data\":{\"aperture\":\"F 2.4\",\"credit\":false,\"camera\":\"SM-S901B\",\"caption\":false,\"created_timestamp\":\"15 janvier 2024 15 h 07 min\",\"copyright\":false,\"focal_length\":\"7 mm\",\"iso\":160,\"shutter_speed\":\"1\\\/50 sec\",\"flash\":false,\"title\":false,\"keywords\":false,\"width\":605,\"height\":1080,\"saved\":true,\"thumbnail\":{\"width\":224,\"height\":400},\"webview\":{\"0\":605,\"1\":1080,\"2\":2,\"3\":\"width=\\\"605\\\" height=\\\"1080\\\"\",\"bits\":8,\"channels\":3,\"mime\":\"image\\\/jpeg\"}}},{\"pid\":\"18743\",\"filename\":\"ewal_24_dion_09.jpg\",\"description\":\"\",\"alttext\":\"\",\"link\":\"\",\"imagedate\":\"2024-01-15 15:08:21\",\"hitcounter\":\"33\",\"total_value\":\"0\",\"total_votes\":\"0\",\"meta_data\":{\"aperture\":\"F 1.8\",\"credit\":false,\"camera\":\"SM-S901B\",\"caption\":false,\"created_timestamp\":\"15 janvier 2024 15 h 08 min\",\"copyright\":false,\"focal_length\":\"5.4 mm\",\"iso\":320,\"shutter_speed\":\"1\\\/100 sec\",\"flash\":false,\"title\":false,\"keywords\":false,\"width\":1918,\"height\":1080,\"saved\":true,\"thumbnail\":{\"width\":400,\"height\":225},\"webview\":{\"0\":1918,\"1\":1080,\"2\":2,\"3\":\"width=\\\"1918\\\" height=\\\"1080\\\"\",\"bits\":8,\"channels\":3,\"mime\":\"image\\\/jpeg\"}}},{\"pid\":\"18744\",\"filename\":\"ewal_24_dion_10.jpg\",\"description\":\"\",\"alttext\":\"\",\"link\":\"\",\"imagedate\":\"2024-01-15 15:08:37\",\"hitcounter\":\"33\",\"total_value\":\"0\",\"total_votes\":\"0\",\"meta_data\":{\"aperture\":\"F 1.8\",\"credit\":false,\"camera\":\"SM-S901B\",\"caption\":false,\"created_timestamp\":\"15 janvier 2024 15 h 08 min\",\"copyright\":false,\"focal_length\":\"5.4 mm\",\"iso\":125,\"shutter_speed\":\"1\\\/100 sec\",\"flash\":false,\"title\":false,\"keywords\":false,\"width\":1918,\"height\":1080,\"saved\":true,\"thumbnail\":{\"width\":400,\"height\":225},\"webview\":{\"0\":1918,\"1\":1080,\"2\":2,\"3\":\"width=\\\"1918\\\" height=\\\"1080\\\"\",\"bits\":8,\"channels\":3,\"mime\":\"image\\\/jpeg\"}}},{\"pid\":\"18745\",\"filename\":\"ewal_24_dion_11.jpg\",\"description\":\"\",\"alttext\":\"\",\"link\":\"\",\"imagedate\":\"2024-01-15 15:09:35\",\"hitcounter\":\"31\",\"total_value\":\"0\",\"total_votes\":\"0\",\"meta_data\":{\"aperture\":\"F 1.8\",\"credit\":false,\"camera\":\"SM-S901B\",\"caption\":false,\"created_timestamp\":\"15 janvier 2024 15 h 09 min\",\"copyright\":false,\"focal_length\":\"5.4 mm\",\"iso\":64,\"shutter_speed\":\"1\\\/180 sec\",\"flash\":false,\"title\":false,\"keywords\":false,\"width\":1918,\"height\":1080,\"saved\":true,\"thumbnail\":{\"width\":400,\"height\":225},\"webview\":{\"0\":1918,\"1\":1080,\"2\":2,\"3\":\"width=\\\"1918\\\" height=\\\"1080\\\"\",\"bits\":8,\"channels\":3,\"mime\":\"image\\\/jpeg\"}}}]}], };})();<\/script><\/div><noscript id=\"noscript_FlaGallery_sc1_1301\"><img class=\"skip-lazy no-lazyload noLazy\" data-lazy-src=\"\" src =\"https:\/\/baudhost.be\/wordpress\/wp-content\/flagallery\/ewal_24_dion\/ewal_24_dion_01.jpg\" alt=\"\" \/><img class=\"skip-lazy no-lazyload noLazy\" data-lazy-src=\"\" src =\"https:\/\/baudhost.be\/wordpress\/wp-content\/flagallery\/ewal_24_dion\/ewal_24_dion_02.jpg\" alt=\"\" \/><img class=\"skip-lazy no-lazyload noLazy\" data-lazy-src=\"\" src =\"https:\/\/baudhost.be\/wordpress\/wp-content\/flagallery\/ewal_24_dion\/ewal_24_dion_03.jpg\" alt=\"\" \/><img class=\"skip-lazy no-lazyload noLazy\" data-lazy-src=\"\" src =\"https:\/\/baudhost.be\/wordpress\/wp-content\/flagallery\/ewal_24_dion\/ewal_24_dion_04.jpg\" alt=\"\" \/><img class=\"skip-lazy no-lazyload noLazy\" data-lazy-src=\"\" src =\"https:\/\/baudhost.be\/wordpress\/wp-content\/flagallery\/ewal_24_dion\/ewal_24_dion_05.jpg\" alt=\"\" \/><img class=\"skip-lazy no-lazyload noLazy\" data-lazy-src=\"\" src =\"https:\/\/baudhost.be\/wordpress\/wp-content\/flagallery\/ewal_24_dion\/ewal_24_dion_06.jpg\" alt=\"\" \/><img class=\"skip-lazy no-lazyload noLazy\" data-lazy-src=\"\" src =\"https:\/\/baudhost.be\/wordpress\/wp-content\/flagallery\/ewal_24_dion\/ewal_24_dion_07.jpg\" alt=\"\" \/><img class=\"skip-lazy no-lazyload noLazy\" data-lazy-src=\"\" src =\"https:\/\/baudhost.be\/wordpress\/wp-content\/flagallery\/ewal_24_dion\/ewal_24_dion_08.jpg\" alt=\"\" \/><img class=\"skip-lazy no-lazyload noLazy\" data-lazy-src=\"\" src =\"https:\/\/baudhost.be\/wordpress\/wp-content\/flagallery\/ewal_24_dion\/ewal_24_dion_09.jpg\" alt=\"\" \/><img class=\"skip-lazy no-lazyload noLazy\" data-lazy-src=\"\" src =\"https:\/\/baudhost.be\/wordpress\/wp-content\/flagallery\/ewal_24_dion\/ewal_24_dion_10.jpg\" alt=\"\" \/><img class=\"skip-lazy no-lazyload noLazy\" data-lazy-src=\"\" src =\"https:\/\/baudhost.be\/wordpress\/wp-content\/flagallery\/ewal_24_dion\/ewal_24_dion_11.jpg\" alt=\"\" \/><\/noscript><\/div>\n\n\n\n<hr class=\"wp-block-separator has-css-opacity\"\/>\n\n\n\n<h2 class=\"wp-block-heading\" id=\"description-de-la-randonnee\"><strong>Description de la randonn\u00e9e<\/strong><\/h2>\n\n\n\n<p>Bonjour \u00e0 toutes et tous.<\/p>\n\n\n\n<p>Voici donc quelques photos de votre balade de ce lundi 15 janvier autour de Dion-le-Val.<\/p>\n\n\n\n<p>Merci \u00e0 C\u00e9cile et \u00e0 Fran\u00e7oise pour le partage de leur vision.<\/p>\n\n\n\n<p>Bonne semaine \u00e0 toutes et tous.<\/p>\n\n\n\n<p><\/p>\n\n\n\n<hr class=\"wp-block-separator has-css-opacity\"\/>\n\n\n<p><!--StartFragment--><\/p>\n<p><!--StartFragment--><\/p>\n\n\n<p><\/p>\n","protected":false},"excerpt":{"rendered":"<p>Quelques photos prises durant la Balade \u00c9n\u00e9o Walhain \u00e0 Dion-le-Val &#8211; 15 janvier 2024 Description de la randonn\u00e9e Bonjour \u00e0 toutes et tous. Voici donc quelques photos de votre balade de ce lundi 15 janvier autour de Dion-le-Val. Merci \u00e0 C\u00e9cile et \u00e0 Fran\u00e7oise pour le partage de leur vision. Bonne semaine \u00e0 toutes et &hellip; <\/p>\n<p class=\"link-more\"><a href=\"https:\/\/baudhost.be\/wordpress\/2024-2\/janvier-2024\/ewal_24_dion\/\" class=\"more-link\">Continuer la lecture<span class=\"screen-reader-text\"> de &laquo;&nbsp;EWal_24_Dion&nbsp;&raquo;<\/span><\/a><\/p>\n","protected":false},"author":1,"featured_media":0,"parent":11243,"menu_order":0,"comment_status":"closed","ping_status":"closed","template":"","meta":{"footnotes":""},"class_list":["post-11257","page","type-page","status-publish","hentry"],"_links":{"self":[{"href":"https:\/\/baudhost.be\/wordpress\/wp-json\/wp\/v2\/pages\/11257","targetHints":{"allow":["GET"]}}],"collection":[{"href":"https:\/\/baudhost.be\/wordpress\/wp-json\/wp\/v2\/pages"}],"about":[{"href":"https:\/\/baudhost.be\/wordpress\/wp-json\/wp\/v2\/types\/page"}],"author":[{"embeddable":true,"href":"https:\/\/baudhost.be\/wordpress\/wp-json\/wp\/v2\/users\/1"}],"replies":[{"embeddable":true,"href":"https:\/\/baudhost.be\/wordpress\/wp-json\/wp\/v2\/comments?post=11257"}],"version-history":[{"count":4,"href":"https:\/\/baudhost.be\/wordpress\/wp-json\/wp\/v2\/pages\/11257\/revisions"}],"predecessor-version":[{"id":11261,"href":"https:\/\/baudhost.be\/wordpress\/wp-json\/wp\/v2\/pages\/11257\/revisions\/11261"}],"up":[{"embeddable":true,"href":"https:\/\/baudhost.be\/wordpress\/wp-json\/wp\/v2\/pages\/11243"}],"wp:attachment":[{"href":"https:\/\/baudhost.be\/wordpress\/wp-json\/wp\/v2\/media?parent=11257"}],"curies":[{"name":"wp","href":"https:\/\/api.w.org\/{rel}","templated":true}]}}