{"id":11248,"date":"2024-01-09T10:18:04","date_gmt":"2024-01-09T09:18:04","guid":{"rendered":"https:\/\/baudhost.be\/wordpress\/?page_id=11248"},"modified":"2024-01-09T10:29:15","modified_gmt":"2024-01-09T09:29:15","slug":"ewal_24_blanmont","status":"publish","type":"page","link":"https:\/\/baudhost.be\/wordpress\/2024-2\/janvier-2024\/ewal_24_blanmont\/","title":{"rendered":"EWal_24_Blanmont"},"content":{"rendered":"<div class=\"wp-block-image\">\n<figure class=\"aligncenter size-full\"><img loading=\"lazy\" decoding=\"async\" width=\"481\" height=\"124\" src=\"https:\/\/baudhost.be\/wordpress\/wp-content\/uploads\/2020\/01\/eneo_ucp_walhain2.jpg\" alt=\"\" class=\"wp-image-295\" srcset=\"https:\/\/baudhost.be\/wordpress\/wp-content\/uploads\/2020\/01\/eneo_ucp_walhain2.jpg 481w, https:\/\/baudhost.be\/wordpress\/wp-content\/uploads\/2020\/01\/eneo_ucp_walhain2-300x77.jpg 300w\" sizes=\"auto, (max-width: 481px) 100vw, 481px\" \/><\/figure>\n<\/div>\n\n\n<div class=\"wp-block-columns is-layout-flex wp-container-core-columns-is-layout-9d6595d7 wp-block-columns-is-layout-flex\">\n<div class=\"wp-block-column is-layout-flow wp-block-column-is-layout-flow\" style=\"flex-basis:15%\"><div class=\"wp-block-image\">\n<figure class=\"aligncenter size-large\"><img loading=\"lazy\" decoding=\"async\" width=\"137\" height=\"86\" src=\"https:\/\/baudhost.be\/wordpress\/wp-content\/uploads\/2020\/01\/diaporama.jpg\" alt=\"\" class=\"wp-image-8\"\/><\/figure>\n<\/div><\/div>\n\n\n\n<div class=\"wp-block-column is-layout-flow wp-block-column-is-layout-flow\" style=\"flex-basis:85%\">\n<p class=\"has-text-align-center\">Quelques photos prises durant la Balade \u00c9n\u00e9o Walhain<\/p>\n\n\n\n<p class=\"has-text-align-center\">\u00e0 <strong>Blanmont <\/strong>&#8211;<strong> <\/strong>8 janvier 2024 <\/p>\n<\/div>\n<\/div>\n\n\n\n<div class=\"wp-block-flagallery-gallery flagallery-shortcode\"><div class=\"flagallery flaslider_skin\" id=\"FlaGallery_sc1_1300\" ><script type=\"text\/javascript\">(function(){this['FlaGallery_sc1_1300']={'settings':{\"sliderHeightRetio\":\"0.7\",\"sliderPreloaderColor\":\"#ffffff\",\"sliderBgColor\":\"rgba(39, 137, 12, 0.9)\",\"sliderHeaderFooterBgColor\":\"rgba(123, 222, 76, 0.4)\",\"sliderNavigationColor\":\"rgba(0,0,0,1)\",\"sliderNavigationIconColor\":\"rgba(255,255,255,1)\",\"sliderItemDescriptionBlock\":\"1\",\"sliderItemTitleFontSize\":\"18\",\"sliderItemTitleTextColor\":\"#ffffff\",\"sliderItemDescriptionFontSize\":\"14\",\"sliderItemDescriptionTextColor\":\"#969696\",\"sliderThumbBarEnable\":\"1\",\"sliderThumbBarHoverColor\":\"#ffffff\",\"sliderThumbSubMenuBackgroundColor\":\"rgba(0,0,0,1)\",\"sliderThumbSubMenuBackgroundColorOver\":\"rgba(255,255,255,1)\",\"sliderThumbSubMenuIconColor\":\"rgba(255,255,255,1)\",\"sliderThumbSubMenuIconHoverColor\":\"rgba(0,0,0,1)\",\"sliderPlayButton\":\"1\",\"sliderZoomButton\":\"1\",\"sliderFullScreen\":\"1\",\"sliderInfoEnable\":\"0\",\"sliderItemDownload\":\"1\",\"sliderSocialShareEnabled\":\"0\",\"sliderLikesEnabled\":\"0\",\"sliderSlideshowEneble\":\"0\",\"slideshowDelay\":\"8\",\"slideshowProgressBarColor\":\"rgba(255,255,255,1)\",\"slideshowProgressBarBGColor\":\"rgba(49,49,49,1)\",\"modaBgColor\":\"rgba(0,0,0,0.9)\",\"modalInfoBoxBgColor\":\"rgba(255,255,255,1)\",\"modalInfoBoxTitleTextColor\":\"#000000\",\"shareTitlePlaceHolder\":\"Share\",\"modalInfoBoxTextColor\":\"#333333\",\"infoBarExifEnable\":\"1\",\"infoBarCountersEnable\":\"1\",\"infoBarDateInfoEnable\":\"1\",\"customCSS\":\"\",\"key\":\"9fc7390f4f41450289e16b954c57b145\",\"name\":\"GRANDPackPlus\",\"galleryID\":\"sc1_1300\",\"post_url\":\"https:\\\/\\\/baudhost.be\\\/wordpress\\\/wp-json\\\/wp\\\/v2\\\/pages\\\/11248\",\"module_url\":\"https:\\\/\\\/baudhost.be\\\/wordpress\\\/wp-content\\\/plugins\\\/flagallery-skins\\\/flaslider\\\/\"}, 'data':[{\"gallery\":{\"gid\":\"1300\",\"name\":\"ewal_24_blanmont\",\"path\":\"https:\\\/\\\/baudhost.be\\\/wordpress\\\/wp-content\\\/flagallery\\\/ewal_24_blanmont\",\"title\":\"EWal_24_Blanmont\",\"galdesc\":\"\"},\"data\":[{\"pid\":\"18730\",\"filename\":\"ewal_groupe_8jan2024_01.jpg\",\"description\":\"\",\"alttext\":\"\",\"link\":null,\"imagedate\":\"2024-01-09 09:28:09\",\"hitcounter\":\"104\",\"total_value\":\"0\",\"total_votes\":\"0\",\"meta_data\":{\"aperture\":false,\"credit\":false,\"camera\":false,\"caption\":false,\"created_timestamp\":false,\"copyright\":false,\"focal_length\":false,\"iso\":false,\"shutter_speed\":false,\"flash\":false,\"title\":false,\"keywords\":false,\"width\":1171,\"height\":879,\"saved\":true,\"thumbnail\":{\"width\":400,\"height\":300},\"webview\":{\"0\":1171,\"1\":879,\"2\":2,\"3\":\"width=\\\"1171\\\" height=\\\"879\\\"\",\"bits\":8,\"channels\":3,\"mime\":\"image\\\/jpeg\"}}},{\"pid\":\"18731\",\"filename\":\"ewal_groupe_8jan2024_02.jpg\",\"description\":\"\",\"alttext\":\"\",\"link\":null,\"imagedate\":\"2024-01-08 15:53:01\",\"hitcounter\":\"47\",\"total_value\":\"0\",\"total_votes\":\"0\",\"meta_data\":{\"aperture\":\"F 1.8\",\"credit\":false,\"camera\":\"MAR-LX1B\",\"caption\":false,\"created_timestamp\":\"8 janvier 2024 15 h 53 min\",\"copyright\":false,\"focal_length\":\"4.75 mm\",\"iso\":50,\"shutter_speed\":\"1\\\/140 sec\",\"flash\":false,\"title\":false,\"keywords\":false,\"width\":810,\"height\":1080,\"saved\":true,\"thumbnail\":{\"width\":300,\"height\":400},\"webview\":{\"0\":810,\"1\":1080,\"2\":2,\"3\":\"width=\\\"810\\\" height=\\\"1080\\\"\",\"bits\":8,\"channels\":3,\"mime\":\"image\\\/jpeg\"}}},{\"pid\":\"18732\",\"filename\":\"ewal_groupe_8jan2024_03.jpg\",\"description\":\"\",\"alttext\":\"\",\"link\":null,\"imagedate\":\"2024-01-08 15:53:10\",\"hitcounter\":\"48\",\"total_value\":\"0\",\"total_votes\":\"0\",\"meta_data\":{\"aperture\":\"F 1.8\",\"credit\":false,\"camera\":\"MAR-LX1B\",\"caption\":false,\"created_timestamp\":\"8 janvier 2024 15 h 53 min\",\"copyright\":false,\"focal_length\":\"4.75 mm\",\"iso\":50,\"shutter_speed\":\"1\\\/110 sec\",\"flash\":false,\"title\":false,\"keywords\":false,\"width\":810,\"height\":1080,\"saved\":true,\"thumbnail\":{\"width\":300,\"height\":400},\"webview\":{\"0\":810,\"1\":1080,\"2\":2,\"3\":\"width=\\\"810\\\" height=\\\"1080\\\"\",\"bits\":8,\"channels\":3,\"mime\":\"image\\\/jpeg\"}}},{\"pid\":\"18733\",\"filename\":\"ewal_groupe_8jan2024_04.jpg\",\"description\":\"\",\"alttext\":\"\",\"link\":null,\"imagedate\":\"2024-01-08 15:53:19\",\"hitcounter\":\"46\",\"total_value\":\"0\",\"total_votes\":\"0\",\"meta_data\":{\"aperture\":\"F 2.4\",\"credit\":false,\"camera\":\"MAR-LX1B\",\"caption\":false,\"created_timestamp\":\"8 janvier 2024 15 h 53 min\",\"copyright\":false,\"focal_length\":\"2.699 mm\",\"iso\":50,\"shutter_speed\":\"1\\\/130 sec\",\"flash\":false,\"title\":false,\"keywords\":false,\"width\":810,\"height\":1080,\"saved\":true,\"thumbnail\":{\"width\":300,\"height\":400},\"webview\":{\"0\":810,\"1\":1080,\"2\":2,\"3\":\"width=\\\"810\\\" height=\\\"1080\\\"\",\"bits\":8,\"channels\":3,\"mime\":\"image\\\/jpeg\"}}},{\"pid\":\"18734\",\"filename\":\"ewal_groupe_8jan2024_05.jpg\",\"description\":\"\",\"alttext\":\"\",\"link\":null,\"imagedate\":\"2024-01-08 15:53:29\",\"hitcounter\":\"44\",\"total_value\":\"0\",\"total_votes\":\"0\",\"meta_data\":{\"aperture\":\"F 2.4\",\"credit\":false,\"camera\":\"MAR-LX1B\",\"caption\":false,\"created_timestamp\":\"8 janvier 2024 15 h 53 min\",\"copyright\":false,\"focal_length\":\"2.699 mm\",\"iso\":64,\"shutter_speed\":\"1\\\/100 sec\",\"flash\":false,\"title\":false,\"keywords\":false,\"width\":810,\"height\":1080,\"saved\":true,\"thumbnail\":{\"width\":300,\"height\":400},\"webview\":{\"0\":810,\"1\":1080,\"2\":2,\"3\":\"width=\\\"810\\\" height=\\\"1080\\\"\",\"bits\":8,\"channels\":3,\"mime\":\"image\\\/jpeg\"}}}]}], };})();<\/script><\/div><noscript id=\"noscript_FlaGallery_sc1_1300\"><img class=\"skip-lazy no-lazyload noLazy\" data-lazy-src=\"\" src =\"https:\/\/baudhost.be\/wordpress\/wp-content\/flagallery\/ewal_24_blanmont\/ewal_groupe_8jan2024_01.jpg\" alt=\"\" \/><img class=\"skip-lazy no-lazyload noLazy\" data-lazy-src=\"\" src =\"https:\/\/baudhost.be\/wordpress\/wp-content\/flagallery\/ewal_24_blanmont\/ewal_groupe_8jan2024_02.jpg\" alt=\"\" \/><img class=\"skip-lazy no-lazyload noLazy\" data-lazy-src=\"\" src =\"https:\/\/baudhost.be\/wordpress\/wp-content\/flagallery\/ewal_24_blanmont\/ewal_groupe_8jan2024_03.jpg\" alt=\"\" \/><img class=\"skip-lazy no-lazyload noLazy\" data-lazy-src=\"\" src =\"https:\/\/baudhost.be\/wordpress\/wp-content\/flagallery\/ewal_24_blanmont\/ewal_groupe_8jan2024_04.jpg\" alt=\"\" \/><img class=\"skip-lazy no-lazyload noLazy\" data-lazy-src=\"\" src =\"https:\/\/baudhost.be\/wordpress\/wp-content\/flagallery\/ewal_24_blanmont\/ewal_groupe_8jan2024_05.jpg\" alt=\"\" \/><\/noscript><\/div>\n\n\n\n<hr class=\"wp-block-separator has-css-opacity\"\/>\n\n\n\n<h2 class=\"wp-block-heading\" id=\"description-de-la-randonnee\"><strong>Description de la randonn\u00e9e<\/strong><\/h2>\n\n\n\n<p>Bonjour \u00e0 toutes et tous,<\/p>\n\n\n\n<p>Quel plaisir pour moi de vous revoir, et souriant en plus.<\/p>\n\n\n\n<p><strong>Bonne Ann\u00e9e 2024<\/strong> \u00e0 vous toutes et tous. Surtout une bonne sant\u00e9.<\/p>\n\n\n\n<p>Il me faudra quelques mois avant de vous rejoindre, mais ma sant\u00e9 \u00e9volue dans le bon sens.<\/p>\n\n\n\n<p>Merci \u00e0 Isabelle pour l\u2019apr\u00e8s-midi.<\/p>\n\n\n\n<p>Merci \u00e0 \u00c9tienne pour la photo du groupe, souriant malgr\u00e9 le froid \u00e0 Blanmont.<\/p>\n\n\n\n<p>Merci \u00e9galement \u00e0 Mich\u00e8le pour quelques photos de d\u00e9tails.<\/p>\n\n\n\n<p>Bonne semaine \u00e0 toutes et tous.<\/p>\n\n\n\n<hr class=\"wp-block-separator has-css-opacity\"\/>\n\n\n<p><!--StartFragment--><\/p>\n<p><!--StartFragment--><\/p>\n\n\n<p><\/p>\n","protected":false},"excerpt":{"rendered":"<p>Quelques photos prises durant la Balade \u00c9n\u00e9o Walhain \u00e0 Blanmont &#8211; 8 janvier 2024 Description de la randonn\u00e9e Bonjour \u00e0 toutes et tous, Quel plaisir pour moi de vous revoir, et souriant en plus. Bonne Ann\u00e9e 2024 \u00e0 vous toutes et tous. Surtout une bonne sant\u00e9. Il me faudra quelques mois avant de vous rejoindre, &hellip; <\/p>\n<p class=\"link-more\"><a href=\"https:\/\/baudhost.be\/wordpress\/2024-2\/janvier-2024\/ewal_24_blanmont\/\" class=\"more-link\">Continuer la lecture<span class=\"screen-reader-text\"> de &laquo;&nbsp;EWal_24_Blanmont&nbsp;&raquo;<\/span><\/a><\/p>\n","protected":false},"author":1,"featured_media":0,"parent":11243,"menu_order":0,"comment_status":"closed","ping_status":"closed","template":"","meta":{"footnotes":""},"class_list":["post-11248","page","type-page","status-publish","hentry"],"_links":{"self":[{"href":"https:\/\/baudhost.be\/wordpress\/wp-json\/wp\/v2\/pages\/11248","targetHints":{"allow":["GET"]}}],"collection":[{"href":"https:\/\/baudhost.be\/wordpress\/wp-json\/wp\/v2\/pages"}],"about":[{"href":"https:\/\/baudhost.be\/wordpress\/wp-json\/wp\/v2\/types\/page"}],"author":[{"embeddable":true,"href":"https:\/\/baudhost.be\/wordpress\/wp-json\/wp\/v2\/users\/1"}],"replies":[{"embeddable":true,"href":"https:\/\/baudhost.be\/wordpress\/wp-json\/wp\/v2\/comments?post=11248"}],"version-history":[{"count":5,"href":"https:\/\/baudhost.be\/wordpress\/wp-json\/wp\/v2\/pages\/11248\/revisions"}],"predecessor-version":[{"id":11254,"href":"https:\/\/baudhost.be\/wordpress\/wp-json\/wp\/v2\/pages\/11248\/revisions\/11254"}],"up":[{"embeddable":true,"href":"https:\/\/baudhost.be\/wordpress\/wp-json\/wp\/v2\/pages\/11243"}],"wp:attachment":[{"href":"https:\/\/baudhost.be\/wordpress\/wp-json\/wp\/v2\/media?parent=11248"}],"curies":[{"name":"wp","href":"https:\/\/api.w.org\/{rel}","templated":true}]}}