{"id":1114,"date":"2020-01-23T12:59:15","date_gmt":"2020-01-23T11:59:15","guid":{"rendered":"https:\/\/baudhost.be\/wordpress\/?page_id=1114"},"modified":"2023-02-04T16:37:00","modified_gmt":"2023-02-04T15:37:00","slug":"meteo","status":"publish","type":"page","link":"https:\/\/baudhost.be\/wordpress\/accueil\/meteo\/","title":{"rendered":"M\u00e9t\u00e9o"},"content":{"rendered":"\n<div class=\"wp-block-columns are-vertically-aligned-center is-layout-flex wp-container-core-columns-is-layout-9d6595d7 wp-block-columns-is-layout-flex\">\n<div class=\"wp-block-column is-vertically-aligned-center is-layout-flow wp-block-column-is-layout-flow\" style=\"flex-basis:25%\">\n<figure class=\"wp-block-image size-large\"><img loading=\"lazy\" decoding=\"async\" width=\"112\" height=\"80\" src=\"https:\/\/baudhost.be\/wordpress\/wp-content\/uploads\/2020\/01\/meteo_be.jpg\" alt=\"\" class=\"wp-image-1108\"\/><\/figure>\n<\/div>\n\n\n\n<div class=\"wp-block-column is-vertically-aligned-center is-layout-flow wp-block-column-is-layout-flow\" style=\"flex-basis:50%\">\n<p class=\"has-text-align-center\">Informations<strong> M\u00e9t\u00e9o<\/strong><\/p>\n<\/div>\n\n\n\n<div class=\"wp-block-column is-vertically-aligned-center is-layout-flow wp-block-column-is-layout-flow\" style=\"flex-basis:25%\">\n<figure class=\"wp-block-image size-large\"><img loading=\"lazy\" decoding=\"async\" width=\"112\" height=\"80\" src=\"https:\/\/baudhost.be\/wordpress\/wp-content\/uploads\/2020\/01\/meteo_be.jpg\" alt=\"\" class=\"wp-image-1108\"\/><\/figure>\n<\/div>\n<\/div>\n\n\n\n<div class=\"wp-block-columns are-vertically-aligned-center is-layout-flex wp-container-core-columns-is-layout-9d6595d7 wp-block-columns-is-layout-flex\">\n<div class=\"wp-block-column is-vertically-aligned-center is-layout-flow wp-block-column-is-layout-flow\" style=\"flex-basis:33.33%\">\n<figure class=\"wp-block-image size-large\"><img loading=\"lazy\" decoding=\"async\" width=\"117\" height=\"55\" src=\"https:\/\/baudhost.be\/wordpress\/wp-content\/uploads\/2020\/01\/meteo_2495.jpg\" alt=\"\" class=\"wp-image-1110\"\/><\/figure>\n<\/div>\n\n\n\n<div class=\"wp-block-column is-vertically-aligned-center is-layout-flow wp-block-column-is-layout-flow\" style=\"flex-basis:66.66%\">\n<p class=\"has-text-align-center\">via le site de <strong>M\u00e9t\u00e9o Belgique<\/strong><\/p>\n<\/div>\n<\/div>\n\n\n\n<div class=\"wp-block-columns are-vertically-aligned-center is-layout-flex wp-container-core-columns-is-layout-9d6595d7 wp-block-columns-is-layout-flex\">\n<div class=\"wp-block-column is-vertically-aligned-center is-layout-flow wp-block-column-is-layout-flow\">\n<iframe loading=\"lazy\" scrolling=\"no\" marginwidth=\"0\" marginheight=\"0\" src=\"https:\/\/www.meteobelgium.be\/service\/fr\/map\/index.php\" width=\"424\" height=\"295\" frameborder=\"0\"><\/iframe>\n<\/div>\n\n\n\n<div class=\"wp-block-column is-vertically-aligned-center is-layout-flow wp-block-column-is-layout-flow\">\n<iframe loading=\"lazy\" scrolling=\"no\" marginwidth=\"0\" marginheight=\"0\" src=\"https:\/\/www.meteobelgium.be\/service\/fr\/code3day\/index.php?code=1490&amp;type=ville&amp;choix=3\" width=\"424\" height=\"295\" frameborder=\"0\"><\/iframe>\n<\/div>\n<\/div>\n\n\n\n<div class=\"wp-block-columns is-layout-flex wp-container-core-columns-is-layout-9d6595d7 wp-block-columns-is-layout-flex\">\n<div class=\"wp-block-column is-layout-flow wp-block-column-is-layout-flow\" style=\"flex-basis:66.66%\">\n<iframe loading=\"lazy\" scrolling=\"no\" marginwidth=\"0\" marginheight=\"0\" src=\"https:\/\/www.meteo.be\/services\/widget\/.?postcode=1490&amp;nbDay=2&amp;type=4&amp;lang=fr&amp;bgImageId=4&amp;bgColor=567cd2&amp;scrolChoice=0&amp;colorTempMax=A5D6FF&amp;colorTempMin=ffffff\" width=\"424\" height=\"295\" frameborder=\"0\"><\/iframe>\n<\/div>\n\n\n\n<div class=\"wp-block-column is-layout-flow wp-block-column-is-layout-flow\" style=\"flex-basis:33.33%\">\n<figure class=\"wp-block-image size-large\"><a href=\"https:\/\/www.meteo.be\/fr\/belgique\" target=\"_blank\" rel=\"noreferrer noopener\"><img loading=\"lazy\" decoding=\"async\" width=\"61\" height=\"74\" src=\"https:\/\/baudhost.be\/wordpress\/wp-content\/uploads\/2020\/01\/meteo_2489.jpg\" alt=\"\" class=\"wp-image-1109\"\/><\/a><\/figure>\n\n\n\n<p class=\"has-text-align-center\">ou via le site de l&rsquo;<strong>IR<\/strong><strong>M<\/strong><\/p>\n<\/div>\n<\/div>\n\n\n<p><!--StartFragment--><\/p>\n<p><!--EndFragment--><\/p>\n\n\n<div class=\"wp-block-columns are-vertically-aligned-center is-layout-flex wp-container-core-columns-is-layout-9d6595d7 wp-block-columns-is-layout-flex\">\n<div class=\"wp-block-column is-vertically-aligned-center is-layout-flow wp-block-column-is-layout-flow\" style=\"flex-basis:16.67%\">\n<figure class=\"wp-block-image size-large\"><img loading=\"lazy\" decoding=\"async\" width=\"654\" height=\"1024\" src=\"https:\/\/baudhost.be\/wordpress\/wp-content\/uploads\/2020\/01\/logo_smartphone_meteo-654x1024.jpg\" alt=\"\" class=\"wp-image-1112\" srcset=\"https:\/\/baudhost.be\/wordpress\/wp-content\/uploads\/2020\/01\/logo_smartphone_meteo-654x1024.jpg 654w, https:\/\/baudhost.be\/wordpress\/wp-content\/uploads\/2020\/01\/logo_smartphone_meteo-192x300.jpg 192w, https:\/\/baudhost.be\/wordpress\/wp-content\/uploads\/2020\/01\/logo_smartphone_meteo-768x1202.jpg 768w, https:\/\/baudhost.be\/wordpress\/wp-content\/uploads\/2020\/01\/logo_smartphone_meteo-981x1536.jpg 981w, https:\/\/baudhost.be\/wordpress\/wp-content\/uploads\/2020\/01\/logo_smartphone_meteo.jpg 1080w\" sizes=\"auto, (max-width: 654px) 100vw, 654px\" \/><\/figure>\n<\/div>\n\n\n\n<div class=\"wp-block-column is-vertically-aligned-center is-layout-flow wp-block-column-is-layout-flow\" style=\"flex-basis:50%\">\n<p class=\"has-text-align-center\">de nombreuses applications sur <strong>Smartphone<\/strong> sont \u00e9galement disponibles<\/p>\n<\/div>\n\n\n\n<div class=\"wp-block-column is-vertically-aligned-center is-layout-flow wp-block-column-is-layout-flow\" style=\"flex-basis:33.33%\">\n<p class=\"has-text-align-center\">avec, entre autre, ma pr\u00e9f\u00e9r\u00e9e<\/p>\n\n\n<div class=\"wp-block-image\">\n<figure class=\"aligncenter size-thumbnail is-resized\"><a href=\"https:\/\/play.google.com\/store\/apps\/details?id=com.accuweather.android\" target=\"_blank\" rel=\"noreferrer noopener\"><img loading=\"lazy\" decoding=\"async\" src=\"https:\/\/baudhost.be\/wordpress\/wp-content\/uploads\/2020\/01\/logo_accuWeather-150x150.jpg\" alt=\"\" class=\"wp-image-1113\" width=\"75\" height=\"75\" srcset=\"https:\/\/baudhost.be\/wordpress\/wp-content\/uploads\/2020\/01\/logo_accuWeather-150x150.jpg 150w, https:\/\/baudhost.be\/wordpress\/wp-content\/uploads\/2020\/01\/logo_accuWeather-100x100.jpg 100w\" sizes=\"auto, (max-width: 75px) 100vw, 75px\" \/><\/a><\/figure>\n<\/div><\/div>\n<\/div>\n","protected":false},"excerpt":{"rendered":"<p>Informations M\u00e9t\u00e9o via le site de M\u00e9t\u00e9o Belgique ou via le site de l&rsquo;IRM de nombreuses applications sur Smartphone sont \u00e9galement disponibles avec, entre autre, ma pr\u00e9f\u00e9r\u00e9e<\/p>\n","protected":false},"author":1,"featured_media":0,"parent":19,"menu_order":0,"comment_status":"closed","ping_status":"closed","template":"","meta":{"footnotes":""},"class_list":["post-1114","page","type-page","status-publish","hentry"],"_links":{"self":[{"href":"https:\/\/baudhost.be\/wordpress\/wp-json\/wp\/v2\/pages\/1114","targetHints":{"allow":["GET"]}}],"collection":[{"href":"https:\/\/baudhost.be\/wordpress\/wp-json\/wp\/v2\/pages"}],"about":[{"href":"https:\/\/baudhost.be\/wordpress\/wp-json\/wp\/v2\/types\/page"}],"author":[{"embeddable":true,"href":"https:\/\/baudhost.be\/wordpress\/wp-json\/wp\/v2\/users\/1"}],"replies":[{"embeddable":true,"href":"https:\/\/baudhost.be\/wordpress\/wp-json\/wp\/v2\/comments?post=1114"}],"version-history":[{"count":39,"href":"https:\/\/baudhost.be\/wordpress\/wp-json\/wp\/v2\/pages\/1114\/revisions"}],"predecessor-version":[{"id":9733,"href":"https:\/\/baudhost.be\/wordpress\/wp-json\/wp\/v2\/pages\/1114\/revisions\/9733"}],"up":[{"embeddable":true,"href":"https:\/\/baudhost.be\/wordpress\/wp-json\/wp\/v2\/pages\/19"}],"wp:attachment":[{"href":"https:\/\/baudhost.be\/wordpress\/wp-json\/wp\/v2\/media?parent=1114"}],"curies":[{"name":"wp","href":"https:\/\/api.w.org\/{rel}","templated":true}]}}