{"id":1026,"date":"2020-01-22T13:00:18","date_gmt":"2020-01-22T12:00:18","guid":{"rendered":"https:\/\/baudhost.be\/wordpress\/?page_id=1026"},"modified":"2021-04-12T11:23:51","modified_gmt":"2021-04-12T09:23:51","slug":"clubs-de-rando","status":"publish","type":"page","link":"https:\/\/baudhost.be\/wordpress\/infos-rando\/clubs-de-rando\/","title":{"rendered":"Clubs de rando"},"content":{"rendered":"\n<div class=\"wp-block-columns are-vertically-aligned-center is-layout-flex wp-container-core-columns-is-layout-9d6595d7 wp-block-columns-is-layout-flex\">\n<div class=\"wp-block-column is-vertically-aligned-center is-layout-flow wp-block-column-is-layout-flow\" style=\"flex-basis:25%\">\n<figure class=\"wp-block-image size-large\"><img loading=\"lazy\" decoding=\"async\" width=\"141\" height=\"112\" src=\"https:\/\/baudhost.be\/wordpress\/wp-content\/uploads\/2020\/01\/detail_rando_intro.jpg\" alt=\"\" class=\"wp-image-53\"\/><\/figure>\n<\/div>\n\n\n\n<div class=\"wp-block-column is-vertically-aligned-center is-layout-flow wp-block-column-is-layout-flow\" style=\"flex-basis:50%\">\n<p class=\"has-text-align-center\"><strong>Clubs <\/strong>de  randonn\u00e9es<\/p>\n<\/div>\n\n\n\n<div class=\"wp-block-column is-vertically-aligned-center is-layout-flow wp-block-column-is-layout-flow\" style=\"flex-basis:25%\">\n<figure class=\"wp-block-image size-large\"><img loading=\"lazy\" decoding=\"async\" width=\"141\" height=\"112\" src=\"https:\/\/baudhost.be\/wordpress\/wp-content\/uploads\/2020\/01\/detail_rando_exit.jpg\" alt=\"\" class=\"wp-image-52\"\/><\/figure>\n<\/div>\n<\/div>\n\n\n\n<p class=\"has-text-align-center\">  <strong>En Belgique ces diff\u00e9rentes structures proposent des activit\u00e9s de marches.<\/strong><\/p>\n\n\n\n<div class=\"wp-block-columns are-vertically-aligned-center is-layout-flex wp-container-core-columns-is-layout-9d6595d7 wp-block-columns-is-layout-flex\">\n<div class=\"wp-block-column is-vertically-aligned-center is-layout-flow wp-block-column-is-layout-flow\">\n<figure class=\"wp-block-image size-large\"><a href=\"http:\/\/www.rbw-wavre.be\/\" target=\"_blank\" rel=\"noreferrer noopener\"><img loading=\"lazy\" decoding=\"async\" width=\"117\" height=\"89\" src=\"https:\/\/baudhost.be\/wordpress\/wp-content\/uploads\/2020\/01\/rbwlogo-1.jpg\" alt=\"\" class=\"wp-image-1034\"\/><\/a><figcaption>Randonneurs du Brabant Wavre<\/figcaption><\/figure>\n<\/div>\n\n\n\n<div class=\"wp-block-column is-vertically-aligned-center is-layout-flow wp-block-column-is-layout-flow\">\n<figure class=\"wp-block-image size-large\"><a href=\"http:\/\/grsentiers.org\/\" target=\"_blank\" rel=\"noreferrer noopener\"><img loading=\"lazy\" decoding=\"async\" width=\"447\" height=\"126\" src=\"https:\/\/baudhost.be\/wordpress\/wp-content\/uploads\/2020\/01\/logo_grsentiers.jpg\" alt=\"\" class=\"wp-image-1032\" srcset=\"https:\/\/baudhost.be\/wordpress\/wp-content\/uploads\/2020\/01\/logo_grsentiers.jpg 447w, https:\/\/baudhost.be\/wordpress\/wp-content\/uploads\/2020\/01\/logo_grsentiers-300x85.jpg 300w\" sizes=\"auto, (max-width: 447px) 100vw, 447px\" \/><\/a><\/figure>\n<\/div>\n\n\n\n<div class=\"wp-block-column is-vertically-aligned-center is-layout-flow wp-block-column-is-layout-flow\">\n<figure class=\"wp-block-image size-thumbnail\"><a href=\"http:\/\/www.groupesentiers.be\/\" target=\"_blank\" rel=\"noreferrer noopener\"><img loading=\"lazy\" decoding=\"async\" width=\"150\" height=\"150\" src=\"https:\/\/baudhost.be\/wordpress\/wp-content\/uploads\/2020\/01\/logo_GSChaumont-1-150x150.jpg\" alt=\"\" class=\"wp-image-1033\" srcset=\"https:\/\/baudhost.be\/wordpress\/wp-content\/uploads\/2020\/01\/logo_GSChaumont-1-150x150.jpg 150w, https:\/\/baudhost.be\/wordpress\/wp-content\/uploads\/2020\/01\/logo_GSChaumont-1-100x100.jpg 100w\" sizes=\"auto, (max-width: 150px) 100vw, 150px\" \/><\/a><figcaption>Groupe Sentiers Chaumont-Gistoux<\/figcaption><\/figure>\n<\/div>\n<\/div>\n\n\n\n<div class=\"wp-block-columns are-vertically-aligned-center is-layout-flex wp-container-core-columns-is-layout-9d6595d7 wp-block-columns-is-layout-flex\">\n<div class=\"wp-block-column is-vertically-aligned-center is-layout-flow wp-block-column-is-layout-flow\">\n<figure class=\"wp-block-image size-large\"><a href=\"https:\/\/www.eneowg.be\/wgd\/\" target=\"_blank\" rel=\"noreferrer noopener\"><img loading=\"lazy\" decoding=\"async\" width=\"421\" height=\"160\" src=\"https:\/\/baudhost.be\/wordpress\/wp-content\/uploads\/2020\/01\/eneo_wgd_sport.jpg\" alt=\"\" class=\"wp-image-296\" srcset=\"https:\/\/baudhost.be\/wordpress\/wp-content\/uploads\/2020\/01\/eneo_wgd_sport.jpg 421w, https:\/\/baudhost.be\/wordpress\/wp-content\/uploads\/2020\/01\/eneo_wgd_sport-300x114.jpg 300w\" sizes=\"auto, (max-width: 421px) 100vw, 421px\" \/><\/a><\/figure>\n<\/div>\n\n\n\n<div class=\"wp-block-column is-vertically-aligned-center is-layout-flow wp-block-column-is-layout-flow\">\n<figure class=\"wp-block-image size-large\"><a href=\"http:\/\/www.sport-adeps.be\/index.php?id=5945\" target=\"_blank\" rel=\"noreferrer noopener\"><img loading=\"lazy\" decoding=\"async\" width=\"111\" height=\"88\" src=\"https:\/\/baudhost.be\/wordpress\/wp-content\/uploads\/2020\/01\/headerlogo_PV.jpg\" alt=\"\" class=\"wp-image-597\"\/><\/a><figcaption>Points Verts &#8211; Adeps<\/figcaption><\/figure>\n<\/div>\n\n\n\n<div class=\"wp-block-column is-vertically-aligned-center is-layout-flow wp-block-column-is-layout-flow\">\n<figure class=\"wp-block-image size-thumbnail is-resized\"><a href=\"https:\/\/www.ffbmp.be\/WEBSITE\/BEFR\/01\/Homepage01.php\" target=\"_blank\" rel=\"noreferrer noopener\"><img loading=\"lazy\" decoding=\"async\" src=\"https:\/\/baudhost.be\/wordpress\/wp-content\/uploads\/2020\/01\/ffbmp_logo-150x150.jpg\" alt=\"\" class=\"wp-image-1035\" width=\"135\" height=\"135\" srcset=\"https:\/\/baudhost.be\/wordpress\/wp-content\/uploads\/2020\/01\/ffbmp_logo-150x150.jpg 150w, https:\/\/baudhost.be\/wordpress\/wp-content\/uploads\/2020\/01\/ffbmp_logo-100x100.jpg 100w, https:\/\/baudhost.be\/wordpress\/wp-content\/uploads\/2020\/01\/ffbmp_logo.jpg 211w\" sizes=\"auto, (max-width: 135px) 100vw, 135px\" \/><\/a><\/figure>\n<\/div>\n<\/div>\n\n\n\n<div class=\"wp-block-columns are-vertically-aligned-center is-layout-flex wp-container-core-columns-is-layout-9d6595d7 wp-block-columns-is-layout-flex\">\n<div class=\"wp-block-column is-vertically-aligned-center is-layout-flow wp-block-column-is-layout-flow\">\n<figure class=\"wp-block-image size-large\"><a href=\"https:\/\/www.eneowalhain.be\/\" target=\"_blank\" rel=\"noreferrer noopener\"><img loading=\"lazy\" decoding=\"async\" width=\"481\" height=\"124\" src=\"https:\/\/baudhost.be\/wordpress\/wp-content\/uploads\/2020\/01\/eneo_ucp_walhain2.jpg\" alt=\"\" class=\"wp-image-295\" srcset=\"https:\/\/baudhost.be\/wordpress\/wp-content\/uploads\/2020\/01\/eneo_ucp_walhain2.jpg 481w, https:\/\/baudhost.be\/wordpress\/wp-content\/uploads\/2020\/01\/eneo_ucp_walhain2-300x77.jpg 300w\" sizes=\"auto, (max-width: 481px) 100vw, 481px\" \/><\/a><\/figure>\n<\/div>\n\n\n\n<div class=\"wp-block-column is-vertically-aligned-center is-layout-flow wp-block-column-is-layout-flow\">\n<figure class=\"wp-block-image size-large\"><a href=\"https:\/\/www.eneo.be\/actualites-brabant-wallon\/regions\/brabant-wallon\/actualites.html\" target=\"_blank\" rel=\"noreferrer noopener\"><img loading=\"lazy\" decoding=\"async\" width=\"145\" height=\"96\" src=\"https:\/\/baudhost.be\/wordpress\/wp-content\/uploads\/2020\/01\/eneo_bw.jpg\" alt=\"\" class=\"wp-image-298\"\/><\/a><\/figure>\n<\/div>\n\n\n\n<div class=\"wp-block-column is-vertically-aligned-center is-layout-flow wp-block-column-is-layout-flow\">\n<figure class=\"wp-block-image size-large\"><a href=\"https:\/\/www.wandelsportvlaanderen.be\/\" target=\"_blank\" rel=\"noreferrer noopener\"><img loading=\"lazy\" decoding=\"async\" width=\"356\" height=\"112\" src=\"https:\/\/baudhost.be\/wordpress\/wp-content\/uploads\/2020\/01\/wandelsport-vlaanderen_logo_large.gif\" alt=\"\" class=\"wp-image-1044\"\/><\/a><\/figure>\n\n\n\n<figure class=\"wp-block-image size-large\"><a href=\"https:\/\/wandelkrant.be\/\" target=\"_blank\" rel=\"noreferrer noopener\"><img loading=\"lazy\" decoding=\"async\" width=\"227\" height=\"61\" src=\"https:\/\/baudhost.be\/wordpress\/wp-content\/uploads\/2020\/01\/wandelkrant.jpg\" alt=\"\" class=\"wp-image-1047\"\/><\/a><\/figure>\n<\/div>\n<\/div>\n\n\n\n<div class=\"wp-block-columns are-vertically-aligned-center is-layout-flex wp-container-core-columns-is-layout-9d6595d7 wp-block-columns-is-layout-flex\">\n<div class=\"wp-block-column is-vertically-aligned-center is-layout-flow wp-block-column-is-layout-flow\">\n<figure class=\"wp-block-image size-large\"><a href=\"http:\/\/www.beneluxwandelen.eu\/\" target=\"_blank\" rel=\"noreferrer noopener\"><img loading=\"lazy\" decoding=\"async\" width=\"496\" height=\"147\" src=\"https:\/\/baudhost.be\/wordpress\/wp-content\/uploads\/2020\/01\/benelux.jpg\" alt=\"\" class=\"wp-image-1052\" srcset=\"https:\/\/baudhost.be\/wordpress\/wp-content\/uploads\/2020\/01\/benelux.jpg 496w, https:\/\/baudhost.be\/wordpress\/wp-content\/uploads\/2020\/01\/benelux-300x89.jpg 300w\" sizes=\"auto, (max-width: 496px) 100vw, 496px\" \/><\/a><figcaption>Benelux Wandelen<\/figcaption><\/figure>\n<\/div>\n\n\n\n<div class=\"wp-block-column is-vertically-aligned-center is-layout-flow wp-block-column-is-layout-flow\">\n<figure class=\"wp-block-image size-large\"><a href=\"https:\/\/wandelclubspl.be\/\" target=\"_blank\" rel=\"noreferrer noopener\"><img loading=\"lazy\" decoding=\"async\" width=\"236\" height=\"69\" src=\"https:\/\/baudhost.be\/wordpress\/wp-content\/uploads\/2020\/01\/spl_wc.jpg\" alt=\"\" class=\"wp-image-1051\"\/><\/a><figcaption> WandelClub Sint-Pieters-Leeuw<\/figcaption><\/figure>\n<\/div>\n\n\n\n<div class=\"wp-block-column is-vertically-aligned-center is-layout-flow wp-block-column-is-layout-flow\">\n<figure class=\"wp-block-image size-large\"><a href=\"https:\/\/www.vgds.be\/de\/geschichte\/\" target=\"_blank\" rel=\"noreferrer noopener\"><img loading=\"lazy\" decoding=\"async\" width=\"92\" height=\"116\" src=\"https:\/\/baudhost.be\/wordpress\/wp-content\/uploads\/2020\/01\/deutscher.jpg\" alt=\"\" class=\"wp-image-1050\"\/><\/a><figcaption> Deutscher Sprache in Belgien <\/figcaption><\/figure>\n<\/div>\n<\/div>\n\n\n\n<hr class=\"wp-block-separator\"\/>\n\n\n\n<p class=\"has-text-align-center\">  <strong>\u00c0 l&rsquo;\u00e9tranger ces diff\u00e9rentes structures proposent \u00e9galement des activit\u00e9s de marches.<\/strong><\/p>\n\n\n\n<p class=\"has-text-align-center\"> \u00c0  l&rsquo;exception de mes amis des Randonneurs Tricastins en Dr\u00f4me, de Rando  Picardie \u00e0 Amiens et de la FFRP, je n&rsquo;ai pas plus d&rsquo;informations sur ces  structures internationales. <\/p>\n\n\n\n<div class=\"wp-block-columns are-vertically-aligned-center is-layout-flex wp-container-core-columns-is-layout-9d6595d7 wp-block-columns-is-layout-flex\">\n<div class=\"wp-block-column is-vertically-aligned-center is-layout-flow wp-block-column-is-layout-flow\">\n<figure class=\"wp-block-image size-large\"><a href=\"https:\/\/www.randonneurstricastins.info\/\" target=\"_blank\" rel=\"noreferrer noopener\"><img loading=\"lazy\" decoding=\"async\" width=\"136\" height=\"111\" src=\"https:\/\/baudhost.be\/wordpress\/wp-content\/uploads\/2020\/01\/RT_logo.jpg\" alt=\"\" class=\"wp-image-1066\"\/><\/a><\/figure>\n<\/div>\n\n\n\n<div class=\"wp-block-column is-vertically-aligned-center is-layout-flow wp-block-column-is-layout-flow\">\n<figure class=\"wp-block-image size-large\"><a href=\"http:\/\/rando.picardie.free.fr\/\" target=\"_blank\" rel=\"noreferrer noopener\"><img loading=\"lazy\" decoding=\"async\" width=\"97\" height=\"105\" src=\"https:\/\/baudhost.be\/wordpress\/wp-content\/uploads\/2020\/01\/rando_picardie.jpg\" alt=\"\" class=\"wp-image-1065\"\/><\/a><\/figure>\n<\/div>\n\n\n\n<div class=\"wp-block-column is-vertically-aligned-center is-layout-flow wp-block-column-is-layout-flow\">\n<figure class=\"wp-block-image size-large\"><a href=\"https:\/\/www.ffrandonnee.fr\/\" target=\"_blank\" rel=\"noreferrer noopener\"><img loading=\"lazy\" decoding=\"async\" width=\"220\" height=\"78\" src=\"https:\/\/baudhost.be\/wordpress\/wp-content\/uploads\/2020\/01\/FFRP_logo.jpg\" alt=\"\" class=\"wp-image-1072\"\/><\/a><\/figure>\n<\/div>\n<\/div>\n\n\n\n<div class=\"wp-block-columns are-vertically-aligned-center is-layout-flex wp-container-core-columns-is-layout-9d6595d7 wp-block-columns-is-layout-flex\">\n<div class=\"wp-block-column is-vertically-aligned-center is-layout-flow wp-block-column-is-layout-flow\">\n<figure class=\"wp-block-image size-large\"><a href=\"https:\/\/www.flmp.lu\/home\" target=\"_blank\" rel=\"noreferrer noopener\"><img loading=\"lazy\" decoding=\"async\" width=\"111\" height=\"114\" src=\"https:\/\/baudhost.be\/wordpress\/wp-content\/uploads\/2020\/01\/luxembourg.jpg\" alt=\"\" class=\"wp-image-1069\"\/><\/a><\/figure>\n<\/div>\n\n\n\n<div class=\"wp-block-column is-vertically-aligned-center is-layout-flow wp-block-column-is-layout-flow\">\n<figure class=\"wp-block-image size-large\"><a href=\"https:\/\/www.wandel.nl\/\" target=\"_blank\" rel=\"noreferrer noopener\"><img loading=\"lazy\" decoding=\"async\" width=\"180\" height=\"111\" src=\"https:\/\/baudhost.be\/wordpress\/wp-content\/uploads\/2020\/01\/nl.jpg\" alt=\"\" class=\"wp-image-1068\"\/><\/a><\/figure>\n<\/div>\n\n\n\n<div class=\"wp-block-column is-vertically-aligned-center is-layout-flow wp-block-column-is-layout-flow\">\n<figure class=\"wp-block-image size-large\"><a href=\"https:\/\/www.wanderbares-deutschland.de\/\" target=\"_blank\" rel=\"noreferrer noopener\"><img loading=\"lazy\" decoding=\"async\" width=\"130\" height=\"150\" src=\"https:\/\/baudhost.be\/wordpress\/wp-content\/uploads\/2020\/01\/wanderbares_logo.jpg\" alt=\"\" class=\"wp-image-1067\"\/><\/a><\/figure>\n<\/div>\n<\/div>\n\n\n\n<p>et bien d&rsquo;autres, mais je n&rsquo;ai pas eu de contact personnel \u00e0 leur niveau.<\/p>\n\n\n\n<div class=\"wp-block-image\"><figure class=\"aligncenter size-medium\"><img decoding=\"async\" src=\"https:\/\/baudhost.be\/wordpress\/wp-content\/uploads\/2020\/01\/repos_rando-300x203.jpg\" alt=\"\" class=\"wp-image-44\"\/><\/figure><\/div>\n\n\n<p>\n<!--StartFragment--><\/p>\n<p><!--EndFragment--><\/p>","protected":false},"excerpt":{"rendered":"<p>Clubs de randonn\u00e9es En Belgique ces diff\u00e9rentes structures proposent des activit\u00e9s de marches. \u00c0 l&rsquo;\u00e9tranger ces diff\u00e9rentes structures proposent \u00e9galement des activit\u00e9s de marches. \u00c0 l&rsquo;exception de mes amis des Randonneurs Tricastins en Dr\u00f4me, de Rando Picardie \u00e0 Amiens et de la FFRP, je n&rsquo;ai pas plus d&rsquo;informations sur ces structures internationales. et bien d&rsquo;autres, &hellip; <\/p>\n<p class=\"link-more\"><a href=\"https:\/\/baudhost.be\/wordpress\/infos-rando\/clubs-de-rando\/\" class=\"more-link\">Continuer la lecture<span class=\"screen-reader-text\"> de &laquo;&nbsp;Clubs de rando&nbsp;&raquo;<\/span><\/a><\/p>\n","protected":false},"author":1,"featured_media":0,"parent":797,"menu_order":0,"comment_status":"closed","ping_status":"closed","template":"","meta":{"footnotes":""},"class_list":["post-1026","page","type-page","status-publish","hentry"],"_links":{"self":[{"href":"https:\/\/baudhost.be\/wordpress\/wp-json\/wp\/v2\/pages\/1026","targetHints":{"allow":["GET"]}}],"collection":[{"href":"https:\/\/baudhost.be\/wordpress\/wp-json\/wp\/v2\/pages"}],"about":[{"href":"https:\/\/baudhost.be\/wordpress\/wp-json\/wp\/v2\/types\/page"}],"author":[{"embeddable":true,"href":"https:\/\/baudhost.be\/wordpress\/wp-json\/wp\/v2\/users\/1"}],"replies":[{"embeddable":true,"href":"https:\/\/baudhost.be\/wordpress\/wp-json\/wp\/v2\/comments?post=1026"}],"version-history":[{"count":25,"href":"https:\/\/baudhost.be\/wordpress\/wp-json\/wp\/v2\/pages\/1026\/revisions"}],"predecessor-version":[{"id":6232,"href":"https:\/\/baudhost.be\/wordpress\/wp-json\/wp\/v2\/pages\/1026\/revisions\/6232"}],"up":[{"embeddable":true,"href":"https:\/\/baudhost.be\/wordpress\/wp-json\/wp\/v2\/pages\/797"}],"wp:attachment":[{"href":"https:\/\/baudhost.be\/wordpress\/wp-json\/wp\/v2\/media?parent=1026"}],"curies":[{"name":"wp","href":"https:\/\/api.w.org\/{rel}","templated":true}]}}